{"id":973,"date":"2014-12-15T22:42:16","date_gmt":"2014-12-15T22:42:16","guid":{"rendered":"http:\/\/geografie.ubbcluj.ro\/pages\/magyarfoldrajz\/?page_id=973"},"modified":"2014-12-15T23:21:54","modified_gmt":"2014-12-15T23:21:54","slug":"szakmai-gyakorlat-2015","status":"publish","type":"page","link":"https:\/\/geografie.ubbcluj.ro\/pages\/magyarfoldrajz\/?page_id=973","title":{"rendered":"Szakmai gyakorlat 2015"},"content":{"rendered":"<table border=\"1\" cellspacing=\"0\" cellpadding=\"0\">\n<tbody>\n<tr>\n<td valign=\"top\" width=\"88\">SZAKMAI GYAKORLAT<\/td>\n<td valign=\"top\" width=\"88\"><strong>F\u00f6ldr1<\/strong><\/td>\n<td valign=\"top\" width=\"88\"><strong>F\u00f6ldr2<\/strong><\/td>\n<td valign=\"top\" width=\"88\"><strong>Terfejl1<\/strong><\/td>\n<td valign=\"top\" width=\"88\"><strong>Terfejl2<\/strong><\/td>\n<td valign=\"top\" width=\"88\"><strong>Tur1<\/strong><\/td>\n<td valign=\"top\" width=\"88\"><strong>Tur2<\/strong><\/td>\n<\/tr>\n<tr>\n<td valign=\"top\" width=\"88\"><strong>Term\u00e9szetf\u00f6ldrajz (Nagyb\u00e1r)<\/strong><\/td>\n<td valign=\"top\" width=\"88\">k\u00f6telez\u0151<\/td>\n<td valign=\"top\" width=\"88\"><\/td>\n<td valign=\"top\" width=\"88\">v\u00e1laszthat\u00f3<\/td>\n<td valign=\"top\" width=\"88\"><\/td>\n<td valign=\"top\" width=\"88\"><\/td>\n<td valign=\"top\" width=\"88\"><\/td>\n<\/tr>\n<tr>\n<td valign=\"top\" width=\"88\"><strong>T\u00e1rsadalomf\u00f6ldrajz <\/strong><strong>(?)<\/strong><\/td>\n<td valign=\"top\" width=\"88\"><\/td>\n<td valign=\"top\" width=\"88\">k\u00f6telez\u0151<\/td>\n<td valign=\"top\" width=\"88\">v\u00e1laszthat\u00f3<\/td>\n<td valign=\"top\" width=\"88\"><\/td>\n<td valign=\"top\" width=\"88\"><\/td>\n<td valign=\"top\" width=\"88\"><\/td>\n<\/tr>\n<tr>\n<td valign=\"top\" width=\"88\"><strong>Ter\u00fcletfejleszt\u00e9s (Ny\u00e1r\u00e1d mente)<\/strong><\/td>\n<td valign=\"top\" width=\"88\"><\/td>\n<td valign=\"top\" width=\"88\"><\/td>\n<td valign=\"top\" width=\"88\"><\/td>\n<td valign=\"top\" width=\"88\">k\u00f6telez\u0151<\/td>\n<td valign=\"top\" width=\"88\"><\/td>\n<td valign=\"top\" width=\"88\"><\/td>\n<\/tr>\n<tr>\n<td valign=\"top\" width=\"88\"><strong>Vend\u00e9gl\u00e1t\u00e1s, utaz\u00e1si iroda<\/strong><\/td>\n<td valign=\"top\" width=\"88\"><\/td>\n<td valign=\"top\" width=\"88\"><\/td>\n<td valign=\"top\" width=\"88\"><\/td>\n<td valign=\"top\" width=\"88\"><\/td>\n<td valign=\"top\" width=\"88\">k\u00f6telez\u0151<\/td>\n<td valign=\"top\" width=\"88\">k\u00f6telez\u0151<\/td>\n<\/tr>\n<\/tbody>\n<\/table>\n<h3 style=\"text-align: left;\"><span style=\"color: #800000;\"><strong style=\"line-height: 1.4em;\">Term\u00e9szetf\u00f6ldrajz<\/strong><\/span><\/h3>\n<p>K\u00f6telez\u0151: F\u00f6ldr1<\/p>\n<p>V\u00e1laszthat\u00f3: Terfejl1 \u2013 jelentkez\u00e9s \u00e9vfolyamvezet\u0151n\u00e9l m\u00e1rcius 6-ig.<\/p>\n<p>Hely: Nagyb\u00e1r (Hunyad megye)<\/p>\n<p>Id\u0151: 7 nap, j\u00falius 13\u201319<\/p>\n<p>Szervez\u0151: Imecs Zolt\u00e1n (<a href=\"mailto:zimecs@yahoo.com\">zimecs@yahoo.com<\/a>)<\/p>\n<p><span style=\"line-height: 1.4em;\">Tev\u00e9kenys\u00e9gek:<\/span><\/p>\n<p>F\u00f6ldrajz szakos hallgat\u00f3k sz\u00e1m\u00e1ra: geomorfol\u00f3giai megfigyel\u00e9sek, meteorol\u00f3giai \u00e9s hidrol\u00f3giai m\u00e9r\u00e9sek, GPS-es t\u00e9rk\u00e9phelysz\u00ednel\u00e9s.<\/p>\n<p>Ter\u00fcletfejleszt\u00e9s szakos hallgat\u00f3k sz\u00e1m\u00e1ra: geomorfol\u00f3giai megfigyel\u00e9sek, hidrol\u00f3giai m\u00e9r\u00e9sek, GPS-es t\u00e9rk\u00e9phelysz\u00ednel\u00e9s.<\/p>\n<p>T\u00far\u00e1k helysz\u00ednei: Retyez\u00e1t, P\u00e1reng, Sz\u00e1szsebesi-havasok.<\/p>\n<p><span style=\"line-height: 1.4em;\">\u00c1r: kb. 200 lej (tartalmazza busz, sz\u00e1ll\u00e1s \u00e9s \u00e9tkez\u00e9s k\u00f6lts\u00e9geit).<\/span><\/p>\n<h3 style=\"text-align: left;\"><span style=\"color: #800000;\"><strong style=\"line-height: 1.4em;\">T\u00e1rsadalomf\u00f6ldrajz<\/strong><\/span><\/h3>\n<p>K\u00f6telez\u0151: F\u00f6ldr2<\/p>\n<p>V\u00e1laszthat\u00f3: Terfejl1 \u2013 jelentkez\u00e9s \u00e9vfolyamvezet\u0151n\u00e9l m\u00e1rcius 6-ig.<\/p>\n<p>Hely: ?<\/p>\n<p>Id\u0151: 5\u20137 nap, j\u00falius 13\u201319<\/p>\n<p>Szervez\u0151: Kov\u00e1cs Csaba (csaba@geografie.ubbcluj.ro)<\/p>\n<p><span style=\"line-height: 1.4em;\">Tev\u00e9kenys\u00e9gek: ?<\/span><\/p>\n<p>\u00c1r: ?<\/p>\n<h3 style=\"text-align: left;\"><span style=\"color: #800000;\"><strong style=\"line-height: 1.4em;\">Ter\u00fcletfejleszt\u00e9s<\/strong><\/span><\/h3>\n<p>K\u00f6telez\u0151: Terfejl2<\/p>\n<p>Hely: Ny\u00e1r\u00e1d mente<\/p>\n<p>Id\u0151: kb. 7\u20138 nap, j\u00falius 13\u201319<\/p>\n<p>Szervez\u0151: T\u00f6r\u00f6k Ibolya<\/p>\n<p><span style=\"line-height: 1.4em;\">Tev\u00e9kenys\u00e9gek: k\u00e9rd\u0151\u00edvez\u00e9s (helyi kultur\u00e1lis hagyom\u00e1nyok, meg\u00fajul\u00e1s vagy tradicion\u00e1lis \u00e9rt\u00e9kek, t\u00e1rsadalmi sebezhet\u0151s\u00e9g, idegenforgalom), interj\u00fak\u00e9sz\u00edt\u00e9s.\u00a0<\/span><\/p>\n<p><span style=\"line-height: 1.4em;\">\u00c1r: kb. 250 lej (busz, sz\u00e1ll\u00e1s)<\/span><\/p>\n<h3 style=\"text-align: left;\"><span style=\"color: #800000;\"><strong style=\"line-height: 1.4em;\">Vend\u00e9gl\u00e1t\u00e1s, utaz\u00e1si iroda<\/strong><\/span><\/h3>\n<p>K\u00f6telez\u0151: Tur1, Tur2<\/p>\n<p>Hely: \u2013<\/p>\n<p>Id\u0151: kb. 7 nap (j\u00faliusban)<\/p>\n<p>Szervez\u0151: Talpas J\u00e1nos<\/p>\n<p><span style=\"line-height: 1.4em;\">H\u00e1rom lehet\u0151s\u00e9g:<\/span><\/p>\n<p><strong style=\"line-height: 1.4em;\">1. Ny\u00e1ri alkot\u00f3t\u00e1bor<\/strong><\/p>\n<p>Id\u0151: kb. 7 nap, kb. j\u00fanius 30\u2013j\u00falius 6<\/p>\n<p>Szervez\u0151: Talpas J\u00e1nos (<a href=\"mailto:talpasjanos@yahho.com\">talpasjanos@yahho.com<\/a>)<\/p>\n<p>Tev\u00e9kenys\u00e9gek: Turisztikai ter\u00fcletfejleszt\u00e9si ismeretek elsaj\u00e1t\u00edt\u00e1sa<\/p>\n<p>\u00c1r: 50 lej<\/p>\n<p>\u00c9tkez\u00e9st biztos\u00edtunk.<\/p>\n<p><strong style=\"line-height: 1.4em;\">2. Erd\u00e9lyi csillagt\u00far\u00e1k<\/strong><\/p>\n<p>Id\u0151: kb. 7 nap, kb. j\u00falius 13\u201319<\/p>\n<p>Szervez\u0151: Talpas J\u00e1nos (<a href=\"mailto:talpasjanos@yahho.com\">talpasjanos@yahho.com<\/a>)<\/p>\n<p>Tev\u00e9kenys\u00e9gek: v\u00e1rosl\u00e1togat\u00e1s, turisztikai ter\u00fcletfejleszt\u00e9s<\/p>\n<p>\u00c1r: 50 lej<\/p>\n<p>Sz\u00e1ll\u00edt\u00e1st biztos\u00edtunk.<\/p>\n<p><strong style=\"line-height: 1.4em;\">3. Desztin\u00e1ci\u00f3s utaz\u00e1si iroda (KORPA Gondnoks\u00e1g \u2013 Slow Tours Transylvania)<\/strong><\/p>\n<p>Hely: Korond, Parajd, S\u00f3vid\u00e9k<\/p>\n<p>Id\u0151: minimum 30 nap, j\u00falius vagy augusztus<\/p>\n<p>Szervez\u0151: P\u00e1l Zolt\u00e1n (<span style=\"text-decoration: underline;\">slowttransylvania@gmail.com<\/span>)<\/p>\n<p>Tev\u00e9kenys\u00e9gek: 8000 turist\u00e1val val\u00f3 ismerked\u00e9s vissza nem t\u00e9r\u0151 lehet\u0151s\u00e9ge, rom\u00e1n, magyar \u00e9s angol nyelv\u0171 idegenvezet\u00e9s, t\u00faraszervez\u00e9s, m\u00fazeumi t\u00e1rlatvezet\u00e9s, karbantart\u00e1s.<\/p>\n<p>\u00c1r: ingyenes (sz\u00e1ll\u00e1st, szakmai k\u00e9pz\u00e9st, idegennyelv-t\u00e1borban val\u00f3 r\u00e9szv\u00e9telt, szer\u00e9ny \u00f6szt\u00f6nd\u00edj-lehet\u0151s\u00e9get biztos\u00edtunk).<\/p>\n","protected":false},"excerpt":{"rendered":"<p>SZAKMAI GYAKORLAT F\u00f6ldr1 F\u00f6ldr2 Terfejl1 Terfejl2 Tur1 Tur2 Term\u00e9szetf\u00f6ldrajz (Nagyb\u00e1r) k\u00f6telez\u0151 v\u00e1laszthat\u00f3 T\u00e1rsadalomf\u00f6ldrajz (?) k\u00f6telez\u0151 v\u00e1laszthat\u00f3 Ter\u00fcletfejleszt\u00e9s (Ny\u00e1r\u00e1d mente) k\u00f6telez\u0151 Vend\u00e9gl\u00e1t\u00e1s, utaz\u00e1si iroda k\u00f6telez\u0151 k\u00f6telez\u0151 Term\u00e9szetf\u00f6ldrajz K\u00f6telez\u0151: F\u00f6ldr1 V\u00e1laszthat\u00f3: Terfejl1 \u2013 jelentkez\u00e9s \u00e9vfolyamvezet\u0151n\u00e9l m\u00e1rcius 6-ig. Hely: Nagyb\u00e1r (Hunyad megye) Id\u0151: &hellip; <a class=\"more-link\" href=\"https:\/\/geografie.ubbcluj.ro\/pages\/magyarfoldrajz\/?page_id=973\">Continue reading <span class=\"meta-nav\">&rarr;<\/span><\/a><\/p>\n","protected":false},"author":2,"featured_media":0,"parent":0,"menu_order":0,"comment_status":"closed","ping_status":"closed","template":"","meta":{"footnotes":""},"_links":{"self":[{"href":"https:\/\/geografie.ubbcluj.ro\/pages\/magyarfoldrajz\/index.php?rest_route=\/wp\/v2\/pages\/973"}],"collection":[{"href":"https:\/\/geografie.ubbcluj.ro\/pages\/magyarfoldrajz\/index.php?rest_route=\/wp\/v2\/pages"}],"about":[{"href":"https:\/\/geografie.ubbcluj.ro\/pages\/magyarfoldrajz\/index.php?rest_route=\/wp\/v2\/types\/page"}],"author":[{"embeddable":true,"href":"https:\/\/geografie.ubbcluj.ro\/pages\/magyarfoldrajz\/index.php?rest_route=\/wp\/v2\/users\/2"}],"replies":[{"embeddable":true,"href":"https:\/\/geografie.ubbcluj.ro\/pages\/magyarfoldrajz\/index.php?rest_route=%2Fwp%2Fv2%2Fcomments&post=973"}],"version-history":[{"count":5,"href":"https:\/\/geografie.ubbcluj.ro\/pages\/magyarfoldrajz\/index.php?rest_route=\/wp\/v2\/pages\/973\/revisions"}],"predecessor-version":[{"id":1003,"href":"https:\/\/geografie.ubbcluj.ro\/pages\/magyarfoldrajz\/index.php?rest_route=\/wp\/v2\/pages\/973\/revisions\/1003"}],"wp:attachment":[{"href":"https:\/\/geografie.ubbcluj.ro\/pages\/magyarfoldrajz\/index.php?rest_route=%2Fwp%2Fv2%2Fmedia&parent=973"}],"curies":[{"name":"wp","href":"https:\/\/api.w.org\/{rel}","templated":true}]}}