{"id":858,"date":"2014-01-12T23:06:40","date_gmt":"2014-01-12T23:06:40","guid":{"rendered":"http:\/\/geografie.ubbcluj.ro\/pages\/magyarfoldrajz\/?page_id=858"},"modified":"2018-05-30T12:25:23","modified_gmt":"2018-05-30T12:25:23","slug":"gis","status":"publish","type":"page","link":"https:\/\/geografie.ubbcluj.ro\/pages\/magyarfoldrajz\/?page_id=858","title":{"rendered":"GIS"},"content":{"rendered":"<p>Az itt el\u00e9rhet\u0151 gyakorlatok az ArcGIS 10.1- es verzi\u00f3j\u00e1ra k\u00e9sz\u00fcltek. A gyakorlatokhoz sz\u00fcks\u00e9ges \u00e1llom\u00e1nyok megtal\u00e1lhat\u00f3k a sz\u00e1m\u00edt\u00f3g\u00e9pteremben, de hamarosan itt is el\u00e9rhet\u0151k lesznek.<\/p>\n<p><a href=\"http:\/\/geografie.ubbcluj.ro\/pages\/magyarfoldrajz\/oktatas\/ArcGIS_elm.pdf\" target=\"_blank\"><span style=\"color: #0000ff;\"><strong>Elm\u00e9leti bevezet\u0151<\/strong><\/span><\/a> az ArcGIS-r\u0151l<\/p>\n<p><a href=\"http:\/\/geografie.ubbcluj.ro\/pages\/magyarfoldrajz\/oktatas\/ArcGIS_10_1.pdf\" target=\"_blank\"><span style=\"color: #0000ff;\"><strong>Els\u0151 gyakorlat<\/strong><\/span><\/a> &#8211; bevezet\u00e9s, alapfogalmak &#8211; a gyakorlathoz sz\u00fcks\u00e9ges <strong><span style=\"color: #008000;\"><a href=\"http:\/\/geografie.ubbcluj.ro\/pages\/magyarfoldrajz\/oktatas\/vilagterkep.zip\" target=\"_blank\"><span style=\"color: #008000;\">\u00e1llom\u00e1nyok<\/span><\/a>;<\/span><\/strong><\/p>\n<p><a href=\"http:\/\/geografie.ubbcluj.ro\/pages\/magyarfoldrajz\/oktatas\/ArcGIS_10_2.pdf\" target=\"_blank\"><span style=\"color: #0000ff;\"><strong>M\u00e1sodik gyakorlat<\/strong><\/span><\/a> &#8211; Vil\u00e1gt\u00e9rk\u00e9p<\/p>\n<p><span style=\"color: #0000ff;\"><strong><a href=\"http:\/\/geografie.ubbcluj.ro\/pages\/magyarfoldrajz\/oktatas\/ArcGIS_10_3.pdf\" target=\"_blank\"><span style=\"color: #0000ff;\">Harmadik gyakorlat<\/span><\/a><\/strong><\/span> &#8211; Rom\u00e1nia t\u00e9rk\u00e9p &#8211; a gyakorlathoz sz\u00fcks\u00e9ges <span style=\"color: #008000;\"><a href=\"http:\/\/geografie.ubbcluj.ro\/pages\/magyarfoldrajz\/oktatas\/romania.ZIP\" target=\"_blank\"><span style=\"color: #008000;\"><strong>\u00e1llom\u00e1nyok;<\/strong><\/span><\/a><\/span><\/p>\n<p><a href=\"http:\/\/geografie.ubbcluj.ro\/pages\/magyarfoldrajz\/oktatas\/ArcGIS_10_4.pdf\" target=\"_blank\"><span style=\"color: #0000ff;\"><strong>Negyedik gyakorlat<\/strong><\/span><\/a> &#8211; domborzatmodell k\u00e9sz\u00edt\u00e9se \u00e9s 3D megjelen\u00edt\u00e9s <span style=\"line-height: 1.4em;\">&#8211; a gyakorlathoz sz\u00fcks\u00e9ges <span style=\"color: #008000;\"><strong><a href=\"http:\/\/geografie.ubbcluj.ro\/pages\/magyarfoldrajz\/oktatas\/domborzat.zip\" target=\"_blank\"><span style=\"color: #008000;\">\u00e1llom\u00e1nyok;<\/span><\/a><\/strong><\/span><\/span><\/p>\n<p><span style=\"color: #0000ff;\"><a href=\"http:\/\/geografie.ubbcluj.ro\/pages\/magyarfoldrajz\/oktatas\/ArcGIS_10_5.pdf\" target=\"_blank\"><span style=\"color: #0000ff;\"><strong>\u00d6t\u00f6dik gyakorlat<\/strong><\/span><\/a><\/span> &#8211; szem\u00e9ttelep hely\u00e9nek lehat\u00e1rol\u00e1sa &#8211; a gyakorlathoz sz\u00fcks\u00e9ges <a href=\"http:\/\/geografie.ubbcluj.ro\/pages\/magyarfoldrajz\/oktatas\/szemet_adat.zip\" target=\"_blank\"><span style=\"color: #008000;\"><strong>\u00e1llom\u00e1nyok;<\/strong><\/span><\/a><\/p>\n<p><span style=\"color: #0000ff;\"><strong><a href=\"http:\/\/geografie.ubbcluj.ro\/pages\/magyarfoldrajz\/oktatas\/ArcGIS_10_6.pdf\" target=\"_blank\"><span style=\"color: #0000ff;\">Hatodik gyakorlat<\/span><\/a><\/strong><\/span> &#8211; folyos\u00f3 elemz\u00e9s, az el\u0151z\u0151h\u00f6z kapcsol\u00f3d\u00f3 gyakorlat!<\/p>\n<p><a href=\"http:\/\/geografie.ubbcluj.ro\/pages\/magyarfoldrajz\/oktatas\/ArcGIS_10_7_megye.pdf\" target=\"_blank\"><span style=\"color: #0000ff;\"><strong>Hetedik gyakorlat<\/strong><\/span><\/a> &#8211; megyei t\u00e9rk\u00e9p k\u00e9sz\u00edt\u00e9se.<a href=\"http:\/\/geografie.ubbcluj.ro\/pages\/magyarfoldrajz\/oktatas\/megye_adat.zip\" target=\"_blank\">\u00a0<\/a><\/p>\n<p><a href=\"http:\/\/geografie.ubbcluj.ro\/pages\/magyarfoldrajz\/oktatas\/ArcGIS_10_8.pdf\" target=\"_blank\"><span style=\"color: #0000ff;\"><strong>Nyolcas gyakorlat<\/strong><\/span> <\/a>&#8211; s\u00edp\u00e1lya tervez\u00e9s &#8211;\u00a0a gyakorlathoz sz\u00fcks\u00e9ges<span style=\"color: #008000;\">\u00a0<\/span><a href=\"http:\/\/geografie.ubbcluj.ro\/pages\/magyarfoldrajz\/oktatas\/sipalya.zip\" target=\"_blank\"><strong><span style=\"color: #008000;\">\u00e1llom\u00e1nyok<\/span>;<\/strong><\/a><\/p>\n<p><a href=\"http:\/\/geografie.ubbcluj.ro\/pages\/magyarfoldrajz\/oktatas\/ArcGIS_10_9_1.pdf\" target=\"_blank\"><span style=\"color: #0000ff;\"><strong>Kilences gyakorlat &#8211; els\u0151 r\u00e9sz<\/strong> <\/span><\/a>&#8211; B\u00fckk t\u00e9rk\u00e9p<\/p>\n<p><a href=\"http:\/\/geografie.ubbcluj.ro\/pages\/magyarfoldrajz\/oktatas\/ArcGIS_10_9_2.pdf\" target=\"_blank\"><strong><span style=\"color: #0000ff;\">Kilences gyakorlat &#8211; m\u00e1sodik r\u00e9sz<\/span> <\/strong><\/a>&#8211; B\u00fckk t\u00e9rk\u00e9p<\/p>\n","protected":false},"excerpt":{"rendered":"<p>Az itt el\u00e9rhet\u0151 gyakorlatok az ArcGIS 10.1- es verzi\u00f3j\u00e1ra k\u00e9sz\u00fcltek. A gyakorlatokhoz sz\u00fcks\u00e9ges \u00e1llom\u00e1nyok megtal\u00e1lhat\u00f3k a sz\u00e1m\u00edt\u00f3g\u00e9pteremben, de hamarosan itt is el\u00e9rhet\u0151k lesznek. Elm\u00e9leti bevezet\u0151 az ArcGIS-r\u0151l Els\u0151 gyakorlat &#8211; bevezet\u00e9s, alapfogalmak &#8211; a gyakorlathoz sz\u00fcks\u00e9ges \u00e1llom\u00e1nyok; M\u00e1sodik gyakorlat &#8211; &hellip; <a class=\"more-link\" href=\"https:\/\/geografie.ubbcluj.ro\/pages\/magyarfoldrajz\/?page_id=858\">Continue reading <span class=\"meta-nav\">&rarr;<\/span><\/a><\/p>\n","protected":false},"author":2,"featured_media":0,"parent":181,"menu_order":0,"comment_status":"closed","ping_status":"closed","template":"","meta":{"footnotes":""},"_links":{"self":[{"href":"https:\/\/geografie.ubbcluj.ro\/pages\/magyarfoldrajz\/index.php?rest_route=\/wp\/v2\/pages\/858"}],"collection":[{"href":"https:\/\/geografie.ubbcluj.ro\/pages\/magyarfoldrajz\/index.php?rest_route=\/wp\/v2\/pages"}],"about":[{"href":"https:\/\/geografie.ubbcluj.ro\/pages\/magyarfoldrajz\/index.php?rest_route=\/wp\/v2\/types\/page"}],"author":[{"embeddable":true,"href":"https:\/\/geografie.ubbcluj.ro\/pages\/magyarfoldrajz\/index.php?rest_route=\/wp\/v2\/users\/2"}],"replies":[{"embeddable":true,"href":"https:\/\/geografie.ubbcluj.ro\/pages\/magyarfoldrajz\/index.php?rest_route=%2Fwp%2Fv2%2Fcomments&post=858"}],"version-history":[{"count":22,"href":"https:\/\/geografie.ubbcluj.ro\/pages\/magyarfoldrajz\/index.php?rest_route=\/wp\/v2\/pages\/858\/revisions"}],"predecessor-version":[{"id":861,"href":"https:\/\/geografie.ubbcluj.ro\/pages\/magyarfoldrajz\/index.php?rest_route=\/wp\/v2\/pages\/858\/revisions\/861"}],"up":[{"embeddable":true,"href":"https:\/\/geografie.ubbcluj.ro\/pages\/magyarfoldrajz\/index.php?rest_route=\/wp\/v2\/pages\/181"}],"wp:attachment":[{"href":"https:\/\/geografie.ubbcluj.ro\/pages\/magyarfoldrajz\/index.php?rest_route=%2Fwp%2Fv2%2Fmedia&parent=858"}],"curies":[{"name":"wp","href":"https:\/\/api.w.org\/{rel}","templated":true}]}}