{"id":844,"date":"2014-01-06T22:08:46","date_gmt":"2014-01-06T22:08:46","guid":{"rendered":"http:\/\/geografie.ubbcluj.ro\/pages\/magyarfoldrajz\/?page_id=844"},"modified":"2015-12-04T11:34:19","modified_gmt":"2015-12-04T11:34:19","slug":"rs","status":"publish","type":"page","link":"https:\/\/geografie.ubbcluj.ro\/pages\/magyarfoldrajz\/?page_id=844","title":{"rendered":"RS"},"content":{"rendered":"<p>A III. \u00e9ves F\u00f6ldrajz \u00e9s Ter\u00fcletfejleszt\u00e9s szakos hallgat\u00f3k v\u00e9gezt\u00e9k ezeket a gyakorlatokat t\u00e1v\u00e9rz\u00e9kel\u00e9s \u00f3r\u00e1n.<\/p>\n<p>1. L\u00e9gifot\u00f3kkal v\u00e9gzett <span style=\"color: #0000ff;\"><a href=\"http:\/\/geografie.ubbcluj.ro\/pages\/magyarfoldrajz\/oktatas\/Legifoto_gyak.pdf\" target=\"_blank\"><span style=\"color: #0000ff;\">gyakorlatok<\/span><\/a><\/span><\/p>\n<p>2. MultiSpec programmal v\u00e9gzett gyakorlatok. A program ingyenesen let\u00f6lthet\u0151<span style=\"color: #0000ff;\"> <a href=\"https:\/\/engineering.purdue.edu\/~biehl\/MultiSpec\/download_win.html\" target=\"_blank\"><span style=\"color: #0000ff;\">innen<\/span><\/a>.<\/span><\/p>\n<ul>\n<li><span style=\"line-height: 21px;\"><span style=\"color: #0000ff;\"><a href=\"http:\/\/geografie.ubbcluj.ro\/pages\/magyarfoldrajz\/oktatas\/MSgyak1.pdf\" target=\"_blank\"><span style=\"color: #0000ff;\">Els\u0151 gyakorlat<\/span><\/a><\/span> &#8211; ismerked\u00e9s a programmal, k\u00e9pek megjelen\u00edt\u00e9se \u00e9s vizsg\u00e1lata<\/span><\/li>\n<li><span style=\"line-height: 21px;\"><span style=\"color: #0000ff;\"><a href=\"http:\/\/geografie.ubbcluj.ro\/pages\/magyarfoldrajz\/oktatas\/MSgyak2.pdf\" target=\"_blank\"><span style=\"color: #0000ff;\">M\u00e1sodik gyakorlat<\/span><\/a><\/span> &#8211; k\u00e9pek min\u0151s\u00e9g\u00e9nek jav\u00edt\u00e1sa<\/span><\/li>\n<li><span style=\"line-height: 21px;\"><span style=\"color: #0000ff;\"><a href=\"http:\/\/geografie.ubbcluj.ro\/pages\/magyarfoldrajz\/oktatas\/MSgyak3.pdf\" target=\"_blank\"><span style=\"color: #0000ff;\">Harmadik gyakorlat<\/span><\/a><\/span> &#8211; ellen\u0151rz\u00e9s n\u00e9lk\u00fcli oszt\u00e1lyoz\u00e1s<\/span><\/li>\n<li><span style=\"line-height: 21px;\"><span style=\"color: #0000ff;\"><a href=\"http:\/\/geografie.ubbcluj.ro\/pages\/magyarfoldrajz\/oktatas\/MSgyak4.pdf\" target=\"_blank\"><span style=\"color: #0000ff;\">Negyedik\u00a0gyakorlat<\/span><\/a><\/span> &#8211; ellen\u0151rz\u00f6tt oszt\u00e1lyoz\u00e1s<\/span><\/li>\n<li><span style=\"line-height: 21px;\"><span style=\"color: #0000ff;\"><a href=\"http:\/\/geografie.ubbcluj.ro\/pages\/magyarfoldrajz\/oktatas\/MSgyak5.pdf\" target=\"_blank\"><span style=\"color: #0000ff;\">\u00d6t\u00f6dik gyakorlat<\/span><\/a><\/span> &#8211; kieg\u00e9sz\u00edt\u0151 m\u0171veletek<\/span><\/li>\n<li><span style=\"line-height: 21px;\"><span style=\"color: #0000ff;\"><a href=\"http:\/\/geografie.ubbcluj.ro\/pages\/magyarfoldrajz\/oktatas\/MSgyak6.pdf\" target=\"_blank\"><span style=\"color: #0000ff;\">Hatodik gyakorlat<\/span><\/a><\/span> &#8211; veget\u00e1ci\u00f3s index sz\u00e1m\u00edt\u00e1sa<\/span><\/li>\n<li><span style=\"line-height: 21px;\"><span style=\"color: #0000ff;\"><a href=\"http:\/\/geografie.ubbcluj.ro\/pages\/magyarfoldrajz\/oktatas\/MSgyak7.pdf\" target=\"_blank\"><span style=\"color: #0000ff;\">Hetedik gyakorlat<\/span><\/a><\/span> &#8211; f\u0151komponens elemz\u00e9s<\/span><\/li>\n<li><span style=\"line-height: 21px;\"><span style=\"color: #0000ff;\"><a href=\"http:\/\/geografie.ubbcluj.ro\/pages\/magyarfoldrajz\/oktatas\/RSgyak8.pdf\" target=\"_blank\"><span style=\"color: #0000ff;\">Nyolcadik gyakorlat<\/span><\/a><\/span> &#8211; t\u00e1v\u00e9rz\u00e9kel\u00e9s ArcGIS programmal<\/span><\/li>\n<\/ul>\n<div>Az 1.-4. \u00e9s 6. gyakorlathoz sz\u00fcks\u00e9ges \u00e1llom\u00e1ny let\u00f6lthet\u0151 <span style=\"color: #0000ff;\"><a href=\"ftp:\/\/ftp.ecn.purdue.edu\/biehl\/MultiSpec\/exercises1_4_file.zip\" target=\"_blank\"><span style=\"color: #0000ff;\">innen<\/span><\/a><\/span><\/div>\n<div>Az 5. gyakorlathoz sz\u00fcks\u00e9ges \u00e1llom\u00e1nyok let\u00f6lthet\u0151 <a href=\"ftp:\/\/ftp.ecn.purdue.edu\/biehl\/MultiSpec\/tutorial5_files.zip\" target=\"_blank\"><span style=\"color: #0000ff;\">innen<\/span><\/a><\/div>\n<div>A gyakorl\u00e1shoz sz\u00fcks\u00e9ges hazai Landsat adatok let\u00f6lthet\u0151k<span style=\"color: #0000ff;\"><a href=\"http:\/\/geografie.ubbcluj.ro\/pages\/magyarfoldrajz\/oktatas\/Sajat_Adatok.zip\" target=\"_blank\"><span style=\"color: #0000ff;\"> innen.<\/span><\/a><\/span> Ugyanezek haszn\u00e1lhat\u00f3k a 7. gyakorlathoz is. A nyolcadik gyakorlat is elv\u00e9gezhet\u0151 az el\u0151bbi adatokat haszn\u00e1lva.<\/div>\n","protected":false},"excerpt":{"rendered":"<p>A III. \u00e9ves F\u00f6ldrajz \u00e9s Ter\u00fcletfejleszt\u00e9s szakos hallgat\u00f3k v\u00e9gezt\u00e9k ezeket a gyakorlatokat t\u00e1v\u00e9rz\u00e9kel\u00e9s \u00f3r\u00e1n. 1. L\u00e9gifot\u00f3kkal v\u00e9gzett gyakorlatok 2. MultiSpec programmal v\u00e9gzett gyakorlatok. A program ingyenesen let\u00f6lthet\u0151 innen. Els\u0151 gyakorlat &#8211; ismerked\u00e9s a programmal, k\u00e9pek megjelen\u00edt\u00e9se \u00e9s vizsg\u00e1lata M\u00e1sodik gyakorlat &hellip; <a class=\"more-link\" href=\"https:\/\/geografie.ubbcluj.ro\/pages\/magyarfoldrajz\/?page_id=844\">Continue reading <span class=\"meta-nav\">&rarr;<\/span><\/a><\/p>\n","protected":false},"author":2,"featured_media":0,"parent":181,"menu_order":0,"comment_status":"closed","ping_status":"closed","template":"","meta":{"footnotes":""},"_links":{"self":[{"href":"https:\/\/geografie.ubbcluj.ro\/pages\/magyarfoldrajz\/index.php?rest_route=\/wp\/v2\/pages\/844"}],"collection":[{"href":"https:\/\/geografie.ubbcluj.ro\/pages\/magyarfoldrajz\/index.php?rest_route=\/wp\/v2\/pages"}],"about":[{"href":"https:\/\/geografie.ubbcluj.ro\/pages\/magyarfoldrajz\/index.php?rest_route=\/wp\/v2\/types\/page"}],"author":[{"embeddable":true,"href":"https:\/\/geografie.ubbcluj.ro\/pages\/magyarfoldrajz\/index.php?rest_route=\/wp\/v2\/users\/2"}],"replies":[{"embeddable":true,"href":"https:\/\/geografie.ubbcluj.ro\/pages\/magyarfoldrajz\/index.php?rest_route=%2Fwp%2Fv2%2Fcomments&post=844"}],"version-history":[{"count":14,"href":"https:\/\/geografie.ubbcluj.ro\/pages\/magyarfoldrajz\/index.php?rest_route=\/wp\/v2\/pages\/844\/revisions"}],"predecessor-version":[{"id":1251,"href":"https:\/\/geografie.ubbcluj.ro\/pages\/magyarfoldrajz\/index.php?rest_route=\/wp\/v2\/pages\/844\/revisions\/1251"}],"up":[{"embeddable":true,"href":"https:\/\/geografie.ubbcluj.ro\/pages\/magyarfoldrajz\/index.php?rest_route=\/wp\/v2\/pages\/181"}],"wp:attachment":[{"href":"https:\/\/geografie.ubbcluj.ro\/pages\/magyarfoldrajz\/index.php?rest_route=%2Fwp%2Fv2%2Fmedia&parent=844"}],"curies":[{"name":"wp","href":"https:\/\/api.w.org\/{rel}","templated":true}]}}