{"id":590,"date":"2013-01-30T22:12:06","date_gmt":"2013-01-30T22:12:06","guid":{"rendered":"http:\/\/geografie.ubbcluj.ro\/pages\/magyarfoldrajz\/?page_id=590"},"modified":"2016-02-24T14:42:07","modified_gmt":"2016-02-24T14:42:07","slug":"roman","status":"publish","type":"page","link":"https:\/\/geografie.ubbcluj.ro\/pages\/magyarfoldrajz\/?page_id=590","title":{"rendered":"Rom\u00e1n"},"content":{"rendered":"<p>Dragi vizitatori!<\/p>\n<p>Bine a\u021bi venit pe pagina \u2013 sau dac\u0103 v\u0103 place mai mult \u201dsite\u201d-ul \u2013 <span style=\"color: #993300;\"><strong>Departamentului de Geografie al liniei Maghiare<\/strong><\/span> din Facultatea de Geografie al UBB. Pagina este deocamdat\u0103 \u00een limba maghiar\u0103, din acest motiv v\u0103 oferim acest mic ghid. Sper\u0103m s\u0103 g\u0103si\u021bi \u0219i a\u0219a informa\u021bii utile, CV-uri, liste de publica\u021bii, linkuri \u0219i mai ales poze! Pagina este \u00een continuare \u00een lucru, sunte\u021bi bineveni\u021bi \u0219i \u00een viitor! Navigare pl\u0103cut\u0103!<\/p>\n<p>V\u0103 prezent\u0103m \u00een continuare traducerea meniurilor \u0219i scurte explica\u021bii ale con\u021binutului lor.<\/p>\n<p><span style=\"color: #993300;\"><strong>Bemutatkoz\u00e1s <\/strong><\/span>\u2013 prezentare<\/p>\n<ul>\n<li>Kezd\u0151lap \u2013 este de fapt pagina de \u00eenceput<\/li>\n<li>Hol vagyunk? \u2013 Unde suntem? &#8211; cred c\u0103 este clar&#8230;.<\/li>\n<li>A kezdetek \u2013 \u00cenceputurile \u2013 scurt istoric pentru perioada 1581 -19&#8230;<\/li>\n<li>Az \u00fajrakezd\u00e9s \u2013 Re-\u00eenceperea \u00eenv\u0103\u021b\u0103m\u00e2ntului \u00een limba maghiar\u0103 1993&#8230;. gol deocamdat\u0103 (suntem \u00een perioada de documentare, str\u00e2ngerea amintirilor&#8230;)<\/li>\n<\/ul>\n<p><span style=\"color: #993300;\"><strong>Munkat\u00e1rsak<\/strong><\/span> \u2013 Colaboratori<\/p>\n<ul>\n<li>Int\u00e9zet\u00fcnk \u2013 departamentul, enumerarea colegilor angaja\u021bi<\/li>\n<li>Hazai munkat\u00e1rsak \u2013 colaboratori interni, din \u021bar\u0103 din trecut \u0219i din prezent<\/li>\n<li>K\u00fclf\u00f6ldi munkat\u00e1rsak \u2013 colaboratori externi<\/li>\n<\/ul>\n<p><span style=\"color: #993300;\"><strong>Felv\u00e9teli<\/strong><\/span> \u2013 Admitere<\/p>\n<ul>\n<li>\u00c1ltal\u00e1nos ismertet\u0151 \u2013 prezentare general\u0103, specializ\u0103ri, num\u0103r de locuri, regulament<\/li>\n<li>Gyakorlati tudnival\u00f3k \u2013 aspecte practice; datele de desf\u0103\u0219urare, etapele de parcurs<\/li>\n<\/ul>\n<p><span style=\"color: #993300;\"><strong>Oktat\u00e1s<\/strong><\/span> \u2013 \u00cenv\u0103\u021b\u0103m\u00e2nt<\/p>\n<ul>\n<li>Alapk\u00e9pz\u00e9s \u2013 nivel licen\u021b\u0103, prezentarea specializ\u0103rilor, apar \u0219i planurile de \u00eenv\u0103\u021b\u0103m\u00e2nt (link), pozele au link<\/li>\n<li>Mester k\u00e9pz\u00e9s \u2013 masterat, scurt\u0103 descriere<\/li>\n<li>Doktori k\u00e9pz\u00e9s \u2013 doctorat<\/li>\n<li>Seg\u00e9danyagok \u2013 materiale didactice \u2013 v\u0103 rug\u0103m s\u0103 nu trage\u021bi concluzii gre\u0219ite<\/li>\n<li>Terepgyakorlatok \u2013 practic\u0103, oferta de practic\u0103 se g\u0103se\u0219te pe pagin Cholnoky (link)<\/li>\n<\/ul>\n<p><span style=\"color: #993300;\"><strong>Hallgat\u00f3ink<\/strong><\/span> \u2013 studen\u021bii no\u0219tri<\/p>\n<ul>\n<li>Jenlegi hallgat\u00f3ink \u2013 liste cu studen\u021bi actuali, \u00een submeniuri pe specializ\u0103ri<\/li>\n<li>Di\u00e1kjaink voltak&#8230; \u2013 ne-au fost studen\u021bi (liste cu to\u021bi studen\u021bii de p\u00e2n\u0103 acum \u2013 \u00een lucru!)<\/li>\n<\/ul>\n<p><span style=\"color: #993300;\"><strong>Tudom\u00e1ny\/Kutat\u00e1s<\/strong><\/span> \u2013 \u0218tiin\u021b\u0103\/Cercetare &#8211; ei \u0219i aici a\u021bi putea trage concluzii pripite&#8230;<\/p>\n<p><span style=\"color: #993300;\"><strong>ChJFT<\/strong><\/span> \u2013 Societatea de Geografie Cholnoky Jen\u0151 \u2013 o scurt\u0103 prezentare a societ\u0103\u021bii, cu multe linkuri. Poze \u0219i linkuri spre alte pagini care se leag\u0103 de noi \u0219i spre ariile protejate al c\u0103ror custozi suntem! Merit\u0103 \u00eencercate linkurile, dar merit\u0103 vizitate \u0219i pe viu!<\/p>\n<p><span style=\"color: #993300;\"><strong>Fot\u00f3album<\/strong><\/span> \u2013 Album foto, f\u0103r\u0103 comentarii (vizit\u0103 la Miskolc, vizit\u0103 la Corund \u0219i Zilele T\u00f6vissi)<\/p>\n<p><span style=\"color: #993300;\"><strong>Esem\u00e9nynapt\u00e1r<\/strong><\/span> \u2013 Calendar de evenimente<\/p>\n<p><strong>\u00cen st\u00e2nga<\/strong>:<\/p>\n<p><span style=\"color: #993300;\"><strong>Esem\u00e9nyek<\/strong><\/span> \u2013 Evenimente<\/p>\n<p><span style=\"color: #993300;\"><strong>Keres\u00e9s<\/strong><\/span> \u2013 C\u0103utare, Search<\/p>\n<p><span style=\"color: #993300;\"><strong>A nap fot\u00f3ja<\/strong><\/span> \u2013 Fotografia zilei<\/p>\n<p><span style=\"color: #993300;\"><strong>Di\u00e1kmen\u00fc<\/strong><\/span> \u2013 Meniu pentru studen\u021bi (a la carte&#8230;)<\/p>\n<p><strong>Jos<\/strong> \u2013 Login \u0219i nr. de vizitatori (miercuri, 30.01.2013.\u00a0 a fost pus la 0)<\/p>\n<p>Sper c\u0103 a\u021bi ajuns p\u00e2n\u0103 aici cu cititul \u0219i c\u0103 nu a\u021bi pierdut timpul degeaba!<\/p>\n<p><strong>V\u0103 mul\u021bumim \u0219i v\u0103 a\u0219tept\u0103m s\u0103 reveni\u021bi!<\/strong><\/p>\n<p>&nbsp;<\/p>\n","protected":false},"excerpt":{"rendered":"<p>Dragi vizitatori! Bine a\u021bi venit pe pagina \u2013 sau dac\u0103 v\u0103 place mai mult \u201dsite\u201d-ul \u2013 Departamentului de Geografie al liniei Maghiare din Facultatea de Geografie al UBB. Pagina este deocamdat\u0103 \u00een limba maghiar\u0103, din acest motiv v\u0103 oferim acest &hellip; <a class=\"more-link\" href=\"https:\/\/geografie.ubbcluj.ro\/pages\/magyarfoldrajz\/?page_id=590\">Continue reading <span class=\"meta-nav\">&rarr;<\/span><\/a><\/p>\n","protected":false},"author":2,"featured_media":0,"parent":0,"menu_order":0,"comment_status":"closed","ping_status":"closed","template":"","meta":{"footnotes":""},"_links":{"self":[{"href":"https:\/\/geografie.ubbcluj.ro\/pages\/magyarfoldrajz\/index.php?rest_route=\/wp\/v2\/pages\/590"}],"collection":[{"href":"https:\/\/geografie.ubbcluj.ro\/pages\/magyarfoldrajz\/index.php?rest_route=\/wp\/v2\/pages"}],"about":[{"href":"https:\/\/geografie.ubbcluj.ro\/pages\/magyarfoldrajz\/index.php?rest_route=\/wp\/v2\/types\/page"}],"author":[{"embeddable":true,"href":"https:\/\/geografie.ubbcluj.ro\/pages\/magyarfoldrajz\/index.php?rest_route=\/wp\/v2\/users\/2"}],"replies":[{"embeddable":true,"href":"https:\/\/geografie.ubbcluj.ro\/pages\/magyarfoldrajz\/index.php?rest_route=%2Fwp%2Fv2%2Fcomments&post=590"}],"version-history":[{"count":3,"href":"https:\/\/geografie.ubbcluj.ro\/pages\/magyarfoldrajz\/index.php?rest_route=\/wp\/v2\/pages\/590\/revisions"}],"predecessor-version":[{"id":1352,"href":"https:\/\/geografie.ubbcluj.ro\/pages\/magyarfoldrajz\/index.php?rest_route=\/wp\/v2\/pages\/590\/revisions\/1352"}],"wp:attachment":[{"href":"https:\/\/geografie.ubbcluj.ro\/pages\/magyarfoldrajz\/index.php?rest_route=%2Fwp%2Fv2%2Fmedia&parent=590"}],"curies":[{"name":"wp","href":"https:\/\/api.w.org\/{rel}","templated":true}]}}