{"id":453,"date":"2012-12-17T15:20:32","date_gmt":"2012-12-17T15:20:32","guid":{"rendered":"http:\/\/geografie.ubbcluj.ro\/pages\/magyarfoldrajz\/?page_id=453"},"modified":"2019-09-25T11:53:59","modified_gmt":"2019-09-25T11:53:59","slug":"mesteri","status":"publish","type":"page","link":"https:\/\/geografie.ubbcluj.ro\/pages\/magyarfoldrajz\/?page_id=453","title":{"rendered":"Mesteri"},"content":{"rendered":"<p><span style=\"color: #800000;\"><strong>Mesteri k\u00e9pz\u00e9sen tanul\u00f3 di\u00e1kjaink a 2019-2020 tan\u00e9vben<\/strong><\/span><\/p>\n<p><strong>I. \u00e9v, \u00e9vfolyamvezet\u0151: Bartos-Elekes Zsombor<\/strong><\/p>\n<table width=\"341\">\n<tbody>\n<tr>\n<td width=\"49\"><strong>Ssz.<\/strong><\/td>\n<td width=\"292\"><strong>N\u00e9v<\/strong><\/td>\n<\/tr>\n<tr>\n<td width=\"49\">1<\/td>\n<td width=\"292\">ANTAL CSAN\u00c1D<\/td>\n<\/tr>\n<tr>\n<td width=\"49\">2<\/td>\n<td width=\"292\">BAL\u00c1ZS KRISZTINA-EVELIN<\/td>\n<\/tr>\n<tr>\n<td width=\"49\">3<\/td>\n<td width=\"292\">F\u00dcL\u00d6P LOR\u00c1ND<\/td>\n<\/tr>\n<tr>\n<td width=\"49\">4<\/td>\n<td width=\"292\">GENDA \u00c1GNES-BERNADETTE<\/td>\n<\/tr>\n<tr>\n<td width=\"49\">5<\/td>\n<td width=\"292\">HAJNAL BARNA<\/td>\n<\/tr>\n<tr>\n<td width=\"49\">6<\/td>\n<td width=\"292\">HAUER P\u00c9TER<\/td>\n<\/tr>\n<tr>\n<td width=\"49\">7<\/td>\n<td width=\"292\">KOV\u00c1CS R\u00c9KA<\/td>\n<\/tr>\n<tr>\n<td width=\"49\">8<\/td>\n<td width=\"292\">KOV\u00c1SZNAI ANDR\u00c1S<\/td>\n<\/tr>\n<tr>\n<td width=\"49\">9<\/td>\n<td width=\"292\">KOZMA ILONA<\/td>\n<\/tr>\n<tr>\n<td width=\"49\">10<\/td>\n<td width=\"292\">LAMBING ERIK-R\u00d3BERT<\/td>\n<\/tr>\n<tr>\n<td width=\"49\">11<\/td>\n<td width=\"292\">M\u00c1TY\u00c1S KINGA<\/td>\n<\/tr>\n<tr>\n<td width=\"49\">12<\/td>\n<td width=\"292\">MOLN\u00c1R HENRIETTA<\/td>\n<\/tr>\n<tr>\n<td width=\"49\">13<\/td>\n<td width=\"292\">SZ\u0150CS LILLA<\/td>\n<\/tr>\n<\/tbody>\n<\/table>\n<p><strong>II. \u00e9v, \u00e9vfolyamvezet\u0151: Kov\u00e1cs Csaba<\/strong><\/p>\n<table width=\"341\">\n<tbody>\n<tr>\n<td width=\"49\"><strong>Ssz.<\/strong><\/td>\n<td width=\"292\"><strong>N\u00e9v<\/strong><\/td>\n<\/tr>\n<tr>\n<td width=\"49\">1<\/td>\n<td width=\"292\">ANDACS CSABA-LOR\u00c1ND<\/td>\n<\/tr>\n<tr>\n<td width=\"49\">2<\/td>\n<td width=\"292\">BAL\u00c1ZS ERIKA<\/td>\n<\/tr>\n<tr>\n<td width=\"49\">3<\/td>\n<td width=\"292\">BAL\u00c1ZS RENATA<\/td>\n<\/tr>\n<tr>\n<td width=\"49\">4<\/td>\n<td width=\"292\">BAL\u00c1ZS BOR\u00d3KA<\/td>\n<\/tr>\n<tr>\n<td width=\"49\">5<\/td>\n<td width=\"292\">B\u00c1LINT EDINA<\/td>\n<\/tr>\n<tr>\n<td width=\"49\">6<\/td>\n<td width=\"292\">B\u00c1LINT RICH\u00c1RD<\/td>\n<\/tr>\n<tr>\n<td width=\"49\">7<\/td>\n<td width=\"292\">B\u00c1LINT ALIZ-KAMILLA<\/td>\n<\/tr>\n<tr>\n<td width=\"49\">8<\/td>\n<td width=\"292\">BALOG D\u00d3RA<\/td>\n<\/tr>\n<tr>\n<td width=\"49\">9<\/td>\n<td width=\"292\">BARAB\u00c1S R\u00c9KA-ZSUZS\u00c1NNA<\/td>\n<\/tr>\n<tr>\n<td width=\"49\">10<\/td>\n<td width=\"292\">BERN\u00c1D BERNADETT<\/td>\n<\/tr>\n<tr>\n<td width=\"49\">11<\/td>\n<td width=\"292\">DEMJ\u00c9N \u00c1KOS<\/td>\n<\/tr>\n<tr>\n<td width=\"49\">12<\/td>\n<td width=\"292\">DIDI ERVIN-S\u00c1NDOR<\/td>\n<\/tr>\n<tr>\n<td width=\"49\">13<\/td>\n<td width=\"292\">FENY\u00c1K-HUTCZEL KRISZTA<\/td>\n<\/tr>\n<tr>\n<td width=\"49\">14<\/td>\n<td width=\"292\">F\u00dcL\u00d6P ANDREA<\/td>\n<\/tr>\n<tr>\n<td width=\"49\">15<\/td>\n<td width=\"292\">GAGYI ZSOLT<\/td>\n<\/tr>\n<tr>\n<td width=\"49\">16<\/td>\n<td width=\"292\">GAZDA VIVIEN<\/td>\n<\/tr>\n<tr>\n<td width=\"49\">17<\/td>\n<td width=\"292\">JUH\u00c1SZ ROLAND<\/td>\n<\/tr>\n<tr>\n<td width=\"49\">18<\/td>\n<td width=\"292\">KISS SZABOLCS<\/td>\n<\/tr>\n<tr>\n<td width=\"49\">19<\/td>\n<td width=\"292\">K\u00d6LL\u0150 SZIL\u00c1RD<\/td>\n<\/tr>\n<tr>\n<td width=\"49\">20<\/td>\n<td width=\"292\">KOV\u00c1CS HAJNALKA<\/td>\n<\/tr>\n<tr>\n<td width=\"49\">21<\/td>\n<td width=\"292\">KRIST\u00c1LY BOTOND<\/td>\n<\/tr>\n<tr>\n<td width=\"49\">22<\/td>\n<td width=\"292\">LACZK\u00d3 ALP\u00c1R<\/td>\n<\/tr>\n<tr>\n<td width=\"49\">23<\/td>\n<td width=\"292\">L\u00c1SZL\u00d3 R\u00c9KA<\/td>\n<\/tr>\n<tr>\n<td width=\"49\">24<\/td>\n<td width=\"292\">LEPEDUS HEL\u00c9NA- \u00c9VA<\/td>\n<\/tr>\n<tr>\n<td width=\"49\">25<\/td>\n<td width=\"292\">NAGY HANNA<\/td>\n<\/tr>\n<tr>\n<td width=\"49\">26<\/td>\n<td width=\"292\">OL\u00c1H KRISZTINA-EDINA<\/td>\n<\/tr>\n<tr>\n<td width=\"49\">27<\/td>\n<td width=\"292\">ORBAN S\u00c1NDOR-SZIL\u00c1RD<\/td>\n<\/tr>\n<tr>\n<td width=\"49\">28<\/td>\n<td width=\"292\">P\u00c9TER ZSUZSANNA-B\u00cdBORKA<\/td>\n<\/tr>\n<tr>\n<td width=\"49\">29<\/td>\n<td width=\"292\">R\u00c9SZEG \u00c9VA<\/td>\n<\/tr>\n<tr>\n<td width=\"49\">30<\/td>\n<td width=\"292\">S\u00c1ROSI R\u00c9KA<\/td>\n<\/tr>\n<tr>\n<td width=\"49\">31<\/td>\n<td width=\"292\">SZAB\u00d3 BOGL\u00c1RKA<\/td>\n<\/tr>\n<tr>\n<td width=\"49\">32<\/td>\n<td width=\"292\">SZAB\u00d3 S\u00c1NDOR<\/td>\n<\/tr>\n<tr>\n<td width=\"49\">33<\/td>\n<td width=\"292\">SZIL\u00c1GYI ILDIK\u00d3-ZS\u00d3FIA<\/td>\n<\/tr>\n<tr>\n<td width=\"49\">34<\/td>\n<td width=\"292\">SZ\u0150CS CSILLA-MELINDA<\/td>\n<\/tr>\n<tr>\n<td width=\"49\">35<\/td>\n<td width=\"292\">SZ\u0150KE \u00c1D\u00c1M<\/td>\n<\/tr>\n<\/tbody>\n<\/table>\n","protected":false},"excerpt":{"rendered":"<p>Mesteri k\u00e9pz\u00e9sen tanul\u00f3 di\u00e1kjaink a 2019-2020 tan\u00e9vben I. \u00e9v, \u00e9vfolyamvezet\u0151: Bartos-Elekes Zsombor Ssz. N\u00e9v 1 ANTAL CSAN\u00c1D 2 BAL\u00c1ZS KRISZTINA-EVELIN 3 F\u00dcL\u00d6P LOR\u00c1ND 4 GENDA \u00c1GNES-BERNADETTE 5 HAJNAL BARNA 6 HAUER P\u00c9TER 7 KOV\u00c1CS R\u00c9KA 8 KOV\u00c1SZNAI ANDR\u00c1S 9 KOZMA &hellip; <a class=\"more-link\" href=\"https:\/\/geografie.ubbcluj.ro\/pages\/magyarfoldrajz\/?page_id=453\">Continue reading <span class=\"meta-nav\">&rarr;<\/span><\/a><\/p>\n","protected":false},"author":2,"featured_media":0,"parent":159,"menu_order":0,"comment_status":"closed","ping_status":"closed","template":"","meta":{"footnotes":""},"_links":{"self":[{"href":"https:\/\/geografie.ubbcluj.ro\/pages\/magyarfoldrajz\/index.php?rest_route=\/wp\/v2\/pages\/453"}],"collection":[{"href":"https:\/\/geografie.ubbcluj.ro\/pages\/magyarfoldrajz\/index.php?rest_route=\/wp\/v2\/pages"}],"about":[{"href":"https:\/\/geografie.ubbcluj.ro\/pages\/magyarfoldrajz\/index.php?rest_route=\/wp\/v2\/types\/page"}],"author":[{"embeddable":true,"href":"https:\/\/geografie.ubbcluj.ro\/pages\/magyarfoldrajz\/index.php?rest_route=\/wp\/v2\/users\/2"}],"replies":[{"embeddable":true,"href":"https:\/\/geografie.ubbcluj.ro\/pages\/magyarfoldrajz\/index.php?rest_route=%2Fwp%2Fv2%2Fcomments&post=453"}],"version-history":[{"count":21,"href":"https:\/\/geografie.ubbcluj.ro\/pages\/magyarfoldrajz\/index.php?rest_route=\/wp\/v2\/pages\/453\/revisions"}],"predecessor-version":[{"id":2158,"href":"https:\/\/geografie.ubbcluj.ro\/pages\/magyarfoldrajz\/index.php?rest_route=\/wp\/v2\/pages\/453\/revisions\/2158"}],"up":[{"embeddable":true,"href":"https:\/\/geografie.ubbcluj.ro\/pages\/magyarfoldrajz\/index.php?rest_route=\/wp\/v2\/pages\/159"}],"wp:attachment":[{"href":"https:\/\/geografie.ubbcluj.ro\/pages\/magyarfoldrajz\/index.php?rest_route=%2Fwp%2Fv2%2Fmedia&parent=453"}],"curies":[{"name":"wp","href":"https:\/\/api.w.org\/{rel}","templated":true}]}}