{"id":451,"date":"2012-12-17T15:18:24","date_gmt":"2012-12-17T15:18:24","guid":{"rendered":"http:\/\/geografie.ubbcluj.ro\/pages\/magyarfoldrajz\/?page_id=451"},"modified":"2019-09-25T11:37:51","modified_gmt":"2019-09-25T11:37:51","slug":"foldrajz","status":"publish","type":"page","link":"https:\/\/geografie.ubbcluj.ro\/pages\/magyarfoldrajz\/?page_id=451","title":{"rendered":"F\u00f6ldrajz"},"content":{"rendered":"<p><span style=\"color: #800000;\"><strong>F\u00f6ldrajz szakos di\u00e1kjaink a 2019-2020 tan\u00e9vben<\/strong><\/span><\/p>\n<p><strong>I. \u00e9v, \u00e9vfolyamvezet\u0151: G\u00e1l Andrea<\/strong><\/p>\n<table width=\"398\">\n<tbody>\n<tr>\n<td width=\"49\">\n<p><strong>Ssz.<\/strong><\/p>\n<\/td>\n<td width=\"348\">\n<p><strong>N\u00e9v<\/strong><\/p>\n<\/td>\n<\/tr>\n<tr>\n<td width=\"49\">\n<p>1<\/p>\n<\/td>\n<td width=\"348\">\n<p>BARTOS BAL\u00c1ZS-BENCE<\/p>\n<\/td>\n<\/tr>\n<tr>\n<td width=\"49\">\n<p>2<\/p>\n<\/td>\n<td width=\"348\">\n<p>B\u00c9RES LAURA<\/p>\n<\/td>\n<\/tr>\n<tr>\n<td width=\"49\">\n<p>3<\/p>\n<\/td>\n<td width=\"348\">\n<p>CSEKE RITA<\/p>\n<\/td>\n<\/tr>\n<tr>\n<td width=\"49\">\n<p>4<\/p>\n<\/td>\n<td width=\"348\">\n<p>CSERE-NAGY STEF\u00c1NIA<\/p>\n<\/td>\n<\/tr>\n<tr>\n<td width=\"49\">\n<p>5<\/p>\n<\/td>\n<td width=\"348\">\n<p>G\u00c1LL JOHANNA<\/p>\n<\/td>\n<\/tr>\n<tr>\n<td width=\"49\">\n<p>6<\/p>\n<\/td>\n<td width=\"348\">\n<p>GIDR\u00d3 D\u00c1VID<\/p>\n<\/td>\n<\/tr>\n<tr>\n<td width=\"49\">\n<p>7<\/p>\n<\/td>\n<td width=\"348\">\n<p>GOTHARD BARBARA<\/p>\n<\/td>\n<\/tr>\n<tr>\n<td width=\"49\">\n<p>8<\/p>\n<\/td>\n<td width=\"348\">\n<p>K\u00c1D\u00c1R NO\u00c9MI-STEPHANI<\/p>\n<\/td>\n<\/tr>\n<tr>\n<td width=\"49\">\n<p>9<\/p>\n<\/td>\n<td width=\"348\">\n<p>KALL\u00d3S ANDREA-BARBARA<\/p>\n<\/td>\n<\/tr>\n<tr>\n<td width=\"49\">\n<p>10<\/p>\n<\/td>\n<td width=\"348\">\n<p>KARIK\u00c1S ISTV\u00c1N<\/p>\n<\/td>\n<\/tr>\n<tr>\n<td width=\"49\">\n<p>11<\/p>\n<\/td>\n<td width=\"348\">\n<p>KOV\u00c1CS KRISZTINA-MARGIT<\/p>\n<\/td>\n<\/tr>\n<tr>\n<td width=\"49\">\n<p>12<\/p>\n<\/td>\n<td width=\"348\">\n<p>MATUZ-VITUS ROLAND-ISTV\u00c1N<\/p>\n<\/td>\n<\/tr>\n<tr>\n<td width=\"49\">\n<p>13<\/p>\n<\/td>\n<td width=\"348\">\n<p>MIH\u00c1LY HUNOR<\/p>\n<\/td>\n<\/tr>\n<tr>\n<td width=\"49\">\n<p>14<\/p>\n<\/td>\n<td width=\"348\">\n<p>MIH\u00c1LY ANDREA<\/p>\n<\/td>\n<\/tr>\n<tr>\n<td width=\"49\">\n<p>15<\/p>\n<\/td>\n<td width=\"348\">\n<p>MIHI\u015e ALEXANDRA-KAROLINA<\/p>\n<\/td>\n<\/tr>\n<tr>\n<td width=\"49\">\n<p>16<\/p>\n<\/td>\n<td width=\"348\">\n<p>MOLN\u00c1R ZSUZSANNA<\/p>\n<\/td>\n<\/tr>\n<tr>\n<td width=\"49\">\n<p>17<\/p>\n<\/td>\n<td width=\"348\">\n<p>S\u00c1NTA BARNAB\u00c1S<\/p>\n<\/td>\n<\/tr>\n<tr>\n<td width=\"49\">\n<p>18<\/p>\n<\/td>\n<td width=\"348\">\n<p>SZAK\u00c1CS G\u00c1BOR<\/p>\n<\/td>\n<\/tr>\n<tr>\n<td width=\"49\">\n<p>19<\/p>\n<\/td>\n<td width=\"348\">\n<p>SZ\u00c1SZ LAURA-BOGL\u00c1RKA<\/p>\n<\/td>\n<\/tr>\n<tr>\n<td width=\"49\">\n<p>20<\/p>\n<\/td>\n<td width=\"348\">\n<p>V\u00c9CSEI SZABOLCS-ATTILA<\/p>\n<\/td>\n<\/tr>\n<tr>\n<td width=\"49\">\n<p>21<\/p>\n<\/td>\n<td width=\"348\">\n<p>VIR\u00c1G APOR<\/p>\n<\/td>\n<\/tr>\n<tr>\n<td width=\"49\">\n<p>22<\/p>\n<\/td>\n<td width=\"348\">\n<p>VR\u00ceNCEAN ANDREEA-DUMITRI\u021aA<\/p>\n<\/td>\n<\/tr>\n<\/tbody>\n<\/table>\n<p><strong>II. \u00e9v, \u00e9vfolyamvezet\u0151: Benedek J\u00f3zsef<\/strong><\/p>\n<table width=\"388\">\n<tbody>\n<tr>\n<td width=\"49\">\n<p><strong>Ssz.<\/strong><\/p>\n<\/td>\n<td width=\"339\">\n<p><strong>N\u00e9v<\/strong><\/p>\n<\/td>\n<\/tr>\n<tr>\n<td width=\"49\">\n<p>1<\/p>\n<\/td>\n<td width=\"339\">\n<p>CSOMA BAL\u00c1ZS<\/p>\n<\/td>\n<\/tr>\n<tr>\n<td width=\"49\">\n<p>2<\/p>\n<\/td>\n<td width=\"339\">\n<p>F\u00c1BI\u00c1N R\u00d3BERT-J\u00c1NOS<\/p>\n<\/td>\n<\/tr>\n<tr>\n<td width=\"49\">\n<p>3<\/p>\n<\/td>\n<td width=\"339\">\n<p>G\u00d6NCZI OLGA-DELENKE<\/p>\n<\/td>\n<\/tr>\n<tr>\n<td width=\"49\">\n<p>4<\/p>\n<\/td>\n<td width=\"339\">\n<p>GY\u0150RFI CECILIA-ANNA<\/p>\n<\/td>\n<\/tr>\n<tr>\n<td width=\"49\">\n<p>5<\/p>\n<\/td>\n<td width=\"339\">\n<p>KACS\u00d3 P\u00c9TER<\/p>\n<\/td>\n<\/tr>\n<tr>\n<td width=\"49\">\n<p>6<\/p>\n<\/td>\n<td width=\"339\">\n<p>KOCSIS ZOLT\u00c1N-SZABOLCS<\/p>\n<\/td>\n<\/tr>\n<tr>\n<td width=\"49\">\n<p>7<\/p>\n<\/td>\n<td width=\"339\">\n<p>KOV\u00c1CS HENRIETTA-BARBARA<\/p>\n<\/td>\n<\/tr>\n<tr>\n<td width=\"49\">\n<p>8<\/p>\n<\/td>\n<td width=\"339\">\n<p>LUK\u00c1CS B\u00c1LINT<\/p>\n<\/td>\n<\/tr>\n<tr>\n<td width=\"49\">\n<p>9<\/p>\n<\/td>\n<td width=\"339\">\n<p>ORB\u00c1N KOPP\u00c1NY-LEVENTE<\/p>\n<\/td>\n<\/tr>\n<tr>\n<td width=\"49\">\n<p>10<\/p>\n<\/td>\n<td width=\"339\">\n<p>SZAB\u00d3 \u00c1KOS<\/p>\n<\/td>\n<\/tr>\n<tr>\n<td width=\"49\">\n<p>11<\/p>\n<\/td>\n<td width=\"339\">\n<p>T\u00d3TH BLANKA<\/p>\n<\/td>\n<\/tr>\n<\/tbody>\n<\/table>\n<p><strong>III. \u00e9v, \u00e9vfolyamvezet\u0151: Bart\u00f3k Blanka<\/strong><\/p>\n<table width=\"388\">\n<tbody>\n<tr>\n<td width=\"49\">\n<p><strong>Ssz.<\/strong><\/p>\n<\/td>\n<td width=\"339\">\n<p><strong>N\u00e9v<\/strong><\/p>\n<\/td>\n<\/tr>\n<tr>\n<td width=\"49\">\n<p>1<\/p>\n<\/td>\n<td width=\"339\">\n<p>\u00c1BRAH\u00c1M GYOP\u00c1R<\/p>\n<\/td>\n<\/tr>\n<tr>\n<td width=\"49\">\n<p>2<\/p>\n<\/td>\n<td width=\"339\">\n<p>ANDR\u00c1S SZILVIA<\/p>\n<\/td>\n<\/tr>\n<tr>\n<td width=\"49\">\n<p>3<\/p>\n<\/td>\n<td width=\"339\">\n<p>ANTAL R\u00d3BERT-ATTILA<\/p>\n<\/td>\n<\/tr>\n<tr>\n<td width=\"49\">\n<p>4<\/p>\n<\/td>\n<td width=\"339\">\n<p>BALLA EM\u0150KE<\/p>\n<\/td>\n<\/tr>\n<tr>\n<td width=\"49\">\n<p>5<\/p>\n<\/td>\n<td width=\"339\">\n<p>BARAB\u00c1S \u00c9VA<\/p>\n<\/td>\n<\/tr>\n<tr>\n<td width=\"49\">\n<p>6<\/p>\n<\/td>\n<td width=\"339\">\n<p>BARTA ZSOLT-ATTILA<\/p>\n<\/td>\n<\/tr>\n<tr>\n<td width=\"49\">\n<p>7<\/p>\n<\/td>\n<td width=\"339\">\n<p>B\u00d6L\u00d6NI BEATRIX-BERNADETT<\/p>\n<\/td>\n<\/tr>\n<tr>\n<td width=\"49\">\n<p>8<\/p>\n<\/td>\n<td width=\"339\">\n<p>BORB\u00c1NDI ZSUZSANNA<\/p>\n<\/td>\n<\/tr>\n<tr>\n<td width=\"49\">\n<p>9<\/p>\n<\/td>\n<td width=\"339\">\n<p>DARLA\u021aI ROLAND<\/p>\n<\/td>\n<\/tr>\n<tr>\n<td width=\"49\">\n<p>10<\/p>\n<\/td>\n<td width=\"339\">\n<p>DEMETER RUDOLF<\/p>\n<\/td>\n<\/tr>\n<tr>\n<td width=\"49\">\n<p>11<\/p>\n<\/td>\n<td width=\"339\">\n<p>G\u00c1L ARNOLD<\/p>\n<\/td>\n<\/tr>\n<tr>\n<td width=\"49\">\n<p>12<\/p>\n<\/td>\n<td width=\"339\">\n<p>G\u00c1L ZSUZSA<\/p>\n<\/td>\n<\/tr>\n<tr>\n<td width=\"49\">\n<p>13<\/p>\n<\/td>\n<td width=\"339\">\n<p>GERGELY BOR\u00d3KA-ERZS\u00c9BET<\/p>\n<\/td>\n<\/tr>\n<tr>\n<td width=\"49\">\n<p>14<\/p>\n<\/td>\n<td width=\"339\">\n<p>H\u00c9JJA BARBARA<\/p>\n<\/td>\n<\/tr>\n<tr>\n<td width=\"49\">\n<p>15<\/p>\n<\/td>\n<td width=\"339\">\n<p>HORV\u00c1T D\u00c1NIEL-R\u00d3BERT<\/p>\n<\/td>\n<\/tr>\n<tr>\n<td width=\"49\">\n<p>16<\/p>\n<\/td>\n<td width=\"339\">\n<p>ILONA JUDIT<\/p>\n<\/td>\n<\/tr>\n<tr>\n<td width=\"49\">\n<p>17<\/p>\n<\/td>\n<td width=\"339\">\n<p>KANY\u00d3 SZIL\u00c1RD<\/p>\n<\/td>\n<\/tr>\n<tr>\n<td width=\"49\">\n<p>18<\/p>\n<\/td>\n<td width=\"339\">\n<p>LAPKA LARISA-J\u00c1CINTA<\/p>\n<\/td>\n<\/tr>\n<tr>\n<td width=\"49\">\n<p>19<\/p>\n<\/td>\n<td width=\"339\">\n<p>LOKOD IBARNA-L\u00c1SZL\u00d3<\/p>\n<\/td>\n<\/tr>\n<tr>\n<td width=\"49\">\n<p>20<\/p>\n<\/td>\n<td width=\"339\">\n<p>MEGYESI DI\u00c1NA<\/p>\n<\/td>\n<\/tr>\n<tr>\n<td width=\"49\">\n<p>21<\/p>\n<\/td>\n<td width=\"339\">\n<p>R\u00c1P REGHINA-HENRIETTA<\/p>\n<\/td>\n<\/tr>\n<tr>\n<td width=\"49\">\n<p>22<\/p>\n<\/td>\n<td width=\"339\">\n<p>R\u00c1ZM\u00c1N TIMEA ANNA<\/p>\n<\/td>\n<\/tr>\n<tr>\n<td width=\"49\">\n<p>23<\/p>\n<\/td>\n<td width=\"339\">\n<p>SZAB\u00d3 \u00c1RON<\/p>\n<\/td>\n<\/tr>\n<tr>\n<td width=\"49\">\n<p>24<\/p>\n<\/td>\n<td width=\"339\">\n<p>SZ\u00c1SZ KRISZTINA<\/p>\n<\/td>\n<\/tr>\n<\/tbody>\n<\/table>\n\n\n<p><\/p>\n","protected":false},"excerpt":{"rendered":"<p>F\u00f6ldrajz szakos di\u00e1kjaink a 2019-2020 tan\u00e9vben I. \u00e9v, \u00e9vfolyamvezet\u0151: G\u00e1l Andrea Ssz. N\u00e9v 1 BARTOS BAL\u00c1ZS-BENCE 2 B\u00c9RES LAURA 3 CSEKE RITA 4 CSERE-NAGY STEF\u00c1NIA 5 G\u00c1LL JOHANNA 6 GIDR\u00d3 D\u00c1VID 7 GOTHARD BARBARA 8 K\u00c1D\u00c1R NO\u00c9MI-STEPHANI 9 KALL\u00d3S ANDREA-BARBARA &hellip; <a class=\"more-link\" href=\"https:\/\/geografie.ubbcluj.ro\/pages\/magyarfoldrajz\/?page_id=451\">Continue reading <span class=\"meta-nav\">&rarr;<\/span><\/a><\/p>\n","protected":false},"author":2,"featured_media":0,"parent":159,"menu_order":0,"comment_status":"closed","ping_status":"closed","template":"","meta":{"footnotes":""},"_links":{"self":[{"href":"https:\/\/geografie.ubbcluj.ro\/pages\/magyarfoldrajz\/index.php?rest_route=\/wp\/v2\/pages\/451"}],"collection":[{"href":"https:\/\/geografie.ubbcluj.ro\/pages\/magyarfoldrajz\/index.php?rest_route=\/wp\/v2\/pages"}],"about":[{"href":"https:\/\/geografie.ubbcluj.ro\/pages\/magyarfoldrajz\/index.php?rest_route=\/wp\/v2\/types\/page"}],"author":[{"embeddable":true,"href":"https:\/\/geografie.ubbcluj.ro\/pages\/magyarfoldrajz\/index.php?rest_route=\/wp\/v2\/users\/2"}],"replies":[{"embeddable":true,"href":"https:\/\/geografie.ubbcluj.ro\/pages\/magyarfoldrajz\/index.php?rest_route=%2Fwp%2Fv2%2Fcomments&post=451"}],"version-history":[{"count":47,"href":"https:\/\/geografie.ubbcluj.ro\/pages\/magyarfoldrajz\/index.php?rest_route=\/wp\/v2\/pages\/451\/revisions"}],"predecessor-version":[{"id":2156,"href":"https:\/\/geografie.ubbcluj.ro\/pages\/magyarfoldrajz\/index.php?rest_route=\/wp\/v2\/pages\/451\/revisions\/2156"}],"up":[{"embeddable":true,"href":"https:\/\/geografie.ubbcluj.ro\/pages\/magyarfoldrajz\/index.php?rest_route=\/wp\/v2\/pages\/159"}],"wp:attachment":[{"href":"https:\/\/geografie.ubbcluj.ro\/pages\/magyarfoldrajz\/index.php?rest_route=%2Fwp%2Fv2%2Fmedia&parent=451"}],"curies":[{"name":"wp","href":"https:\/\/api.w.org\/{rel}","templated":true}]}}