{"id":405,"date":"2012-12-10T17:30:24","date_gmt":"2012-12-10T17:30:24","guid":{"rendered":"http:\/\/geografie.ubbcluj.ro\/pages\/magyarfoldrajz\/?page_id=405"},"modified":"2022-01-22T18:38:29","modified_gmt":"2022-01-22T18:38:29","slug":"zoli_b","status":"publish","type":"page","link":"https:\/\/geografie.ubbcluj.ro\/pages\/magyarfoldrajz\/?page_id=405","title":{"rendered":"Zoli_b"},"content":{"rendered":"<p><strong><a href=\"http:\/\/geografie.ubbcluj.ro\/pages\/magyarfoldrajz\/wp-content\/uploads\/2012\/12\/Zolib.jpg\"><img loading=\"lazy\" decoding=\"async\" class=\"alignright size-full wp-image-409\" title=\"Zolib\" src=\"http:\/\/geografie.ubbcluj.ro\/pages\/magyarfoldrajz\/wp-content\/uploads\/2012\/12\/Zolib.jpg\" alt=\"\" width=\"150\" height=\"200\" \/><\/a>N\u00e9v: Imecs Zolt\u00e1n<\/strong><\/p>\n<p><strong>V\u00e9gzetts\u00e9g:<\/strong> BBTE, f\u00f6ldrajz-angol, 1984<\/p>\n<p><strong>Tudom\u00e1nyos fokozat:<\/strong> PhD<\/p>\n<p><strong>Nyelvismeret:<\/strong> rom\u00e1n, angol<\/p>\n<p><strong>Munkak\u00f6r:<\/strong> egyetemi docens<\/p>\n<p><strong>Munkahelyi telefonsz\u00e1m:<\/strong>\u00a00264 &#8211; 592214 \/ 242<\/p>\n<p><strong>Telefonsz\u00e1m:<\/strong> 0744-493678<\/p>\n<p><strong>E-mail c\u00edm:<\/strong>\u00a0zoltan.imecs@ubbcluj.ro; zimecs@yahoo.com<\/p>\n<p><a href=\"http:\/\/geografie.ubbcluj.ro\/pages\/magyarfoldrajz\/adatok\/CV_IZ.pdf\" target=\"_blank\" rel=\"noopener noreferrer\"><span style=\"color: #008000;\"><em><strong>\u00d6n\u00e9letrajz let\u00f6lt\u00e9se:<\/strong><\/em><\/span><\/a><\/p>\n<p><strong>Oktat\u00e1si tev\u00e9kenys\u00e9g:<\/strong> T\u00e9rinformatika, T\u00e1v\u00e9rz\u00e9kel\u00e9s, Kataszter, Ter\u00fcletfejleszt\u00e9sben alkalmazott t\u00e9rinformatika, Karsztol\u00f3gia,<\/p>\n<p><strong>Kutat\u00e1si ter\u00fclet:<\/strong> karsztkutat\u00e1s, digit\u00e1lis domborztamodellek<br \/>\n<strong>Tiszts\u00e9gek:<\/strong> Cholnoky Jen\u0151 F\u00f6ldrajzi T\u00e1rsas\u00e1g \u2013 eln\u00f6k, MTA \u2013 k\u00f6ztest\u00fcleti tag<\/p>\n<p><strong>Legfontosabb publik\u00e1ci\u00f3k:<\/strong><\/p>\n<p>\u2022 Rim\u00f3czi-Pa\u00e1l, J. Ker\u00e9nyi, J. Mika, R. Randriamampianina, I. Dobi, Z. Imecs, T. Szentimrey (1999) \u2013 Mapping daily and monthly radiation components using meteosat data \u2013 \u00een revista: Advanced Space Research, Vol.24, No.7, pp.967-970, 1999. COSPAR. Elsevier Science Ltd.<br \/>\n\u2022 Imecs, Z. (2004) \u2013 Cholnoky Jen\u0151 f\u00e9nyk\u00e9pi hagyat\u00e9ka a kolozsv\u00e1ri egyetemen \u2013 in revista: F\u00f6ldtani Kutat\u00e1s, anul XLI. Nr. 3-4\/2004, p. 18-24, Budapesta.<br \/>\n\u2022 Makkai, G., Imecs, Z. (2006) \u2013 Meteorol\u00f3gia \u2013 Presa Universitar\u0103 Clujean\u0103, Cluj-Napoca, 96 pagini (ISBN: 973-610-437-0)<br \/>\n\u2022 Bart\u00f3k Blanka, Imecs Z. (2007) \u2013 A felsz\u00ednre \u00e9rkez\u0151 napenergia ter\u00fcleti \u00e9s id\u0151beni eloszl\u00e1s\u00e1nak vizsg\u00e1lata m\u0171holdas m\u00e9r\u00e9sek alapj\u00e1n, \u00een: Kedvez\u0151 sz\u00e9llel Kunhegyest\u0151l Debrecenig \u2013 tiszteletk\u00f6tet Dr. Tar K\u00e1roly 60. sz\u00fclet\u00e9snapj\u00e1ra, Debrecen 2007, ISBN 978-963-06-3342-0, pag. 57-66.<br \/>\n\u2022 Tim\u00e1r, G., Bizsak S., Moln\u00e1r, G., Sz\u00e9kely B., Imecs Z., Jank\u00f3 A. (2007) Transilvania pe hartile primei si a celei de-a doua ridicari topografice militare Habsburgice, DVD, editura Arcanum Budapesta, 2007.<br \/>\n\u2022 Kaffai, Orsolya; Imecs, Z. (2008) \u2013 Mikroklimatol\u00f3giai m\u00e9r\u00e9sek a k\u00f6r\u00f6sr\u00e9vi Zichy-barlangban, IV. K\u00e1rp\u00e1t-medencei K\u00f6rnyezettudom\u00e1nyi Konferencia, vol. I., pag. 347-352, Debrecen, 2008 (ISBN 978-963-06-4625-3)<br \/>\n\u2022 M\u00e1ty\u00e1s, Annam\u00e1ria; Imecs, Z. (2008) \u2013 A K\u00f6r\u00f6sf\u0151i karsztfenns\u00edk, Karsztfejl\u0151d\u00e9s, vol. XIII. pag. 167-186, Szombathely. (ISBN 978-963-9871-15-1)<br \/>\n\u2022 Kaffai, Orsolya; Imecs, Z. (2008) \u2013 Mikroklimatol\u00f3giai m\u00e9r\u00e9sek a k\u00f6r\u00f6sr\u00e9vi Zichy-barlang-ban, Karsztfejl\u0151d\u00e9s, vol. XIII. pag. 269-277, Szombathely. (ISBN 978-963-9871-15-1)<br \/>\n\u2022 Telbisz, T., Mari, L., Imecs, Z. (2012): Torock\u00f3i-hegys\u00e9g v\u00f6lgyh\u00e1l\u00f3zat-fejl\u0151d\u00e9se \/ Valley network evolution of the Trasc\u0103u Mountains (Transylvania, Romania). In: F\u00f6ldrajzi K\u00f6zlem\u00e9nyek \u2013 2012, 136. \u00e9vf. 1. sz\u00e1m, p. 22-37.<br \/>\n\u2022 Bartok Blanka, Mika J\u00e1nos , Imecs Zoltan-Ferenc, Tar K\u00e1roly, Spatial distribution of cloudiness averages and tendencies over Europe, comparing visual and satellite observations, 12th International Multidisciplinary Scientific GeoConference SGEM 2012, Proceedings SGEM 2012, SGEM, 1314-2704, DOI: 10.5593\/SGEM2012\/S17.V4024, , 2012, P. 419-426<\/p>\n<p><a href=\"http:\/\/geografie.ubbcluj.ro\/pages\/magyarfoldrajz\/adatok\/Pub_IZ.pdf\" target=\"_blank\" rel=\"noopener noreferrer\"><span style=\"color: #008000;\"><em><strong>Publik\u00e1ci\u00f3k let\u00f6lt\u00e9se:<\/strong><\/em><\/span><\/a><\/p>\n","protected":false},"excerpt":{"rendered":"<p>N\u00e9v: Imecs Zolt\u00e1n V\u00e9gzetts\u00e9g: BBTE, f\u00f6ldrajz-angol, 1984 Tudom\u00e1nyos fokozat: PhD Nyelvismeret: rom\u00e1n, angol Munkak\u00f6r: egyetemi docens Munkahelyi telefonsz\u00e1m:\u00a00264 &#8211; 592214 \/ 242 Telefonsz\u00e1m: 0744-493678 E-mail c\u00edm:\u00a0zoltan.imecs@ubbcluj.ro; zimecs@yahoo.com \u00d6n\u00e9letrajz let\u00f6lt\u00e9se: Oktat\u00e1si tev\u00e9kenys\u00e9g: T\u00e9rinformatika, T\u00e1v\u00e9rz\u00e9kel\u00e9s, Kataszter, Ter\u00fcletfejleszt\u00e9sben alkalmazott t\u00e9rinformatika, Karsztol\u00f3gia, Kutat\u00e1si ter\u00fclet: &hellip; <a class=\"more-link\" href=\"https:\/\/geografie.ubbcluj.ro\/pages\/magyarfoldrajz\/?page_id=405\">Continue reading <span class=\"meta-nav\">&rarr;<\/span><\/a><\/p>\n","protected":false},"author":2,"featured_media":0,"parent":40,"menu_order":0,"comment_status":"closed","ping_status":"closed","template":"","meta":{"footnotes":""},"_links":{"self":[{"href":"https:\/\/geografie.ubbcluj.ro\/pages\/magyarfoldrajz\/index.php?rest_route=\/wp\/v2\/pages\/405"}],"collection":[{"href":"https:\/\/geografie.ubbcluj.ro\/pages\/magyarfoldrajz\/index.php?rest_route=\/wp\/v2\/pages"}],"about":[{"href":"https:\/\/geografie.ubbcluj.ro\/pages\/magyarfoldrajz\/index.php?rest_route=\/wp\/v2\/types\/page"}],"author":[{"embeddable":true,"href":"https:\/\/geografie.ubbcluj.ro\/pages\/magyarfoldrajz\/index.php?rest_route=\/wp\/v2\/users\/2"}],"replies":[{"embeddable":true,"href":"https:\/\/geografie.ubbcluj.ro\/pages\/magyarfoldrajz\/index.php?rest_route=%2Fwp%2Fv2%2Fcomments&post=405"}],"version-history":[{"count":8,"href":"https:\/\/geografie.ubbcluj.ro\/pages\/magyarfoldrajz\/index.php?rest_route=\/wp\/v2\/pages\/405\/revisions"}],"predecessor-version":[{"id":2621,"href":"https:\/\/geografie.ubbcluj.ro\/pages\/magyarfoldrajz\/index.php?rest_route=\/wp\/v2\/pages\/405\/revisions\/2621"}],"up":[{"embeddable":true,"href":"https:\/\/geografie.ubbcluj.ro\/pages\/magyarfoldrajz\/index.php?rest_route=\/wp\/v2\/pages\/40"}],"wp:attachment":[{"href":"https:\/\/geografie.ubbcluj.ro\/pages\/magyarfoldrajz\/index.php?rest_route=%2Fwp%2Fv2%2Fmedia&parent=405"}],"curies":[{"name":"wp","href":"https:\/\/api.w.org\/{rel}","templated":true}]}}