{"id":35,"date":"2012-11-21T22:17:19","date_gmt":"2012-11-21T22:17:19","guid":{"rendered":"http:\/\/geografie.ubbcluj.ro\/pages\/magyarfoldrajz\/?page_id=35"},"modified":"2025-12-07T11:07:16","modified_gmt":"2025-12-07T11:07:16","slug":"kezdolap-2","status":"publish","type":"page","link":"https:\/\/geografie.ubbcluj.ro\/pages\/magyarfoldrajz\/","title":{"rendered":"Kezd\u0151lap"},"content":{"rendered":"<p style=\"text-align: center;\"><strong style=\"color: #800000; line-height: 1.4em;\">Isten hozta honlapunkon!<\/strong><\/p>\n<p style=\"text-align: center;\"><span style=\"color: #333300;\"><strong>\u00d6n a kolozsv\u00e1ri Babe\u0219-Bolyai Tudom\u00e1nyegyetem F\u00f6ldrajz Kar\u00e1n\u00a0<\/strong><\/span><\/p>\n<p style=\"text-align: center;\"><span style=\"color: #333300;\"><strong>m\u0171k\u00f6d\u0151 Magyar F\u00f6ldrajzi Int\u00e9zet honlapj\u00e1t lapozgatja. Kell<\/strong><\/span><span style=\"color: #333300;\"><strong>emes id\u0151t\u00f6lt\u00e9st!\u00a0<\/strong><\/span><strong style=\"line-height: 1.4em;\"><span style=\"color: #800000;\"><span style=\"color: #333300;\">L\u00e1togassa meg <span style=\"color: #000000;\"><a href=\"https:\/\/www.facebook.com\/mfi.kolozsvar\/\" target=\"_blank\" rel=\"noopener noreferrer\"><span style=\"color: #000000;\">FACEBO<\/span><\/a><\/span><\/span><\/span><\/strong><strong style=\"line-height: 1.4em;\"><span style=\"color: #800000;\"><span style=\"color: #333300;\"><span style=\"color: #000000;\"><a href=\"https:\/\/www.facebook.com\/mfi.kolozsvar\/\" target=\"_blank\" rel=\"noopener noreferrer\"><span style=\"color: #000000;\">OK<\/span><\/a><\/span> oldalunkat is!<\/span><\/span><\/strong><\/p>\n<p style=\"text-align: center;\"><a title=\"Rom\u00e1n\" href=\"http:\/\/geografie.ubbcluj.ro\/pages\/magyarfoldrajz\/?page_id=590\" target=\"_blank\" rel=\"noopener noreferrer\"><strong><span style=\"color: #800000;\">Bine a\u021bi venit pe pagina Departamentului de Geografie al Liniei Maghiare!<\/span><\/strong><\/a><\/p>\n<p style=\"text-align: center;\"><strong><span style=\"color: #800000;\">Welcome to the page of the D<\/span><\/strong><strong><span style=\"color: #800000;\">epartment of Geography\u00a0<\/span><\/strong><strong><span style=\"color: #800000;\">in\u00a0<strong>Hungarian<\/strong><\/span><\/strong><\/p>\n<h4 style=\"text-align: center;\"><a href=\"https:\/\/www.ubbcluj.ro\/hu\/studenti\/files\/invatamant\/2025-2026\/HU_Structura_anului_2025-2026_MA_GE.pdf\" target=\"_blank\" rel=\"noopener noreferrer\"><span style=\"color: #0000ff;\">Az egyetemi tan\u00e9v szerkezete<\/span><\/a><\/h4>\n<h3 style=\"text-align: center;\"><strong>2024-2025 tan\u00e9v, m\u00e1sodik f\u00e9l\u00e9v \u00f3rarendek:<\/strong><\/h3>\n<h3><a href=\"https:\/\/hagyatek.cholnoky.ro\/Suli\/Foldrajz.pdf\" target=\"_blank\" rel=\"noopener\"><span style=\"color: #3366ff;\">F\u00f6ldrajz;<\/span><\/a><span style=\"color: #3366ff;\">\u00a0 \u00a0 \u00a0 \u00a0 \u00a0 \u00a0 \u00a0 \u00a0 \u00a0 \u00a0 \u00a0 \u00a0 <a style=\"color: #3366ff;\" href=\"https:\/\/hagyatek.cholnoky.ro\/Suli\/Teruletfejlesztes.pdf\" target=\"_blank\" rel=\"noopener\">Ter\u00fcletfejleszt\u00e9s;<\/a>\u00a0 \u00a0 \u00a0 \u00a0 \u00a0 \u00a0 <a style=\"color: #3366ff;\" href=\"https:\/\/hagyatek.cholnoky.ro\/Suli\/Turizmus.pdf\" target=\"_blank\" rel=\"noopener\">Turizmusf\u00f6ldrajz;\u00a0<\/a> \u00a0 \u00a0 \u00a0 \u00a0 \u00a0 \u00a0 \u00a0 \u00a0<a style=\"color: #3366ff;\" href=\"https:\/\/hagyatek.cholnoky.ro\/Suli\/TT_mesteri.pdf\" target=\"_blank\" rel=\"noopener\">Mesteri;<\/a><\/span><\/h3>\n<h4 style=\"text-align: center;\"><a href=\"http:\/\/geografie.ubbcluj.ro\/pages\/magyarfoldrajz\/wp-content\/uploads\/2012\/11\/11703326_519632824860808_7771767839355221483_o2.jpg\"><img loading=\"lazy\" decoding=\"async\" class=\"alignnone size-full wp-image-1754\" src=\"http:\/\/geografie.ubbcluj.ro\/pages\/magyarfoldrajz\/wp-content\/uploads\/2012\/11\/11703326_519632824860808_7771767839355221483_o2.jpg\" alt=\"\" width=\"2048\" height=\"1152\" \/><\/a><\/h4>\n<p style=\"text-align: center;\"><span style=\"color: #0000ff;\"><strong><a href=\"http:\/\/geografie.ubbcluj.ro\/pages\/magyarfoldrajz\/?page_id=2463\" target=\"_blank\" rel=\"noopener noreferrer\"><span style=\"color: #0000ff;\">F\u00f6ldrajz B.Sc.<\/span><\/a><span style=\"color: #0000ff;\"> &#8211; <a style=\"color: #0000ff;\" href=\"http:\/\/geografie.ubbcluj.ro\/pages\/magyarfoldrajz\/?page_id=2485\" target=\"_blank\" rel=\"noopener noreferrer\">Ter\u00fcletfejleszt\u00e9s B.Sc.<\/a> &#8211; <a style=\"color: #0000ff;\" href=\"http:\/\/geografie.ubbcluj.ro\/pages\/magyarfoldrajz\/?page_id=2496\" target=\"_blank\" rel=\"noopener noreferrer\">Turizmusf\u00f6ldrajz B.Sc.<\/a><\/span><\/strong><\/span><\/p>\n<p style=\"text-align: center;\"><span style=\"color: #0000ff;\"><a style=\"color: #0000ff;\" href=\"http:\/\/geografie.ubbcluj.ro\/pages\/magyarfoldrajz\/?page_id=2503\" target=\"_blank\" rel=\"noopener noreferrer\"><strong>Turizmus \u00e9s ter\u00fcleti fejl\u0151d\u00e9s M.Sc<\/strong><\/a><\/span><\/p>\n\n\n<p><\/p>\n","protected":false},"excerpt":{"rendered":"<p>Isten hozta honlapunkon! \u00d6n a kolozsv\u00e1ri Babe\u0219-Bolyai Tudom\u00e1nyegyetem F\u00f6ldrajz Kar\u00e1n\u00a0 m\u0171k\u00f6d\u0151 Magyar F\u00f6ldrajzi Int\u00e9zet honlapj\u00e1t lapozgatja. Kellemes id\u0151t\u00f6lt\u00e9st!\u00a0L\u00e1togassa meg FACEBOOK oldalunkat is! Bine a\u021bi venit pe pagina Departamentului de Geografie al Liniei Maghiare! Welcome to the page of the Department &hellip; <a class=\"more-link\" href=\"https:\/\/geografie.ubbcluj.ro\/pages\/magyarfoldrajz\/\">Continue reading <span class=\"meta-nav\">&rarr;<\/span><\/a><\/p>\n","protected":false},"author":2,"featured_media":0,"parent":0,"menu_order":0,"comment_status":"closed","ping_status":"closed","template":"","meta":{"footnotes":""},"_links":{"self":[{"href":"https:\/\/geografie.ubbcluj.ro\/pages\/magyarfoldrajz\/index.php?rest_route=\/wp\/v2\/pages\/35"}],"collection":[{"href":"https:\/\/geografie.ubbcluj.ro\/pages\/magyarfoldrajz\/index.php?rest_route=\/wp\/v2\/pages"}],"about":[{"href":"https:\/\/geografie.ubbcluj.ro\/pages\/magyarfoldrajz\/index.php?rest_route=\/wp\/v2\/types\/page"}],"author":[{"embeddable":true,"href":"https:\/\/geografie.ubbcluj.ro\/pages\/magyarfoldrajz\/index.php?rest_route=\/wp\/v2\/users\/2"}],"replies":[{"embeddable":true,"href":"https:\/\/geografie.ubbcluj.ro\/pages\/magyarfoldrajz\/index.php?rest_route=%2Fwp%2Fv2%2Fcomments&post=35"}],"version-history":[{"count":330,"href":"https:\/\/geografie.ubbcluj.ro\/pages\/magyarfoldrajz\/index.php?rest_route=\/wp\/v2\/pages\/35\/revisions"}],"predecessor-version":[{"id":3020,"href":"https:\/\/geografie.ubbcluj.ro\/pages\/magyarfoldrajz\/index.php?rest_route=\/wp\/v2\/pages\/35\/revisions\/3020"}],"wp:attachment":[{"href":"https:\/\/geografie.ubbcluj.ro\/pages\/magyarfoldrajz\/index.php?rest_route=%2Fwp%2Fv2%2Fmedia&parent=35"}],"curies":[{"name":"wp","href":"https:\/\/api.w.org\/{rel}","templated":true}]}}