{"id":321,"date":"2012-12-06T10:44:27","date_gmt":"2012-12-06T10:44:27","guid":{"rendered":"http:\/\/geografie.ubbcluj.ro\/pages\/magyarfoldrajz\/?page_id=321"},"modified":"2021-10-01T07:54:52","modified_gmt":"2021-10-01T07:54:52","slug":"zsombor","status":"publish","type":"page","link":"https:\/\/geografie.ubbcluj.ro\/pages\/magyarfoldrajz\/?page_id=321","title":{"rendered":"Zsombor"},"content":{"rendered":"<p><strong><a href=\"http:\/\/geografie.ubbcluj.ro\/pages\/magyarfoldrajz\/wp-content\/uploads\/2012\/12\/Zsombi.jpg\"><img loading=\"lazy\" decoding=\"async\" class=\"alignright size-full wp-image-323\" title=\"Zsombi\" src=\"http:\/\/geografie.ubbcluj.ro\/pages\/magyarfoldrajz\/wp-content\/uploads\/2012\/12\/Zsombi.jpg\" alt=\"\" width=\"150\" height=\"209\" \/><\/a><\/strong><strong style=\"line-height: 1.5em;\">N\u00e9v:\u00a0<\/strong><strong>Bartos-Elekes Zsombor<\/strong><\/p>\n<p><strong style=\"line-height: 1.5em;\">Munkak\u00f6r:\u00a0<\/strong>egyetemi docens<span style=\"line-height: 1.5em;\">\u00a0<\/span><\/p>\n<p><strong style=\"line-height: 1.5em;\">Munkahelyi telefonsz\u00e1m:<\/strong> 0264-592214 \/ 242<\/p>\n<p><strong style=\"line-height: 1.5em;\">E-mail c\u00edm:\u00a0<\/strong><span style=\"text-decoration: underline;\">bezsombor@yahoo.com;\u00a0<\/span>zsombor.bartos@ubbcluj.ro;<\/p>\n<p><strong style=\"line-height: 1.5em;\">Weblap:\u00a0<\/strong><span style=\"color: #0000ff;\"><a style=\"color: #0000ff;\" href=\"http:\/\/bartos-elekes.adatbank.transindex.ro\" target=\"_blank\" rel=\"noopener noreferrer\"><em style=\"line-height: 1.5em;\">http:\/\/bartos-elekes.adatbank.transindex.ro<\/em><\/a><\/span><\/p>\n<p><a href=\"https:\/\/m2.mtmt.hu\/api\/author\/10045046\" target=\"_blank\" rel=\"noopener noreferrer\"><span style=\"color: #0000ff;\">https:\/\/m2.mtmt.hu\/api\/author\/10045046<\/span><\/a><\/p>\n<p><strong style=\"line-height: 1.5em;\">V\u00e9gzetts\u00e9g:\u00a0<\/strong><em style=\"line-height: 1.5em;\">t\u00e9rk\u00e9p\u00e9sz (ELTE, Budapest, 1999)<\/em><\/p>\n<p><strong style=\"line-height: 1.5em;\">Tudom\u00e1nyos fokozat:\u00a0<\/strong><em style=\"line-height: 1.5em;\">f\u00f6ldtudom\u00e1ny PhD (ELTE, Budapest, 2006)<\/em><\/p>\n<p><strong style=\"line-height: 1.5em;\">Nyelvismeret:\u00a0<\/strong><em style=\"line-height: 1.5em;\">angol, francia<\/em><\/p>\n<p style=\"line-height: 1.5em;\"><strong>Oktat\u00e1si tev\u00e9kenys\u00e9g: <\/strong><\/p>\n<ul>\n<li><em>T\u00e9rk\u00e9p\u00e9szet (f\u00f6ldrajz I. \u00e9v, ter\u00fcletfejleszt\u00e9s I. \u00e9v)<\/em><\/li>\n<li><em>T\u00e9rk\u00e9p\u00e9szet a turizmusban (turizmus II. \u00e9v)<\/em><\/li>\n<li><em>\u00c1ltal\u00e1nos t\u00e9rk\u00e9pek szerkeszt\u00e9se (MSc I. \u00e9v)<\/em><\/li>\n<li><em>Tematikus t\u00e9rk\u00e9pek szerkeszt\u00e9se (MSc II. \u00e9v)<\/em><\/li>\n<li><em>Helyn\u00e9vtan (f\u00f6ldrajz III. \u00e9v, turizmus II. \u00e9v)<\/em><\/li>\n<\/ul>\n<p style=\"line-height: 1.5em;\"><strong style=\"line-height: 1.5em;\">Kutat\u00e1si ter\u00fclet:<\/strong><\/p>\n<ul>\n<li><em>T\u00e9rk\u00e9p\u00e9szet: t\u00e9rk\u00e9pt\u00f6rt\u00e9net (Erd\u00e9ly r\u00e9gi t\u00e9rk\u00e9peken, Cholnoky T\u00e9rk\u00e9pt\u00e1r, Magyar L\u00e1szl\u00f3), vet\u00fclettan (r\u00e9gi t\u00e9rk\u00e9pek d\u00e1tum- \u00e9s vet\u00fcleti param\u00e9terei), tematikus kartogr\u00e1fia (etnikai \u00e9s felekezeti t\u00e9rk\u00e9pek), t\u00e9rk\u00e9pek szerkeszt\u00e9se \u00e9s rajzol\u00e1sa<\/em><\/li>\n<li><em>Helyn\u00e9vtan: mesters\u00e9ges n\u00e9vad\u00e1sok (hat\u00f3s\u00e1gi telep\u00fcl\u00e9s- \u00e9s utcan\u00e9v-rendez\u00e9sek), n\u00e9vegys\u00e9ges\u00edt\u00e9s (helys\u00e9gn\u00e9vt\u00e1rak, t\u00e1jbeoszt\u00e1sok, exonim\u00e1k), t\u00e9rk\u00e9pi n\u00e9vhaszn\u00e1lat (t\u00f6bbnyelv\u0171 ter\u00fcleten)<\/em><\/li>\n<li><em>Tudom\u00e1nyt\u00f6rt\u00e9net: f\u00f6ldrajzoktat\u00e1s a kolozsv\u00e1ri egyetemen<\/em><\/li>\n<\/ul>\n<p style=\"line-height: 1.5em;\"><strong style=\"line-height: 1.5em;\">Tiszts\u00e9gek:\u00a0<\/strong><em style=\"line-height: 1.5em;\">MTA k\u00f6ztest\u00fcleti tagja, Cholnoky F\u00f6ldrajzi T\u00e1rsas\u00e1g tagja<\/em><\/p>\n<p style=\"line-height: 1.5em;\"><strong>Szakmai \u00e9s egy\u00e9b elismer\u00e9sek:<\/strong> <em>Sz\u00e9p Magyar T\u00e9rk\u00e9p (3 I. d\u00edj, 1 II. d\u00edj, 1 dics\u00e9ret, 1 k\u00f6z\u00f6ns\u00e9gd\u00edj)<\/em><\/p>\n<p style=\"line-height: 1.5em;\"><strong>K\u00fclf\u00f6ldi hivatalos tanulm\u00e1nyutak:<\/strong><\/p>\n<ul>\n<li><em>Erasmus-r\u00e9szk\u00e9pz\u00e9s (Utrechti Egyetem \u2013 1998)<\/em><\/li>\n<li><em>Erasmus-vend\u00e9goktat\u00e1s (ELTE \u2013 Budapest \u2013 2008\u20132011)<\/em><\/li>\n<li><em>CEEPUS-vend\u00e9goktat\u00e1s (Jagell\u00f3 Egyetem \u2013 Krakk\u00f3 \u2013 2011, NyME-Geoinformatika \u00a0\u2013 Sz\u00e9kesfeh\u00e9rv\u00e1r \u2013 2012, Z\u00e1gr\u00e1bi Egyetem \u2013 2013)<\/em><\/li>\n<\/ul>\n<p style=\"line-height: 1.5em;\"><a href=\"http:\/\/geografie.ubbcluj.ro\/pages\/magyarfoldrajz\/adatok\/CV_BEZS.pdf\" target=\"_blank\" rel=\"noopener noreferrer\"><span style=\"color: #008000;\"><em><strong>\u00d6n\u00e9letrajz<span style=\"line-height: 1.5em;\">\u00a0let\u00f6lt\u00e9se<\/span><\/strong><\/em><span style=\"line-height: 1.5em;\">\u00a0<\/span><\/span><\/a><\/p>\n<p style=\"line-height: 1.5em;\"><strong>Legfontosabb publik\u00e1ci\u00f3k<\/strong><\/p>\n<p style=\"line-height: 1.5em;\"><span style=\"line-height: 1.5em;\">Kutat\u00e1si projektek<\/span><\/p>\n<ul>\n<li>2006\u2013: <em>A kolozsv\u00e1ri Cholnoky Jen\u0151 T\u00e9rk\u00e9pt\u00e1r.<\/em> Sz\u00fcl\u0151f\u00f6ld Alap \u2013 Bethlen G\u00e1bor Alap \u2013 Sapientia Alap\u00edtv\u00e1ny KPI \u2013 Magyar Tudom\u00e1nyos Akad\u00e9mia HTMT\u00d6. (kutat\u00e1svezet\u0151: Bartos-Elekes Zs.). hagyatek.cholnoky.ro\/terkeptar<\/li>\n<li>2011\u20132014: <em>Charta Rom\u00e2niei Meridionale: digitizarea, georeferen\u0163ierea \u015fi publicarea h\u0103r\u0163ii pe web.<\/em> CNCSIS \/ UEFISCDI. (kutat\u00e1svezet\u0151: Bartos-Elekes Zs.) hagyatek.cholnoky.ro\/charta<\/li>\n<\/ul>\n<p style=\"line-height: 1.5em;\"><span style=\"line-height: 1.5em;\">K\u00f6nyvek<\/span><\/p>\n<ul>\n<li>Bartos-Elekes Zs. (2007): <em>Bevezet\u00e9s a t\u00e9rk\u00e9p\u00e9szetbe.<\/em> Kolozsv\u00e1ri Egyetemi Kiad\u00f3. Kolozsv\u00e1r. pp. 196.<\/li>\n<li>Bartos-Elekes Zs. (2013): <em>Nyelvhaszn\u00e1lat a t\u00e9rk\u00e9peken (Erd\u00e9ly, 19. \u00e9s 20. sz\u00e1zad).<\/em> Kolozsv\u00e1ri Egyetemi Kiad\u00f3. Kolozsv\u00e1r. pp. 210.<\/li>\n<\/ul>\n<p style=\"line-height: 1.5em;\"><span style=\"line-height: 1.5em;\">Tanulm\u00e1nyok, k\u00f6nyvfejezetek<\/span><\/p>\n<ul>\n<li>Bartos-Elekes Zs. (2002): <em>A k\u00e9pp\u00e9 var\u00e1zsolt adat: a n\u00e9pess\u00e9gszerkezeti t\u00e9rk\u00e9pek \u00e1br\u00e1zol\u00e1si m\u00f3dszereir\u0151l.<\/em> In: Studia Cartologica XII. ELTE T\u00e9rk\u00e9ptudom\u00e1nyi Tansz\u00e9k. Budapest. pp. 115\u2013123.<\/li>\n<li>Bartos-Elekes Zs. (2008): <em>The Discussion on Terminology of the Terms Exonym and Endonym. <\/em>In: Review of Historical Geography and Toponomastics. Vol . III., no. 5\u20136. Temesv\u00e1r. pp. 53\u201362.<\/li>\n<li>Bartos-Elekes Zs. (2009): <em>Geogr\u00e1fusk\u00e9pz\u00e9s a kolozsv\u00e1ri egyetemen (1874\u20131919).<\/em> In: F\u00f6ldrajzi M\u00fazeumi Tanulm\u00e1nyok 18. Magyar F\u00f6ldrajzi M\u00fazeum. \u00c9rd. pp. 34\u201343.<\/li>\n<li>Bartos-Elekes Zs. (2010): <em><a href=\"http:\/\/www.akademiai.com\/content\/l90v676133g44355\/?p=2c5ee28fbfb74d9cb25d4136bb71f419&amp;pi=1\">Digital analyses concerning Honter\u2019s map<\/a>.<\/em> In: <a href=\"http:\/\/www.akademiai.com\/content\/119699\/?p=68269dec06aa4a599b27b3540aae77a0&amp;pi=0\">Acta Geodaetica et Geophysica Hungarica<\/a> 2010\/1. Budapest. pp. 3\u20138.<\/li>\n<li>Bartos-Elekes Zs. \u2013 Nemerk\u00e9nyi Zs. (2014): <em>Petermann\u2019s Map of L\u00e1szl\u00f3 Magyar\u2019s Travels in Angola: Its Sources, Compilation and Contents. <\/em>In: Liebenberg, E. \u2013 Collier P. \u2013 T\u00f6r\u00f6k Zs. Gy. ed. (2014): <em>History of Cartography. International Symposium of the ICA, 2012. <\/em>Springer, Heidelberg. pp. 195\u2013209.<\/li>\n<\/ul>\n<p style=\"line-height: 1.5em;\"><span style=\"line-height: 1.5em;\">K\u00f6nyvek t\u00e9rk\u00e9pmell\u00e9kletei<\/span><\/p>\n<ul>\n<li>Prob\u00e1ld F. ed. (2000): <em>Eur\u00f3pa region\u00e1lis f\u00f6ldrajza.<\/em> ELTE E\u00f6tv\u00f6s Kiad\u00f3. Budapest.<\/li>\n<li><em>*** <\/em>(2000\u20132009): <em>Erd\u00e9ly hegyei 14\u201332. k\u00f6tet.<\/em> Pallas-Akad\u00e9mia. Cs\u00edkszereda.<\/li>\n<\/ul>\n<p style=\"line-height: 1.5em;\"><span style=\"line-height: 1.5em;\">Atlaszok, t\u00e9rk\u00e9pek:<\/span><\/p>\n<ul>\n<li>*** (2001, 2006, 2009): <em>Rom\u00e1nia.<\/em> Aut\u00f3atlasz. 1.\u20133. kiad\u00e1s. Dimap. Budapest.<\/li>\n<li>*** (2000\u20132011): <em>Erd\u00e9lyi turistat\u00e9rk\u00e9pek.<\/em> Dimap. Budapest. 12 hegys\u00e9g turistat\u00e9rk\u00e9pe.<\/li>\n<li>Bartos-Elekes Zs. ed. et. al. (2007): <em>Az Erd\u00e9lyi Fejedelems\u00e9g.<\/em> T\u00f6rt\u00e9nelmi t\u00e9rk\u00e9p. Stiefel Eurocart. Budapest.<\/li>\n<\/ul>\n<p style=\"line-height: 1.5em;\"><a href=\"http:\/\/geografie.ubbcluj.ro\/pages\/magyarfoldrajz\/adatok\/Pub_BEZS.pdf\" target=\"_blank\" rel=\"noopener noreferrer\"><span style=\"color: #008000;\"><em><strong>Publik\u00e1ci\u00f3k let\u00f6lt\u00e9se<\/strong><\/em><\/span><\/a><\/p>\n<p style=\"line-height: 1.5em;\"><a href=\"http:\/\/cholnoky.ro\/allamvizsgak\/B_Zsombi.pdf\" target=\"_blank\" rel=\"noopener noreferrer\"><span style=\"color: #0000ff;\"><em><strong>Javasolt \u00e1llamvizsga t\u00e9m\u00e1k<\/strong><\/em><\/span><\/a><\/p>\n<p style=\"line-height: 1.5em;\">\n","protected":false},"excerpt":{"rendered":"<p>N\u00e9v:\u00a0Bartos-Elekes Zsombor Munkak\u00f6r:\u00a0egyetemi docens\u00a0 Munkahelyi telefonsz\u00e1m: 0264-592214 \/ 242 E-mail c\u00edm:\u00a0bezsombor@yahoo.com;\u00a0zsombor.bartos@ubbcluj.ro; Weblap:\u00a0http:\/\/bartos-elekes.adatbank.transindex.ro https:\/\/m2.mtmt.hu\/api\/author\/10045046 V\u00e9gzetts\u00e9g:\u00a0t\u00e9rk\u00e9p\u00e9sz (ELTE, Budapest, 1999) Tudom\u00e1nyos fokozat:\u00a0f\u00f6ldtudom\u00e1ny PhD (ELTE, Budapest, 2006) Nyelvismeret:\u00a0angol, francia Oktat\u00e1si tev\u00e9kenys\u00e9g: T\u00e9rk\u00e9p\u00e9szet (f\u00f6ldrajz I. \u00e9v, ter\u00fcletfejleszt\u00e9s I. \u00e9v) T\u00e9rk\u00e9p\u00e9szet a turizmusban (turizmus II. \u00e9v) &hellip; <a class=\"more-link\" href=\"https:\/\/geografie.ubbcluj.ro\/pages\/magyarfoldrajz\/?page_id=321\">Continue reading <span class=\"meta-nav\">&rarr;<\/span><\/a><\/p>\n","protected":false},"author":2,"featured_media":0,"parent":0,"menu_order":0,"comment_status":"closed","ping_status":"closed","template":"","meta":{"footnotes":""},"_links":{"self":[{"href":"https:\/\/geografie.ubbcluj.ro\/pages\/magyarfoldrajz\/index.php?rest_route=\/wp\/v2\/pages\/321"}],"collection":[{"href":"https:\/\/geografie.ubbcluj.ro\/pages\/magyarfoldrajz\/index.php?rest_route=\/wp\/v2\/pages"}],"about":[{"href":"https:\/\/geografie.ubbcluj.ro\/pages\/magyarfoldrajz\/index.php?rest_route=\/wp\/v2\/types\/page"}],"author":[{"embeddable":true,"href":"https:\/\/geografie.ubbcluj.ro\/pages\/magyarfoldrajz\/index.php?rest_route=\/wp\/v2\/users\/2"}],"replies":[{"embeddable":true,"href":"https:\/\/geografie.ubbcluj.ro\/pages\/magyarfoldrajz\/index.php?rest_route=%2Fwp%2Fv2%2Fcomments&post=321"}],"version-history":[{"count":12,"href":"https:\/\/geografie.ubbcluj.ro\/pages\/magyarfoldrajz\/index.php?rest_route=\/wp\/v2\/pages\/321\/revisions"}],"predecessor-version":[{"id":2619,"href":"https:\/\/geografie.ubbcluj.ro\/pages\/magyarfoldrajz\/index.php?rest_route=\/wp\/v2\/pages\/321\/revisions\/2619"}],"wp:attachment":[{"href":"https:\/\/geografie.ubbcluj.ro\/pages\/magyarfoldrajz\/index.php?rest_route=%2Fwp%2Fv2%2Fmedia&parent=321"}],"curies":[{"name":"wp","href":"https:\/\/api.w.org\/{rel}","templated":true}]}}