{"id":314,"date":"2012-12-05T22:50:12","date_gmt":"2012-12-05T22:50:12","guid":{"rendered":"http:\/\/geografie.ubbcluj.ro\/pages\/magyarfoldrajz\/?page_id=314"},"modified":"2017-04-21T18:31:03","modified_gmt":"2017-04-21T18:31:03","slug":"egon","status":"publish","type":"page","link":"https:\/\/geografie.ubbcluj.ro\/pages\/magyarfoldrajz\/?page_id=314","title":{"rendered":"Egon"},"content":{"rendered":"<p><strong><a href=\"http:\/\/geografie.ubbcluj.ro\/pages\/magyarfoldrajz\/wp-content\/uploads\/2012\/12\/egon1.jpg\"><img loading=\"lazy\" decoding=\"async\" class=\"alignright size-full wp-image-467\" title=\"egon1\" src=\"http:\/\/geografie.ubbcluj.ro\/pages\/magyarfoldrajz\/wp-content\/uploads\/2012\/12\/egon1.jpg\" alt=\"\" width=\"150\" height=\"200\" \/><\/a>N\u00e9v: Nagy Egon<\/strong><\/p>\n<p><strong>Beoszt\u00e1s:<\/strong> int\u00e9zetigazgat\u00f3<\/p>\n<p><strong>V\u00e9gzetts\u00e9g:<\/strong> geogr\u00e1fus, 1993-1998<\/p>\n<p><strong>Tudom\u00e1nyos fokozat:<\/strong> PhD<\/p>\n<p><strong>Nyelvismeret:<\/strong> angol, n\u00e9met<\/p>\n<p><strong>Munkak\u00f6r:<\/strong> egyetemi adjunktus<\/p>\n<p><strong>Munkahelyi telefonsz\u00e1m:<\/strong> 0264-592214 \/ 207<\/p>\n<p><strong>Telefonsz\u00e1m:<\/strong> <em>0040-742-896101<\/em><\/p>\n<p><strong>E-mail c\u00edm:<\/strong> negon1@yahoo.com;\u00a0egon.nagy@ubbcluj.ro<\/p>\n<p><a href=\"http:\/\/geografie.ubbcluj.ro\/pages\/magyarfoldrajz\/adatok\/CV_NE.pdf\" target=\"_blank\"><span style=\"color: #008000;\"><em><strong>\u00d6n\u00e9letrajz let\u00f6lt\u00e9se<\/strong><\/em><\/span><\/a><\/p>\n<p><strong>Oktat\u00e1si tev\u00e9kenys\u00e9g:<\/strong> Rom\u00e1nia region\u00e1lis f\u00f6ldrajza, Kontinensek f\u00f6ldrajza, Nemzetk\u00f6zi turizmus, Turisztikai rendszerek, Kultur\u00e1lis turizmus<\/p>\n<p><strong>Kutat\u00e1si ter\u00fclet:<\/strong> hat\u00e1rmentis\u00e9g, region\u00e1lis f\u00f6ldrajz<\/p>\n<p><strong>Szakmai \u00e9s egy\u00e9b elismer\u00e9sek:<\/strong> Pro Geogr\u00e1fia d\u00edj \u2013 Magyar F\u00f6ldrajzi T\u00e1rsas\u00e1g<\/p>\n<p><strong>K\u00fclf\u00f6ldi hivatalos tanulm\u00e1nyutak:<\/strong> Humboldt \u00f6szt\u00f6nd\u00edj, 2005, Institut f\u00fcr L\u00e4nderkunde, Leipzig, N\u00f6metorsz\u00e1g<\/p>\n<p><strong>Legfontosabb publik\u00e1ci\u00f3k:<\/strong><\/p>\n<p>Benedek J., Nagy E. (2000), <strong>Planningul rural \u015fi teoria locurilor centrale<\/strong>, Studia Universitatis \u201eBabe\u015f \u2013 Bolyai\u201c, Series Geographia, Cluj-Napoca (pp. 81-86).<\/p>\n<p>Nagy E. (2001), <strong>C\u00e2teva aspecte privind structura confesional\u0103 a popula\u0163iei ora\u015fului Cluj-Napoca<\/strong>, Studia Universitatis \u201eBabe\u015f \u2013 Bolyai\u201c, Series Geographia, Cluj-Napoca (pp. 83-95).<\/p>\n<p>Nagy E. (2005), <strong>The Obstacles of Social-Economic Change in Post-Communist Romania, <\/strong>Romanian Review of Regional Studies, Journal of the Centre for Regional Geography, vol. I, nr. 1, Presa Universitar\u0103 Clujean\u0103, Cluj-Napoca (pp. 69-75).<\/p>\n<p>Nagy E. (2006), <strong>Demographic Tendencies in the Cross-Border Region of Satu Mare and Szabolcs-Szatm\u00e1r-Bereg Counties<\/strong>, Romanian Review of Regional Studies, Journal of the Centre for Regional Geography, vol. II, nr. 1, Presa Universitar\u0103 Clujean\u0103, Cluj-Napoca (pp. 85-95).<\/p>\n<p>Benedek J., Nagy E. (2008), <strong>Grundlagen grenz\u00fcberschreitender Kooperation in der Sathmarer Grenzregion<\/strong>, in: F\u00f6rster H. (szerk.), Regionalisierung, Regionalismus und Regionalpolitik in S\u00fcdosteuropa, S\u00fcdosteuropa-Jahrbuch, Band 35, M\u00fcnchen (pp. 47-62).<\/p>\n<p>Nagy E. (2010), <strong>A rom\u00e1n-magyar hat\u00e1r menti egy\u00fcttm\u0171k\u00f6d\u00e9sek meg\u00edt\u00e9l\u00e9se a rom\u00e1n oldali telep\u00fcl\u00e9svezet\u0151k szemsz\u00f6g\u00e9b\u0151l, <\/strong>T\u00e9r \u00e9s t\u00e1rsadalom, 24 \u00e9vfolyam\/4, MTA-RKK, Gy\u0151r (pp. 221-235).<\/p>\n<p>Nagy E. (2011), <strong>A hat\u00e1r menti r\u00e9gi\u00f3k, a hat\u00e1r menti egy\u00fcttm\u0171k\u00f6d\u00e9sek \u00e9s az Eur\u00f3pai Uni\u00f3<\/strong>, in: Benedek J. (szerk.), Rom\u00e1nia. T\u00e9r, gazdas\u00e1g, t\u00e1rsadalom, Kriterion k\u00f6nyvkiad\u00f3 \u2013 Nemzeti Kiseggbs\u00e9gkutat\u00f3 Int\u00e9zet, Kolozsv\u00e1r , (pp. 455-473).<\/p>\n<p>Nagy E. (2012), <em><strong>A bev\u00e1s\u00e1rl\u00f3turizmus aktu\u00e1lis tendenci\u00e1i a rom\u00e1n-magyar hat\u00e1r ment\u00e9n, <\/strong><\/em><em>in: Mika J., Pajt\u00f3kn\u00e9 tari I., D\u00e1vid \u00c1., Fodor R. (szerk.), HUNGEO \u2013 Magyar F\u00f6ldtudom\u00e1nyi Szakemberek Vil\u00e1gtal\u00e1lkoz\u00f3ja, Eszterh\u00e1zy K\u00e1roly F\u0151iskola, Eger (pp. 15-24).<\/em><em><\/em><\/p>\n<p>Nagy E. (2012), <strong>The Situation of the Workforce Market in the Southern Part of the Romanian-Hungarian Border<\/strong>, Studia Universitatis \u201eBabe\u015f \u2013 Bolyai\u201c, Series Geographia, Cluj-Napoca (pp. 153-160).<\/p>\n<p>Nagy <strong>E<\/strong><strong>. (2012), <\/strong><strong>Demographic Processes in the Southern Part of the Hungarian-Romanian Border,<\/strong> Romanian Review of Regional Studies, Journal of the Centre for Regional Geography, nr. 2\/2012, Presa Universitar\u0103 Clujean\u0103, Cluj-Napoca<strong> (<\/strong><em>pp. 41-50).<\/em><\/p>\n<p><strong>Tudom\u00e1nymetriai adatok:<\/strong><\/p>\n<p>Saj\u00e1t k\u00f6zlem\u00e9nyek sz\u00e1ma: 27<br \/>\nId\u00e9zetek sz\u00e1ma:<br \/>\n\u00d6sszegzett impakt faktor:<\/p>\n<p><a href=\"http:\/\/geografie.ubbcluj.ro\/pages\/magyarfoldrajz\/adatok\/Pub_NE.pdf\" target=\"_blank\"><span style=\"color: #008000;\"><em><strong>Publik\u00e1ci\u00f3k let\u00f6lt\u00e9se<\/strong><\/em><\/span><\/a><\/p>\n<p><span style=\"color: #0000ff;\"><a href=\"http:\/\/cholnoky.ro\/allamvizsgak\/N_Egon.pdf\" target=\"_blank\"><span style=\"color: #0000ff;\"><em><strong>Javasolt \u00e1llamvizsga t\u00e9m\u00e1k<\/strong><\/em><\/span><\/a><\/span><\/p>\n<p>&nbsp;<\/p>\n","protected":false},"excerpt":{"rendered":"<p>N\u00e9v: Nagy Egon Beoszt\u00e1s: int\u00e9zetigazgat\u00f3 V\u00e9gzetts\u00e9g: geogr\u00e1fus, 1993-1998 Tudom\u00e1nyos fokozat: PhD Nyelvismeret: angol, n\u00e9met Munkak\u00f6r: egyetemi adjunktus Munkahelyi telefonsz\u00e1m: 0264-592214 \/ 207 Telefonsz\u00e1m: 0040-742-896101 E-mail c\u00edm: negon1@yahoo.com;\u00a0egon.nagy@ubbcluj.ro \u00d6n\u00e9letrajz let\u00f6lt\u00e9se Oktat\u00e1si tev\u00e9kenys\u00e9g: Rom\u00e1nia region\u00e1lis f\u00f6ldrajza, Kontinensek f\u00f6ldrajza, Nemzetk\u00f6zi turizmus, Turisztikai rendszerek, &hellip; <a class=\"more-link\" href=\"https:\/\/geografie.ubbcluj.ro\/pages\/magyarfoldrajz\/?page_id=314\">Continue reading <span class=\"meta-nav\">&rarr;<\/span><\/a><\/p>\n","protected":false},"author":2,"featured_media":0,"parent":40,"menu_order":0,"comment_status":"closed","ping_status":"closed","template":"","meta":{"footnotes":""},"_links":{"self":[{"href":"https:\/\/geografie.ubbcluj.ro\/pages\/magyarfoldrajz\/index.php?rest_route=\/wp\/v2\/pages\/314"}],"collection":[{"href":"https:\/\/geografie.ubbcluj.ro\/pages\/magyarfoldrajz\/index.php?rest_route=\/wp\/v2\/pages"}],"about":[{"href":"https:\/\/geografie.ubbcluj.ro\/pages\/magyarfoldrajz\/index.php?rest_route=\/wp\/v2\/types\/page"}],"author":[{"embeddable":true,"href":"https:\/\/geografie.ubbcluj.ro\/pages\/magyarfoldrajz\/index.php?rest_route=\/wp\/v2\/users\/2"}],"replies":[{"embeddable":true,"href":"https:\/\/geografie.ubbcluj.ro\/pages\/magyarfoldrajz\/index.php?rest_route=%2Fwp%2Fv2%2Fcomments&post=314"}],"version-history":[{"count":10,"href":"https:\/\/geografie.ubbcluj.ro\/pages\/magyarfoldrajz\/index.php?rest_route=\/wp\/v2\/pages\/314\/revisions"}],"predecessor-version":[{"id":1740,"href":"https:\/\/geografie.ubbcluj.ro\/pages\/magyarfoldrajz\/index.php?rest_route=\/wp\/v2\/pages\/314\/revisions\/1740"}],"up":[{"embeddable":true,"href":"https:\/\/geografie.ubbcluj.ro\/pages\/magyarfoldrajz\/index.php?rest_route=\/wp\/v2\/pages\/40"}],"wp:attachment":[{"href":"https:\/\/geografie.ubbcluj.ro\/pages\/magyarfoldrajz\/index.php?rest_route=%2Fwp%2Fv2%2Fmedia&parent=314"}],"curies":[{"name":"wp","href":"https:\/\/api.w.org\/{rel}","templated":true}]}}