{"id":311,"date":"2012-12-05T22:44:19","date_gmt":"2012-12-05T22:44:19","guid":{"rendered":"http:\/\/geografie.ubbcluj.ro\/pages\/magyarfoldrajz\/?page_id=311"},"modified":"2017-04-21T18:32:05","modified_gmt":"2017-04-21T18:32:05","slug":"csongi","status":"publish","type":"page","link":"https:\/\/geografie.ubbcluj.ro\/pages\/magyarfoldrajz\/?page_id=311","title":{"rendered":"Csongi"},"content":{"rendered":"<p><strong>N\u00e9v: M\u00e1th\u00e9 Csongor<a href=\"http:\/\/geografie.ubbcluj.ro\/pages\/magyarfoldrajz\/wp-content\/uploads\/2012\/12\/Csongi.jpg\"><img loading=\"lazy\" decoding=\"async\" class=\"alignright size-full wp-image-310\" title=\"Csongi\" src=\"http:\/\/geografie.ubbcluj.ro\/pages\/magyarfoldrajz\/wp-content\/uploads\/2012\/12\/Csongi.jpg\" alt=\"\" width=\"150\" height=\"200\" \/><\/a><\/strong><\/p>\n<p><strong>V\u00e9gzetts\u00e9g:<\/strong><\/p>\n<ul>\n<li><em>2008-2011: Babe\u0219-Bolyai Tudom\u00e1nyegyetem, F\u00f6ldrajz Kar, Doktori iskola (t\u00e9mavezet\u0151 prof.dr. Benedek J\u00f3zsef)<\/em><\/li>\n<li><em>2005-2008: EMTE \u2013 Sapientia, Term\u00e9szettudom\u00e1nyi \u00e9s M\u0171v\u00e9szeti Kar, K\u00f6rnyezetf\u00f6ldrajz, K\u00f6rnyezettudom\u00e1ny szakir\u00e1ny<\/em><\/li>\n<li><em>2005-2006: Babe\u0219-Bolyai Tudom\u00e1nyegyetem, F\u00f6ldrajz Kar, MSc K\u00e9pz\u00e9s, Fejleszt\u00e9si er\u0151forr\u00e1sok kezel\u00e9se<\/em><\/li>\n<li><em>2001-2005: Babe\u0219-Bolyai Tudom\u00e1nyegyetem, F\u00f6ldrajz Kar, F\u00f6ldrajz szak (Meteorol\u00f3gia-Hidrol\u00f3gia szakir\u00e1ny)<\/em><\/li>\n<\/ul>\n<p><strong>Tudom\u00e1nyos fokozat:<\/strong> PhD (t\u00e9zis c\u00edme: K\u00f6z\u00e9p Fejleszt\u00e9si r\u00e9gi\u00f3 k\u00f6zleked\u00e9si rendszer\u00e9nek f\u00f6ldrajzi elemz\u00e9se)<\/p>\n<p><strong>Nyelvismeret:<\/strong> rom\u00e1n, angol<\/p>\n<p><strong>Munkak\u00f6r:<\/strong> egyetemi adjunktus<\/p>\n<p><strong>Munkahelyi telefonsz\u00e1m:<\/strong> &#8211;<\/p>\n<p><strong>E-mail c\u00edm:<\/strong>\u00a0csongor.mathe@ubbcluj.ro<\/p>\n<p><strong>Weblap:<\/strong> metszet.blogszpot.com<\/p>\n<p><a href=\"http:\/\/geografie.ubbcluj.ro\/pages\/magyarfoldrajz\/adatok\/CV_MCs.pdf\" target=\"_blank\"><span style=\"color: #008000;\"><em><strong>\u00d6n\u00e9letrajz let\u00f6lt\u00e9se<\/strong><\/em><\/span><\/a><\/p>\n<p><strong>Oktat\u00e1si tev\u00e9kenys\u00e9g:<\/strong><\/p>\n<ul>\n<li><em>V\u00e1rostervez\u00e9s (BSc, Ter\u00fcletfejleszt\u00e9s II \u00e9v, II. f\u00e9l\u00e9v)<\/em><\/li>\n<li><em>Ter\u00fcleti infrastrukt\u00far\u00e1k (BSc, Ter\u00fcletfejleszt\u00e9s III \u00e9v, II. f\u00e9l\u00e9v)<\/em><\/li>\n<li><em>A ter\u00fcletfejleszt\u00e9s \u00e9s v\u00e1rostervez\u00e9s int\u00e9zm\u00e9nyrendszere \u00e9s jogi h\u00e1ttere (Bsc, Ter\u00fcletfejleszt\u00e9s III \u00e9v, I. f\u00e9l\u00e9v)<\/em><\/li>\n<li><em>Region\u00e1lis tervez\u00e9s \u00e9s helyi fejl\u0151d\u00e9s (Bsc, Ter\u00fcletfejleszt\u00e9s III \u00e9v, II. f\u00e9l\u00e9v)<\/em><\/li>\n<li><em>Ter\u00fcletrendez\u00e9s (Bsc, Ter\u00fcletfejleszt\u00e9s III \u00e9v, II. f\u00e9l\u00e9v)<\/em><\/li>\n<li><em>\u00a0K\u00f6zleked\u00e9si infrastrukt\u00fara f\u00f6ldrajzi elemz\u00e9se (MSc, I \u00e9v, II. f\u00e9l\u00e9, v\u00e1laszthat\u00f3)<\/em><\/li>\n<\/ul>\n<p><strong>Kutat\u00e1si ter\u00fclet:<\/strong> k\u00f6zleked\u00e9si infrastrukt\u00far\u00e1k, el\u00e9rhet\u0151s\u00e9gi vizsg\u00e1latok, k\u00f6zleked\u00e9sbiztons\u00e1g<\/p>\n<p><strong>K\u00fclf\u00f6ldi hivatalos tanulm\u00e1nyutak:<\/strong> MTI Magyar F\u00f6ldrajzi Int\u00e9zet, 2010 (5 h\u00f3nap)<\/p>\n<p><strong>Legfontosabb publik\u00e1ci\u00f3k:<\/strong><\/p>\n<ul>\n<li>M\u00e1th\u00e9, Cs. (2011), Traffic safety issues in Romania, in: Studia Universitatis Babe\u015f-Bolyai \u2013 Geographia, LVI, Issue no 2\/2011<\/li>\n<li>M\u00e1th\u00e9, Cs. (2011), The Bra\u015fov International airport Project \u2013 Risks and Opportunities, in: Studia Universitatis Babe\u015f-Bolyai \u2013 Geographia, Issue no 1\/2012<\/li>\n<li>M\u00e1th\u00e9 Cs. (2011), K\u00f6zleked\u00e9s \u00e9s telekommunik\u00e1ci\u00f3 in: D\u00f6v\u00e9nyi Z. (ed.) 2011, <em>A<\/em><em> K\u00e1rp\u00e1t-medence f\u00f6ldrajza<\/em>, Akad\u00e9miai Kiad\u00f3, Budapest<\/li>\n<li>Mika J., M\u00e1th\u00e9 Cs., Schlanger V., (2006), Projected Changes Of Climate Means And Variability In The Upper And Middle Danube Catchment With Respect To The Hydrological Risks, In: Riscuri \u0219i Catastrofe (Risks and Catastrophs), V., Nr.3 \/ 2006, Babe\u0219 Bolyai University, Cluj<\/li>\n<li>M\u00e1th\u00e9 Cs., M\u00e9sz\u00e1ros M. (2011), \u00daj rezidenci\u00e1lis \u00f6vezetek Kolozsv\u00e1ron \u00e9s hat\u00e1sai a k\u00f6zleked\u00e9si viszonyokra, in: VI. K\u00e1rp\u00e1t-Medencei K\u00f6rnyezettudom\u00e1nyi Konferencia, 22-24. aprilie 2010, Ny\u00edregyh\u00e1za, 395 \u2013 401 pp., ISBN: 978-963\u20149909-57-1.<\/li>\n<li>\u00a0Oprea M., M\u00e1th\u00e9 Cs., Bruckner L. (2010), Bra\u015fov airport and his impact on tourism, in: III. International Conference \u201eThe role of tourism in territorial development\u201d, 8-9. octombrie 2010, Gheorgheni, 241-251 pp., ISSN: 2068-9578.<\/li>\n<li>M\u00e1th\u00e9 Cs., M\u00e9sz\u00e1ros M. (2007), Zajszint- \u00e9s porm\u00e9r\u00e9s Kolozsv\u00e1r forgalmasabb pontjain, in: VI. K\u00e1rp\u00e1t-Medencei K\u00f6rnyezettudom\u00e1nyi Konferencia, 29-31. martie 2007, Ny\u00edregyh\u00e1za, 286 \u2013 291 pp., ISSN: 1842-9815.<\/li>\n<\/ul>\n<p><strong>Tudom\u00e1nymetriai adatok:<\/strong><\/p>\n<p>Saj\u00e1t k\u00f6zlem\u00e9nyek sz\u00e1ma: 12<br \/>\nId\u00e9zetek sz\u00e1ma: ?<br \/>\n\u00d6sszegzett impakt faktor: 0<\/p>\n<p><a href=\"http:\/\/geografie.ubbcluj.ro\/pages\/magyarfoldrajz\/adatok\/Pub_MCs.pdf\" target=\"_blank\"><span style=\"color: #008000;\"><em><strong>Publik\u00e1ci\u00f3k let\u00f6lt\u00e9se<\/strong><\/em><\/span><\/a><\/p>\n<p><a href=\"http:\/\/cholnoky.ro\/allamvizsgak\/M_Csongi.pdf\" target=\"_blank\"><em><strong>Javasolt \u00e1llamvizsga t\u00e9m\u00e1k<\/strong><\/em><\/a><\/p>\n<p>&nbsp;<\/p>\n","protected":false},"excerpt":{"rendered":"<p>N\u00e9v: M\u00e1th\u00e9 Csongor V\u00e9gzetts\u00e9g: 2008-2011: Babe\u0219-Bolyai Tudom\u00e1nyegyetem, F\u00f6ldrajz Kar, Doktori iskola (t\u00e9mavezet\u0151 prof.dr. Benedek J\u00f3zsef) 2005-2008: EMTE \u2013 Sapientia, Term\u00e9szettudom\u00e1nyi \u00e9s M\u0171v\u00e9szeti Kar, K\u00f6rnyezetf\u00f6ldrajz, K\u00f6rnyezettudom\u00e1ny szakir\u00e1ny 2005-2006: Babe\u0219-Bolyai Tudom\u00e1nyegyetem, F\u00f6ldrajz Kar, MSc K\u00e9pz\u00e9s, Fejleszt\u00e9si er\u0151forr\u00e1sok kezel\u00e9se 2001-2005: Babe\u0219-Bolyai Tudom\u00e1nyegyetem, F\u00f6ldrajz &hellip; <a class=\"more-link\" href=\"https:\/\/geografie.ubbcluj.ro\/pages\/magyarfoldrajz\/?page_id=311\">Continue reading <span class=\"meta-nav\">&rarr;<\/span><\/a><\/p>\n","protected":false},"author":2,"featured_media":0,"parent":40,"menu_order":0,"comment_status":"closed","ping_status":"closed","template":"","meta":{"footnotes":""},"_links":{"self":[{"href":"https:\/\/geografie.ubbcluj.ro\/pages\/magyarfoldrajz\/index.php?rest_route=\/wp\/v2\/pages\/311"}],"collection":[{"href":"https:\/\/geografie.ubbcluj.ro\/pages\/magyarfoldrajz\/index.php?rest_route=\/wp\/v2\/pages"}],"about":[{"href":"https:\/\/geografie.ubbcluj.ro\/pages\/magyarfoldrajz\/index.php?rest_route=\/wp\/v2\/types\/page"}],"author":[{"embeddable":true,"href":"https:\/\/geografie.ubbcluj.ro\/pages\/magyarfoldrajz\/index.php?rest_route=\/wp\/v2\/users\/2"}],"replies":[{"embeddable":true,"href":"https:\/\/geografie.ubbcluj.ro\/pages\/magyarfoldrajz\/index.php?rest_route=%2Fwp%2Fv2%2Fcomments&post=311"}],"version-history":[{"count":4,"href":"https:\/\/geografie.ubbcluj.ro\/pages\/magyarfoldrajz\/index.php?rest_route=\/wp\/v2\/pages\/311\/revisions"}],"predecessor-version":[{"id":1741,"href":"https:\/\/geografie.ubbcluj.ro\/pages\/magyarfoldrajz\/index.php?rest_route=\/wp\/v2\/pages\/311\/revisions\/1741"}],"up":[{"embeddable":true,"href":"https:\/\/geografie.ubbcluj.ro\/pages\/magyarfoldrajz\/index.php?rest_route=\/wp\/v2\/pages\/40"}],"wp:attachment":[{"href":"https:\/\/geografie.ubbcluj.ro\/pages\/magyarfoldrajz\/index.php?rest_route=%2Fwp%2Fv2%2Fmedia&parent=311"}],"curies":[{"name":"wp","href":"https:\/\/api.w.org\/{rel}","templated":true}]}}