{"id":303,"date":"2012-12-05T22:31:54","date_gmt":"2012-12-05T22:31:54","guid":{"rendered":"http:\/\/geografie.ubbcluj.ro\/pages\/magyarfoldrajz\/?page_id=303"},"modified":"2017-04-18T20:43:32","modified_gmt":"2017-04-18T20:43:32","slug":"csaba","status":"publish","type":"page","link":"https:\/\/geografie.ubbcluj.ro\/pages\/magyarfoldrajz\/?page_id=303","title":{"rendered":"Csaba"},"content":{"rendered":"<p><strong><a href=\"http:\/\/geografie.ubbcluj.ro\/pages\/magyarfoldrajz\/wp-content\/uploads\/2012\/12\/csabi1.jpg\"><img loading=\"lazy\" decoding=\"async\" class=\"alignright size-full wp-image-307\" title=\"csabi1\" src=\"http:\/\/geografie.ubbcluj.ro\/pages\/magyarfoldrajz\/wp-content\/uploads\/2012\/12\/csabi1.jpg\" alt=\"\" width=\"150\" height=\"200\" \/><\/a>N\u00e9v: Kov\u00e1cs Csaba Mikl\u00f3s<\/strong><\/p>\n<p><strong>V\u00e9gzetts\u00e9g:<\/strong> BBTE F\u00f6ldrajz Kar, f\u00f6ldrajz-francia szak, 1988<\/p>\n<p>Corvinus Egyetem, Master in Management Sciences (okleveles k\u00f6zgazda, mesteri), 1995<\/p>\n<p><strong>Tudom\u00e1nyos fokozat:<\/strong> PhD, 2001<\/p>\n<p><strong>Nyelvismeret:<\/strong> angol, francia (halad\u00f3 szinten), spanyol (k\u00f6z\u00e9pszinten)<\/p>\n<p><strong>Munkak\u00f6r:<\/strong> egyetemi adjunktus<\/p>\n<p><strong>Munkahelyi telefonsz\u00e1m:<\/strong> 0264-592214 \/ 218<\/p>\n<p><strong>E-mail c\u00edm:<\/strong>\u00a0csaba.kovacs@ubbcluj.ro<\/p>\n<p><span style=\"color: #008000;\"><strong><em>\u00d6n\u00e9letrajz let\u00f6lt\u00e9se<\/em><\/strong><\/span><\/p>\n<p><strong>Oktat\u00e1si tev\u00e9kenys\u00e9g:<\/strong> n\u00e9pess\u00e9g-\u00e9s telep\u00fcl\u00e9sf\u00f6ldrajz, gazdas\u00e1gf\u00f6ldrajz, szoci\u00e1lgeogr\u00e1fia, politikai f\u00f6ldrajz, turizmus marketing, hum\u00e1n er\u0151forr\u00e1sok menedzsmentje<\/p>\n<p><strong>Kutat\u00e1si ter\u00fclet:<\/strong> gazdas\u00e1gf\u00f6ldrajz, n\u00e9pess\u00e9g- \u00e9s telep\u00fcl\u00e9s, politikai f\u00f6ldrajz<\/p>\n<p><strong>K\u00fclf\u00f6ldi hivatalos tanulm\u00e1nyutak:<\/strong> University of Chichester, UK, 1998; Plymouth State University, New Hampshire, 2006; Universit\u00e9 d\u2019Antananarivo, Madagascar, 2008<\/p>\n<p><strong>Legfontosabb publik\u00e1ci\u00f3k:<\/strong><\/p>\n<p><strong>\u00a0<\/strong>K\u00f6nyvek (egy\u00e9ni szerz\u0151):<strong> <\/strong><\/p>\n<p>1.\u00a0\u00a0\u00a0\u00a0\u00a0\u00a0\u00a0\u00a0\u00a0\u00a0\u00a0 Kov\u00e1cs Csaba Mikl\u00f3s (2005), <em>Geografia agriculturii din C\u00e2mpia Some\u015fului <\/em>(doktori disszert\u00e1ci\u00f3), Edit. Napoca Star, Cluj-Napoca<br \/>\n2.\u00a0\u00a0\u00a0\u00a0\u00a0\u00a0\u00a0\u00a0\u00a0\u00a0\u00a0 Kov\u00e1cs Csaba Mikl\u00f3s (2006), <em>\u00c1ltal\u00e1nos n\u00e9pess\u00e9gf\u00f6ldrajz<\/em>, Edit. Presa Universitar\u0103 Clujean\u0103, Cluj-Napoca.<br \/>\n3.\u00a0\u00a0\u00a0\u00a0\u00a0\u00a0\u00a0\u00a0\u00a0\u00a0\u00a0 Kov\u00e1cs Csaba Mikl\u00f3s (2009), <em>A vil\u00e1g mez\u0151gazdas\u00e1g\u00e1nak f\u00f6ldrajza (Geografia agriculturii mondiale)<\/em>, Edit. Presa Universitar\u0103 Clujean\u0103, Cluj-Napoca.<\/p>\n<p><strong>T\u00e1rsszerz\u0151: <\/strong><\/p>\n<p><strong><\/strong>Kov\u00e1cs Csaba Mikl\u00f3s (2011), <em>Geopolitikai helyzet \u00e9s k\u00f6zigazgat\u00e1si f\u00f6ldrajz, <\/em>in: Benedek J. (szerk.), Rom\u00e1nia \u2013 T\u00e9r, gazdas\u00e1g, t\u00e1rsadalom, pp. 57-78, Nemzeti Kisebbs\u00e9gkutat\u00f3 Int\u00e9zet, Kriterion, Kolozsv\u00e1r.<\/p>\n<h4>Nem\u00adzet\u00adk\u00f6\u00adzi\u00adleg el\u00adis\u00admert szak\u00adfo\u00adly\u00f3\u00adiratokban k\u00f6z\u00f6lt szaktanulm\u00e1nyok, szakcikkek<\/h4>\n<p>1.\u00a0\u00a0\u00a0\u00a0\u00a0\u00a0\u00a0\u00a0\u00a0\u00a0\u00a0 Kov\u00e1cs Cs. (1997), <em>A Szatm\u00e1ri-s\u00edks\u00e1g mez\u0151gazdas\u00e1ga a kilencvenes \u00e9vekben.<\/em> F\u00f6ldrajzi k\u00f6zlem\u00e9nyek, nr. 4, pp. 183-200, Budapest.<br \/>\n2.\u00a0\u00a0\u00a0\u00a0\u00a0\u00a0\u00a0\u00a0\u00a0\u00a0\u00a0 Kov\u00e1cs, Cs. (2003), <em>The Market Potential and the Patterns of Contemporary Agriculture in Romania<\/em><em>\u2019s Northwestern Plain<\/em><em>, <\/em>in: Subsistence Agriculture in Central and Eastern Europe: How to Break the Vicious Circle ?, Institut f\u00fcr Agrarentwicklung in Mittel- und Osteuropa, Halle, Germany<br \/>\n3.\u00a0\u00a0\u00a0\u00a0\u00a0\u00a0\u00a0\u00a0\u00a0\u00a0\u00a0 Kov\u00e1cs Cs. M. (2002), <em>Motivational Backgrounds and Patterns of Migration for Romania\u2019s Ethnic Hungarian Intellectual Elites<\/em>. 3<sup>rd<\/sup> International Conference of Critical Geography, pp. 154-157, Centre for Regional Studies of the Hungarian Academy of Sciences, B\u00e9k\u00e9scsaba, Hungary.<br \/>\n4.\u00a0\u00a0\u00a0\u00a0\u00a0\u00a0\u00a0\u00a0\u00a0\u00a0\u00a0 Kov\u00e1cs Cs. (2003), <em>Migration Behaviour of Ethnic Hungarian Intellectual Elite of Transylvania, <\/em>W\u00fcrzburger Geographische Manuskripte, Heft 63, pp.37-41.<br \/>\n5.\u00a0\u00a0\u00a0\u00a0\u00a0\u00a0\u00a0\u00a0\u00a0\u00a0\u00a0 Kov\u00e1cs Cs. M. (2009), <em>The Upper Tisza Region: Changing Borders and Territorial Structures<\/em>, in: Historical Regions Divided by the Borders, Regions and Regionalism, University of \u0141odz, Silesian Institue of Opole, Poland.<br \/>\n6.\u00a0\u00a0\u00a0\u00a0\u00a0\u00a0\u00a0\u00a0\u00a0\u00a0\u00a0 Kov\u00e1cs Cs. M. (2011), <em>Dimensiunile \u015fi accep\u0163iunile integr\u0103rii \u00een \u015ftiin\u0163ele socio-umane, <\/em>Geographia Napocensis, Anul V. nr. 2, pp.5-20, Cluj-Napoca<\/p>\n<p><strong>Tudom\u00e1nymetriai adatok:<\/strong><\/p>\n<p>Saj\u00e1t k\u00f6zlem\u00e9nyek sz\u00e1ma: 42<\/p>\n<p><a href=\"http:\/\/geografie.ubbcluj.ro\/pages\/magyarfoldrajz\/adatok\/Pub_KCS.pdf\" target=\"_blank\"><span style=\"color: #008000;\"><em><strong>Publik\u00e1ci\u00f3k let\u00f6lt\u00e9se<\/strong><\/em><\/span><\/a><\/p>\n<p>&nbsp;<\/p>\n","protected":false},"excerpt":{"rendered":"<p>N\u00e9v: Kov\u00e1cs Csaba Mikl\u00f3s V\u00e9gzetts\u00e9g: BBTE F\u00f6ldrajz Kar, f\u00f6ldrajz-francia szak, 1988 Corvinus Egyetem, Master in Management Sciences (okleveles k\u00f6zgazda, mesteri), 1995 Tudom\u00e1nyos fokozat: PhD, 2001 Nyelvismeret: angol, francia (halad\u00f3 szinten), spanyol (k\u00f6z\u00e9pszinten) Munkak\u00f6r: egyetemi adjunktus Munkahelyi telefonsz\u00e1m: 0264-592214 \/ 218 &hellip; <a class=\"more-link\" href=\"https:\/\/geografie.ubbcluj.ro\/pages\/magyarfoldrajz\/?page_id=303\">Continue reading <span class=\"meta-nav\">&rarr;<\/span><\/a><\/p>\n","protected":false},"author":2,"featured_media":0,"parent":40,"menu_order":0,"comment_status":"closed","ping_status":"closed","template":"","meta":{"footnotes":""},"_links":{"self":[{"href":"https:\/\/geografie.ubbcluj.ro\/pages\/magyarfoldrajz\/index.php?rest_route=\/wp\/v2\/pages\/303"}],"collection":[{"href":"https:\/\/geografie.ubbcluj.ro\/pages\/magyarfoldrajz\/index.php?rest_route=\/wp\/v2\/pages"}],"about":[{"href":"https:\/\/geografie.ubbcluj.ro\/pages\/magyarfoldrajz\/index.php?rest_route=\/wp\/v2\/types\/page"}],"author":[{"embeddable":true,"href":"https:\/\/geografie.ubbcluj.ro\/pages\/magyarfoldrajz\/index.php?rest_route=\/wp\/v2\/users\/2"}],"replies":[{"embeddable":true,"href":"https:\/\/geografie.ubbcluj.ro\/pages\/magyarfoldrajz\/index.php?rest_route=%2Fwp%2Fv2%2Fcomments&post=303"}],"version-history":[{"count":11,"href":"https:\/\/geografie.ubbcluj.ro\/pages\/magyarfoldrajz\/index.php?rest_route=\/wp\/v2\/pages\/303\/revisions"}],"predecessor-version":[{"id":1734,"href":"https:\/\/geografie.ubbcluj.ro\/pages\/magyarfoldrajz\/index.php?rest_route=\/wp\/v2\/pages\/303\/revisions\/1734"}],"up":[{"embeddable":true,"href":"https:\/\/geografie.ubbcluj.ro\/pages\/magyarfoldrajz\/index.php?rest_route=\/wp\/v2\/pages\/40"}],"wp:attachment":[{"href":"https:\/\/geografie.ubbcluj.ro\/pages\/magyarfoldrajz\/index.php?rest_route=%2Fwp%2Fv2%2Fmedia&parent=303"}],"curies":[{"name":"wp","href":"https:\/\/api.w.org\/{rel}","templated":true}]}}