{"id":2974,"date":"2024-12-16T16:42:25","date_gmt":"2024-12-16T16:42:25","guid":{"rendered":"https:\/\/geografie.ubbcluj.ro\/pages\/magyarfoldrajz\/?page_id=2974"},"modified":"2024-12-16T16:42:26","modified_gmt":"2024-12-16T16:42:26","slug":"szakmai-gyakorlat-2025","status":"publish","type":"page","link":"https:\/\/geografie.ubbcluj.ro\/pages\/magyarfoldrajz\/?page_id=2974","title":{"rendered":"Szakmai gyakorlat &#8211; 2025"},"content":{"rendered":"<p><span style=\"color: #800000;\"><strong>N\u00e9v: Term\u00e9szetf\u00f6ldrajz<\/strong><\/span><\/p>\n<p><strong>K\u00f6telez\u0151:<\/strong> F\u00f6ldr1, Terfejl1<\/p>\n<p><strong>Hely:<\/strong> Marosv\u00e1s\u00e1rhely, Meregy\u00f3, Radnai\/Retyez\u00e1t, Kolozsv\u00e1r, Torda, Kirulyf\u00fcrd\u0151<\/p>\n<p><strong>Id\u0151:<\/strong> 10 nap (F\u00f6ldr1) \/ 8 nap (Terfejl1), kb. 2025. j\u00falius 14\u201323.<\/p>\n<p><strong>Oktat\u00f3k:<\/strong> Bart\u00f3k Blanka, Bartos-Elekes Zsombor, Czellecz Bogl\u00e1rka, G\u00e1l Andrea<\/p>\n<p><strong>Tant\u00e1rgyak, t\u00e9mak\u00f6r\u00f6k:<\/strong> Geomorfol\u00f3gia, Hidrol\u00f3gia, T\u00e9rk\u00e9p\u00e9szet, Meteorol\u00f3gia<\/p>\n<p>T\u00e9mak\u00f6r\u00f6nk\u00e9nt helysz\u00edn, id\u0151, tev\u00e9kenys\u00e9gek, \u00e1r, tanulm\u00e1nyi k\u00f6vetelm\u00e9ny:<\/p>\n<ul>\n<li>csak F\u00f6ldr1 sz\u00e1m\u00e1ra Meteorol\u00f3gia: Marosv\u00e1s\u00e1rhely, Kolozsv\u00e1r. 2 nap, kb. j\u00falius 14. \u00e9s 18. Meteorol\u00f3giai \u00e1llom\u00e1s l\u00e1togat\u00e1sa; m\u00e9r\u00e9sek automata \u00e1llom\u00e1ssal, adatfeldolgoz\u00e1s. 100 lej (busz). Adatfeldolgoz\u00e1s ut\u00e1n beadand\u00f3 feladat.<\/li>\n<li>Geomorfol\u00f3gia: Meregy\u00f3, Radnai-havasok vagy Retyez\u00e1t. 3 nap, kb. j\u00falius 15\u201317. T\u00far\u00e1z\u00e1s \u00e9s geomorfol\u00f3giai felm\u00e9r\u00e9s GPS-szel, RTK-val \u00e9s dr\u00f3nnal. Utaz\u00e1s saj\u00e1t aut\u00f3kkal vagy egyetemi busszal. Terepmunka \u00e9s adatfeldolgoz\u00e1s ut\u00e1n digit\u00e1lisan beadand\u00f3 feladat.<\/li>\n<li>T\u00e9rk\u00e9p\u00e9szet: B\u00fckk \u00e9s Tordai-hasad\u00e9k. 2 nap, kb. j\u00falius 19\u201320. Felm\u00e9r\u00e9s, t\u00e1j\u00e9koz\u00f3d\u00e1s, helysz\u00ednel\u00e9s t\u00e9rk\u00e9ppel, GPS-szel, RTK-val \u00e9s dr\u00f3nnal. Utaz\u00e1s saj\u00e1t aut\u00f3kkal vagy t\u00f6megk\u00f6zleked\u00e9ssel. Terepmunka \u00e9s adatfeldolgoz\u00e1s ut\u00e1n digit\u00e1lisan beadand\u00f3 feladat.<\/li>\n<li>Hidrol\u00f3gia: Kirulyf\u00fcrd\u0151 \u00e9s L\u00f6v\u00e9te. 3 nap, kb. j\u00falius 21\u201323. Terepi m\u00e9r\u00e9sek \u2013 felsz\u00edn alatti vizek megfigyel\u00e9se \u00e9s vizsg\u00e1lata, talajv\u00edzszint, talajv\u00edzmin\u0151s\u00e9g, \u00e1sv\u00e1nyvizek megjelen\u00e9si form\u00e1i \u00e9s v\u00edzmin\u0151s\u00e9g, forr\u00e1sok v\u00edzhozama, hideg viz\u0171 gejz\u00edr. 150 RON (t\u00f6megk\u00f6zleked\u00e9s vagy saj\u00e1t aut\u00f3k, 2 \u00e9j sz\u00e1ll\u00e1s, 1 meleg\u00e9tel, fogy\u00f3anyagok). Terepmunka ut\u00e1n digit\u00e1lisan beadand\u00f3 feladat.<\/li>\n<\/ul>\n<p><span style=\"color: #800000;\"><strong>N\u00e9v: T\u00e1rsadalomf\u00f6ldrajz\u2013ter\u00fcletfejleszt\u00e9s <\/strong><\/span><\/p>\n<p><strong>K\u00f6telez\u0151:<\/strong> F\u00f6ldr2, Terfejl2<\/p>\n<p><strong>Hely:<\/strong> Kolozsv\u00e1r k\u00f6rny\u00e9ke, Nagyv\u00e1rad k\u00f6rny\u00e9ke<\/p>\n<p><strong>Id\u0151:<\/strong> 8 nap, kb. 2025. j\u00falius 14\u201321.<\/p>\n<p><strong>Oktat\u00f3k:<\/strong> M\u00e1th\u00e9 Csongor, Nagy Egon, T\u00f6r\u00f6k Ibolya.<\/p>\n<p><strong>Tant\u00e1rgyak, t\u00e9mak\u00f6r\u00f6k:<\/strong> N\u00e9pess\u00e9g- \u00e9s telep\u00fcl\u00e9sf\u00f6ldrajz, Ter\u00fcletfejleszt\u00e9s, V\u00e1rosf\u00f6ldrajz, Kutat\u00e1sm\u00f3dszertan\/ T\u00e1rsadalmi ank\u00e9t<\/p>\n<p>T\u00e9mak\u00f6r\u00f6nk\u00e9nt helysz\u00edn, id\u0151, tev\u00e9kenys\u00e9gek, \u00e1r, tanulm\u00e1nyi k\u00f6vetelm\u00e9ny:<\/p>\n<ul>\n<li>Ter\u00fcletfejleszt\u00e9s, telep\u00fcl\u00e9sf\u00f6ldrajz: Kolozsv\u00e1r \u00e9s k\u00f6rny\u00e9ke. 5 nap, j\u00falius kb. 14\u201318. Apahida, Bonchida \u00e9s Nemeszsuk: Erd\u00e9lyi Szamos Helyi Akci\u00f3csoport tev\u00e9kenys\u00e9g\u00e9nek megismer\u00e9se, besz\u00e9lget\u00e9s a vid\u00e9kfejleszt\u00e9si szakemberekkel; \u00e9letbe \u00fcltetett p\u00e1ly\u00e1zatok, projektek megismer\u00e9se \u2013 \u201ebest practices\u201d elven kiv\u00e1logatott projektek\/gazdas\u00e1gi tev\u00e9kenys\u00e9gek; LEADER p\u00e1ly\u00e1zati ki\u00edr\u00e1sok megismer\u00e9se; p\u00e1ly\u00e1zat\u00edr\u00e1s k\u00e9szs\u00e9gek fejleszt\u00e9se; fejleszt\u00e9si projekt kidolgoz\u00e1sa (kiscsoportos tev\u00e9kenys\u00e9g). Kolozsv\u00e1r: ter\u00fcletfejleszt\u00e9si tev\u00e9kenys\u00e9gekhez kapcsol\u00f3d\u00f3 int\u00e9zm\u00e9nyek \u00e9s v\u00e1llalatok megl\u00e1togat\u00e1sa (\u00c9szaknyugati Fejleszt\u00e9si \u00dcgyn\u00f6ks\u00e9g, Kolozs megye Tan\u00e1csa, Civitas K\u00f6zpont, B\u00e1lv\u00e1nyos Int\u00e9zet, Emerson), besz\u00e9lget\u00e9s a helyi vezet\u0151kkel megval\u00f3sult \u00e9s j\u00f6v\u0151beli projektek eredm\u00e9nyess\u00e9g\u00e9r\u0151l. Kisb\u00e1cs, Sz\u00e1szfenes, Gy\u00f6rgyfalva \u00e9s Ajtony: Kolozsv\u00e1r diff\u00fazi\u00f3j\u00e1nak vizsg\u00e1lata. Ingyenes\/\u00f6nell\u00e1t\u00e1s, utaz\u00e1s t\u00f6megk\u00f6zleked\u00e9ssel. Beadand\u00f3 feladat a gyakorlat alatt kijel\u00f6lt t\u00e9m\u00e1b\u00f3l, \u00e9rt\u00e9kel\u00e9s k\u00f6zvetlen\u00fcl a gyakorlat lez\u00e1r\u00e1sa ut\u00e1n.<\/li>\n<li>Telep\u00fcl\u00e9sf\u00f6ldrajz, gazdas\u00e1gf\u00f6ldrajz: Nagyv\u00e1rad \u00e9s k\u00f6rny\u00e9ke. 3 nap, kb. j\u00falius 19\u201321. Urbanisztika, gazdas\u00e1g \u00e9s idegenforgalom, telep\u00fcl\u00e9sfejleszt\u00e9s, turisztikai ter\u00fcletfejleszt\u00e9s (terepi megfigyel\u00e9s, megbesz\u00e9l\u00e9s). Kb. 450 lej (2 \u00e9j sz\u00e1ll\u00e1s, utaz\u00e1s busszal). Sz\u00f3beli vizsga az \u00fat alatt.<\/li>\n<\/ul>\n<p><span style=\"color: #800000;\"><strong>N\u00e9v: Turizmus<\/strong><\/span><\/p>\n<p><strong>K\u00f6telez\u0151:<\/strong> Tur1, Tur2<\/p>\n<p><strong>Hely:<\/strong> Kolozsv\u00e1r \u00e9s k\u00f6rny\u00e9ke<\/p>\n<p><strong>Id\u0151:<\/strong> 10 nap, kb. 2024. j\u00falius 14\u201324.<\/p>\n<p><strong>Oktat\u00f3:<\/strong> M\u00e1th\u00e9 Andr\u00e1s<\/p>\n<p><strong>\u00a0<\/strong>Tant\u00e1rgyak, t\u00e9mak\u00f6r\u00f6k: \u00c1ltal\u00e1nos turizmus, Statisztika a turizmusban, Kultur\u00e1lis turizmus, Szolg\u00e1ltat\u00e1sok a turizmusban, \u00c9p\u00edt\u00e9szet, Idegenvezet\u00e9s, Kult\u00fara \u00e9s civiliz\u00e1ci\u00f3.<\/p>\n<p>Tev\u00e9kenys\u00e9gek: csoportos feladatok, idegenvezet\u00e9si gyakorlatok, k\u00e9rd\u0151\u00edvez\u00e9s, turisztikai potenci\u00e1lm\u00e9r\u00e9s Kolozsv\u00e1r kulcsfontoss\u00e1g\u00fa turisztikai pontjain\u00e1l, az egyetem \u00e1ltal megjel\u00f6lt c\u00e9gekn\u00e9l val\u00f3 gyakorlatoz\u00e1s (hotelek, turisztikai irod\u00e1k, vend\u00e9gl\u0151k)<\/p>\n<p>\u00c1r: ingyenes<\/p>\n<p>Tanulm\u00e1nyi k\u00f6vetelm\u00e9ny: terepi csoportos feladatok elv\u00e9gz\u00e9se.<\/p>\n<p><span style=\"color: #800000;\"><strong>N\u00e9v: Erasmus internship<\/strong><\/span><\/p>\n<p><strong>V\u00e1laszthat\u00f3:<\/strong> BSc1\u20132, MSc1<\/p>\n<p><strong>Hely:<\/strong> Si\u00f3fok, Az\u00far Hotel<\/p>\n<p><strong>Id\u0151:<\/strong> 2\u20133 h\u00f3nap, 2024. j\u00falius 1 \u2013 szeptember 30.<\/p>\n<p><strong>Oktat\u00f3:<\/strong> M\u00e1th\u00e9 Andr\u00e1s<\/p>\n<p><strong>Tev\u00e9kenys\u00e9g:<\/strong> sz\u00e1llodai szerepk\u00f6r\u00f6k bet\u00f6lt\u00e9se.<\/p>\n<p>Tanulm\u00e1nyi k\u00f6vetelm\u00e9ny: r\u00e9szv\u00e9tel.<\/p>\n","protected":false},"excerpt":{"rendered":"<p>N\u00e9v: Term\u00e9szetf\u00f6ldrajz K\u00f6telez\u0151: F\u00f6ldr1, Terfejl1 Hely: Marosv\u00e1s\u00e1rhely, Meregy\u00f3, Radnai\/Retyez\u00e1t, Kolozsv\u00e1r, Torda, Kirulyf\u00fcrd\u0151 Id\u0151: 10 nap (F\u00f6ldr1) \/ 8 nap (Terfejl1), kb. 2025. j\u00falius 14\u201323. Oktat\u00f3k: Bart\u00f3k Blanka, Bartos-Elekes Zsombor, Czellecz Bogl\u00e1rka, G\u00e1l Andrea Tant\u00e1rgyak, t\u00e9mak\u00f6r\u00f6k: Geomorfol\u00f3gia, Hidrol\u00f3gia, T\u00e9rk\u00e9p\u00e9szet, Meteorol\u00f3gia T\u00e9mak\u00f6r\u00f6nk\u00e9nt &hellip; <a class=\"more-link\" href=\"https:\/\/geografie.ubbcluj.ro\/pages\/magyarfoldrajz\/?page_id=2974\">Continue reading <span class=\"meta-nav\">&rarr;<\/span><\/a><\/p>\n","protected":false},"author":2,"featured_media":0,"parent":0,"menu_order":0,"comment_status":"closed","ping_status":"closed","template":"","meta":{"footnotes":""},"_links":{"self":[{"href":"https:\/\/geografie.ubbcluj.ro\/pages\/magyarfoldrajz\/index.php?rest_route=\/wp\/v2\/pages\/2974"}],"collection":[{"href":"https:\/\/geografie.ubbcluj.ro\/pages\/magyarfoldrajz\/index.php?rest_route=\/wp\/v2\/pages"}],"about":[{"href":"https:\/\/geografie.ubbcluj.ro\/pages\/magyarfoldrajz\/index.php?rest_route=\/wp\/v2\/types\/page"}],"author":[{"embeddable":true,"href":"https:\/\/geografie.ubbcluj.ro\/pages\/magyarfoldrajz\/index.php?rest_route=\/wp\/v2\/users\/2"}],"replies":[{"embeddable":true,"href":"https:\/\/geografie.ubbcluj.ro\/pages\/magyarfoldrajz\/index.php?rest_route=%2Fwp%2Fv2%2Fcomments&post=2974"}],"version-history":[{"count":1,"href":"https:\/\/geografie.ubbcluj.ro\/pages\/magyarfoldrajz\/index.php?rest_route=\/wp\/v2\/pages\/2974\/revisions"}],"predecessor-version":[{"id":2975,"href":"https:\/\/geografie.ubbcluj.ro\/pages\/magyarfoldrajz\/index.php?rest_route=\/wp\/v2\/pages\/2974\/revisions\/2975"}],"wp:attachment":[{"href":"https:\/\/geografie.ubbcluj.ro\/pages\/magyarfoldrajz\/index.php?rest_route=%2Fwp%2Fv2%2Fmedia&parent=2974"}],"curies":[{"name":"wp","href":"https:\/\/api.w.org\/{rel}","templated":true}]}}