{"id":278,"date":"2012-12-03T12:49:41","date_gmt":"2012-12-03T12:49:41","guid":{"rendered":"http:\/\/geografie.ubbcluj.ro\/pages\/magyarfoldrajz\/?page_id=278"},"modified":"2017-04-18T20:46:17","modified_gmt":"2017-04-18T20:46:17","slug":"janos","status":"publish","type":"page","link":"https:\/\/geografie.ubbcluj.ro\/pages\/magyarfoldrajz\/?page_id=278","title":{"rendered":"J\u00e1nos"},"content":{"rendered":"<p><strong><a href=\"http:\/\/geografie.ubbcluj.ro\/pages\/magyarfoldrajz\/wp-content\/uploads\/2012\/12\/Janos.jpg\"><img loading=\"lazy\" decoding=\"async\" class=\"alignright size-full wp-image-281\" title=\"Janos\" src=\"http:\/\/geografie.ubbcluj.ro\/pages\/magyarfoldrajz\/wp-content\/uploads\/2012\/12\/Janos.jpg\" alt=\"\" width=\"85\" height=\"113\" \/><\/a>N\u00e9v: Talpas J\u00e1nos<\/strong><\/p>\n<p><strong>V\u00e9gzetts\u00e9g:<\/strong> Kolozsv\u00e1ri M\u0171szaki Tudom\u00e1nyegyetem &#8211; G\u00e9p\u00e9sz Kar (1985), Kolozsv\u00e1ri Babes-Bolyai Tudom\u00e1nyegyetem &#8211; F\u00f6ldrajz Kar (2007), Business Kar MSc. (2010)<\/p>\n<p><strong>Tudom\u00e1nyos fokozat:<\/strong> PhD<\/p>\n<p><strong>Nyelvismeret:<\/strong>\u00a0rom\u00e1n, francia<\/p>\n<p><strong>Munkak\u00f6r:<\/strong> egyetemi adjunktus<\/p>\n<p><strong>Munkahelyi telefonsz\u00e1m:<\/strong> 0264 &#8211; 592214 \/ 227<strong><\/strong><\/p>\n<p><strong>Telefonsz\u00e1m:<\/strong> 0747\/010309<\/p>\n<p><strong>E-mail c\u00edm:<\/strong> talpasjanos@yahoo.com;\u00a0ianos.talpas@ubbcluj.ro;<\/p>\n<p><a href=\"http:\/\/geografie.ubbcluj.ro\/pages\/magyarfoldrajz\/adatok\/CV_TJ.pdf\" target=\"_blank\"><span style=\"color: #008000;\"><em><strong>\u00d6n\u00e9letrajz let\u00f6lt\u00e9se<\/strong><\/em><\/span><\/a><\/p>\n<p><strong>Oktat\u00e1si tev\u00e9kenys\u00e9g:<\/strong> \u00c1ltal\u00e1nos f\u00f6ldrajzturizmus, Turisztikai ter\u00fcletfejleszt\u00e9s, V\u00e1rosi turizmus, Falusi turizmus, Eg\u00e9szs\u00e9gturizmus, Esem\u00e9nyturizmus.<\/p>\n<p><strong>Kutat\u00e1si ter\u00fclet:<\/strong> ipari turizmus, turisztikai vid\u00e9kfejleszt\u00e9s.<\/p>\n<p><strong>Tiszts\u00e9gek:<\/strong> Erd\u00e9lyi M\u00fazeum Egyes\u00fclet v\u00e1lasztm\u00e1nyi tag<\/p>\n<p><strong>Szakmai \u00e9s egy\u00e9b elismer\u00e9sek<\/strong>: Gr\u00f3f Mik\u00f3 Imre eml\u00e9k\u00e9rem (2009)<\/p>\n<p><strong>K\u00fclf\u00f6ldi hivatalos tanulm\u00e1nyutak: <\/strong><\/p>\n<p>EU-s Kutat\u00e1si Projekt\u00edr\u00e1s, European FP7 Funding Academy Plus Training Course, Budapest, Magyarorsz\u00e1g (2007);<\/p>\n<p>Interakt\u00edv CAD\/CAM, \u00a0Miskolc (1992)<\/p>\n<p><strong>Legfontosabb publik\u00e1ci\u00f3k:<\/strong><\/p>\n<p>1.\u00a0\u00a0\u00a0\u00a0\u00a0 Bitay Enik\u0151 \u2013 M\u00e1rton L\u00e1szl\u00f3 \u2013 Talpas J\u00e1nos: <em>Technikat\u00f6rt\u00e9neti \u00f6r\u00f6ks\u00e9g Kalotaszegen a g\u00f3tika \u00e1rny\u00e9k\u00e1ban.<\/em> Tudom\u00e1ny- \u00e9s Technikat\u00f6rt\u00e9neti F\u00fczetek 4. EME, Kolozsv\u00e1r, 2011. ISSN 2068 \u2013 3103, ISBN 978-606-8178-22-6, 98 p. <a href=\"http:\/\/www.google.com\/url?q=http%3A%2F%2Fhdl.handle.net%2F10598%2F24729&amp;sa=D&amp;sntz=1&amp;usg=AFQjCNE83dSF9VI6eANg5JszBmRDpxuRAA\" target=\"_blank\">http:\/\/hdl.handle.net\/10598\/24729<\/a><\/p>\n<p>2.\u00a0\u00a0\u00a0\u00a0\u00a0 Bitay Enik\u0151 \u2013 M\u00e1rton L\u00e1szl\u00f3 \u2013 Talpas J\u00e1nos: <em>Technikat\u00f6rt\u00e9neti \u00f6r\u00f6ks\u00e9gek Magyargyer\u0151monostoron<\/em>. Tudom\u00e1ny- \u00e9s Technikat\u00f6rt\u00e9neti F\u00fczetek 2. EME, Kolozsv\u00e1r, 2010, ISSN 2068 \u2013 3103, ISBN 978-606-8178-12-7, 140 p. <a href=\"http:\/\/www.google.com\/url?q=http%3A%2F%2Fhdl.handle.net%2F10598%2F13967&amp;sa=D&amp;sntz=1&amp;usg=AFQjCNH5SxwbF6n1Aqva9CSmBIWzwRsqBQ\" target=\"_blank\">http:\/\/hdl.handle.net\/10598\/13967<\/a><\/p>\n<p>3.\u00a0\u00a0\u00a0\u00a0\u00a0 Bitay Enik\u0151 \u2013 M\u00e1rton L\u00e1szl\u00f3 \u2013 Talpas J\u00e1nos: <em>Technikat\u00f6rt\u00e9neti \u00f6r\u00f6ks\u00e9g a kalotaszegi Magyarvalk\u00f3n<\/em>. Tudom\u00e1ny- \u00e9s Technikat\u00f6rt\u00e9neti F\u00fczetek 1., EME, Kolozsv\u00e1r, 2009, ISBN 978-973-8231-77-1, 106 oldal. <a href=\"http:\/\/www.google.com\/url?q=http%3A%2F%2Fhdl.handle.net%2F10598%2F8941&amp;sa=D&amp;sntz=1&amp;usg=AFQjCNE_DUQGuE3X9FkmSTV5l3rL9LzPfg\" target=\"_blank\">http:\/\/hdl.handle.net\/10598\/8941<\/a><\/p>\n<p>5. \u015etefan Dezsi ; Nicolae Ciang\u0103; Janos Talpas: <em>The Incentive Components of the Tourist Offer from the Romanian Tisa Basin \u2013 Major Markers of the Regional Tourist Development Strategy<\/em>. Jurnal Romanian Review of Regional Studies, Cluj University Press, ISSN 18411576, Volume VI. Issue 2. 2010. 69\u201382 p. <a href=\"http:\/\/www.google.com\/url?q=http%3A%2F%2Frrrs.reviste.ubbcluj.ro%2Farhive%2FArtpdf%2Fv6n22010%2FRRRS62201008.pdf&amp;sa=D&amp;sntz=1&amp;usg=AFQjCNETeNq7Ym5q53DqZS3_zGcddbkODw\" target=\"_blank\">http:\/\/rrrs.reviste.ubbcluj.ro\/arhive\/Artpdf\/v6n22010\/RRRS62201008.pdf<\/a><\/p>\n<p>5. .\u00a0\u00a0\u00a0 St\u0103ncioiu F., P\u00e2rgaru I., Teodorescu N., Talpas J., R\u0103ducan D.: <em>Image and identity \u2013 positioning instruments in the destination marketing<\/em>. The Scientific Communications Session \u201eInterdisciplinary Research in Romanian Tourism within the European Integration Context\u201d, organized by The National Institute of Research and Development in Tourism, October, 10\u201311, 2008.<\/p>\n<p><strong>Tudom\u00e1nymetriai adatok:<\/strong><\/p>\n<p>Saj\u00e1t k\u00f6zlem\u00e9nyek sz\u00e1ma: 15<br \/>\nId\u00e9zetek sz\u00e1ma: 3<br \/>\n\u00d6sszegzett impakt faktor:<\/p>\n<p><a href=\"http:\/\/geografie.ubbcluj.ro\/pages\/magyarfoldrajz\/adatok\/Pub_TJ.pdf\" target=\"_blank\"><span style=\"color: #008000;\"><em><strong>Publik\u00e1ci\u00f3k let\u00f6lt\u00e9se<\/strong><\/em><\/span><\/a><\/p>\n<p>&nbsp;<\/p>\n","protected":false},"excerpt":{"rendered":"<p>N\u00e9v: Talpas J\u00e1nos V\u00e9gzetts\u00e9g: Kolozsv\u00e1ri M\u0171szaki Tudom\u00e1nyegyetem &#8211; G\u00e9p\u00e9sz Kar (1985), Kolozsv\u00e1ri Babes-Bolyai Tudom\u00e1nyegyetem &#8211; F\u00f6ldrajz Kar (2007), Business Kar MSc. (2010) Tudom\u00e1nyos fokozat: PhD Nyelvismeret:\u00a0rom\u00e1n, francia Munkak\u00f6r: egyetemi adjunktus Munkahelyi telefonsz\u00e1m: 0264 &#8211; 592214 \/ 227 Telefonsz\u00e1m: 0747\/010309 E-mail &hellip; <a class=\"more-link\" href=\"https:\/\/geografie.ubbcluj.ro\/pages\/magyarfoldrajz\/?page_id=278\">Continue reading <span class=\"meta-nav\">&rarr;<\/span><\/a><\/p>\n","protected":false},"author":2,"featured_media":0,"parent":40,"menu_order":0,"comment_status":"closed","ping_status":"closed","template":"","meta":{"footnotes":""},"_links":{"self":[{"href":"https:\/\/geografie.ubbcluj.ro\/pages\/magyarfoldrajz\/index.php?rest_route=\/wp\/v2\/pages\/278"}],"collection":[{"href":"https:\/\/geografie.ubbcluj.ro\/pages\/magyarfoldrajz\/index.php?rest_route=\/wp\/v2\/pages"}],"about":[{"href":"https:\/\/geografie.ubbcluj.ro\/pages\/magyarfoldrajz\/index.php?rest_route=\/wp\/v2\/types\/page"}],"author":[{"embeddable":true,"href":"https:\/\/geografie.ubbcluj.ro\/pages\/magyarfoldrajz\/index.php?rest_route=\/wp\/v2\/users\/2"}],"replies":[{"embeddable":true,"href":"https:\/\/geografie.ubbcluj.ro\/pages\/magyarfoldrajz\/index.php?rest_route=%2Fwp%2Fv2%2Fcomments&post=278"}],"version-history":[{"count":13,"href":"https:\/\/geografie.ubbcluj.ro\/pages\/magyarfoldrajz\/index.php?rest_route=\/wp\/v2\/pages\/278\/revisions"}],"predecessor-version":[{"id":1738,"href":"https:\/\/geografie.ubbcluj.ro\/pages\/magyarfoldrajz\/index.php?rest_route=\/wp\/v2\/pages\/278\/revisions\/1738"}],"up":[{"embeddable":true,"href":"https:\/\/geografie.ubbcluj.ro\/pages\/magyarfoldrajz\/index.php?rest_route=\/wp\/v2\/pages\/40"}],"wp:attachment":[{"href":"https:\/\/geografie.ubbcluj.ro\/pages\/magyarfoldrajz\/index.php?rest_route=%2Fwp%2Fv2%2Fmedia&parent=278"}],"curies":[{"name":"wp","href":"https:\/\/api.w.org\/{rel}","templated":true}]}}