{"id":2776,"date":"2022-12-18T10:54:09","date_gmt":"2022-12-18T10:54:09","guid":{"rendered":"http:\/\/geografie.ubbcluj.ro\/pages\/magyarfoldrajz\/?page_id=2776"},"modified":"2023-01-09T13:28:52","modified_gmt":"2023-01-09T13:28:52","slug":"szakmai-gyakorlat-2023","status":"publish","type":"page","link":"https:\/\/geografie.ubbcluj.ro\/pages\/magyarfoldrajz\/?page_id=2776","title":{"rendered":"Szakmai gyakorlat &#8211; 2023"},"content":{"rendered":"<p><span style=\"color: #800000;\"><strong>Term\u00e9szetf\u00f6ldrajz<\/strong><\/span><\/p>\n<p>K\u00f6telez\u0151: F\u00f6ldr1, Terfejl1<\/p>\n<p>Hely: Kolozsv\u00e1r \u00e9s k\u00f6rny\u00e9ke<\/p>\n<p>Id\u0151: 8 nap (F\u00f6ldr1) \/ 6 nap (Terfejl1), 4 nap tavasszal, majd 2023. j\u00falius 17\u201320.<\/p>\n<p>Oktat\u00f3k: Bartos-Elekes Zsombor, Horv\u00e1th Csaba, Imecs Zolt\u00e1n, L\u00e1z\u00e1r Istv\u00e1n<\/p>\n<p>Tant\u00e1rgyak, t\u00e9mak\u00f6r\u00f6k: Geomorfol\u00f3gia, Hidrol\u00f3gia, T\u00e9rk\u00e9p\u00e9szet, Meteorol\u00f3gia \/ V\u00edzgy\u0171jt\u0151-rendez\u00e9s.<\/p>\n<p><strong>Tev\u00e9kenys\u00e9gek:<\/strong><\/p>\n<ul>\n<li>Geomorfol\u00f3gia: csuszaml\u00e1sok\/suvad\u00e1sok azonos\u00edt\u00e1sa \u00e9s le\u00edr\u00e1sa (Erd\u0151felek, B\u00e9k\u00e1s, Kaj\u00e1nt\u00f3, Sz\u00e9naf\u00fcvek, 2 nap, tavaszi p\u00e9ntekek),<\/li>\n<li>Hidrol\u00f3gia (\u00e9s Terfejl1 sz\u00e1m\u00e1ra V\u00edzgy\u0171jt\u0151-rendez\u00e9s): hidrometriai \u00e9s v\u00edzmin\u0151s\u00e9gi m\u00e9r\u00e9sek, hidrol\u00f3giai \u00e1llom\u00e1s megl\u00e1togat\u00e1sa, adatok feldolgoz\u00e1sa (Kolozsv\u00e1r \u00e9s k\u00f6rny\u00e9ke, 2 nap, tavaszi p\u00e9ntekek),<\/li>\n<li>T\u00e9rk\u00e9p\u00e9szet: felm\u00e9r\u00e9s, t\u00e1j\u00e9koz\u00f3d\u00e1s, helysz\u00ednel\u00e9s t\u00e9rk\u00e9ppel, GPS-szel (Tordai-hasad\u00e9k \u00e9s Vlegy\u00e1sza, 2 nap, j\u00falius 18\u201319),<\/li>\n<li>csak F\u00f6ldr1 sz\u00e1m\u00e1ra Meteorol\u00f3gia: meteorol\u00f3giai automata\u00e1llom\u00e1s-m\u00e9r\u00e9s \u00e9s adatfeldolgoz\u00e1s, meteorol\u00f3giai \u00e1llom\u00e1sok l\u00e1togat\u00e1sa (Kolozsv\u00e1r \u00e9s Vlegy\u00e1sza, 2 nap, j\u00falius 17., j\u00falius 20.)<\/li>\n<\/ul>\n<p><strong>\u00c1r:<\/strong> kb. 100 lej (busz)<\/p>\n<p>Tanulm\u00e1nyi k\u00f6vetelm\u00e9ny: m\u00e9r\u00e9sek lead\u00e1sa.<\/p>\n<p><span style=\"color: #800000;\"><strong>T\u00e1rsadalomf\u00f6ldrajz\u2013ter\u00fcletfejleszt\u00e9s <\/strong><\/span><\/p>\n<p>K\u00f6telez\u0151: F\u00f6ldr2, Terfejl2<\/p>\n<p>Hely: Kolozsv\u00e1r \u00e9s k\u00f6rny\u00e9ke<\/p>\n<p>Id\u0151: 7 nap, j\u00falius 15\u201321.<\/p>\n<p>Oktat\u00f3k: Kov\u00e1cs Csaba, M\u00e1th\u00e9 Csongor, T\u00f6r\u00f6k Ibolya.<\/p>\n<p>Tant\u00e1rgyak, t\u00e9mak\u00f6r\u00f6k: N\u00e9pess\u00e9g- \u00e9s telep\u00fcl\u00e9sf\u00f6ldrajz, Ter\u00fcletfejleszt\u00e9s, Kutat\u00e1sm\u00f3dszertan\/T\u00e1rsadalmi ank\u00e9t<\/p>\n<p><strong>Tev\u00e9kenys\u00e9gek:<\/strong><\/p>\n<ul>\n<li>Ter\u00fcletfejleszt\u00e9s: ter\u00fcletfejleszt\u00e9si tev\u00e9kenys\u00e9gekhez kapcsol\u00f3d\u00f3 int\u00e9zm\u00e9nyek \u00e9s v\u00e1llalatok megl\u00e1togat\u00e1sa (\u00c9szaknyugati Fejleszt\u00e9si \u00dcgyn\u00f6ks\u00e9g, Civitas K\u00f6zpont, B\u00e1lv\u00e1nyos Int\u00e9zet, Emerson), besz\u00e9lget\u00e9s a helyi vezet\u0151kkel megval\u00f3sult \u00e9s j\u00f6v\u0151beli projektek eredm\u00e9nyess\u00e9g\u00e9r\u0151l;<\/li>\n<li>Telep\u00fcl\u00e9sf\u00f6ldrajz: Kolozsv\u00e1r diff\u00fazi\u00f3j\u00e1nak vizsg\u00e1lata Kisb\u00e1cs, Sz\u00e1szfenes, Gy\u00f6rgyfalva \u00e9s Ajtony telep\u00fcl\u00e9sek eset\u00e9ben;<\/li>\n<li>T\u00e1rsadalomf\u00f6ldrajz: m\u00fazeuml\u00e1togat\u00e1s.<\/li>\n<\/ul>\n<p>\u00c1r: (helyi k\u00f6zsz\u00e1ll\u00edt\u00e1s ig\u00e9nybev\u00e9tele).<\/p>\n<p>Tanulm\u00e1nyi k\u00f6vetelm\u00e9ny: sz\u00f3beli vizsga a szakmai gyakorlaton elhangzott inform\u00e1ci\u00f3kb\u00f3l a terepgyakorlat utols\u00f3 napj\u00e1n.<\/p>\n<p><span style=\"color: #800000;\"><strong>Turizmus1<\/strong><\/span><\/p>\n<p>K\u00f6telez\u0151: Tur1<\/p>\n<p>Hely: Kolozsv\u00e1r, Gyulafeh\u00e9rv\u00e1r, Nagyenyed.<\/p>\n<p>Id\u0151: 7 nap, 2023. j\u00falius 15\u201321.<\/p>\n<p>Oktat\u00f3: Talpas J\u00e1nos<\/p>\n<p><strong>&nbsp;<\/strong>Tant\u00e1rgyak, t\u00e9mak\u00f6r\u00f6k: \u00c1ltal\u00e1nos turizmus, Statisztika a turizmusban, Kultur\u00e1lis turizmus.<\/p>\n<p>Tev\u00e9kenys\u00e9gek: egy\u00e9ni feladatok.<\/p>\n<p>\u00c1r: 100 lej (sz\u00e1ll\u00edt\u00e1s).<\/p>\n<p>Tanulm\u00e1nyi k\u00f6vetelm\u00e9ny: dolgozat lead\u00e1sa a gyakorlat alatt ismertetett l\u00e1tnival\u00f3kr\u00f3l.<strong>&nbsp;<\/strong><\/p>\n<ol>\n<li>Alternat\u00edva: sz\u00e1llodai vagy vend\u00e9gl\u00e1t\u00e1si gyakorlat, sz\u00e1llodai munkak\u00f6r\u00f6k megismer\u00e9se, a Kar \u00e1ltal meghat\u00e1rozott helyen \u00e9s id\u0151ben.<strong style=\"font-size: inherit;\">&nbsp;<\/strong><\/li>\n<\/ol>\n<p><span style=\"color: #800000;\"><strong>Turizmus2<\/strong><\/span><\/p>\n<p>K\u00f6telez\u0151: Tur2<\/p>\n<p>Hely: Kolozsv\u00e1r<\/p>\n<p>Id\u0151: 7 nap, 2023. j\u00falius 15\u201321.<\/p>\n<p>Oktat\u00f3: M\u00e1th\u00e9 Andr\u00e1s<\/p>\n<p><strong>&nbsp;<\/strong>Tant\u00e1rgyak: Szolg\u00e1ltat\u00e1sok a turizmusban, \u00c9p\u00edt\u00e9szet, Idegenvezet\u00e9s, Kult\u00fara \u00e9s civiliz\u00e1ci\u00f3.<\/p>\n<p>Tev\u00e9kenys\u00e9gek: idegenvezet\u00e9si gyakorlatok, turisztikai potenci\u00e1lm\u00e9r\u00e9s.<\/p>\n<p>Tanulm\u00e1nyi k\u00f6vetelm\u00e9ny: terepi csoportos feladatok elv\u00e9gz\u00e9se.<\/p>\n<p><strong>&nbsp;<\/strong><span style=\"color: #800000;\"><strong>Erasmus internship (turizmus)<\/strong><\/span><\/p>\n<p>V\u00e1laszthat\u00f3: BSc1\u20132<\/p>\n<p>Hely: Si\u00f3fok, Az\u00far Hotel<\/p>\n<p>Id\u0151: 2\u20133 h\u00f3nap, 2023. j\u00falius 1 \u2013 szeptember 30.<\/p>\n<p>Oktat\u00f3: M\u00e1th\u00e9 Andr\u00e1s<\/p>\n<p>Tev\u00e9kenys\u00e9g: sz\u00e1llodai szerepk\u00f6r\u00f6k bet\u00f6lt\u00e9se.<\/p>\n<p>Tanulm\u00e1nyi k\u00f6vetelm\u00e9ny: r\u00e9szv\u00e9tel.<\/p>\n","protected":false},"excerpt":{"rendered":"<p>Term\u00e9szetf\u00f6ldrajz K\u00f6telez\u0151: F\u00f6ldr1, Terfejl1 Hely: Kolozsv\u00e1r \u00e9s k\u00f6rny\u00e9ke Id\u0151: 8 nap (F\u00f6ldr1) \/ 6 nap (Terfejl1), 4 nap tavasszal, majd 2023. j\u00falius 17\u201320. Oktat\u00f3k: Bartos-Elekes Zsombor, Horv\u00e1th Csaba, Imecs Zolt\u00e1n, L\u00e1z\u00e1r Istv\u00e1n Tant\u00e1rgyak, t\u00e9mak\u00f6r\u00f6k: Geomorfol\u00f3gia, Hidrol\u00f3gia, T\u00e9rk\u00e9p\u00e9szet, Meteorol\u00f3gia \/ V\u00edzgy\u0171jt\u0151-rendez\u00e9s. &hellip; <a class=\"more-link\" href=\"https:\/\/geografie.ubbcluj.ro\/pages\/magyarfoldrajz\/?page_id=2776\">Continue reading <span class=\"meta-nav\">&rarr;<\/span><\/a><\/p>\n","protected":false},"author":2,"featured_media":0,"parent":0,"menu_order":0,"comment_status":"closed","ping_status":"closed","template":"","meta":{"footnotes":""},"_links":{"self":[{"href":"https:\/\/geografie.ubbcluj.ro\/pages\/magyarfoldrajz\/index.php?rest_route=\/wp\/v2\/pages\/2776"}],"collection":[{"href":"https:\/\/geografie.ubbcluj.ro\/pages\/magyarfoldrajz\/index.php?rest_route=\/wp\/v2\/pages"}],"about":[{"href":"https:\/\/geografie.ubbcluj.ro\/pages\/magyarfoldrajz\/index.php?rest_route=\/wp\/v2\/types\/page"}],"author":[{"embeddable":true,"href":"https:\/\/geografie.ubbcluj.ro\/pages\/magyarfoldrajz\/index.php?rest_route=\/wp\/v2\/users\/2"}],"replies":[{"embeddable":true,"href":"https:\/\/geografie.ubbcluj.ro\/pages\/magyarfoldrajz\/index.php?rest_route=%2Fwp%2Fv2%2Fcomments&post=2776"}],"version-history":[{"count":4,"href":"https:\/\/geografie.ubbcluj.ro\/pages\/magyarfoldrajz\/index.php?rest_route=\/wp\/v2\/pages\/2776\/revisions"}],"predecessor-version":[{"id":2782,"href":"https:\/\/geografie.ubbcluj.ro\/pages\/magyarfoldrajz\/index.php?rest_route=\/wp\/v2\/pages\/2776\/revisions\/2782"}],"wp:attachment":[{"href":"https:\/\/geografie.ubbcluj.ro\/pages\/magyarfoldrajz\/index.php?rest_route=%2Fwp%2Fv2%2Fmedia&parent=2776"}],"curies":[{"name":"wp","href":"https:\/\/api.w.org\/{rel}","templated":true}]}}