{"id":276,"date":"2012-12-03T12:45:12","date_gmt":"2012-12-03T12:45:12","guid":{"rendered":"http:\/\/geografie.ubbcluj.ro\/pages\/magyarfoldrajz\/?page_id=276"},"modified":"2022-01-22T18:39:12","modified_gmt":"2022-01-22T18:39:12","slug":"ibolya","status":"publish","type":"page","link":"https:\/\/geografie.ubbcluj.ro\/pages\/magyarfoldrajz\/?page_id=276","title":{"rendered":"Ibolya"},"content":{"rendered":"<p><strong><a href=\"http:\/\/geografie.ubbcluj.ro\/pages\/magyarfoldrajz\/wp-content\/uploads\/2012\/12\/ibolya1.jpg\"><img loading=\"lazy\" decoding=\"async\" class=\"alignright size-full wp-image-282\" title=\"Ibolya\" src=\"http:\/\/geografie.ubbcluj.ro\/pages\/magyarfoldrajz\/wp-content\/uploads\/2012\/12\/ibolya1.jpg\" alt=\"\" width=\"150\" height=\"200\" \/><\/a>N\u00e9v: T\u00f6r\u00f6k Ibolya<\/strong><\/p>\n<p><strong>Beoszt\u00e1s:<\/strong> d\u00e9k\u00e1nhelyettes<\/p>\n<p><strong>V\u00e9gzetts\u00e9g:<\/strong>\u00a0 F\u00f6ldrajz szak, 2004<\/p>\n<p><strong>Tudom\u00e1nyos fokozat:<\/strong> PhD<\/p>\n<p><strong>Nyelvismeret:<\/strong> rom\u00e1n, angol<\/p>\n<p><strong>Munkak\u00f6r:<\/strong> egyetemi docens<\/p>\n<p><strong>Munkahelyi telefonsz\u00e1m:<\/strong> 0264-592214 \/ 244<\/p>\n<p><strong>E-mail c\u00edm:<\/strong> ibolya.torok@ubbcluj.ro<\/p>\n<p><span style=\"color: #008000;\"><em><strong>\u00d6n\u00e9letrajz let\u00f6lt\u00e9se<\/strong><\/em><\/span><\/p>\n<p><strong>Oktat\u00e1si tev\u00e9kenys\u00e9g:<\/strong> Kvantitat\u00edv elemz\u00e9si m\u00f3dszerek, T\u00e1rsadalmi ank\u00e9t, T\u00e1rsadalomf\u00f6ldrajz kutat\u00e1sm\u00f3dszertana, F\u00f6ldrajzi t\u00e9rszervez\u00e9s, \u00c1ltal\u00e1nos region\u00e1lis f\u00f6ldrajz<\/p>\n<p><strong>Kutat\u00e1si ter\u00fclet:<\/strong> ter\u00fcleti egyenl\u0151tlens\u00e9gek<\/p>\n<p><strong>Tiszts\u00e9gek, tags\u00e1gok:<\/strong><\/p>\n<p>2011:\u00a0\u00a0 Magyar Tudom\u00e1nyos Akad\u00e9mia, k\u00f6ztest\u00fcleti tag, Magyarorsz\u00e1g<\/p>\n<p>2010:\u00a0\u00a0 Kolozsv\u00e1ri Akad\u00e9miai Bizotts\u00e1g, Kolozsv\u00e1r<\/p>\n<p>2010:\u00a0\u00a0 Rom\u00e1niai Region\u00e1lis Tudom\u00e1nyi T\u00e1rsas\u00e1g, Kolozsv\u00e1r<\/p>\n<p>2006: \u00a0 Cholnoky Jen\u0151 F\u00f6ldrajzi T\u00e1rsas\u00e1g, Kolozsv\u00e1r<\/p>\n<p>2005: \u00a0 Magyar Region\u00e1lis Tudom\u00e1nyi T\u00e1rsas\u00e1g, Magyarorsz\u00e1g<\/p>\n<p><strong>Szakmai \u00e9s egy\u00e9b elismer\u00e9sek:<\/strong> Comenius d\u00edj, 2011<\/p>\n<p><strong>K\u00fclf\u00f6ldi hivatalos tanulm\u00e1nyutak:<\/strong><\/p>\n<p>2012: Leipzig Institute f\u00fcr L\u00e4nderkunde, Lipcse, N\u00e9metorsz\u00e1g<\/p>\n<p>2012: ELTE TTK, F\u00f6ldrajztudom\u00e1nyi K\u00f6zpont<\/p>\n<p>2008: ELTE TTK, F\u00f6ldrajztudom\u00e1nyi K\u00f6zpont<\/p>\n<p>2007: ELTE TTK, F\u00f6ldrajztudom\u00e1nyi K\u00f6zpont<\/p>\n<p><strong>Legfontosabb publik\u00e1ci\u00f3k:<\/strong>\u00a0<em><br \/>\n<\/em><\/p>\n<p>BENEDEK J., KURK\u00d3 I. (2012)<strong>, <\/strong><em>Convergence or divergence? The Position of Romania in the Spatial Structure of the European Union<\/em>, Transylvanian Review, 21,3, 2012, P.116<\/p>\n<p>KURK\u00d3 I. (2011): R\u00e9gi\u00f3k, region\u00e1lis diszparit\u00e1sok (Regions, Regional disparities). In: Benedek J. (ed.): Rom\u00e1nia. T\u00e9r, gazdas\u00e1g, t\u00e1rsadalom (Romania. Space, economy, society). Nemzeti Kisebbs\u00e9gkutat\u00f3 Int\u00e9zet &#8211; Kriterion K\u00f6nyvkiad\u00f3, Kolozsv\u00e1r, pp. 429-455.<\/p>\n<p>BENEDEK J., KURK\u00d3 I. (2011)<strong>: <\/strong><em>Evolution and Characteristics of Territorial Economic Disparities in Romania<\/em>, Theory, Methodology, Practice, 2011, P.5-17<\/p>\n<p>KURK\u00d3 I. (2010): Disparit\u0103\u0163i geodemografice \u015fi economice din Rom\u00e2nia \u00een perioada de tranzi\u0163ie (Geodemographical and Economical Disparities in Romania during the Period of Transition). Presa Universitar\u0103 Clujean\u0103, Cluj-Napoca, p. 442.<\/p>\n<p>KURK\u00d3 I. (2010): <em>The Influence of Demographic Aging on the Potential Labour Market Supply<\/em><em>,<\/em> Journal of Settlements and Spatial Planning, Cluj-Napoca, 2010, P.117-125<br \/>\nBENEDEK J., KURK\u00d3 I. (2010): Evolu\u0163ia \u015fi caracteristicile disparit\u0103\u0163ilor teritoriale din Rom\u00e2nia(Evolution and Characteristics of Territorial Disparities in Romania). In: Bakk M.-Benedek J. (eds): Politicile regionale \u00een Rom\u00e2nia (Regional Policies in Romania),EdituraPolirom, Ia\u015fi, p. 77-120.<\/p>\n<p>BENEDEK J., KURK\u00d3 I. (2010): The Evolution of Regional Disparities in Romania. In: Transylvanian Review, 4, Cluj-Napoca, pp. 25-41.<\/p>\n<p>KURK\u00d3 I. (2009): Kommun\u00e1lis szolg\u00e1ltat\u00e1sok (Management Utilities). In: Horv\u00e1th Gy. (ed.): A K\u00e1rp\u00e1t-medence r\u00e9gi\u00f3i, D\u00e9l-Erd\u00e9ly \u00e9s B\u00e1ns\u00e1g, Dial\u00f3g Campus Kiad\u00f3, P\u00e9cs- Budapest, pp. 379-392.<\/p>\n<p>KURK\u00d3 I. (2009): Regional Disparities in The Transition Period, In: Romanian Review of Regional Studies, vol 5, no. 2, Cluj-Napoca, pp. 23-31.<\/p>\n<p>KURK\u00d3 I. (2008): \u00a0Region\u00e1lis fejletts\u00e9gi k\u00fcl\u00f6nbs\u00e9gek a posztszocialista Rom\u00e1ni\u00e1ban (Regional Economic Disparities in the Post-socialist Romania). In: Ter\u00fcleti Statisztika, vol. 48, no. 5, Central Statistics Office, Budapest, p. 592-611.<\/p>\n<p><strong>Tudom\u00e1nymetriai adatok:<\/strong><\/p>\n<p>Saj\u00e1t k\u00f6zlem\u00e9nyek sz\u00e1ma: 26<br \/>\nId\u00e9zetek sz\u00e1ma:<br \/>\n\u00d6sszegzett impakt faktor:<\/p>\n<p><span style=\"color: #008000;\"><em><strong>Publik\u00e1ci\u00f3k let\u00f6lt\u00e9se<\/strong><\/em><\/span><\/p>\n<p><a href=\"http:\/\/cholnoky.ro\/allamvizsgak\/T_Ibolya.pdf\" target=\"_blank\" rel=\"noopener noreferrer\"><span style=\"color: #0000ff;\"><em><strong>Javasolt \u00e1llamvizsga t\u00e9m\u00e1k<\/strong><\/em><\/span><\/a><\/p>\n","protected":false},"excerpt":{"rendered":"<p>N\u00e9v: T\u00f6r\u00f6k Ibolya Beoszt\u00e1s: d\u00e9k\u00e1nhelyettes V\u00e9gzetts\u00e9g:\u00a0 F\u00f6ldrajz szak, 2004 Tudom\u00e1nyos fokozat: PhD Nyelvismeret: rom\u00e1n, angol Munkak\u00f6r: egyetemi docens Munkahelyi telefonsz\u00e1m: 0264-592214 \/ 244 E-mail c\u00edm: ibolya.torok@ubbcluj.ro \u00d6n\u00e9letrajz let\u00f6lt\u00e9se Oktat\u00e1si tev\u00e9kenys\u00e9g: Kvantitat\u00edv elemz\u00e9si m\u00f3dszerek, T\u00e1rsadalmi ank\u00e9t, T\u00e1rsadalomf\u00f6ldrajz kutat\u00e1sm\u00f3dszertana, F\u00f6ldrajzi t\u00e9rszervez\u00e9s, \u00c1ltal\u00e1nos &hellip; <a class=\"more-link\" href=\"https:\/\/geografie.ubbcluj.ro\/pages\/magyarfoldrajz\/?page_id=276\">Continue reading <span class=\"meta-nav\">&rarr;<\/span><\/a><\/p>\n","protected":false},"author":2,"featured_media":0,"parent":40,"menu_order":0,"comment_status":"closed","ping_status":"closed","template":"","meta":{"footnotes":""},"_links":{"self":[{"href":"https:\/\/geografie.ubbcluj.ro\/pages\/magyarfoldrajz\/index.php?rest_route=\/wp\/v2\/pages\/276"}],"collection":[{"href":"https:\/\/geografie.ubbcluj.ro\/pages\/magyarfoldrajz\/index.php?rest_route=\/wp\/v2\/pages"}],"about":[{"href":"https:\/\/geografie.ubbcluj.ro\/pages\/magyarfoldrajz\/index.php?rest_route=\/wp\/v2\/types\/page"}],"author":[{"embeddable":true,"href":"https:\/\/geografie.ubbcluj.ro\/pages\/magyarfoldrajz\/index.php?rest_route=\/wp\/v2\/users\/2"}],"replies":[{"embeddable":true,"href":"https:\/\/geografie.ubbcluj.ro\/pages\/magyarfoldrajz\/index.php?rest_route=%2Fwp%2Fv2%2Fcomments&post=276"}],"version-history":[{"count":10,"href":"https:\/\/geografie.ubbcluj.ro\/pages\/magyarfoldrajz\/index.php?rest_route=\/wp\/v2\/pages\/276\/revisions"}],"predecessor-version":[{"id":2622,"href":"https:\/\/geografie.ubbcluj.ro\/pages\/magyarfoldrajz\/index.php?rest_route=\/wp\/v2\/pages\/276\/revisions\/2622"}],"up":[{"embeddable":true,"href":"https:\/\/geografie.ubbcluj.ro\/pages\/magyarfoldrajz\/index.php?rest_route=\/wp\/v2\/pages\/40"}],"wp:attachment":[{"href":"https:\/\/geografie.ubbcluj.ro\/pages\/magyarfoldrajz\/index.php?rest_route=%2Fwp%2Fv2%2Fmedia&parent=276"}],"curies":[{"name":"wp","href":"https:\/\/api.w.org\/{rel}","templated":true}]}}