{"id":274,"date":"2012-12-03T12:40:57","date_gmt":"2012-12-03T12:40:57","guid":{"rendered":"http:\/\/geografie.ubbcluj.ro\/pages\/magyarfoldrajz\/?page_id=274"},"modified":"2017-04-18T20:41:44","modified_gmt":"2017-04-18T20:41:44","slug":"andi","status":"publish","type":"page","link":"https:\/\/geografie.ubbcluj.ro\/pages\/magyarfoldrajz\/?page_id=274","title":{"rendered":"Andi"},"content":{"rendered":"<p><strong><a href=\"http:\/\/geografie.ubbcluj.ro\/pages\/magyarfoldrajz\/wp-content\/uploads\/2012\/12\/andi.jpg\"><img loading=\"lazy\" decoding=\"async\" class=\"alignright size-full wp-image-280\" title=\"Andi\" src=\"http:\/\/geografie.ubbcluj.ro\/pages\/magyarfoldrajz\/wp-content\/uploads\/2012\/12\/andi.jpg\" alt=\"\" width=\"150\" height=\"191\" \/><\/a>N\u00e9v: G\u00e1l Andrea<\/strong><\/p>\n<p><strong>V\u00e9gzetts\u00e9g:<\/strong><\/p>\n<p>2010 \u2013 Geomorfol\u00f3gia (PhD), Babe\u015f-Bolyai Tudom\u00e1nyegyetem, F\u00f6ldrajz Kar, Kolozsv\u00e1r<\/p>\n<p>2005 \u2013 Geomorfol\u00f3gia (MSc), Babe\u015f-Bolyai Tudom\u00e1nyegyetem, F\u00f6ldrajz Kar, Kolozsv\u00e1r<\/p>\n<p>2004 \u2013 F\u00f6ldrajz (BSc), Babe\u015f-Bolyai Tudom\u00e1nyegyetem, F\u00f6ldrajz Kar, Kolozsv\u00e1r<\/p>\n<p><strong>Tudom\u00e1nyos fokozat:<\/strong> PhD<\/p>\n<p><strong>Nyelvismeret:<\/strong> rom\u00e1n, angol, n\u00e9met<\/p>\n<p><strong>Munkak\u00f6r:<\/strong> egyetemi adjunktus<\/p>\n<p><strong>Munkahelyi telefonsz\u00e1m: <\/strong>0264-592214 \/ 227<\/p>\n<p><strong>Telefonsz\u00e1m:<\/strong> 0745-774099<\/p>\n<p><strong>E-mail c\u00edm:<\/strong> <a href=\"mailto:gal.andi@yahoo.com\">gal.andi@yahoo.com<\/a>, <a href=\"mailto:andrea.gal@geografie.ubbcluj.ro\">andrea.gal@ubbcluj.ro<\/a><\/p>\n<p><span style=\"color: #008000;\"><em><strong>\u00d6n\u00e9letrajz let\u00f6lt\u00e9se<\/strong><\/em><\/span><\/p>\n<p><strong>Oktat\u00e1si tev\u00e9kenys\u00e9g:<\/strong> Domborzat turisztikai potenci\u00e1lja, K\u00f6rnyezetf\u00f6ldrajz, Turizmus \u00e9s k\u00f6rnyezet<\/p>\n<p><strong>Kutat\u00e1si ter\u00fclet:<\/strong> geomorfol\u00f3gia, iszapvulk\u00e1nok<\/p>\n<p><strong>Szakmai \u00e9s egy\u00e9b elismer\u00e9sek:<\/strong><\/p>\n<p>G\u00e1l A., Iszapvulk\u00e1nok az Erd\u00e9lyi-medenc\u00e9ben, Vintil\u0103 Mih\u0103ilescu d\u00edj, F\u00f6ldrajzi Int\u00e9zet, Rom\u00e1n Akad\u00e9mia<\/p>\n<p><strong>K\u00fclf\u00f6ldi hivatalos tanulm\u00e1nyutak:<\/strong><\/p>\n<p>2006 \u00e1prilis-j\u00falius, Glasgowi Egyetem, F\u00f6ldtudom\u00e1nyi Kar, Glasgow, Sk\u00f3cia, Egyes\u00fclt Kir\u00e1lys\u00e1g (Rom\u00e1n Oktat\u00e1si Miniszt\u00e9rium \u00f6szt\u00f6nd\u00edja)<\/p>\n<p>2004 m\u00e1rcius, E\u00f6tv\u00f6s Lor\u00e1nd Tudom\u00e1nyegyetem, Term\u00e9szetf\u00f6ldrajz Kar, Budapest (Magyar Oktat\u00e1si Miniszt\u00e9rium \u00f6szt\u00f6nd\u00edja)<\/p>\n<p>2003-2004, E\u00f6tv\u00f6s Lor\u00e1nd Tudom\u00e1nyegyetem, Term\u00e9szetf\u00f6ldrajz Kar, Budapest (Magyar Oktat\u00e1si Miniszt\u00e9rium \u00f6szt\u00f6nd\u00edja)<\/p>\n<p><strong>Legfontosabb publik\u00e1ci\u00f3k:<\/strong><\/p>\n<p>G\u00e1l A. (2010) Negative Effects of Mud Volcanoes on Human Society and the Built Environment, Studia UBB, Geographia 2\/2010<\/p>\n<p>G\u00e1l A. (2009) Classification of Mud Volcanoes in the Eastern and Central Part of the Transylvanian Depression, Studia UBB, Geographia, 2\/2009<\/p>\n<p>G\u00e1l A., Lakatos M. (2008) Study Concerning the Types of Micro Mud Volcanoes in Transylvania, Romania, in Efe et al. Natural Environment and Culture in the Mediterranean Region, Cambridge Scholar Press<\/p>\n<p>Kern Z., F\u00f3rizs I., K\u00e1zm\u00e9r M., Nagy B., Sz\u00e1nt\u00f3 Zs., G\u00e1l A., Palcsu L., Moln\u00e1r M. (2004) Late Holocene Environmental Changes Recorded at Ghe\u0163arul de la Focul Viu, Bihor Mts, Romania. Theoretical and Applied Karstology 17<\/p>\n<p><strong>Tudom\u00e1nymetriai adatok:<\/strong><\/p>\n<p>Saj\u00e1t k\u00f6zlem\u00e9nyek sz\u00e1ma: 10<br \/>\nId\u00e9zetek sz\u00e1ma:<br \/>\n\u00d6sszegzett impakt faktor:<\/p>\n<p><span style=\"color: #008000;\"><em><strong>Publik\u00e1ci\u00f3k let\u00f6lt\u00e9se<\/strong><\/em><\/span><\/p>\n<p><a href=\"http:\/\/cholnoky.ro\/allamvizsgak\/G_Andi.pdf\" target=\"_blank\"><span style=\"color: #0000ff;\"><em><strong>Javasolt \u00e1llamvizsga t\u00e9m\u00e1k<\/strong><\/em><\/span><\/a><\/p>\n","protected":false},"excerpt":{"rendered":"<p>N\u00e9v: G\u00e1l Andrea V\u00e9gzetts\u00e9g: 2010 \u2013 Geomorfol\u00f3gia (PhD), Babe\u015f-Bolyai Tudom\u00e1nyegyetem, F\u00f6ldrajz Kar, Kolozsv\u00e1r 2005 \u2013 Geomorfol\u00f3gia (MSc), Babe\u015f-Bolyai Tudom\u00e1nyegyetem, F\u00f6ldrajz Kar, Kolozsv\u00e1r 2004 \u2013 F\u00f6ldrajz (BSc), Babe\u015f-Bolyai Tudom\u00e1nyegyetem, F\u00f6ldrajz Kar, Kolozsv\u00e1r Tudom\u00e1nyos fokozat: PhD Nyelvismeret: rom\u00e1n, angol, n\u00e9met Munkak\u00f6r: egyetemi &hellip; <a class=\"more-link\" href=\"https:\/\/geografie.ubbcluj.ro\/pages\/magyarfoldrajz\/?page_id=274\">Continue reading <span class=\"meta-nav\">&rarr;<\/span><\/a><\/p>\n","protected":false},"author":2,"featured_media":0,"parent":40,"menu_order":0,"comment_status":"closed","ping_status":"closed","template":"","meta":{"footnotes":""},"_links":{"self":[{"href":"https:\/\/geografie.ubbcluj.ro\/pages\/magyarfoldrajz\/index.php?rest_route=\/wp\/v2\/pages\/274"}],"collection":[{"href":"https:\/\/geografie.ubbcluj.ro\/pages\/magyarfoldrajz\/index.php?rest_route=\/wp\/v2\/pages"}],"about":[{"href":"https:\/\/geografie.ubbcluj.ro\/pages\/magyarfoldrajz\/index.php?rest_route=\/wp\/v2\/types\/page"}],"author":[{"embeddable":true,"href":"https:\/\/geografie.ubbcluj.ro\/pages\/magyarfoldrajz\/index.php?rest_route=\/wp\/v2\/users\/2"}],"replies":[{"embeddable":true,"href":"https:\/\/geografie.ubbcluj.ro\/pages\/magyarfoldrajz\/index.php?rest_route=%2Fwp%2Fv2%2Fcomments&post=274"}],"version-history":[{"count":9,"href":"https:\/\/geografie.ubbcluj.ro\/pages\/magyarfoldrajz\/index.php?rest_route=\/wp\/v2\/pages\/274\/revisions"}],"predecessor-version":[{"id":1731,"href":"https:\/\/geografie.ubbcluj.ro\/pages\/magyarfoldrajz\/index.php?rest_route=\/wp\/v2\/pages\/274\/revisions\/1731"}],"up":[{"embeddable":true,"href":"https:\/\/geografie.ubbcluj.ro\/pages\/magyarfoldrajz\/index.php?rest_route=\/wp\/v2\/pages\/40"}],"wp:attachment":[{"href":"https:\/\/geografie.ubbcluj.ro\/pages\/magyarfoldrajz\/index.php?rest_route=%2Fwp%2Fv2%2Fmedia&parent=274"}],"curies":[{"name":"wp","href":"https:\/\/api.w.org\/{rel}","templated":true}]}}