{"id":2655,"date":"2022-02-21T19:02:59","date_gmt":"2022-02-21T19:02:59","guid":{"rendered":"http:\/\/geografie.ubbcluj.ro\/pages\/magyarfoldrajz\/?page_id=2655"},"modified":"2022-02-21T19:03:00","modified_gmt":"2022-02-21T19:03:00","slug":"szakmai-gyakorlat-2022","status":"publish","type":"page","link":"https:\/\/geografie.ubbcluj.ro\/pages\/magyarfoldrajz\/?page_id=2655","title":{"rendered":"Szakmai gyakorlat &#8211; 2022"},"content":{"rendered":"<p><strong>N\u00e9v: <span style=\"color: #800000;\">Term\u00e9szetf\u00f6ldrajz<\/span><\/strong><\/p>\n<p><strong>K\u00f6telez\u0151:<\/strong> F\u00f6ldr1, Terfejl1<\/p>\n<p><strong>Hely:<\/strong> egy\u00e9ni (online) feladat<\/p>\n<p><strong>Oktat\u00f3k:<\/strong> Bart\u00f3k Blanka, Bartos-Elekes Zsombor<\/p>\n<p><strong>Tant\u00e1rgyak, t\u00e9mak\u00f6r\u00f6k:<\/strong> Meteorol\u00f3gia, T\u00e9rk\u00e9p\u00e9szet.<\/p>\n<p><strong>Tev\u00e9kenys\u00e9gek:<\/strong><\/p>\n<ul>\n<li>Meteorol\u00f3gia (csak F\u00f6ldr1): erd\u00e9lyi meteorol\u00f3giai \u00e1llom\u00e1sok adatainak elemz\u00e9se;<\/li>\n<li>T\u00e9rk\u00e9p\u00e9szet (F\u00f6ldr1, Terfejl1): az OpenStreetMap adatb\u00e1zis szerkeszt\u00e9se, b\u0151v\u00edt\u00e9se.<\/li>\n<\/ul>\n<p><strong>Tanulm\u00e1nyi k\u00f6vetelm\u00e9ny:<\/strong> beadand\u00f3 feladatok.<\/p>\n<p><strong>N\u00e9v: <span style=\"color: #800000;\">T\u00e1rsadalomf\u00f6ldrajz\u2013ter\u00fcletfejleszt\u00e9s <\/span><\/strong><\/p>\n<p><strong>K\u00f6telez\u0151:<\/strong> F\u00f6ldr2, Terfejl2<\/p>\n<p><strong>Hely:<\/strong> egy\u00e9ni (online) feladat<\/p>\n<p><strong>Oktat\u00f3k:<\/strong> Kov\u00e1cs Csaba, M\u00e1th\u00e9 Csongor<\/p>\n<p><strong>Tant\u00e1rgyak, t\u00e9mak\u00f6r\u00f6k:<\/strong> N\u00e9pess\u00e9g- \u00e9s telep\u00fcl\u00e9sf\u00f6ldrajz.<\/p>\n<p><strong>Tev\u00e9kenys\u00e9gek:<\/strong> 8\u201310 oldalas tanulm\u00e1ny meg\u00edr\u00e1sa egy rom\u00e1niai kisv\u00e1rosr\u00f3l;<\/p>\n<p><strong>Tanulm\u00e1nyi k\u00f6vetelm\u00e9ny:<\/strong> beadand\u00f3 feladatok.<\/p>\n<p><strong>N\u00e9v: <span style=\"color: #800000;\">Turizmus1<\/span><\/strong><\/p>\n<p><strong>K\u00f6telez\u0151:<\/strong> Tur1<\/p>\n<p><strong>Hely:<\/strong> Kolozsv\u00e1r<\/p>\n<p><strong>Id\u0151:<\/strong> 7 nap, 2022. j\u00falius 11\u201317.<\/p>\n<p><strong>Oktat\u00f3:<\/strong> M\u00e1th\u00e9 Andr\u00e1s<\/p>\n<p><strong>Tant\u00e1rgyak:<\/strong> Szolg\u00e1ltat\u00e1sok a turizmusban, Idegenvezet\u00e9s, Kult\u00fara \u00e9s civiliz\u00e1ci\u00f3.<\/p>\n<p><strong>Tev\u00e9kenys\u00e9gek:<\/strong> idegenvezet\u00e9si gyakorlatok \u00e9s turisztikai potenci\u00e1lm\u00e9r\u00e9s, a kolozsv\u00e1ri sz\u00e1ll\u00e1sukr\u00f3l a hallgat\u00f3k gondoskodnak.<\/p>\n<p>Ha j\u00e1rv\u00e1ny\u00fcgyi szab\u00e1lyoz\u00e1sok miatt nem megoldhat\u00f3: online adatgy\u0171jt\u00e9s \u00e9s \u00e9rtelmez\u00e9s.<\/p>\n<p><strong>Tanulm\u00e1nyi k\u00f6vetelm\u00e9ny:<\/strong> terepi csoportos feladatok, vagy online eset\u00e9n beadand\u00f3 dolgozat.<\/p>\n<p><strong>N\u00e9v: <span style=\"color: #800000;\">Turizmus2<\/span><\/strong><\/p>\n<p><strong><span style=\"color: #000000;\">K\u00f6telez\u0151: <\/span><\/strong>Tur2<\/p>\n<p><strong><span style=\"color: #000000;\">Hely:<\/span><\/strong> Kolozsv\u00e1r<\/p>\n<p><strong>Id\u0151:<\/strong> 7 nap, 2022. j\u00falius 11\u201317.<\/p>\n<p><strong>Oktat\u00f3:<\/strong> Talpas J\u00e1nos<\/p>\n<p><strong>Tant\u00e1rgyak, t\u00e9mak\u00f6r\u00f6k:<\/strong> turisztikai attrakci\u00f3k \u00e9s vend\u00e9gl\u00e1t\u00e1s, turizmusf\u00f6ldrajz, turisztikai statisztika.<\/p>\n<p><strong>Tev\u00e9kenys\u00e9gek:<\/strong> egy\u00e9ni feladatok.<\/p>\n<p><strong>\u00c1r:<\/strong> kb. 350 lej. Az \u00e1r tartalmazza a sz\u00e1ll\u00e1st \u00e9s a reggelit.<\/p>\n<p><strong>Tanulm\u00e1nyi k\u00f6vetelm\u00e9ny:<\/strong> sz\u00f3beli vizsga a fenti t\u00e9mak\u00f6r\u00f6kb\u0151l<\/p>\n<p>Ha a j\u00e1rv\u00e1ny\u00fcgyi helyzet nem engedi a jelenl\u00e9ti form\u00e1t, online kutat\u00e1si feladatok a tart\u00f3zkod\u00e1si helysz\u00edn f\u00fcggv\u00e9ny\u00e9ben.<\/p>\n<p><strong>N\u00e9v: <span style=\"color: #800000;\">Erasmus internship (turizmus)<\/span><\/strong><\/p>\n<p><strong>V\u00e1laszthat\u00f3:<\/strong> BSc1\u20132<\/p>\n<p>Hely: Si\u00f3fok, Az\u00far Hotel<\/p>\n<p><strong>Id\u0151:<\/strong> 2\u20133 h\u00f3nap, 2022. j\u00falius 1 \u2013 szeptember 30.<\/p>\n<p><strong>Oktat\u00f3:<\/strong> M\u00e1th\u00e9 Andr\u00e1s<\/p>\n<p><strong>Tev\u00e9kenys\u00e9g:<\/strong> sz\u00e1llodai szerepk\u00f6r\u00f6k bet\u00f6lt\u00e9se.<\/p>\n<p><strong>Tanulm\u00e1nyi k\u00f6vetelm\u00e9ny:<\/strong> r\u00e9szv\u00e9tel.<\/p>\n","protected":false},"excerpt":{"rendered":"<p>N\u00e9v: Term\u00e9szetf\u00f6ldrajz K\u00f6telez\u0151: F\u00f6ldr1, Terfejl1 Hely: egy\u00e9ni (online) feladat Oktat\u00f3k: Bart\u00f3k Blanka, Bartos-Elekes Zsombor Tant\u00e1rgyak, t\u00e9mak\u00f6r\u00f6k: Meteorol\u00f3gia, T\u00e9rk\u00e9p\u00e9szet. Tev\u00e9kenys\u00e9gek: Meteorol\u00f3gia (csak F\u00f6ldr1): erd\u00e9lyi meteorol\u00f3giai \u00e1llom\u00e1sok adatainak elemz\u00e9se; T\u00e9rk\u00e9p\u00e9szet (F\u00f6ldr1, Terfejl1): az OpenStreetMap adatb\u00e1zis szerkeszt\u00e9se, b\u0151v\u00edt\u00e9se. Tanulm\u00e1nyi k\u00f6vetelm\u00e9ny: beadand\u00f3 feladatok. N\u00e9v: &hellip; <a class=\"more-link\" href=\"https:\/\/geografie.ubbcluj.ro\/pages\/magyarfoldrajz\/?page_id=2655\">Continue reading <span class=\"meta-nav\">&rarr;<\/span><\/a><\/p>\n","protected":false},"author":2,"featured_media":0,"parent":0,"menu_order":0,"comment_status":"closed","ping_status":"closed","template":"","meta":{"footnotes":""},"_links":{"self":[{"href":"https:\/\/geografie.ubbcluj.ro\/pages\/magyarfoldrajz\/index.php?rest_route=\/wp\/v2\/pages\/2655"}],"collection":[{"href":"https:\/\/geografie.ubbcluj.ro\/pages\/magyarfoldrajz\/index.php?rest_route=\/wp\/v2\/pages"}],"about":[{"href":"https:\/\/geografie.ubbcluj.ro\/pages\/magyarfoldrajz\/index.php?rest_route=\/wp\/v2\/types\/page"}],"author":[{"embeddable":true,"href":"https:\/\/geografie.ubbcluj.ro\/pages\/magyarfoldrajz\/index.php?rest_route=\/wp\/v2\/users\/2"}],"replies":[{"embeddable":true,"href":"https:\/\/geografie.ubbcluj.ro\/pages\/magyarfoldrajz\/index.php?rest_route=%2Fwp%2Fv2%2Fcomments&post=2655"}],"version-history":[{"count":1,"href":"https:\/\/geografie.ubbcluj.ro\/pages\/magyarfoldrajz\/index.php?rest_route=\/wp\/v2\/pages\/2655\/revisions"}],"predecessor-version":[{"id":2656,"href":"https:\/\/geografie.ubbcluj.ro\/pages\/magyarfoldrajz\/index.php?rest_route=\/wp\/v2\/pages\/2655\/revisions\/2656"}],"wp:attachment":[{"href":"https:\/\/geografie.ubbcluj.ro\/pages\/magyarfoldrajz\/index.php?rest_route=%2Fwp%2Fv2%2Fmedia&parent=2655"}],"curies":[{"name":"wp","href":"https:\/\/api.w.org\/{rel}","templated":true}]}}