{"id":2640,"date":"2022-02-21T18:42:14","date_gmt":"2022-02-21T18:42:14","guid":{"rendered":"http:\/\/geografie.ubbcluj.ro\/pages\/magyarfoldrajz\/?page_id=2640"},"modified":"2022-02-22T17:32:27","modified_gmt":"2022-02-22T17:32:27","slug":"tanulmanyi-kirandulas-2022","status":"publish","type":"page","link":"https:\/\/geografie.ubbcluj.ro\/pages\/magyarfoldrajz\/?page_id=2640","title":{"rendered":"Tanulm\u00e1nyutak &#8211; 2022"},"content":{"rendered":"<p><strong>N\u00e9v: <span style=\"color: #800000;\">Sz\u00e9kelyf\u00f6ld<\/span><\/strong><\/p>\n<p><strong>Helyek sz\u00e1ma<\/strong>: X f\u0151<\/p>\n<p><strong>Id\u0151:<\/strong> 5 nap, 2022. h\u00f3nap X\u2013X<\/p>\n<p><strong>Jelentkez\u00e9s:<\/strong> Sebesty\u00e9n Tiham\u00e9r (<a href=\"mailto:tihamer.sebestyen@ubbcluj.ro\">tihamer.sebestyen@ubbcluj.ro<\/a>)<\/p>\n<p><strong>Tant\u00e1rgy \/ t\u00e9ma:<\/strong> fenntarthat\u00f3 fejl\u0151d\u00e9s, t\u00e1rsadalomf\u00f6ldrajz<\/p>\n<p><strong>Tanulm\u00e1nyi k\u00f6vetelm\u00e9ny:<\/strong> ???<\/p>\n<p><strong>Szervez\u0151: Sebesty\u00e9n Tiham\u00e9r<\/strong><\/p>\n<p><strong>Indul\u00e1s\u2013\u00e9rkez\u00e9s:<\/strong> Kolozsv\u00e1r<\/p>\n<p><strong>Programok, helysz\u00ednek:<\/strong><\/p>\n<p>K\u00f6rk\u00f6r\u00f6s gazdas\u00e1g (Sz\u00e9kelykereszt\u00far); fenntarthat\u00f3 z\u00f6ldhullad\u00e9k-gazd\u00e1lkod\u00e1s (L\u00f3kod); meg\u00fajul\u00f3 energia hasznos\u00edt\u00e1sa k\u00f6zint\u00e9zm\u00e9nyek, mag\u00e1nc\u00e9gek \u00e9s h\u00e1ztart\u00e1sok szintj\u00e9n (Sepsiszentgy\u00f6rgy, Gelence); fenntarthat\u00f3 hullad\u00e9kgazd\u00e1lkod\u00e1s (Sepsiszentgy\u00f6rgy); k\u00f6rk\u00f6r\u00f6s gazdas\u00e1g elvei a gyakorlatban (Sepsiszentgy\u00f6rgy); fenntarthat\u00f3 turizmus (Zal\u00e1npatak, Mikl\u00f3sv\u00e1r, Olasztelek).<\/p>\n<p><strong>Sz\u00e1ll\u00e1sok:<\/strong> Sepsiszentgy\u00f6rgy<\/p>\n<p><strong>\u00c1r:<\/strong> XXX lej (tartalmazza a busz, sz\u00e1ll\u00e1s k\u00f6lts\u00e9geit)<\/p>\n<p><strong>Jelentkez\u00e9s:<\/strong> el\u0151leg stb.<\/p>\n<p><strong>N\u00e9v: <span style=\"color: #800000;\">Szlov\u00e9nia \u00e9s Toszk\u00e1na<\/span><\/strong><\/p>\n<p><strong>Helyek sz\u00e1ma<\/strong>: 58 f\u0151<\/p>\n<p><strong>Id\u0151:<\/strong> 9 nap, 2022. \u00e1prilis 22\u201330. (indul\u00e1s 21-\u00e9n este)<\/p>\n<p><strong>Jelentkez\u00e9s:<\/strong> M\u00e1th\u00e9 Andr\u00e1s (<u><a href=\"mailto:matheandras@yahoo.com\">matheandras@yahoo.com<\/a><\/u>, <u><a href=\"mailto:andras.mathe@ubbcluj.ro\">andras.mathe@ubbcluj.ro<\/a><\/u>)<\/p>\n<p><strong>Tant\u00e1rgy \/ t\u00e9ma:<\/strong> \u00c9p\u00edt\u00e9szet a turizmusban, Kult\u00fara \u00e9s civiliz\u00e1ci\u00f3, Szolg\u00e1ltat\u00e1sok, Idegenvezet\u00e9s, Etnokultur\u00e1lis \u00f6vezetek turisztikai \u00e9rt\u00e9kes\u00edt\u00e9se<\/p>\n<p><strong>Tanulm\u00e1nyi k\u00f6vetelm\u00e9ny:<\/strong> sz\u00f3beli vizsga el\u0151zetes felk\u00e9sz\u00fcl\u00e9s alapj\u00e1n a terepen, majd \u00edr\u00e1sbeli vizsga haza\u00e9rkez\u00e9s ut\u00e1n.<\/p>\n<p><strong>Szervez\u0151: M\u00e1th\u00e9 Andr\u00e1s<\/strong><\/p>\n<p><strong>Indul\u00e1s\u2013\u00e9rkez\u00e9s:<\/strong> Kolozsv\u00e1r<\/p>\n<p>Tavaszi terepgyakorlatunkat Szlov\u00e9ni\u00e1ban, a J\u00faliai-Alpok t\u00e9rs\u00e9g\u00e9ben kezdj\u00fck meg, megl\u00e1togatjuk Szlov\u00e9nia egyetlen Nemzeti parkj\u00e1t, a Triglav Nemzeti Parkot, ahol egyr\u00e9szt a karszt felsz\u00edn k\u00fcl\u00f6nleges formavil\u00e1g\u00e1t fogjuk megcsod\u00e1lni, m\u00e1sr\u00e9szt gleccsertavakat is, illetve t\u00far\u00e1zni fogunk a Vintgar szurdokban, amelyet a Radovna foly\u00f3 \u00e9kes\u00edt v\u00edzes\u00e9sekkel, medenc\u00e9kkel \u00e9s zuhatagokkal. Utunkat a t\u0151le nem messze tal\u00e1lhat\u00f3 Bled kedvelt t\u00faristak\u00f6zponttal folytatjuk, ahol megcsod\u00e1lhatjuk a Bled-i tavat, \u00e9s a t\u00f3 k\u00f6zep\u00e9n tal\u00e1lhat\u00f3 szigetet, amely Szlov\u00e9nia egyetlen szigete, \u00e9s ahova \u00e1tcs\u00f3nak\u00e1zunk majd. Egy itteni saj\u00e1tos van\u00edli\u00e1s kr\u00e9mes s\u00fctem\u00e9ny elfogyaszt\u00e1sa ut\u00e1n nekiv\u00e1gunk a Bledi v\u00e1rkast\u00e9ly megm\u00e1sz\u00e1s\u00e1nak. Utunkat az UNESCO vil\u00e1g\u00f6r\u00f6ks\u00e9g r\u00e9szek\u00e9nt nyilv\u00e1ntartott Skocjan barlang megl\u00e1togat\u00e1s\u00e1val folytatjuk, amelyben a Reka foly\u00f3 hatalmas szakad\u00e9kot v\u00e1jt, ez\u00e9rt a f\u00f6ldalatti Grand kanyonk\u00e9nt is emlegetik. Tov\u00e1bb\u00e1 az Adriai tenger partj\u00e1n fekv\u0151 Piran k\u00f6z\u00e9pkori kik\u00f6t\u0151v\u00e1ros\u00e1t l\u00e1togatjuk meg, ahol felfedezz\u00fck a hangulatos sz\u0171k utc\u00e1kat \u00e9s a k\u00fcl\u00f6nf\u00e9le t\u00f6rt\u00e9nelmi m\u0171eml\u00e9keket. Tanulm\u00e1nyi utunkat Olaszorsz\u00e1g fest\u0151i t\u00e1jain folytatjuk, Toszk\u00e1na t\u00e9rs\u00e9g\u00e9ben. El\u0151sz\u0151r a k\u00f6z\u00e9pkori Eur\u00f3pa tudom\u00e1nyos k\u00f6zpontj\u00e1t illetve a renesz\u00e1nsz st\u00edlus sz\u00fclet\u00e9s\u00e9nek v\u00e1ros\u00e1t l\u00e1togatjuk meg, Firenz\u00e9t, ahol t\u00f6bbek k\u00f6z\u00f6tt a hajdani olasz bank\u00e1rcsal\u00e1dok renesz\u00e1nsz palot\u00e1it, az aranyosok h\u00eddj\u00e1t, a Ponte Vecchiot, az Uffizi k\u00e9pt\u00e1rat, a renesz\u00e1nsz v\u00e1rosh\u00e1z\u00e1t \u00e9s nem utols\u00f3 sorban a Firenzei D\u00f3mot fogjuk megl\u00e1togatni. Tov\u00e1bb\u00e1 Volterr\u00e1t, az etruszkok hajdani k\u00f6zpontj\u00e1t fedezz\u00fck fel, hangulatos tereivel, r\u00f3mai sz\u00ednh\u00e1z\u00e1val valamint a Santa Mara Assunta katedr\u00e1lis\u00e1val. L\u00e1togat\u00e1sunkat Siena, Eur\u00f3pa egyik legszebb g\u00f3tikus v\u00e1ros\u00e1val folytatjuk, ahol \u00e9vente k\u00e9tszer is megrendezik a palionak nevezett koszt\u00fcm\u00f6s lovasversenyt a v\u00e1ros t\u00f6rt\u00e9nelmi k\u00f6zpontj\u00e1ban. Innen Pienz\u00e1t \u00e9s Montepulciano er\u0151d\u00edtett v\u00e1ros\u00e1t tekntj\u00fck meg sz\u00e1mtalan k\u00f6z\u00e9pkori m\u0171eml\u00e9keivel \u00e9s hangulatos tereivel. A tov\u00e1bbiakban utunk Arezzo fele visz ahol a sz\u00e1mos etruszk m\u0171eml\u00e9k mellett k\u00f6z\u00e9pkori templomokat, tereket, hangulatos utc\u00e1kat j\u00e1runk be. Toszk\u00e1na hangulatos t\u00e1jait bej\u00e1rva visszat\u00e9r\u00fcnk Szlov\u00e9ni\u00e1ba, \u00e9s a f\u0151v\u00e1ros\u00e1nak Ljublj\u00e1n\u00e1nak k\u00fcl\u00f6nb\u00f6z\u0151 m\u0171eml\u00e9keit, illetve a v\u00e1ros f\u00f6l\u00e9 emelked\u0151 fellegv\u00e1r\u00e1t tekintj\u00fck meg k\u00f6zelebbr\u0151l. Terepgyakorlatunkat Celje, Szlov\u00e9nia harmadik legnagyobb v\u00e1ros\u00e1nak megl\u00e1togat\u00e1s\u00e1val z\u00e1rjuk, ahol els\u0151sorban a Celjei v\u00e1rat valamint a belv\u00e1ros t\u00f6rt\u00e9nelmi nevezetess\u00e9geit fedezz\u00fck majd fel.<\/p>\n<p><strong>\u00c1r:<\/strong> 290 eur\u00f3.<\/p>\n<p>Az \u00e1r tartalmazza a sz\u00e1ll\u00e1s (6 \u00e9jszaka hosztelekben), a busz k\u00f6lts\u00e9geit, 4 reggelit.<\/p>\n<p><strong>Jelentkez\u00e9s<\/strong> m\u00e1rcius 10-ig, 150 eur\u00f3 el\u0151leggel. A terepgyakorlatra jelentkez\u0151knek k\u00f6telez\u0151en meg kell legyen a 3 darab olt\u00e1sr\u00f3l sz\u00f3l\u00f3 z\u00f6ld igazolv\u00e1ny, vagy 2 \u00e9s mell\u00e9 a Covid betegs\u00e9g ut\u00e1n ki\u00e1ll\u00edtott \u00e9rv\u00e9nyes z\u00f6ld igazolv\u00e1ny.<\/p>\n<p><a href=\"http:\/\/geografie.ubbcluj.ro\/pages\/magyarfoldrajz\/wp-content\/uploads\/2019\/12\/andras1.jpg\"><img loading=\"lazy\" decoding=\"async\" class=\"alignnone size-full wp-image-2178\" src=\"http:\/\/geografie.ubbcluj.ro\/pages\/magyarfoldrajz\/wp-content\/uploads\/2019\/12\/andras1.jpg\" alt=\"\" width=\"800\" height=\"533\" srcset=\"https:\/\/geografie.ubbcluj.ro\/pages\/magyarfoldrajz\/wp-content\/uploads\/2019\/12\/andras1.jpg 800w, https:\/\/geografie.ubbcluj.ro\/pages\/magyarfoldrajz\/wp-content\/uploads\/2019\/12\/andras1-300x200.jpg 300w, https:\/\/geografie.ubbcluj.ro\/pages\/magyarfoldrajz\/wp-content\/uploads\/2019\/12\/andras1-768x512.jpg 768w, https:\/\/geografie.ubbcluj.ro\/pages\/magyarfoldrajz\/wp-content\/uploads\/2019\/12\/andras1-450x300.jpg 450w\" sizes=\"(max-width: 800px) 100vw, 800px\" \/><\/a><\/p>\n<div id=\"attachment_2179\" style=\"width: 810px\" class=\"wp-caption alignnone\"><a href=\"http:\/\/geografie.ubbcluj.ro\/pages\/magyarfoldrajz\/wp-content\/uploads\/2019\/12\/andras2.jpg\"><img loading=\"lazy\" decoding=\"async\" aria-describedby=\"caption-attachment-2179\" class=\"size-full wp-image-2179\" src=\"http:\/\/geografie.ubbcluj.ro\/pages\/magyarfoldrajz\/wp-content\/uploads\/2019\/12\/andras2.jpg\" alt=\"\" width=\"800\" height=\"447\" srcset=\"https:\/\/geografie.ubbcluj.ro\/pages\/magyarfoldrajz\/wp-content\/uploads\/2019\/12\/andras2.jpg 800w, https:\/\/geografie.ubbcluj.ro\/pages\/magyarfoldrajz\/wp-content\/uploads\/2019\/12\/andras2-300x168.jpg 300w, https:\/\/geografie.ubbcluj.ro\/pages\/magyarfoldrajz\/wp-content\/uploads\/2019\/12\/andras2-768x429.jpg 768w, https:\/\/geografie.ubbcluj.ro\/pages\/magyarfoldrajz\/wp-content\/uploads\/2019\/12\/andras2-500x279.jpg 500w\" sizes=\"(max-width: 800px) 100vw, 800px\" \/><\/a><p id=\"caption-attachment-2179\" class=\"wp-caption-text\"><a style=\"font-size: inherit;\" href=\"http:\/\/geografie.ubbcluj.ro\/pages\/magyarfoldrajz\/wp-content\/uploads\/2019\/12\/andras3.jpg\"><img loading=\"lazy\" decoding=\"async\" class=\"alignnone size-full wp-image-2180\" src=\"http:\/\/geografie.ubbcluj.ro\/pages\/magyarfoldrajz\/wp-content\/uploads\/2019\/12\/andras3.jpg\" alt=\"\" width=\"800\" height=\"533\" srcset=\"https:\/\/geografie.ubbcluj.ro\/pages\/magyarfoldrajz\/wp-content\/uploads\/2019\/12\/andras3.jpg 800w, https:\/\/geografie.ubbcluj.ro\/pages\/magyarfoldrajz\/wp-content\/uploads\/2019\/12\/andras3-300x200.jpg 300w, https:\/\/geografie.ubbcluj.ro\/pages\/magyarfoldrajz\/wp-content\/uploads\/2019\/12\/andras3-768x512.jpg 768w, https:\/\/geografie.ubbcluj.ro\/pages\/magyarfoldrajz\/wp-content\/uploads\/2019\/12\/andras3-450x300.jpg 450w\" sizes=\"(max-width: 800px) 100vw, 800px\" \/><\/a><a style=\"font-size: inherit;\" href=\"http:\/\/geografie.ubbcluj.ro\/pages\/magyarfoldrajz\/wp-content\/uploads\/2019\/12\/andras4.jpg\"><img loading=\"lazy\" decoding=\"async\" class=\"alignnone size-full wp-image-2181\" src=\"http:\/\/geografie.ubbcluj.ro\/pages\/magyarfoldrajz\/wp-content\/uploads\/2019\/12\/andras4.jpg\" alt=\"\" width=\"800\" height=\"450\" srcset=\"https:\/\/geografie.ubbcluj.ro\/pages\/magyarfoldrajz\/wp-content\/uploads\/2019\/12\/andras4.jpg 800w, https:\/\/geografie.ubbcluj.ro\/pages\/magyarfoldrajz\/wp-content\/uploads\/2019\/12\/andras4-300x169.jpg 300w, https:\/\/geografie.ubbcluj.ro\/pages\/magyarfoldrajz\/wp-content\/uploads\/2019\/12\/andras4-768x432.jpg 768w, https:\/\/geografie.ubbcluj.ro\/pages\/magyarfoldrajz\/wp-content\/uploads\/2019\/12\/andras4-500x281.jpg 500w\" sizes=\"(max-width: 800px) 100vw, 800px\" \/><\/a><\/p><\/div>\n<p><strong>N\u00e9v: <span style=\"color: #800000;\">Partium \u00e9s D\u00e9l-Alf\u00f6ld<\/span><\/strong><\/p>\n<p><strong>Helyek sz\u00e1ma:<\/strong> 34 f\u0151<\/p>\n<p><strong>Id\u0151:<\/strong> 4 nap, kb. 2022. m\u00e1jus 12\u201315.<\/p>\n<p><strong>Jelentkez\u00e9s:<\/strong> Talpas J\u00e1nos (<a href=\"mailto:talpasjanos@yahoo.com\">talpasjanos@yahoo.com<\/a>)<\/p>\n<p><strong>Tant\u00e1rgy \/ t\u00e9ma:<\/strong> Turizmusf\u00f6ldrajz, Rom\u00e1nia turizmusf\u00f6ldrajza, V\u00e1rosi turizmus (v\u00e1rosl\u00e1togat\u00e1s).<\/p>\n<p><strong>Tanulm\u00e1nyi k\u00f6vetelm\u00e9ny:<\/strong> sz\u00f3beli a kir\u00e1ndul\u00e1s k\u00f6zben, el\u0151re meghat\u00e1rozott \u00fatszakaszb\u00f3l.<\/p>\n<p><strong>Szervez\u0151: Talpas J\u00e1nos<\/strong><\/p>\n<p><strong>Indul\u00e1s\u2013\u00e9rkez\u00e9s:<\/strong> Kolozsv\u00e1r<\/p>\n<p><strong>Helysz\u00ednek:<\/strong> Nagyv\u00e1rad, Nagyszalonta; Szeged, Szarvas, Szentes.<\/p>\n<p>Abban az esetben, ha a j\u00e1rv\u00e1ny\u00fcgyi szab\u00e1lyoz\u00e1sok korl\u00e1tozz\u00e1k a hat\u00e1r\u00e1tl\u00e9p\u00e9st a helysz\u00ednek a k\u00f6vetkez\u0151kre m\u00f3dosulnak: Nagyv\u00e1rad, F\u00e9lixf\u00fcrd\u0151, Nagyszalonta, Arad, M\u00e9nes, D\u00e9va, Gyulafeh\u00e9rv\u00e1r.<\/p>\n<p>Sz\u00e1ll\u00e1s sz\u00e1llod\u00e1ban.<\/p>\n<p>\u00c1r: 300 eur\u00f3.<\/p>\n<p>Az \u00e1r tartalmazza a sz\u00e1ll\u00edt\u00e1st, a buszt, a reggeli \u00e1r\u00e1t.<\/p>\n<p><strong>Jelentkez\u00e9s:<\/strong> 2022. m\u00e1rcius 15-ig, el\u0151leg \u00e1prilis 1-ig, 30 szem\u00e9ly alatt elmarad az utaz\u00e1s, helyette online feladat lesz (feladat az \u00fatvonal szakaszaib\u00f3l).<\/p>\n<p><strong>N\u00e9v: <span style=\"color: #800000;\">Felvid\u00e9k \u00e9s Krakk\u00f3<\/span><\/strong><\/p>\n<p><strong>Helyek sz\u00e1ma:<\/strong> 47 f\u0151 (BSc, MSc, volt hallgat\u00f3k)<\/p>\n<p><strong>Id\u0151:<\/strong> 6 nap, 2022. j\u00falius 26\u201331. (kedd\u2013vas\u00e1rnap)<\/p>\n<p><strong>Jelentkez\u00e9s:<\/strong> Bartos-Elekes Zsombor (<a href=\"mailto:zsombor.bartos@ubbcluj.ro\">zsombor.bartos@ubbcluj.ro<\/a>)<\/p>\n<p><strong>Tant\u00e1rgy \/ t\u00e9ma:<\/strong> term\u00e9szetf\u00f6ldrajz, nemzetk\u00f6zi turizmus, Eur\u00f3pa f\u00f6ldrajza<\/p>\n<p><strong>Tanulm\u00e1nyi k\u00f6vetelm\u00e9ny:<\/strong> BSc I. \u00e9s II. \u00e9vesek sz\u00e1m\u00e1ra r\u00f6vid Microsoft Forms-teszt kiadott tananyagb\u00f3l.<\/p>\n<p><strong>Szervez\u0151: Bartos-Elekes Zsombor, Nemerk\u00e9nyi Zsombor<\/strong><\/p>\n<p><strong>Indul\u00e1s\u2013\u00e9rkez\u00e9s:<\/strong> Gyergy\u00f3szentmikl\u00f3st\u00f3l Nagyk\u00e1rolyon \u00e1t Ny\u00edregyh\u00e1z\u00e1ig b\u00e1rhol.<\/p>\n<p>Szlov\u00e1ki\u00e1ban, a Magas-T\u00e1tra l\u00e1bain\u00e1l fekv\u0151, n\u00e9pi \u00e9p\u00edt\u00e9szet\u00e9r\u0151l ismert gor\u00e1l faluban fekv\u0151 hangulatos, r\u00f6nkh\u00e1zbeli sz\u00e1llod\u00e1nkb\u00f3l csillagt\u00far\u00e1kkal j\u00e1rjuk be a t\u00e9rs\u00e9get, amely l\u00e1tnival\u00f3kban a legt\u00f6m\u00e9nyebb az eg\u00e9sz K\u00e1rp\u00e1t-medenc\u00e9ben. A K\u00e1rp\u00e1tok egyetlen Eur\u00f3pa-szinten is sz\u00e1mon tartott hegys\u00e9g\u00e9t, az alpesi jelleg\u0171 Magas-T\u00e1tr\u00e1t m\u00e9g az Osztr\u00e1k\u2013Magyar Monarchi\u00e1ban kezdt\u00e9k ki\u00e9p\u00edteni a turist\u00e1k sz\u00e1m\u00e1ra, felvon\u00f3 \u00e9s sikl\u00f3 k\u00f6nny\u00edtheti a magashegys\u00e9g bej\u00e1r\u00e1s\u00e1t. Utasaink k\u00f6z\u00fcl a kezd\u0151k \u00e9s a tapasztalt t\u00far\u00e1z\u00f3k is \u00e9lm\u00e9ny teli gyalogt\u00far\u00e1k k\u00f6z\u00f6tt v\u00e1laszthatnak, hogy megismerj\u00e9k b\u00e9kebeli \u00fcd\u00fcl\u0151telepeit, fest\u0151i v\u00edzes\u00e9seit, hangulatos mened\u00e9kh\u00e1zait, tengerszemeit \u00e9s pazar kil\u00e1t\u00e1s\u00fa hegycs\u00facsait. Az \u00c9szaknyugati-K\u00e1rp\u00e1tok m\u00e1sik, nemzetk\u00f6zileg ismert ter\u00fclete a Szlov\u00e1k Paradicsom Nemzeti Park, ahol a K\u00e1posztafalvi-karszt t\u00e9rs\u00e9g\u00e9ben egy vadreg\u00e9nyes \u00e9s egy k\u00f6nnyebb szurdokt\u00fara k\u00f6z\u00fcl v\u00e1laszthatnak utasaink. A term\u00e9szeti l\u00e1tnival\u00f3k mellett jut id\u0151 a Felvid\u00e9k, k\u00f6zelebbr\u0151l a Szepess\u00e9g egykor legink\u00e1bb n\u00e9met lakoss\u00e1g\u00fa, k\u00f6z\u00e9pkori v\u00e1rosk\u00e1inak megismer\u00e9s\u00e9re is, amelyeket a t\u00f6rt\u00e9nelem szerencs\u00e9re megk\u00edm\u00e9lt, \u00edgy g\u00f3tikus, renesz\u00e1nsz \u00e9p\u00edtett \u00f6r\u00f6ks\u00e9g\u00fck kiemelked\u0151: L\u0151cse, K\u00e9sm\u00e1rk, Szepesszombat, \u00d3lubl\u00f3 \u00e9s B\u00e1rtfa \u00f3v\u00e1rosait \u00e9s v\u00e1rait \u00e9rintj\u00fck. Megl\u00e1togatjuk a magyar g\u00f3tika leny\u0171g\u00f6z\u0151 l\u00e1tnival\u00f3j\u00e1val b\u00fcszk\u00e9lked\u0151 Kass\u00e1t. Az utat megtoldjuk egy lengyelorsz\u00e1gi v\u00e1rosn\u00e9z\u00e9ssel is \u2013 az egykori lengyel kir\u00e1lyi sz\u00e9khely, Krakk\u00f3 gazdag m\u00falt\u00fa \u00f3v\u00e1ros\u00e1ban, kir\u00e1lyi v\u00e1r\u00e1ban tett l\u00e1togat\u00e1sunkkal. A ny\u00e1ri id\u0151szak, az els\u0151sorban term\u00e9szeti l\u00e1tnival\u00f3k \u00e9s a csillagt\u00far\u00e1s szerkezet miatt az utaz\u00e1sunkat az esetleges j\u00e1rv\u00e1ny\u00fcgyi korl\u00e1toz\u00e1sok kev\u00e9sb\u00e9 \u00e9rintik.<\/p>\n<p><strong>\u00c1r:<\/strong> 150 eur\u00f3 (5 \u00e9j sz\u00e1ll\u00e1s sz\u00e1llod\u00e1ban, tov\u00e1bb\u00e1 a busz k\u00f6lts\u00e9gei) vagy 180 eur\u00f3 (5 reggelivel) vagy 210 eur\u00f3 (5 reggelivel \u00e9s 5 vacsor\u00e1val).<\/p>\n<p><strong>Jelentkez\u00e9s:<\/strong> m\u00e1rcius 6-ig, felv\u00e9tel jelentkez\u00e9si sorrend alapj\u00e1n. Mivel a hat\u00e1r\u00e1tl\u00e9p\u00e9sekn\u00e9l jelenleg v\u00e9detts\u00e9gi igazolv\u00e1nnyal nem rendelkez\u0151k sz\u00e1m\u00e1ra korl\u00e1toz\u00e1sok vannak, \u00edgy az utunkon csak uni\u00f3s covid-igazolv\u00e1nnyal lehet r\u00e9szt venni (ezt a jelentkez\u00e9skor m\u00e9g nem k\u00e9rj\u00fck). Els\u0151 r\u00e9szlet (50 eur\u00f3) fizet\u00e9se m\u00e1rcius k\u00f6zep\u00e9n.<\/p>\n<p><a href=\"http:\/\/geografie.ubbcluj.ro\/pages\/magyarfoldrajz\/wp-content\/uploads\/2022\/02\/zsombor1.jpg\"><img loading=\"lazy\" decoding=\"async\" class=\"alignnone size-full wp-image-2646\" src=\"http:\/\/geografie.ubbcluj.ro\/pages\/magyarfoldrajz\/wp-content\/uploads\/2022\/02\/zsombor1.jpg\" alt=\"\" width=\"1000\" height=\"650\" srcset=\"https:\/\/geografie.ubbcluj.ro\/pages\/magyarfoldrajz\/wp-content\/uploads\/2022\/02\/zsombor1.jpg 1000w, https:\/\/geografie.ubbcluj.ro\/pages\/magyarfoldrajz\/wp-content\/uploads\/2022\/02\/zsombor1-300x195.jpg 300w, https:\/\/geografie.ubbcluj.ro\/pages\/magyarfoldrajz\/wp-content\/uploads\/2022\/02\/zsombor1-768x499.jpg 768w, https:\/\/geografie.ubbcluj.ro\/pages\/magyarfoldrajz\/wp-content\/uploads\/2022\/02\/zsombor1-462x300.jpg 462w\" sizes=\"(max-width: 1000px) 100vw, 1000px\" \/><\/a><\/p>\n<p><a href=\"http:\/\/geografie.ubbcluj.ro\/pages\/magyarfoldrajz\/wp-content\/uploads\/2022\/02\/zsombor2.jpg\"><img loading=\"lazy\" decoding=\"async\" class=\"aligncenter size-full wp-image-2647\" src=\"http:\/\/geografie.ubbcluj.ro\/pages\/magyarfoldrajz\/wp-content\/uploads\/2022\/02\/zsombor2.jpg\" alt=\"\" width=\"1000\" height=\"650\" srcset=\"https:\/\/geografie.ubbcluj.ro\/pages\/magyarfoldrajz\/wp-content\/uploads\/2022\/02\/zsombor2.jpg 1000w, https:\/\/geografie.ubbcluj.ro\/pages\/magyarfoldrajz\/wp-content\/uploads\/2022\/02\/zsombor2-300x195.jpg 300w, https:\/\/geografie.ubbcluj.ro\/pages\/magyarfoldrajz\/wp-content\/uploads\/2022\/02\/zsombor2-768x499.jpg 768w, https:\/\/geografie.ubbcluj.ro\/pages\/magyarfoldrajz\/wp-content\/uploads\/2022\/02\/zsombor2-462x300.jpg 462w\" sizes=\"(max-width: 1000px) 100vw, 1000px\" \/><\/a><\/p>\n<p><a href=\"http:\/\/geografie.ubbcluj.ro\/pages\/magyarfoldrajz\/wp-content\/uploads\/2022\/02\/zsombor3.jpg\"><img loading=\"lazy\" decoding=\"async\" class=\"aligncenter size-full wp-image-2648\" src=\"http:\/\/geografie.ubbcluj.ro\/pages\/magyarfoldrajz\/wp-content\/uploads\/2022\/02\/zsombor3.jpg\" alt=\"\" width=\"1000\" height=\"650\" srcset=\"https:\/\/geografie.ubbcluj.ro\/pages\/magyarfoldrajz\/wp-content\/uploads\/2022\/02\/zsombor3.jpg 1000w, https:\/\/geografie.ubbcluj.ro\/pages\/magyarfoldrajz\/wp-content\/uploads\/2022\/02\/zsombor3-300x195.jpg 300w, https:\/\/geografie.ubbcluj.ro\/pages\/magyarfoldrajz\/wp-content\/uploads\/2022\/02\/zsombor3-768x499.jpg 768w, https:\/\/geografie.ubbcluj.ro\/pages\/magyarfoldrajz\/wp-content\/uploads\/2022\/02\/zsombor3-462x300.jpg 462w\" sizes=\"(max-width: 1000px) 100vw, 1000px\" \/><\/a><\/p>\n<p><a href=\"http:\/\/geografie.ubbcluj.ro\/pages\/magyarfoldrajz\/wp-content\/uploads\/2022\/02\/zsombor4.jpg\"><img loading=\"lazy\" decoding=\"async\" class=\"aligncenter size-full wp-image-2649\" src=\"http:\/\/geografie.ubbcluj.ro\/pages\/magyarfoldrajz\/wp-content\/uploads\/2022\/02\/zsombor4.jpg\" alt=\"\" width=\"1000\" height=\"650\" srcset=\"https:\/\/geografie.ubbcluj.ro\/pages\/magyarfoldrajz\/wp-content\/uploads\/2022\/02\/zsombor4.jpg 1000w, https:\/\/geografie.ubbcluj.ro\/pages\/magyarfoldrajz\/wp-content\/uploads\/2022\/02\/zsombor4-300x195.jpg 300w, https:\/\/geografie.ubbcluj.ro\/pages\/magyarfoldrajz\/wp-content\/uploads\/2022\/02\/zsombor4-768x499.jpg 768w, https:\/\/geografie.ubbcluj.ro\/pages\/magyarfoldrajz\/wp-content\/uploads\/2022\/02\/zsombor4-462x300.jpg 462w\" sizes=\"(max-width: 1000px) 100vw, 1000px\" \/><\/a><\/p>\n","protected":false},"excerpt":{"rendered":"<p>N\u00e9v: Sz\u00e9kelyf\u00f6ld Helyek sz\u00e1ma: X f\u0151 Id\u0151: 5 nap, 2022. h\u00f3nap X\u2013X Jelentkez\u00e9s: Sebesty\u00e9n Tiham\u00e9r (tihamer.sebestyen@ubbcluj.ro) Tant\u00e1rgy \/ t\u00e9ma: fenntarthat\u00f3 fejl\u0151d\u00e9s, t\u00e1rsadalomf\u00f6ldrajz Tanulm\u00e1nyi k\u00f6vetelm\u00e9ny: ??? Szervez\u0151: Sebesty\u00e9n Tiham\u00e9r Indul\u00e1s\u2013\u00e9rkez\u00e9s: Kolozsv\u00e1r Programok, helysz\u00ednek: K\u00f6rk\u00f6r\u00f6s gazdas\u00e1g (Sz\u00e9kelykereszt\u00far); fenntarthat\u00f3 z\u00f6ldhullad\u00e9k-gazd\u00e1lkod\u00e1s (L\u00f3kod); meg\u00fajul\u00f3 energia &hellip; <a class=\"more-link\" href=\"https:\/\/geografie.ubbcluj.ro\/pages\/magyarfoldrajz\/?page_id=2640\">Continue reading <span class=\"meta-nav\">&rarr;<\/span><\/a><\/p>\n","protected":false},"author":2,"featured_media":0,"parent":0,"menu_order":0,"comment_status":"closed","ping_status":"closed","template":"","meta":{"footnotes":""},"_links":{"self":[{"href":"https:\/\/geografie.ubbcluj.ro\/pages\/magyarfoldrajz\/index.php?rest_route=\/wp\/v2\/pages\/2640"}],"collection":[{"href":"https:\/\/geografie.ubbcluj.ro\/pages\/magyarfoldrajz\/index.php?rest_route=\/wp\/v2\/pages"}],"about":[{"href":"https:\/\/geografie.ubbcluj.ro\/pages\/magyarfoldrajz\/index.php?rest_route=\/wp\/v2\/types\/page"}],"author":[{"embeddable":true,"href":"https:\/\/geografie.ubbcluj.ro\/pages\/magyarfoldrajz\/index.php?rest_route=\/wp\/v2\/users\/2"}],"replies":[{"embeddable":true,"href":"https:\/\/geografie.ubbcluj.ro\/pages\/magyarfoldrajz\/index.php?rest_route=%2Fwp%2Fv2%2Fcomments&post=2640"}],"version-history":[{"count":6,"href":"https:\/\/geografie.ubbcluj.ro\/pages\/magyarfoldrajz\/index.php?rest_route=\/wp\/v2\/pages\/2640\/revisions"}],"predecessor-version":[{"id":2665,"href":"https:\/\/geografie.ubbcluj.ro\/pages\/magyarfoldrajz\/index.php?rest_route=\/wp\/v2\/pages\/2640\/revisions\/2665"}],"wp:attachment":[{"href":"https:\/\/geografie.ubbcluj.ro\/pages\/magyarfoldrajz\/index.php?rest_route=%2Fwp%2Fv2%2Fmedia&parent=2640"}],"curies":[{"name":"wp","href":"https:\/\/api.w.org\/{rel}","templated":true}]}}