{"id":2503,"date":"2021-04-27T19:19:01","date_gmt":"2021-04-27T19:19:01","guid":{"rendered":"http:\/\/geografie.ubbcluj.ro\/pages\/magyarfoldrajz\/?page_id=2503"},"modified":"2021-04-27T19:23:06","modified_gmt":"2021-04-27T19:23:06","slug":"turizmus-es-teruleti-fejlodes-szak","status":"publish","type":"page","link":"https:\/\/geografie.ubbcluj.ro\/pages\/magyarfoldrajz\/?page_id=2503","title":{"rendered":"Turizmus \u00e9s ter\u00fcleti fejl\u0151d\u00e9s szak"},"content":{"rendered":"<h3 style=\"text-align: center;\"><span style=\"color: #993300;\"><em><strong>Menedzseln\u00e9l uni\u00f3s p\u00e1ly\u00e1zatot?&nbsp;Milyen a ter\u00fcletfejleszt\u00e9si politika?&nbsp;Tanuln\u00e1l idegenvezet\u00e9st?&nbsp;V\u00e1llaln\u00e1l t\u00e9rk\u00e9pszerkeszt\u00e9st?<\/strong><\/em><\/span><\/h3>\n<p><strong><span style=\"color: #000000;\"><a href=\"http:\/\/geografie.ubbcluj.ro\/pages\/magyarfoldrajz\/wp-content\/uploads\/2021\/04\/3-msc-turterfejl.jpg\"><img loading=\"lazy\" decoding=\"async\" class=\"alignleft size-medium wp-image-2506\" src=\"http:\/\/geografie.ubbcluj.ro\/pages\/magyarfoldrajz\/wp-content\/uploads\/2021\/04\/3-msc-turterfejl-140x300.jpg\" alt=\"\" width=\"140\" height=\"300\" srcset=\"https:\/\/geografie.ubbcluj.ro\/pages\/magyarfoldrajz\/wp-content\/uploads\/2021\/04\/3-msc-turterfejl-140x300.jpg 140w, https:\/\/geografie.ubbcluj.ro\/pages\/magyarfoldrajz\/wp-content\/uploads\/2021\/04\/3-msc-turterfejl-768x1650.jpg 768w, https:\/\/geografie.ubbcluj.ro\/pages\/magyarfoldrajz\/wp-content\/uploads\/2021\/04\/3-msc-turterfejl-477x1024.jpg 477w, https:\/\/geografie.ubbcluj.ro\/pages\/magyarfoldrajz\/wp-content\/uploads\/2021\/04\/3-msc-turterfejl.jpg 1723w\" sizes=\"(max-width: 140px) 100vw, 140px\" \/><\/a>ALAPINF\u00d3K<\/span><\/strong><\/p>\n<p>Kolozsv\u00e1r \u2022 BBTE \u2022 magyar tagozat \u2022 turizmus \u00e9s ter\u00fcleti fejl\u0151d\u00e9s mesterszak (MSc) \u2022 akkredit\u00e1lt \u2022 2 \u00e9ves \u2022 nappali tagozat<\/p>\n<p><strong><span style=\"color: #000000;\">A K\u00c9PZ\u00c9S C\u00c9LJA<\/span><\/strong><\/p>\n<p>A turizmus \u00e9s ter\u00fcleti fejl\u0151d\u00e9s mesterszakon a h\u00e1rom alapk\u00e9pz\u00e9s\u00fcnk sor\u00e1n szerzett ismereteket b\u0151v\u00edti: egyr\u00e9szt turizmus, m\u00e1sr\u00e9szt ter\u00fcleti fejl\u0151d\u00e9s t\u00e9mak\u00f6rben. A turizmus \u00e1ltal\u00e1nos v\u00e1lfajai mellett itt lehet\u0151s\u00e9g ny\u00edlik szakosodottabb form\u00e1ban egy\u00e9b v\u00e1lfajok megismer\u00e9s\u00e9re (kultur\u00e1lis turizmus, eg\u00e9szs\u00e9gturizmus, rendezv\u00e9nyturizmus, sz\u00e1llodamenedzsment). A telep\u00fcl\u00e9s- \u00e9s ter\u00fcletfejleszt\u00e9s vonatkoz\u00e1s\u00e1ban a gyakorlatibb strat\u00e9giaalkot\u00e1s ir\u00e1ny\u00e1ba mozdulunk el. A term\u00e9szetf\u00f6ldrajzi alapismeretek tov\u00e1bb b\u0151v\u00fclnek a v\u00e9dett ter\u00fcletek menedzsmentj\u00e9nek megismer\u00e9s\u00e9vel, illetve a kl\u00edmav\u00e1ltoz\u00e1s kezel\u00e9si lehet\u0151s\u00e9geinek prezent\u00e1l\u00e1s\u00e1val.<\/p>\n<p><strong><span style=\"color: #000000;\">T\u00d6RT\u00c9NETE<\/span><\/strong><\/p>\n<p>A szak kor\u00e1bban egy\u00e9ves mesterszak volt, 2008-t\u00f3l k\u00e9t\u00e9ves k\u00e9pz\u00e9s.<\/p>\n<p><strong><span style=\"color: #000000;\">F\u0150BB TANT\u00c1RGYAK<\/span><\/strong><\/p>\n<p>Turizmus: idegenvezet\u00e9s, kultur\u00e1lis turizmus, turizmus hat\u00e1sa a k\u00f6rnyezetre, nemzetk\u00f6zi turisztikai rendszerek.<\/p>\n<p>Ter\u00fcleti fejl\u0151d\u00e9s: eur\u00f3pai fejleszt\u00e9si projektek menedzsmentje, ter\u00fcletrendez\u00e9si esettanulm\u00e1nyok, ter\u00fcletfejleszt\u00e9si strat\u00e9gi\u00e1k\/politik\u00e1k.<\/p>\n<p>Egy\u00e9b: t\u00e9rk\u00e9pszerkeszt\u00e9s, t\u00e9rinformatika, kvantitat\u00edv elemz\u00e9sek, \u00fczleti kommunik\u00e1ci\u00f3, szervezeti magatart\u00e1s.<\/p>\n<p>A k\u00e9pz\u00e9s kieg\u00e9sz\u00fcl a tan\u00e1rk\u00e9pes\u00edt\u00e9s m\u00e1sodik l\u00e9pcs\u0151j\u00e9vel, ami lehet\u0151s\u00e9get ad k\u00f6z\u00e9piskol\u00e1ban tan\u00edtani.<\/p>\n<p><strong><span style=\"color: #000000;\">JELENTKEZ\u0150K<\/span><\/strong><\/p>\n<p>E szakra olyan jelentkez\u0151ket v\u00e1runk, akik tov\u00e1bb folytatn\u00e1k tanulm\u00e1nyaikat: tanuln\u00e1nak idegenvezet\u00e9st, megismern\u00e9k a fejleszt\u00e9si projekteket, ter\u00fcletfejleszt\u00e9si politik\u00e1kat, szerkeszten\u00e9nek t\u00e9rk\u00e9peket. Tov\u00e1bb\u00e1 ki szeretn\u00e9k terjeszteni ismereteiket a turizmus-v\u00e1lfajok teljes palett\u00e1j\u00e1ra, meg szeretn\u00e9k ismerni a ter\u00fcletfejleszt\u00e9s\u2013kl\u00edmamenedzsment \u00e9s k\u00f6rnyezetv\u00e9delmi menedzsment kapcsolatrendszer\u00e9t.<\/p>\n<p><strong><span style=\"color: #000000;\">ELHELYEZKED\u00c9SI LEHET\u0150S\u00c9GEK<\/span><\/strong><\/p>\n<p>korm\u00e1nyzati szervek \u00e9s kirendelts\u00e9gek, \u00f6nkorm\u00e1nyzatok (ter\u00fcletfejleszt\u00e9s, v\u00e1rosrendez\u00e9s, vid\u00e9kfejleszt\u00e9s) \u2022 sz\u00e1lloda, vend\u00e9gl\u00e1t\u00e1s \u2022 utaz\u00e1si iroda, turisztikai \u00fcgyn\u00f6ks\u00e9g, idegenvezet\u0151 \u2022&nbsp; mag\u00e1nc\u00e9gek (p\u00e1ly\u00e1zati irod\u00e1k, logisztika, t\u00e9rk\u00e9p\u00e9sz, t\u00e9rinformatikus) \u2022 oktat\u00e1s (f\u00f6ldrajztan\u00e1r, kutat\u00f3)<\/p>\n","protected":false},"excerpt":{"rendered":"<p>Menedzseln\u00e9l uni\u00f3s p\u00e1ly\u00e1zatot?&nbsp;Milyen a ter\u00fcletfejleszt\u00e9si politika?&nbsp;Tanuln\u00e1l idegenvezet\u00e9st?&nbsp;V\u00e1llaln\u00e1l t\u00e9rk\u00e9pszerkeszt\u00e9st? ALAPINF\u00d3K Kolozsv\u00e1r \u2022 BBTE \u2022 magyar tagozat \u2022 turizmus \u00e9s ter\u00fcleti fejl\u0151d\u00e9s mesterszak (MSc) \u2022 akkredit\u00e1lt \u2022 2 \u00e9ves \u2022 nappali tagozat A K\u00c9PZ\u00c9S C\u00c9LJA A turizmus \u00e9s ter\u00fcleti fejl\u0151d\u00e9s mesterszakon a &hellip; <a class=\"more-link\" href=\"https:\/\/geografie.ubbcluj.ro\/pages\/magyarfoldrajz\/?page_id=2503\">Continue reading <span class=\"meta-nav\">&rarr;<\/span><\/a><\/p>\n","protected":false},"author":2,"featured_media":0,"parent":0,"menu_order":0,"comment_status":"closed","ping_status":"closed","template":"","meta":{"footnotes":""},"_links":{"self":[{"href":"https:\/\/geografie.ubbcluj.ro\/pages\/magyarfoldrajz\/index.php?rest_route=\/wp\/v2\/pages\/2503"}],"collection":[{"href":"https:\/\/geografie.ubbcluj.ro\/pages\/magyarfoldrajz\/index.php?rest_route=\/wp\/v2\/pages"}],"about":[{"href":"https:\/\/geografie.ubbcluj.ro\/pages\/magyarfoldrajz\/index.php?rest_route=\/wp\/v2\/types\/page"}],"author":[{"embeddable":true,"href":"https:\/\/geografie.ubbcluj.ro\/pages\/magyarfoldrajz\/index.php?rest_route=\/wp\/v2\/users\/2"}],"replies":[{"embeddable":true,"href":"https:\/\/geografie.ubbcluj.ro\/pages\/magyarfoldrajz\/index.php?rest_route=%2Fwp%2Fv2%2Fcomments&post=2503"}],"version-history":[{"count":4,"href":"https:\/\/geografie.ubbcluj.ro\/pages\/magyarfoldrajz\/index.php?rest_route=\/wp\/v2\/pages\/2503\/revisions"}],"predecessor-version":[{"id":2509,"href":"https:\/\/geografie.ubbcluj.ro\/pages\/magyarfoldrajz\/index.php?rest_route=\/wp\/v2\/pages\/2503\/revisions\/2509"}],"wp:attachment":[{"href":"https:\/\/geografie.ubbcluj.ro\/pages\/magyarfoldrajz\/index.php?rest_route=%2Fwp%2Fv2%2Fmedia&parent=2503"}],"curies":[{"name":"wp","href":"https:\/\/api.w.org\/{rel}","templated":true}]}}