{"id":225,"date":"2012-12-01T14:48:42","date_gmt":"2012-12-01T14:48:42","guid":{"rendered":"http:\/\/geografie.ubbcluj.ro\/pages\/magyarfoldrajz\/?page_id=225"},"modified":"2022-01-22T18:39:55","modified_gmt":"2022-01-22T18:39:55","slug":"blanka","status":"publish","type":"page","link":"https:\/\/geografie.ubbcluj.ro\/pages\/magyarfoldrajz\/?page_id=225","title":{"rendered":"Blanka"},"content":{"rendered":"<p><strong><a href=\"http:\/\/geografie.ubbcluj.ro\/pages\/magyarfoldrajz\/wp-content\/uploads\/2012\/12\/Blanka.jpg\"><img loading=\"lazy\" decoding=\"async\" class=\"alignright size-full wp-image-231\" title=\"Blanka\" src=\"http:\/\/geografie.ubbcluj.ro\/pages\/magyarfoldrajz\/wp-content\/uploads\/2012\/12\/Blanka.jpg\" alt=\"\" width=\"152\" height=\"193\" \/><\/a>N\u00e9v:<\/strong>\u00a0<strong>Bart\u00f3k Blanka<\/strong><\/p>\n<p><strong>V\u00e9gzetts\u00e9g:<\/strong>\u00a0 2005 \u2013 Hidro-klima er\u0151forr\u00e1sok integr\u00e1lt kezel\u00e9se MSc, F\u00f6ldrajz Kar, Babe\u015f-Bolyai Tudom\u00e1nyegyetem;<br \/>\n2004 \u2013 F\u00f6ldrajz szak, F\u00f6ldrajz Kar, Babe\u015f-Bolyai Tudom\u00e1nyegyetem<\/p>\n<p><strong>Nyelvismeret:<\/strong>\u00a0rom\u00e1n, angol<\/p>\n<p><strong>Munkak\u00f6r:<\/strong>\u00a0egyetemi docens<\/p>\n<p><strong>Munkahelyi telefonsz\u00e1m:\u00a0<\/strong>0264 &#8211; 592214 \/ 242<\/p>\n<p><strong>E-mail c\u00edm:<\/strong> <a href=\"mailto:bartokblanka@yahoo.com\">bartokblanka@yahoo.com<\/a>, blanka.bartok@ubbcluj.ro<\/p>\n<p><span style=\"color: #339966;\"><em><strong>\u00d6n\u00e9letrajz let\u00f6lt\u00e9se<\/strong><\/em><\/span><\/p>\n<p><strong>Oktat\u00e1si tev\u00e9kenys\u00e9g:<\/strong>\u00a0 meteorol\u00f3gia-klimatol\u00f3gia, v\u00e1rosklimatol\u00f3gia, meg\u00fajul\u00f3 energiaforr\u00e1sok, t\u00e1jf\u00f6ldrajz, biogeogr\u00e1fia, kock\u00e1zatos term\u00e9szeti jelens\u00e9gek, term\u00e9szetf\u00f6ldrajz kutat\u00e1sm\u00f3dszertana<\/p>\n<p><strong>Kutat\u00e1si ter\u00fclet:<\/strong>\u00a0 \u00e9ghajlattan, l\u00e9gk\u00f6ri sug\u00e1rz\u00e1s, napenergia felhaszn\u00e1l\u00e1s<\/p>\n<p><strong>Szakmai \u00e9s egy\u00e9b elismer\u00e9sek:<\/strong> Pro Sciencia Arany\u00e9rem<\/p>\n<p><strong>Legfontosabb publik\u00e1ci\u00f3k: <\/strong><br \/>\n1.\u00a0\u00a0\u00a0\u00a0\u00a0 Bartok Blanka, Mika J\u00e1nos , Imecs Zoltan-Ferenc, Tar K\u00e1roly, <em>Spatial distribution of cloudiness averages and tendencies over Europe, comparing visual and satellite observations, <\/em>12th International Multidisciplinary Scientific GeoConference SGEM 2012, Proceedings SGEM 2012, SGEM, 1314-2704, DOI: 10.5593\/SGEM2012\/S17.V4024, , 2012, P. 419-426<br \/>\n2.\u00a0\u00a0\u00a0\u00a0\u00a0 Bartok Blanka, Fara Laurentiu, Galbeaza Moraru Andrei, Diaconu Alexandru, <em>Estimation of a BIPV system performance based on solar radiation forecast models<\/em><em>,<\/em> EUROSUN 2012, Croatian Solar Energy Association , Editor: B. Frankovic, J.-O. Dalenback, 978-953-6886-20-3, CD, 2012,<br \/>\n3.\u00a0\u00a0\u00a0\u00a0\u00a0 Bartok Blanka, <em>Changes in solar energy availability for south-eastern Europe with respect to global warming <\/em><em>,<\/em> Phisics and Chemistry of the Earth, 35, 2010, P.63 \u2013 69<br \/>\n4.\u00a0\u00a0\u00a0\u00a0\u00a0 Bartok Blanka, <em>Changes In Different Type Of Clouds In South-Eastern Europe <\/em><em>In <\/em><em>Association With Climate Change <\/em>, Global Environmental Change: Challenges to Science and Society in Southeastern Europe, Springer Science+Business Media B.V, Dordrecht, Netherlands, Editor: Vesselin Alexandrov \u00b7 Martin Felix Gajdusek \u00b7 C. Gregory Knight \u00b7 Antoaneta Yotova , 2010, P. 65-73<\/p>\n<p><a href=\"http:\/\/geografie.ubbcluj.ro\/pages\/magyarfoldrajz\/adatok\/Pub_BB.pdf\"><span style=\"color: #339966;\"><em><strong>Publik\u00e1ci\u00f3k let\u00f6lt\u00e9se<\/strong><\/em><\/span><\/a><\/p>\n<p><span style=\"color: #0000ff;\"><a href=\"http:\/\/cholnoky.ro\/allamvizsgak\/B_Blanka.pdf\" target=\"_blank\" rel=\"noopener noreferrer\"><span style=\"color: #0000ff;\"><em><strong>Javasolt \u00e1llamvizsga t\u00e9m\u00e1k<\/strong><\/em><\/span><\/a><\/span><\/p>\n","protected":false},"excerpt":{"rendered":"<p>N\u00e9v:\u00a0Bart\u00f3k Blanka V\u00e9gzetts\u00e9g:\u00a0 2005 \u2013 Hidro-klima er\u0151forr\u00e1sok integr\u00e1lt kezel\u00e9se MSc, F\u00f6ldrajz Kar, Babe\u015f-Bolyai Tudom\u00e1nyegyetem; 2004 \u2013 F\u00f6ldrajz szak, F\u00f6ldrajz Kar, Babe\u015f-Bolyai Tudom\u00e1nyegyetem Nyelvismeret:\u00a0rom\u00e1n, angol Munkak\u00f6r:\u00a0egyetemi docens Munkahelyi telefonsz\u00e1m:\u00a00264 &#8211; 592214 \/ 242 E-mail c\u00edm: bartokblanka@yahoo.com, blanka.bartok@ubbcluj.ro \u00d6n\u00e9letrajz let\u00f6lt\u00e9se Oktat\u00e1si tev\u00e9kenys\u00e9g:\u00a0 &hellip; <a class=\"more-link\" href=\"https:\/\/geografie.ubbcluj.ro\/pages\/magyarfoldrajz\/?page_id=225\">Continue reading <span class=\"meta-nav\">&rarr;<\/span><\/a><\/p>\n","protected":false},"author":2,"featured_media":0,"parent":40,"menu_order":0,"comment_status":"closed","ping_status":"closed","template":"","meta":{"footnotes":""},"_links":{"self":[{"href":"https:\/\/geografie.ubbcluj.ro\/pages\/magyarfoldrajz\/index.php?rest_route=\/wp\/v2\/pages\/225"}],"collection":[{"href":"https:\/\/geografie.ubbcluj.ro\/pages\/magyarfoldrajz\/index.php?rest_route=\/wp\/v2\/pages"}],"about":[{"href":"https:\/\/geografie.ubbcluj.ro\/pages\/magyarfoldrajz\/index.php?rest_route=\/wp\/v2\/types\/page"}],"author":[{"embeddable":true,"href":"https:\/\/geografie.ubbcluj.ro\/pages\/magyarfoldrajz\/index.php?rest_route=\/wp\/v2\/users\/2"}],"replies":[{"embeddable":true,"href":"https:\/\/geografie.ubbcluj.ro\/pages\/magyarfoldrajz\/index.php?rest_route=%2Fwp%2Fv2%2Fcomments&post=225"}],"version-history":[{"count":19,"href":"https:\/\/geografie.ubbcluj.ro\/pages\/magyarfoldrajz\/index.php?rest_route=\/wp\/v2\/pages\/225\/revisions"}],"predecessor-version":[{"id":2623,"href":"https:\/\/geografie.ubbcluj.ro\/pages\/magyarfoldrajz\/index.php?rest_route=\/wp\/v2\/pages\/225\/revisions\/2623"}],"up":[{"embeddable":true,"href":"https:\/\/geografie.ubbcluj.ro\/pages\/magyarfoldrajz\/index.php?rest_route=\/wp\/v2\/pages\/40"}],"wp:attachment":[{"href":"https:\/\/geografie.ubbcluj.ro\/pages\/magyarfoldrajz\/index.php?rest_route=%2Fwp%2Fv2%2Fmedia&parent=225"}],"curies":[{"name":"wp","href":"https:\/\/api.w.org\/{rel}","templated":true}]}}