{"id":216,"date":"2012-11-28T22:58:51","date_gmt":"2012-11-28T22:58:51","guid":{"rendered":"http:\/\/geografie.ubbcluj.ro\/pages\/magyarfoldrajz\/?page_id=216"},"modified":"2022-01-22T18:40:30","modified_gmt":"2022-01-22T18:40:30","slug":"benedek","status":"publish","type":"page","link":"https:\/\/geografie.ubbcluj.ro\/pages\/magyarfoldrajz\/?page_id=216","title":{"rendered":"Benedek"},"content":{"rendered":"<p><strong>N\u00e9v:<\/strong>\u00a0<strong>Benedek J\u00f3zsef<\/strong><a href=\"http:\/\/geografie.ubbcluj.ro\/pages\/magyarfoldrajz\/wp-content\/uploads\/2012\/11\/jozsi1.jpg\"><img loading=\"lazy\" decoding=\"async\" class=\"alignright size-full wp-image-219\" title=\"Benedek J\u00f3zsef\" src=\"http:\/\/geografie.ubbcluj.ro\/pages\/magyarfoldrajz\/wp-content\/uploads\/2012\/11\/jozsi1.jpg\" alt=\"\" width=\"150\" height=\"200\" \/><\/a><\/p>\n<p><strong>V\u00e9gzetts\u00e9g:<\/strong>\u00a0 f\u00f6ldrajz-n\u00e9met nyelv \u00e9s irodalom, 1993<\/p>\n<p><strong>Tudom\u00e1nyos fokozat:<\/strong>\u00a0PhD<\/p>\n<p><strong>Nyelvismeret:<\/strong>\u00a0n\u00e9met, angol, spanyol<\/p>\n<p><strong>Munkak\u00f6r:<\/strong>\u00a0egyetemi tan\u00e1r<\/p>\n<p><strong>Munkahelyi telefonsz\u00e1m:<\/strong>\u00a00264 &#8211; 592214 \/ 218<\/p>\n<p><strong>E-mail c\u00edm:<\/strong>\u00a0jozsef.benedek@ubbcluj.ro<\/p>\n<p><strong>Weblap:<\/strong> <a href=\"http:\/\/benedek.adatbank.transindex.ro\/\" target=\"_blank\" rel=\"noopener noreferrer\">http:\/\/benedek.adatbank.transindex.ro<\/a><\/p>\n<p><span style=\"color: #339966;\"><a href=\"http:\/\/geografie.ubbcluj.ro\/pages\/magyarfoldrajz\/adatok\/CV_BJ.pdf\" target=\"_blank\" rel=\"noopener noreferrer\"><span style=\"color: #339966;\"><em><strong>\u00d6n\u00e9letrajz let\u00f6lt\u00e9se<\/strong><\/em><\/span><\/a><\/span><\/p>\n<p><strong>Oktat\u00e1si tev\u00e9kenys\u00e9g:<\/strong> Bevezet\u00e9s ter\u00fcletfejleszt\u00e9sbe, Ter\u00fcletfejleszt\u00e9si strat\u00e9gi\u00e1k<\/p>\n<p><strong>Kutat\u00e1si ter\u00fclet:<\/strong> Ter\u00fcletfejleszt\u00e9s, region\u00e1lis fejl\u0151d\u00e9s<\/p>\n<p><strong>Tiszts\u00e9gek:<\/strong> BBTE N\u00e9pess\u00e9gkutat\u00e1si K\u00f6zpont aligazgat\u00f3ja<\/p>\n<p><strong>Szakmai \u00e9s egy\u00e9b elismer\u00e9sek:<\/strong> Magyar Tudom\u00e1nyos Akad\u00e9mia IX. oszt\u00e1ly\u00e1nak k\u00fcls\u0151 tagja<\/p>\n<p><strong>K\u00fclf\u00f6ldi hivatalos tanulm\u00e1nyutak:<\/strong> Humboldt \u00f6szt\u00f6nd\u00edjas a W\u00fcrzburg-i Egyetemen, DAAD-\u00f6szt\u00f6nd\u00edj: Institut f\u00fcr Landerkunde Leipzig, T\u00fcbingen-i Egyetem<\/p>\n<p><strong>Legfontosabb publik\u00e1ci\u00f3k:<\/strong><\/p>\n<ol>\n<li>BENEDEK J. (2006) <em>Ter\u00fcletfejleszt\u00e9s \u00e9s region\u00e1lis fejl\u0151d\u00e9s<\/em>. Egyetemi Kiad\u00f3, Kolozsv\u00e1r.<\/li>\n<li>BENEDEK, J., BAKK, M. (ed.) (2010) <em>Politicile regionale \u00een Rom\u00e2nia<\/em>. Editura Polirom, Ia\u015fi.<\/li>\n<li>BENEDEK J. (2006) Raumplanung und Regionalentwicklung, in Kahl T., Metzeltin M., Ungureanu M.-R. (Eds) Rum\u00e4nien. Raum und Bev\u00f6lkerung. Geschichte und Geschichtsbilder. Kultur. Gesellschaft und Politik heute. Wirtschaft. Recht und Verfassung. Historische Regionen, pp. 105 \u2013 130. Lit Verlag, Wien, Berlin.<\/li>\n<li>BENEDEK J. (2008) The emergence of new regions in transition Romania, in: SCOTT, J. (Ed) <em>De-coding New Regionalism. Shifting Socio-political Contexts in Central Europe and Latin America<\/em>, pp. 233 \u2013 246. Ashgate. Urban and Regional Planning Series, Aldershot.<\/li>\n<li>BENEDEK J., HORV\u00c1TH R. (2008) Chapter 12, Romania, in: BAUN M, MAREK D., (Eds) <em>EU regional policy after enlargment,<\/em> 226 \u2013 247. Palgrave Macmillan, Basingstoke.<\/li>\n<li>BENEDEK J. (2006) European Integration and regionalisation in transition Romania, in Henkel, R. (Ed.) <em>South Eastern European countries on their way to Europe \u2013 geographical aspects<\/em>, pp. 101-109. Forum IfL, Heft 5, Leipzig.<\/li>\n<li>SCHULZ E., BENEDEK J., DRESCHER A., F\u0102RCA\u015e S., KLEMD R., PROTS B., SCHLEICHERT U., SCHREIBER W., TITTIZER T. (2005) Threat of mining and damage floods on River Tisza: Between catastrophes and management, <em>Archiv <\/em><em>f\u00fcr<\/em><em> Hydrobiologie<\/em> [<em>Fundamental and Applied Limnology<\/em>] 1-2, 129 &#8211; 170. IF: 1,324.<\/li>\n<li>BENEDEK J., JORDAN P. (2007) Administrative Dezentralisierung, Regionalisierung und Regionalismus in den Transformationsl\u00e4ndern am Beispiel Rum\u00e4niens, <em>Mitteilungen der \u00d6sterreichischen Geographischen Gesellschaft<\/em> 149 Jg., 81 &#8211; 108. IF: 0,839.<\/li>\n<li>M\u00c1T\u00c9, G., N\u00c9DA, Z., BENEDEK, J. (2011) Spring-block model reveals region-like structures. <em>PLoS ONE<\/em> 6 (2): e16518. doi: 10.1371\/journal.pone.0016518. IF: 4,3.<\/li>\n<\/ol>\n<ol start=\"7\">\n<li>BENEDEK, J., NAGY, E. (2008) Grundlagen grenz\u00fcberschreitender Kooperation in der Sathmarer Grenzregion, in: F\u00d6RSTER, H. (Hrs.) <em>Regionalisierung, Regionalismus und Regionalpolitik in S\u00fcdosteuropa,<\/em> 47-62, S\u00fcdosteuropa Jahrbuch 35, Verlag Otto Sagner, M\u00fcnchen.<\/li>\n<\/ol>\n<p><strong>Tudom\u00e1nymetriai adatok:<\/strong><\/p>\n<p>Saj\u00e1t k\u00f6zlem\u00e9nyek sz\u00e1ma: 116<br \/>\nId\u00e9zetek sz\u00e1ma: 101<br \/>\n\u00d6sszegzett impakt faktor: 6,827<\/p>\n<p><span style=\"color: #339966;\"><a href=\"http:\/\/geografie.ubbcluj.ro\/pages\/magyarfoldrajz\/adatok\/Pub_BJ.pdf\" target=\"_blank\" rel=\"noopener noreferrer\"><span style=\"color: #339966;\"><em><strong>Publik\u00e1ci\u00f3k let\u00f6lt\u00e9se<\/strong><\/em><\/span><\/a><\/span><\/p>\n<p><a href=\"http:\/\/cholnoky.ro\/allamvizsgak\/B_Jozsi.pdf\" target=\"_blank\" rel=\"noopener noreferrer\"><span style=\"color: #0000ff;\"><em><strong>Javasolt \u00e1llamvizsga t\u00e9m\u00e1k<\/strong><\/em><\/span><\/a><\/p>\n","protected":false},"excerpt":{"rendered":"<p>N\u00e9v:\u00a0Benedek J\u00f3zsef V\u00e9gzetts\u00e9g:\u00a0 f\u00f6ldrajz-n\u00e9met nyelv \u00e9s irodalom, 1993 Tudom\u00e1nyos fokozat:\u00a0PhD Nyelvismeret:\u00a0n\u00e9met, angol, spanyol Munkak\u00f6r:\u00a0egyetemi tan\u00e1r Munkahelyi telefonsz\u00e1m:\u00a00264 &#8211; 592214 \/ 218 E-mail c\u00edm:\u00a0jozsef.benedek@ubbcluj.ro Weblap: http:\/\/benedek.adatbank.transindex.ro \u00d6n\u00e9letrajz let\u00f6lt\u00e9se Oktat\u00e1si tev\u00e9kenys\u00e9g: Bevezet\u00e9s ter\u00fcletfejleszt\u00e9sbe, Ter\u00fcletfejleszt\u00e9si strat\u00e9gi\u00e1k Kutat\u00e1si ter\u00fclet: Ter\u00fcletfejleszt\u00e9s, region\u00e1lis fejl\u0151d\u00e9s Tiszts\u00e9gek: BBTE &hellip; <a class=\"more-link\" href=\"https:\/\/geografie.ubbcluj.ro\/pages\/magyarfoldrajz\/?page_id=216\">Continue reading <span class=\"meta-nav\">&rarr;<\/span><\/a><\/p>\n","protected":false},"author":2,"featured_media":0,"parent":40,"menu_order":0,"comment_status":"closed","ping_status":"closed","template":"","meta":{"footnotes":""},"_links":{"self":[{"href":"https:\/\/geografie.ubbcluj.ro\/pages\/magyarfoldrajz\/index.php?rest_route=\/wp\/v2\/pages\/216"}],"collection":[{"href":"https:\/\/geografie.ubbcluj.ro\/pages\/magyarfoldrajz\/index.php?rest_route=\/wp\/v2\/pages"}],"about":[{"href":"https:\/\/geografie.ubbcluj.ro\/pages\/magyarfoldrajz\/index.php?rest_route=\/wp\/v2\/types\/page"}],"author":[{"embeddable":true,"href":"https:\/\/geografie.ubbcluj.ro\/pages\/magyarfoldrajz\/index.php?rest_route=\/wp\/v2\/users\/2"}],"replies":[{"embeddable":true,"href":"https:\/\/geografie.ubbcluj.ro\/pages\/magyarfoldrajz\/index.php?rest_route=%2Fwp%2Fv2%2Fcomments&post=216"}],"version-history":[{"count":13,"href":"https:\/\/geografie.ubbcluj.ro\/pages\/magyarfoldrajz\/index.php?rest_route=\/wp\/v2\/pages\/216\/revisions"}],"predecessor-version":[{"id":2624,"href":"https:\/\/geografie.ubbcluj.ro\/pages\/magyarfoldrajz\/index.php?rest_route=\/wp\/v2\/pages\/216\/revisions\/2624"}],"up":[{"embeddable":true,"href":"https:\/\/geografie.ubbcluj.ro\/pages\/magyarfoldrajz\/index.php?rest_route=\/wp\/v2\/pages\/40"}],"wp:attachment":[{"href":"https:\/\/geografie.ubbcluj.ro\/pages\/magyarfoldrajz\/index.php?rest_route=%2Fwp%2Fv2%2Fmedia&parent=216"}],"curies":[{"name":"wp","href":"https:\/\/api.w.org\/{rel}","templated":true}]}}