{"id":2054,"date":"2018-12-17T18:39:26","date_gmt":"2018-12-17T18:39:26","guid":{"rendered":"http:\/\/geografie.ubbcluj.ro\/pages\/magyarfoldrajz\/?page_id=2054"},"modified":"2018-12-18T19:23:13","modified_gmt":"2018-12-18T19:23:13","slug":"tanulmanyutak-2019","status":"publish","type":"page","link":"https:\/\/geografie.ubbcluj.ro\/pages\/magyarfoldrajz\/?page_id=2054","title":{"rendered":"Tanulm\u00e1nyutak &#8211; 2019"},"content":{"rendered":"<h3 style=\"text-align: center;\"><span style=\"color: #800000;\"><strong>D\u00e9l-Alf\u00f6ld<\/strong><\/span><\/h3>\n<p><strong>Aj\u00e1nlott:<\/strong> Tur1, Tur2<\/p>\n<p><strong>Helyek sz\u00e1ma:<\/strong> 20 f\u0151<\/p>\n<p><strong>Id\u0151:<\/strong> 5 nap, 2019. \u00e1prilis 11\u201315.<\/p>\n<p><strong>Jelentkez\u00e9s:<\/strong> Talpas J\u00e1nos (<a href=\"mailto:talpasjanos@yahoo.com\">talpasjanos@yahoo.com<\/a>)<\/p>\n<p><strong>Tant\u00e1rgy \/ t\u00e9ma:<\/strong> Turizmusf\u00f6ldrajz, V\u00e1rosi turizmus, Rom\u00e1nia turizmusf\u00f6ldrajza.<\/p>\n<p><strong>Tanulm\u00e1nyi k\u00f6vetelm\u00e9ny:<\/strong> sz\u00f3beli vizsga \u00fat ut\u00e1n.<\/p>\n<p><strong>Szervez\u0151: Talpas J\u00e1nos<\/strong><\/p>\n<p>Helysz\u00ednek: Vajdahunyad, M\u00e9nes, Arad, Szeged, Szabadka, Orosh\u00e1za, Szentes, Gyop\u00e1rosf\u00fcrd\u0151 (f\u00fcrd\u0151l\u00e1togat\u00e1s).<\/p>\n<p>Sz\u00e1ll\u00e1s sz\u00e1llod\u00e1ban.<\/p>\n<p><strong>\u00c1r:<\/strong> 680 lej. Az \u00e1r tartalmazza a sz\u00e1ll\u00edt\u00e1st, a sz\u00e1ll\u00e1st, a reggelit, a bork\u00f3stol\u00e1s \u00e1r\u00e1t.<\/p>\n<p><strong>Jelentkez\u00e9s: 2018. december 22-ig, 200 lej el\u0151leg febru\u00e1r 28-ig, h\u00e1tral\u00e9k fizet\u00e9se \u00e1prilis 1-ig.<\/strong><\/p>\n<p>&nbsp;<\/p>\n<h3 style=\"text-align: center;\"><span style=\"color: #800000;\"><strong>G\u00f6r\u00f6gorsz\u00e1g<\/strong><\/span><\/h3>\n<p><strong>Aj\u00e1nlott:<\/strong> BSc1, BSc2<\/p>\n<p><strong>Helyek sz\u00e1ma:<\/strong> 58 f\u0151<\/p>\n<p><strong>Id\u0151:<\/strong> 9 nap, 2019. \u00e1prilis 21\u201330.<\/p>\n<p><strong>Jelentkez\u00e9s:<\/strong> M\u00e1th\u00e9 Andr\u00e1s (<span style=\"text-decoration: underline;\"><a href=\"mailto:matheandras@yahoo.com\">matheandras@yahoo.com<\/a>)<\/span><\/p>\n<p><strong>Tant\u00e1rgy \/ t\u00e9ma:<\/strong> Kult\u00fara \u00e9s civiliz\u00e1ci\u00f3, \u00c9p\u00edt\u00e9szet a turizmusban, Etnokultur\u00e1lis \u00f6vezetek turisztikai \u00e9rt\u00e9kes\u00edt\u00e9se, Szolg\u00e1ltat\u00e1sok a turizmusban, Idegenvezet\u00e9si gyakorlatok.<\/p>\n<p><strong>Tanulm\u00e1nyi k\u00f6vetelm\u00e9ny:<\/strong> \u00edr\u00e1sbeli \u00e9s sz\u00f3beli vizsga, helysz\u00ednek f\u00f6ldrajzi \u00e9s kultur\u00e1lis ismertet\u00e9se (\u00fat alatt, illetve azt k\u00f6vet\u0151en).<\/p>\n<p><strong>Szervez\u0151: M\u00e1th\u00e9 Andr\u00e1s<\/strong><\/p>\n<p>L\u00e1togat\u00e1st tesz\u00fcnk Thessaloniki v\u00e1ros\u00e1ban, az Ol\u00fcmposz Nemzeti Parkban t\u00far\u00e1zunk, megl\u00e1togatjuk az Enipeas szurdokv\u00f6lgyet, hagyom\u00e1nyos g\u00f6r\u00f6g hegyi falvakat l\u00e1togatunk az Ol\u00fcmpos lejt\u0151j\u00e9n (Litochoro, Paleios Panteleimonas), ell\u00e1togatunk az Edessa v\u00edzes\u00e9shez, Pella \u00e9s Vergina \u00f3kori maked\u00f3n k\u00f6zpontokat n\u00e9zz\u00fck meg, a vil\u00e1g\u00f6r\u00f6ks\u00e9g list\u00e1j\u00e1n szerepl\u0151 650 \u00e9ves Meteora kolostorokhoz kapaszkodunk fel, melyek sekresty\u00e9iben, k\u00f6nyvt\u00e1raiban az ortodox vall\u00e1s leg\u00e9rt\u00e9kesebb szellemi \u00e9s m\u0171v\u00e9szeti \u00f6r\u00f6ks\u00e9g\u00e9vel tal\u00e1lkozhatunk. Utunkat Delphi majd Ath\u00e9n v\u00e1ros\u00e1nak a megl\u00e1togat\u00e1s\u00e1val folytatjuk, ahol az Akropolisz \u00e9p\u00edtett \u00f6r\u00f6ks\u00e9ge illetve a turist\u00e1k k\u00f6r\u00e9ben k\u00f6zkedvelt Plaka ov\u00e1rosi negyed nem maradhat ki. Ezt k\u00f6vet\u0151en d\u00e9lebbre haladva a Peloponn\u00e9szoszi f\u00e9lsziget \u00f3kori csod\u00e1it l\u00e1togatjuk meg, a h\u00edres Epidauroszi g\u00f6r\u00f6g sz\u00ednh\u00e1zat, Korinthoszt, majd innen \u00e9szak-nyugat ir\u00e1nyba haladva k\u00f6rutunkat Korfu sziget\u00e9nek megl\u00e1togat\u00e1s\u00e1val z\u00e1rjuk, ahol term\u00e9szetesen a Sissi cs\u00e1sz\u00e1rn\u0151 palot\u00e1j\u00e1ba is ell\u00e1togatunk.<\/p>\n<p>Sz\u00e1ll\u00e1sok jellege: hosztel, apartman.<\/p>\n<p><strong>\u00c1r:<\/strong> 1100 lej. Az \u00e1r tartalmazza a 6 sz\u00e1ll\u00e1s, reggeli, busz, haj\u00f3 k\u00f6lts\u00e9geit.<\/p>\n<p><strong>Jelentkez\u00e9s janu\u00e1r 31-ig, 300 lej el\u0151leg febru\u00e1r 15-ig, t\u00faljelentkez\u00e9s eset\u00e9n iratkoz\u00e1si sorrend.<\/strong><\/p>\n<p><a href=\"http:\/\/geografie.ubbcluj.ro\/pages\/magyarfoldrajz\/wp-content\/uploads\/2018\/12\/andras1.jpg\"><img loading=\"lazy\" decoding=\"async\" class=\"aligncenter size-full wp-image-2055\" title=\"andras1\" src=\"http:\/\/geografie.ubbcluj.ro\/pages\/magyarfoldrajz\/wp-content\/uploads\/2018\/12\/andras1.jpg\" alt=\"\" width=\"800\" height=\"600\" \/><\/a><a href=\"http:\/\/geografie.ubbcluj.ro\/pages\/magyarfoldrajz\/wp-content\/uploads\/2018\/12\/andras2.jpg\"><img loading=\"lazy\" decoding=\"async\" class=\"aligncenter size-full wp-image-2056\" title=\"andras2\" src=\"http:\/\/geografie.ubbcluj.ro\/pages\/magyarfoldrajz\/wp-content\/uploads\/2018\/12\/andras2.jpg\" alt=\"\" width=\"800\" height=\"500\" \/><\/a><a href=\"http:\/\/geografie.ubbcluj.ro\/pages\/magyarfoldrajz\/wp-content\/uploads\/2018\/12\/andras3.jpg\"><img loading=\"lazy\" decoding=\"async\" class=\"aligncenter size-full wp-image-2057\" title=\"andras3\" src=\"http:\/\/geografie.ubbcluj.ro\/pages\/magyarfoldrajz\/wp-content\/uploads\/2018\/12\/andras3.jpg\" alt=\"\" width=\"760\" height=\"460\" \/><\/a><a href=\"http:\/\/geografie.ubbcluj.ro\/pages\/magyarfoldrajz\/wp-content\/uploads\/2018\/12\/andras4.jpg\"><img loading=\"lazy\" decoding=\"async\" class=\"aligncenter size-full wp-image-2058\" title=\"andras4\" src=\"http:\/\/geografie.ubbcluj.ro\/pages\/magyarfoldrajz\/wp-content\/uploads\/2018\/12\/andras4.jpg\" alt=\"\" width=\"800\" height=\"531\" \/><\/a><\/p>\n<p>&nbsp;<\/p>\n<h3 style=\"text-align: center;\"><span style=\"color: #800000;\"><strong>Eger \u00e9s k\u00f6rny\u00e9ke<\/strong><\/span><\/h3>\n<p><strong>Aj\u00e1nlott:<\/strong> BSc1, BSc2.<\/p>\n<p><strong>Helyek sz\u00e1ma:<\/strong> 45 f\u0151<\/p>\n<p><strong>Id\u0151:<\/strong> 5 nap, 2019. m\u00e1jus 13\u201317.<\/p>\n<p><strong>Jelentkez\u00e9s:<\/strong> T\u00f6r\u00f6k Ibolya (<a href=\"mailto:ibolyakurko@gmail.com\">ibolyakurko@gmail.com<\/a>)<\/p>\n<p><strong>Tant\u00e1rgy \/ t\u00e9ma:<\/strong> term\u00e9szeti \u00e9s t\u00e1rsadalmi, valamint a ter\u00fcletfejleszt\u00e9ssel \u00e9s eg\u00e9szs\u00e9gturizmussal kapcsolatos ismeretek elsaj\u00e1t\u00edt\u00e1sa.<\/p>\n<p><strong>Tanulm\u00e1nyi k\u00f6vetelm\u00e9ny:<\/strong> \u00edr\u00e1sbeli vizsga a kiadott szakirodalmi anyagb\u00f3l a terepgyakorlat kezdete el\u0151tti h\u00e9ten.<\/p>\n<p><strong>Szervez\u0151: T\u00f6r\u00f6k Ibolya<\/strong><\/p>\n<p>A terepgyakorlat Eger \u00e9s k\u00f6rny\u00e9k\u00e9nek (Egerszal\u00f3k, Szilv\u00e1sv\u00e1rad, Sirok, Di\u00f3sgy\u0151r, Miskolctapolca, Lillaf\u00fcred, Aggtelek), kultur\u00e1lis- (Egri v\u00e1r, sz\u00e9kesegyh\u00e1z, minaret, panoptikum, di\u00f3sgy\u0151ri v\u00e1r, egerszal\u00f3ki barlanglak\u00e1sok, szilv\u00e1sv\u00e1radi milleniumi kil\u00e1t\u00f3, k\u00f6z\u00e9pkori b\u00f6rt\u00f6nm\u00fazeum) \u00e9s f\u00fcrd\u0151turizmus\u00e1t (Eur\u00f3p\u00e1ban is egyed\u00fcl\u00e1ll\u00f3 term\u00e9szetes term\u00e1l- \u00e9s barlangf\u00fcrd\u0151 \u2013 Miskolctapolca, valamint a m\u00e9szk\u0151lerak\u00f3d\u00e1sok gy\u00f6ny\u00f6r\u0171 l\u00e1tv\u00e1ny\u00e1t ny\u00fajt\u00f3 Egerszal\u00f3k) mutatja be, k\u00fcl\u00f6n\u00f6s hangs\u00falyt fektetve a ter\u00fcleti fejl\u0151d\u00e9s elm\u00e9leti \u00e9s gyakorlati megval\u00f3s\u00edt\u00e1saira.<\/p>\n<p><strong>Program:<\/strong><\/p>\n<ol>\n<li>nap. Indul\u00e1s kora reggel, d\u00e9lut\u00e1ni \u00e9rkez\u00e9s Egerbe, sz\u00e1ll\u00e1s elfoglal\u00e1sa, a v\u00e1rosk\u00f6zpont f\u0151bb nevezetess\u00e9geinek megl\u00e1togat\u00e1sa (minaret, panoptikum, sz\u00e9kesegyh\u00e1z)<\/li>\n<li>nap. Aggteleki-cseppk\u0151barlang \u00e9s Szilv\u00e1sv\u00e1rad (milleniumi kil\u00e1t\u00f3, k\u00f6z\u00e9pkori b\u00f6rt\u00f6nm\u00fazeum)<\/li>\n<li>nap. Lillaf\u00fcred (s\u00e9ta Lillaf\u00fcreden, Palota sz\u00e1ll\u00f3, kisvas\u00fat\/Lillaf\u00fcredi libeg\u0151), Di\u00f3sgy\u0151r (pap\u00edrm\u00fazeum \u00e9s di\u00f3sgy\u0151ri v\u00e1r), Miskolctapolcai barlangf\u00fcrd\u0151\/Miskolc<\/li>\n<li>nap. Egri v\u00e1r, Egerszal\u00f3k (m\u00e9szk\u0151lerak\u00f3d\u00e1s \u00e9s barlanglak\u00e1sok), bork\u00f3stol\u00f3 Sz\u00e9passzonyok v\u00f6lgy\u00e9ben<\/li>\n<li>nap. Hazautaz\u00e1s (\u00fatban hazafele Maty\u00f3 m\u00fazeum Mez\u0151k\u00f6vesd)<\/li>\n<\/ol>\n<p>Sz\u00e1ll\u00e1s: panzi\u00f3ban.<\/p>\n<p><strong>\u00c1r:<\/strong> 400\u2013425 lej. Az \u00e1r tartalmazza az utaz\u00e1s \u00e9s sz\u00e1ll\u00e1s k\u00f6lts\u00e9geit, parkol\u00e1si d\u00edjat.<\/p>\n<p><strong>Jelentkez\u00e9s: febru\u00e1r 26-ig, 150 lej el\u0151leg befizet\u00e9s\u00e9vel.<\/strong><\/p>\n<p><a href=\"http:\/\/geografie.ubbcluj.ro\/pages\/magyarfoldrajz\/wp-content\/uploads\/2018\/12\/ibolya1.jpg\"><img loading=\"lazy\" decoding=\"async\" class=\"aligncenter size-full wp-image-2061\" title=\"ibolya1\" src=\"http:\/\/geografie.ubbcluj.ro\/pages\/magyarfoldrajz\/wp-content\/uploads\/2018\/12\/ibolya1.jpg\" alt=\"\" width=\"800\" height=\"510\" \/><\/a><\/p>\n<p><a href=\"http:\/\/geografie.ubbcluj.ro\/pages\/magyarfoldrajz\/wp-content\/uploads\/2018\/12\/ibolya2.jpg\"><img loading=\"lazy\" decoding=\"async\" class=\"aligncenter size-full wp-image-2062\" title=\"ibolya2\" src=\"http:\/\/geografie.ubbcluj.ro\/pages\/magyarfoldrajz\/wp-content\/uploads\/2018\/12\/ibolya2.jpg\" alt=\"\" width=\"800\" height=\"532\" \/><\/a>\u00a0<a href=\"http:\/\/geografie.ubbcluj.ro\/pages\/magyarfoldrajz\/wp-content\/uploads\/2018\/12\/ibolya3.jpg\"><img loading=\"lazy\" decoding=\"async\" class=\"aligncenter size-full wp-image-2063\" title=\"ibolya3\" src=\"http:\/\/geografie.ubbcluj.ro\/pages\/magyarfoldrajz\/wp-content\/uploads\/2018\/12\/ibolya3.jpg\" alt=\"\" width=\"800\" height=\"450\" \/><\/a><a href=\"http:\/\/geografie.ubbcluj.ro\/pages\/magyarfoldrajz\/wp-content\/uploads\/2018\/12\/ibolya31.jpg\"><img loading=\"lazy\" decoding=\"async\" class=\"aligncenter size-full wp-image-2065\" title=\"ibolya3\" src=\"http:\/\/geografie.ubbcluj.ro\/pages\/magyarfoldrajz\/wp-content\/uploads\/2018\/12\/ibolya31.jpg\" alt=\"\" width=\"800\" height=\"450\" \/><\/a><\/p>\n<p><a href=\"http:\/\/geografie.ubbcluj.ro\/pages\/magyarfoldrajz\/wp-content\/uploads\/2018\/12\/ibolya4.jpg\"><img loading=\"lazy\" decoding=\"async\" class=\"aligncenter size-full wp-image-2064\" title=\"ibolya4\" src=\"http:\/\/geografie.ubbcluj.ro\/pages\/magyarfoldrajz\/wp-content\/uploads\/2018\/12\/ibolya4.jpg\" alt=\"\" width=\"800\" height=\"524\" \/><\/a><\/p>\n<p>&nbsp;<\/p>\n<h3 style=\"text-align: center;\"><span style=\"color: #800000;\"><strong>D\u00e9li-K\u00e1rp\u00e1tok<\/strong><\/span><\/h3>\n<p><strong>Aj\u00e1nlott:<\/strong> BSc1, BSc2<\/p>\n<p><strong>Helyek sz\u00e1ma:<\/strong> 20 f\u0151<\/p>\n<p><strong>Id\u0151:<\/strong> 6 nap, 2019. m\u00e1jus 13\u201318.<\/p>\n<p><strong>Jelentkez\u00e9s:<\/strong> G\u00e1l Andrea (<a href=\"mailto:gal.andi@yahoo.com\">gal.andi@yahoo.com<\/a>), t\u00e1rgy: terep<\/p>\n<p><strong>Tant\u00e1rgy \/ t\u00e9ma:<\/strong> Geomorfol\u00f3gia, Karsztol\u00f3gia<\/p>\n<p><strong>Tanulm\u00e1nyi k\u00f6vetelm\u00e9ny:<\/strong> \u00edr\u00e1sbeli vizsga az \u00faton elhangzott ismeretekb\u0151l.<\/p>\n<p><strong>Szervez\u0151: G\u00e1l Andrea, Imecs Zolt\u00e1n<\/strong><\/p>\n<p><strong>Helysz\u00ednek, l\u00e1tnival\u00f3k<\/strong>: Kir\u00e1lyk\u0151-hegys\u00e9gre eml\u00e9keztet\u0151 Buila-V\u00e2nturari\u021ba-hegys\u00e9g, Cozia-hegys\u00e9g sziklaszirtjei, Rom\u00e1nia egyik legm\u00e9lyebb \u00e9s legvadabb szurdoka, a sz\u00e9d\u00fcletes Cheia-szurdok, a Doabre-v\u00f6lgy er\u0151teljesen megd\u0151lt r\u00e9tegeib\u0151l \u00e1ll\u00f3 \u00e9les gerincek (hogback-ek), adrenalind\u00fas Stan-szurdokv\u00f6lgy, Vidraru-v\u00edzt\u00e1roz\u00f3 (Fogarasi-havasok), Muierii \u00e9s\/vagy Polovragi-barlang, term\u00e1lf\u00fcrd\u0151 (pl. C\u0103ciulata-C\u0103lim\u0103ne\u0219ti) stb.<\/p>\n<p>Sz\u00e1ll\u00e1sok jellege: vend\u00e9gh\u00e1z, camping (h\u00e1zik\u00f3).<\/p>\n<p><strong>\u00c1r:<\/strong> 350\u2013400 lej (sz\u00e1ll\u00e1s, busz).<\/p>\n<p><strong>Jelentkez\u00e9s febru\u00e1r 15-ig, el\u0151leg: 200 lej febru\u00e1r 22-ig.<\/strong><\/p>\n<p><strong><span style=\"color: #800000;\"><em>Di\u00e1kok k\u00e9r\u00e9s\u00e9re az id\u0151ponton v\u00e1ltoztathatunk a jelentkez\u00e9sek f\u00fcggv\u00e9ny\u00e9ben (m\u00e1sodik opci\u00f3 m\u00e1jus 6-11, KMDSZ di\u00e1knapokkal egyszerre). Ennek \u00e9rtelm\u00e9ben a jelentkez\u0151k \u00edrj\u00e1k meg, hogy melyik h\u00e9t felelne meg nekik: csak m\u00e1jus 6-11, csak m\u00e1jus 13-18 vagy mindkett\u0151.<\/em><\/span><\/strong><\/p>\n<p><a href=\"http:\/\/geografie.ubbcluj.ro\/pages\/magyarfoldrajz\/wp-content\/uploads\/2018\/12\/andi1.jpg\"><img loading=\"lazy\" decoding=\"async\" class=\"aligncenter size-full wp-image-2067\" title=\"andi1\" src=\"http:\/\/geografie.ubbcluj.ro\/pages\/magyarfoldrajz\/wp-content\/uploads\/2018\/12\/andi1.jpg\" alt=\"\" width=\"800\" height=\"345\" \/><\/a><\/p>\n<p><a href=\"http:\/\/geografie.ubbcluj.ro\/pages\/magyarfoldrajz\/wp-content\/uploads\/2018\/12\/andi2.jpg\"><img loading=\"lazy\" decoding=\"async\" class=\"aligncenter size-full wp-image-2068\" title=\"andi2\" src=\"http:\/\/geografie.ubbcluj.ro\/pages\/magyarfoldrajz\/wp-content\/uploads\/2018\/12\/andi2.jpg\" alt=\"\" width=\"800\" height=\"600\" \/><\/a><a href=\"http:\/\/geografie.ubbcluj.ro\/pages\/magyarfoldrajz\/wp-content\/uploads\/2018\/12\/andi3.jpg\"><img loading=\"lazy\" decoding=\"async\" class=\"aligncenter size-full wp-image-2069\" title=\"andi3\" src=\"http:\/\/geografie.ubbcluj.ro\/pages\/magyarfoldrajz\/wp-content\/uploads\/2018\/12\/andi3.jpg\" alt=\"\" width=\"800\" height=\"461\" \/><\/a><a href=\"http:\/\/geografie.ubbcluj.ro\/pages\/magyarfoldrajz\/wp-content\/uploads\/2018\/12\/andi4.jpg\"><img loading=\"lazy\" decoding=\"async\" class=\"aligncenter size-full wp-image-2070\" title=\"andi4\" src=\"http:\/\/geografie.ubbcluj.ro\/pages\/magyarfoldrajz\/wp-content\/uploads\/2018\/12\/andi4.jpg\" alt=\"\" width=\"800\" height=\"449\" \/><\/a><\/p>\n<p>&nbsp;<\/p>\n<h3 style=\"text-align: center;\"><span style=\"color: #800000;\"><strong>K\u00e1rp\u00e1talja\u2013Gal\u00edcia\u2013Bukovina<\/strong><\/span><\/h3>\n<p><strong>Aj\u00e1nlott:<\/strong> BSc, MSc, volt hallgat\u00f3k stb.<\/p>\n<p><strong>Helyek sz\u00e1ma:<\/strong> 47 f\u0151<\/p>\n<p><strong>Id\u0151:<\/strong> 6 nap, 2019. m\u00e1jus 17\u201322.<\/p>\n<p><strong>Jelentkez\u00e9s:<\/strong> Bartos-Elekes Zsombor (<span style=\"text-decoration: underline;\">bezsombor@yahoo.com<\/span>)<\/p>\n<p><strong>Tant\u00e1rgy \/ t\u00e9ma:<\/strong> Nemzetk\u00f6zi turizmus, Eur\u00f3pa f\u00f6ldrajza.<\/p>\n<p><strong>Tanulm\u00e1nyi k\u00f6vetelm\u00e9ny:<\/strong> \u00edr\u00e1sbeli vizsga a kiadott ismertet\u0151b\u0151l az \u00fat ut\u00e1n.<\/p>\n<p><strong>Szervez\u0151: Bartos-Elekes Zsombor, Nemerk\u00e9nyi Zsombor (MTA, A F\u00f6ldg\u00f6mb)<\/strong><\/p>\n<p>Utunk sor\u00e1n a t\u0151l\u00fcnk \u00e9szakra fekv\u0151, m\u00e9ltatlanul mell\u0151z\u00f6tt vid\u00e9ket j\u00e1rjuk be. K\u00e1rp\u00e1talja a magyar, Gal\u00edcia a lengyel kir\u00e1lys\u00e1ghoz, illetve Bukovina Moldv\u00e1hoz tartozott \u00e9vsz\u00e1zadokon \u00e1t, majd az eg\u00e9sz ter\u00fclet az Osztr\u00e1k\u2013Magyar Monarchia r\u00e9sze lett, \u00e9s csak a m\u00e1sodik vil\u00e1gh\u00e1bor\u00fat k\u00f6vet\u0151en ker\u00fclt a Szovjetuni\u00f3hoz, jelenleg Ukrajna nyugati sark\u00e1t k\u00e9pezi (a szomsz\u00e9dos Pod\u00f3li\u00e1val \u00e9s Besszar\u00e1bi\u00e1val, amelyeket szint\u00e9n \u00e9rint\u00fcnk utunk sor\u00e1n).<\/p>\n<p>Az \u00c9szakkeleti-K\u00e1rp\u00e1tok l\u00e1tnival\u00f3it egy t\u00far\u00e1val fedezz\u00fck fel a M\u00e1ramaros-havasokban, a Tisza forr\u00e1svid\u00e9k\u00e9n; az Aknaszlatinai-s\u00f3karszt ter\u00fclet\u00e9n a bez\u00e1rt s\u00f3b\u00e1nya tavas szakad\u00e9kdolin\u00e1j\u00e1t n\u00e9zhetj\u00fck meg, illetve a strand s\u00f3s viz\u00e9nek fel\u00fclet\u00e9n lebeghet\u00fcnk; tov\u00e1bb\u00e1 k\u00fcl\u00f6nleges \u00e9lm\u00e9ny lesz f\u00fcr\u00f6dni R\u00f3naf\u00fcreden a patakparti, borv\u00edzzel teli, valahai lekv\u00e1rf\u0151z\u0151 \u00fcst\u00f6kben, amelyek alatt t\u0171z \u00e9g.<\/p>\n<p>A fordulatos t\u00f6rt\u00e9nelem sokr\u00e9t\u0171 \u00e9p\u00edtett \u00f6r\u00f6ks\u00e9get hagyott maga ut\u00e1n: e nyugatias sarokban tal\u00e1lhat\u00f3 az orsz\u00e1g vil\u00e1g\u00f6r\u00f6ks\u00e9geinek fele. M\u00edg a m\u00faltb\u00f3l k\u00f6z\u00e9p-eur\u00f3pai \u2013 k\u00f6zelebbr\u0151l magyar, lengyel, osztr\u00e1k, szl\u00e1v\/ruszin, rom\u00e1n, zsid\u00f3 \u00e9s \u00f6rm\u00e9ny vonatkoz\u00e1s\u00fa \u2013 eml\u00e9keket \u00e9rint\u00fcnk, addig a jelen kelet-eur\u00f3pai posztszovjet vil\u00e1g\u00e1nak meg\u00e9l\u00e9se szinte id\u0151utaz\u00e1ssal \u00e9r fel. K\u00e1rp\u00e1talj\u00e1n megl\u00e1togatjuk a R\u00e1k\u00f3cziak v\u00e1r\u00e1t Munk\u00e1cson, a m\u00e1sodik vil\u00e1gh\u00e1bor\u00fas \u00c1rp\u00e1d-vonal bunker\u00e9t Fels\u0151gerebenen, a kazett\u00e1s famennyezet\u0171 reform\u00e1tus templomot Csetfalv\u00e1n (esetleg az \u00c1rp\u00e1d-kori rotund\u00e1t Ger\u00e9nyen), a m\u00e1ramarosi hucul fatemplomot K\u0151r\u00f6smez\u0151n; Beregsz\u00e1szon a magyar f\u0151iskola f\u00f6ldrajzosaival ismerked\u00fcnk, meg\u00e1llunk a Vereckei-h\u00e1g\u00f3n. Gal\u00edci\u00e1ban Lemberg (Lviv) \u00f3v\u00e1ros\u00e1ban a lengyel renesz\u00e1nsz \u00e9s a monarchia szecesszi\u00f3ja domin\u00e1l, Bukovin\u00e1ban Csernovic (Cern\u0103u\u0163i) k\u00f6zpontj\u00e1ban a monarchia \u00e9p\u00fcletei rom\u00e1n vonatkoz\u00e1sokkal eg\u00e9sz\u00fclnek ki. A pod\u00f3liai Kamjanec \u00e9s a besszar\u00e1biai Hotin v\u00e1rai a lengyel\u2013oszm\u00e1n \u00fctk\u00f6z\u0151z\u00f3n\u00e1t vigy\u00e1zt\u00e1k egym\u00e1ssal szemben, k\u00e9s\u0151bb mindkett\u0151 a c\u00e1ri birodalom r\u00e9sze lett, az el\u0151bbi gazdag m\u00falt\u00fa \u00f3v\u00e1rosa \u00e9s v\u00e1ra egy foly\u00f3 hajt\u0171kanyarjainak sziklaszirtj\u00e9n \u00e1ll.<\/p>\n<p>Sz\u00e1ll\u00e1sok jellege: a K\u00e1rp\u00e1tokban panzi\u00f3 \u00e9s vend\u00e9gszoba magyar csal\u00e1dokn\u00e1l, reggelivel \u00e9s vacsor\u00e1val; a v\u00e1rosokban hosztel.<\/p>\n<p><strong>\u00c1r:<\/strong> 570 lej. Az \u00e1r tartalmazza a busz \u00e9s az 5 sz\u00e1ll\u00e1s k\u00f6lts\u00e9geit, 2 reggelit \u00e9s 2 vacsor\u00e1t.<\/p>\n<p><strong>Jelentkez\u00e9s: febru\u00e1r 21-ig. Helyfoglal\u00e1s 250 lej el\u0151leggel febru\u00e1r 25-\u00e9n.<\/strong><\/p>\n<p><a href=\"http:\/\/geografie.ubbcluj.ro\/pages\/magyarfoldrajz\/wp-content\/uploads\/2018\/12\/zsom1.jpg\"><img loading=\"lazy\" decoding=\"async\" class=\"aligncenter size-full wp-image-2072\" title=\"zsom1\" src=\"http:\/\/geografie.ubbcluj.ro\/pages\/magyarfoldrajz\/wp-content\/uploads\/2018\/12\/zsom1.jpg\" alt=\"\" width=\"800\" height=\"425\" \/><\/a><a href=\"http:\/\/geografie.ubbcluj.ro\/pages\/magyarfoldrajz\/wp-content\/uploads\/2018\/12\/zsom2.jpg\"><img loading=\"lazy\" decoding=\"async\" class=\"aligncenter size-full wp-image-2073\" title=\"zsom2\" src=\"http:\/\/geografie.ubbcluj.ro\/pages\/magyarfoldrajz\/wp-content\/uploads\/2018\/12\/zsom2.jpg\" alt=\"\" width=\"800\" height=\"425\" \/><\/a><a href=\"http:\/\/geografie.ubbcluj.ro\/pages\/magyarfoldrajz\/wp-content\/uploads\/2018\/12\/zsom3.jpg\"><img loading=\"lazy\" decoding=\"async\" class=\"aligncenter size-full wp-image-2074\" title=\"zsom3\" src=\"http:\/\/geografie.ubbcluj.ro\/pages\/magyarfoldrajz\/wp-content\/uploads\/2018\/12\/zsom3.jpg\" alt=\"\" width=\"800\" height=\"425\" \/><\/a><a href=\"http:\/\/geografie.ubbcluj.ro\/pages\/magyarfoldrajz\/wp-content\/uploads\/2018\/12\/zsom4.jpg\"><img loading=\"lazy\" decoding=\"async\" class=\"aligncenter size-full wp-image-2075\" title=\"zsom4\" src=\"http:\/\/geografie.ubbcluj.ro\/pages\/magyarfoldrajz\/wp-content\/uploads\/2018\/12\/zsom4.jpg\" alt=\"\" width=\"800\" height=\"425\" \/><\/a><\/p>\n<p>&nbsp;<\/p>\n","protected":false},"excerpt":{"rendered":"<p>D\u00e9l-Alf\u00f6ld Aj\u00e1nlott: Tur1, Tur2 Helyek sz\u00e1ma: 20 f\u0151 Id\u0151: 5 nap, 2019. \u00e1prilis 11\u201315. Jelentkez\u00e9s: Talpas J\u00e1nos (talpasjanos@yahoo.com) Tant\u00e1rgy \/ t\u00e9ma: Turizmusf\u00f6ldrajz, V\u00e1rosi turizmus, Rom\u00e1nia turizmusf\u00f6ldrajza. Tanulm\u00e1nyi k\u00f6vetelm\u00e9ny: sz\u00f3beli vizsga \u00fat ut\u00e1n. Szervez\u0151: Talpas J\u00e1nos Helysz\u00ednek: Vajdahunyad, M\u00e9nes, Arad, Szeged, &hellip; <a class=\"more-link\" href=\"https:\/\/geografie.ubbcluj.ro\/pages\/magyarfoldrajz\/?page_id=2054\">Continue reading <span class=\"meta-nav\">&rarr;<\/span><\/a><\/p>\n","protected":false},"author":4,"featured_media":0,"parent":0,"menu_order":0,"comment_status":"closed","ping_status":"closed","template":"","meta":{"footnotes":""},"_links":{"self":[{"href":"https:\/\/geografie.ubbcluj.ro\/pages\/magyarfoldrajz\/index.php?rest_route=\/wp\/v2\/pages\/2054"}],"collection":[{"href":"https:\/\/geografie.ubbcluj.ro\/pages\/magyarfoldrajz\/index.php?rest_route=\/wp\/v2\/pages"}],"about":[{"href":"https:\/\/geografie.ubbcluj.ro\/pages\/magyarfoldrajz\/index.php?rest_route=\/wp\/v2\/types\/page"}],"author":[{"embeddable":true,"href":"https:\/\/geografie.ubbcluj.ro\/pages\/magyarfoldrajz\/index.php?rest_route=\/wp\/v2\/users\/4"}],"replies":[{"embeddable":true,"href":"https:\/\/geografie.ubbcluj.ro\/pages\/magyarfoldrajz\/index.php?rest_route=%2Fwp%2Fv2%2Fcomments&post=2054"}],"version-history":[{"count":7,"href":"https:\/\/geografie.ubbcluj.ro\/pages\/magyarfoldrajz\/index.php?rest_route=\/wp\/v2\/pages\/2054\/revisions"}],"predecessor-version":[{"id":2086,"href":"https:\/\/geografie.ubbcluj.ro\/pages\/magyarfoldrajz\/index.php?rest_route=\/wp\/v2\/pages\/2054\/revisions\/2086"}],"wp:attachment":[{"href":"https:\/\/geografie.ubbcluj.ro\/pages\/magyarfoldrajz\/index.php?rest_route=%2Fwp%2Fv2%2Fmedia&parent=2054"}],"curies":[{"name":"wp","href":"https:\/\/api.w.org\/{rel}","templated":true}]}}