{"id":1897,"date":"2017-12-17T22:08:20","date_gmt":"2017-12-17T22:08:20","guid":{"rendered":"http:\/\/geografie.ubbcluj.ro\/pages\/magyarfoldrajz\/?page_id=1897"},"modified":"2017-12-17T22:33:52","modified_gmt":"2017-12-17T22:33:52","slug":"szakmai-gyakorlat-2018","status":"publish","type":"page","link":"https:\/\/geografie.ubbcluj.ro\/pages\/magyarfoldrajz\/?page_id=1897","title":{"rendered":"Szakmai gyakorlat &#8211; 2018"},"content":{"rendered":"<h2 style=\"text-align: center;\"><span style=\"color: #800000;\"><strong>Term\u00e9szetf\u00f6ldrajz<\/strong><\/span><\/h2>\n<p><strong>K\u00f6telez\u0151:<\/strong> F\u00f6ldr1, Terfejl1<\/p>\n<p><strong>Hely:<\/strong> Kolozsv\u00e1r \u00e9s k\u00f6rny\u00e9ke<\/p>\n<p><strong>Id\u0151:<\/strong> 8\u20139 nap (F\u00f6ldr1) \/ 7\u20138 nap (Terfejl1), kb. j\u00falius 13\u201323.<\/p>\n<p><strong>Oktat\u00f3k:<\/strong> Bartos-Elekes Zsombor, Czellecz Bogl\u00e1rka, G\u00e1l Andrea, Imecs Zolt\u00e1n<\/p>\n<p><strong>Tant\u00e1rgyak, t\u00e9mak\u00f6r\u00f6k:<\/strong> Geomorfol\u00f3gia, Hidrol\u00f3gia, Meteorol\u00f3gia \/ V\u00edzgy\u0171jt\u0151-rendez\u00e9s, T\u00e9rk\u00e9p\u00e9szet.<\/p>\n<p><strong>Tev\u00e9kenys\u00e9gek:<\/strong><\/p>\n<ul>\n<li>geomorfol\u00f3giai m\u00e9r\u00e9sek, dr\u00f3nos adatfelv\u00e9tel, glaci\u00e1lis domborzat (Kolozsv\u00e1r, Radnai-havasok, 2 nap)<\/li>\n<li>t\u00f3-batimetria, helysz\u00edni felv\u00e9telez\u00e9s \u00e9s digit\u00e1lis t\u00e9rk\u00e9pszerkeszt\u00e9s (Mikesi-t\u00f3, 2 nap) vagy v\u00edzhozam-m\u00e9r\u00e9s \u00e9s v\u00edzh\u00e1l\u00f3zat felv\u00e9telez\u00e9s (Havasrekettyei-v\u00edzes\u00e9s, 2 nap)<\/li>\n<li>felm\u00e9r\u00e9s, t\u00e1j\u00e9koz\u00f3d\u00e1s, helysz\u00ednel\u00e9s t\u00e9rk\u00e9ppel, GPS-szel (Kolozsv\u00e1r, B\u00fckk, 2\u20133 nap)<\/li>\n<li>csak F\u00f6ldr1 sz\u00e1m\u00e1ra: meteorol\u00f3giai automata\u00e1llom\u00e1s-m\u00e9r\u00e9s, adatfeldolgoz\u00e1s, meteorol\u00f3giai \u00e1llom\u00e1s l\u00e1togat\u00e1sa (Kolozsv\u00e1r, Vigy\u00e1z\u00f3, 2 nap)<\/li>\n<li>csak Terfejl1 sz\u00e1m\u00e1ra: v\u00edzer\u0151m\u0171, v\u00edztiszt\u00edt\u00f3-l\u00e1togat\u00e1s (Meleg-Szamos, 1 nap)<\/li>\n<\/ul>\n<p>\u00c1r: 120\u2013160 lej.<\/p>\n<p>Tanulm\u00e1nyi k\u00f6vetelm\u00e9ny: beadand\u00f3 feladatok, \u00edr\u00e1sbeli, sz\u00f3beli \u2026<\/p>\n<h2 style=\"text-align: center;\"><span style=\"color: #800000;\"><strong>T\u00e1rsadalomf\u00f6ldrajz\u2013ter\u00fcletfejleszt\u00e9s<\/strong><\/span><\/h2>\n<p><strong>K\u00f6telez\u0151:<\/strong> F\u00f6ldr2, Terfejl2<\/p>\n<p><strong>Hely:<\/strong> Kolozsv\u00e1r \u00e9s k\u00f6rny\u00e9ke<\/p>\n<p><strong>Id\u0151:<\/strong> kb. 7 nap, kb. j\u00falius 16\u201322.<\/p>\n<p><strong>Oktat\u00f3:<\/strong> Kov\u00e1cs Csaba, M\u00e1th\u00e9 Csongor, T\u00f6r\u00f6k Ibolya<\/p>\n<p><strong>Tant\u00e1rgyak, t\u00e9mak\u00f6r\u00f6k:<\/strong> N\u00e9pess\u00e9g- \u00e9s telep\u00fcl\u00e9sf\u00f6ldrajz, Kutat\u00e1sm\u00f3dszertan\/T\u00e1rsadalmi ank\u00e9t.<\/p>\n<p><strong>Tev\u00e9kenys\u00e9gek:<\/strong><\/p>\n<ul>\n<li>m\u00fazeuml\u00e1togat\u00e1s (Kolozsv\u00e1r, 1\u20132 nap), v\u00e1rosl\u00e1togat\u00e1s (Nagyv\u00e1rad, ill. Nagyb\u00e1nya vagy Gyulafeh\u00e9rv\u00e1r, 2 nap)<\/li>\n<li>barna\u00f6vezet, z\u00f6ldmez\u0151s beruh\u00e1z\u00e1sok (Kolozsv\u00e1r, 1 nap)<\/li>\n<li>k\u00e9rd\u0151\u00edvez\u00e9s \u00e9s interj\u00fak\u00e9sz\u00edt\u00e9s: mintav\u00e9tel, k\u00e9rd\u00e9st\u00edpusok, k\u00f3dol\u00e1s, adatfeldolgoz\u00e1s, struktur\u00e1lt \u00e9s f\u00e9l struktur\u00e1lt interj\u00fak (Kolozsv\u00e1r k\u00f6rny\u00e9ke, 2\u20133 nap)<\/li>\n<\/ul>\n<p><strong>\u00c1r:<\/strong> kb. 130 lej (sz\u00e1ll\u00e1s \u00e9s utaz\u00e1s)<\/p>\n<p><strong>Tanulm\u00e1nyi k\u00f6vetelm\u00e9ny:<\/strong> sz\u00f3beli \u00e9s \u00edr\u00e1sbeli vizsga a k\u00e9rd\u0151\u00edvek feldolgoz\u00e1s\u00e1b\u00f3l \u00e9s ki\u00e9rt\u00e9kel\u00e9s\u00e9b\u0151l a terepgyakorlat utols\u00f3 napj\u00e1n.<\/p>\n<h2 style=\"text-align: center;\"><span style=\"color: #800000;\"><strong>Turizmus 1<\/strong><\/span><\/h2>\n<p><strong>K\u00f6telez\u0151:<\/strong> Tur1<\/p>\n<p><strong>Hely:<\/strong> Kolozsv\u00e1r<\/p>\n<p><strong>Id\u0151:<\/strong> 7 nap, kb. j\u00falius\u2013augusztus.<\/p>\n<p><strong>Oktat\u00f3:<\/strong> Talpas J\u00e1nos<\/p>\n<p><strong>Tant\u00e1rgyak, t\u00e9mak\u00f6r\u00f6k:<\/strong> \u00c1ltal\u00e1nos turizmus, V\u00e1rosi turizmus, Rom\u00e1nia turizmusa.<\/p>\n<p><strong>\u00a0A.<\/strong> Sz\u00e1llodai gyakorlat, sz\u00e1llodai munkak\u00f6r\u00f6k megismer\u00e9se, j\u00falius 16\u201327 k\u00f6z\u00f6tt.<\/p>\n<p><strong>B.<\/strong> Utaz\u00e1si irodai tev\u00e9kenys\u00e9g, j\u00falius 16\u201327 k\u00f6z\u00f6tt.<\/p>\n<p><strong>C.<\/strong> Szakmai ismeretek elsaj\u00e1t\u00edt\u00e1sa v\u00e1rosi helysz\u00edneken (statisztikai adatgy\u0171jt\u00e9s, turisztikai \u00fatvonal tervez\u00e9se, t\u00fara\u00fatvonal felm\u00e9r\u00e9se, lev\u00e9lt\u00e1ri ismeretek), j\u00falius 16\u201322 k\u00f6z\u00f6tt.<\/p>\n<p><strong>D.<\/strong> Idegenvezet\u00e9s (H\u00e1zsong\u00e1rdi temet\u0151), j\u00falius 16\u201327 k\u00f6z\u00f6tt.<\/p>\n<p><strong>E.<\/strong> Idegenvezet\u00e9s (Szt. Mih\u00e1ly-templom tornya), augusztus 13\u201319 k\u00f6z\u00f6tt.<\/p>\n<p><strong>\u00c1r:<\/strong> ingyenes.<\/p>\n<p><strong>Tanulm\u00e1nyi k\u00f6vetelm\u00e9ny:<\/strong> \u00edr\u00e1sbeli.<\/p>\n<h2 style=\"text-align: center;\"><span style=\"color: #800000;\"><strong>Turizmus 2<\/strong><\/span><\/h2>\n<p><strong>K\u00f6telez\u0151:<\/strong> Tur2<\/p>\n<p><strong>Hely:<\/strong> Kolozsv\u00e1r (4 nap), Kalotaszeg vagy Sz\u00e1szf\u00f6ld (3 nap)<\/p>\n<p><strong>Id\u0151:<\/strong> 7 nap, 2018. j\u00falius 16\u201322.<\/p>\n<p><strong>Oktat\u00f3:<\/strong> M\u00e1th\u00e9 Andr\u00e1s<\/p>\n<p><strong>Tant\u00e1rgyak, t\u00e9mak\u00f6r\u00f6k:<\/strong> Szolg\u00e1ltat\u00e1sok a turizmusban, Idegenvezet\u00e9s, \u00c9p\u00edt\u00e9szet a turizmusban, Turizmus gazdas\u00e1gtan, Hotelmenedzsment, Etnokultur\u00e1lis \u00f6vezetek turisztikai \u00e9rt\u00e9kes\u00edt\u00e9se.<\/p>\n<p><strong>A.<\/strong> Kolozsv\u00e1r v\u00e1rosturisztikai potenci\u00e1lj\u00e1nak felm\u00e9r\u00e9se: objektumok l\u00e1togatotts\u00e1g\u00e1nak vizsg\u00e1lata, k\u00e9rd\u0151\u00edvez\u00e9s k\u00fclf\u00f6ldi turist\u00e1kkal, idegenvezet\u00e9s gyakorl\u00e1sa (4 nap); csillagt\u00fara Kalotaszegen (templomok \u00e9s v\u00e1rak l\u00e1togat\u00e1sa\/elemz\u00e9se) vagy Sz\u00e1szf\u00f6ld\u00f6n (falvak \u00e9s v\u00e1rosok \u00e9p\u00edt\u00e9szeti hagyom\u00e1nyainak, illetve szolg\u00e1ltat\u00f3 szektor\u00e1nak terepi elemz\u00e9se). (3 nap).<\/p>\n<p><strong>\u00c1r:<\/strong> 180 lej (busz, sz\u00e1ll\u00e1s).<\/p>\n<p><strong>Tanulm\u00e1nyi k\u00f6vetelm\u00e9ny:<\/strong> terepen val\u00f3 vizsg\u00e1z\u00e1s idegenvezet\u00e9s t\u00e9mak\u00f6rben; a vend\u00e9gl\u00e1t\u00f3ipari k\u00edn\u00e1lat szakmai kielemz\u00e9se, \u00f6sszehasonl\u00edt\u00e1sa.<\/p>\n<p><strong>B.<\/strong> Erasmus szakmai gyakorlat (max. 7 hallgat\u00f3).<\/p>\n<p><strong>C.<\/strong> Szakmai gyakorlat vend\u00e9gl\u00e1t\u00f3ipari egys\u00e9gekn\u00e9l (sz\u00e1lloda, utaz\u00e1si iroda \u2013 az egyetem \u00e1ltal szerz\u0151d\u00e9st biztos\u00edt\u00f3 egys\u00e9gekkel) (max. 10 hallgat\u00f3).<\/p>\n","protected":false},"excerpt":{"rendered":"<p>Term\u00e9szetf\u00f6ldrajz K\u00f6telez\u0151: F\u00f6ldr1, Terfejl1 Hely: Kolozsv\u00e1r \u00e9s k\u00f6rny\u00e9ke Id\u0151: 8\u20139 nap (F\u00f6ldr1) \/ 7\u20138 nap (Terfejl1), kb. j\u00falius 13\u201323. Oktat\u00f3k: Bartos-Elekes Zsombor, Czellecz Bogl\u00e1rka, G\u00e1l Andrea, Imecs Zolt\u00e1n Tant\u00e1rgyak, t\u00e9mak\u00f6r\u00f6k: Geomorfol\u00f3gia, Hidrol\u00f3gia, Meteorol\u00f3gia \/ V\u00edzgy\u0171jt\u0151-rendez\u00e9s, T\u00e9rk\u00e9p\u00e9szet. Tev\u00e9kenys\u00e9gek: geomorfol\u00f3giai m\u00e9r\u00e9sek, dr\u00f3nos &hellip; <a class=\"more-link\" href=\"https:\/\/geografie.ubbcluj.ro\/pages\/magyarfoldrajz\/?page_id=1897\">Continue reading <span class=\"meta-nav\">&rarr;<\/span><\/a><\/p>\n","protected":false},"author":2,"featured_media":0,"parent":464,"menu_order":0,"comment_status":"closed","ping_status":"closed","template":"","meta":{"footnotes":""},"_links":{"self":[{"href":"https:\/\/geografie.ubbcluj.ro\/pages\/magyarfoldrajz\/index.php?rest_route=\/wp\/v2\/pages\/1897"}],"collection":[{"href":"https:\/\/geografie.ubbcluj.ro\/pages\/magyarfoldrajz\/index.php?rest_route=\/wp\/v2\/pages"}],"about":[{"href":"https:\/\/geografie.ubbcluj.ro\/pages\/magyarfoldrajz\/index.php?rest_route=\/wp\/v2\/types\/page"}],"author":[{"embeddable":true,"href":"https:\/\/geografie.ubbcluj.ro\/pages\/magyarfoldrajz\/index.php?rest_route=\/wp\/v2\/users\/2"}],"replies":[{"embeddable":true,"href":"https:\/\/geografie.ubbcluj.ro\/pages\/magyarfoldrajz\/index.php?rest_route=%2Fwp%2Fv2%2Fcomments&post=1897"}],"version-history":[{"count":8,"href":"https:\/\/geografie.ubbcluj.ro\/pages\/magyarfoldrajz\/index.php?rest_route=\/wp\/v2\/pages\/1897\/revisions"}],"predecessor-version":[{"id":1927,"href":"https:\/\/geografie.ubbcluj.ro\/pages\/magyarfoldrajz\/index.php?rest_route=\/wp\/v2\/pages\/1897\/revisions\/1927"}],"up":[{"embeddable":true,"href":"https:\/\/geografie.ubbcluj.ro\/pages\/magyarfoldrajz\/index.php?rest_route=\/wp\/v2\/pages\/464"}],"wp:attachment":[{"href":"https:\/\/geografie.ubbcluj.ro\/pages\/magyarfoldrajz\/index.php?rest_route=%2Fwp%2Fv2%2Fmedia&parent=1897"}],"curies":[{"name":"wp","href":"https:\/\/api.w.org\/{rel}","templated":true}]}}