{"id":181,"date":"2012-11-26T17:51:23","date_gmt":"2012-11-26T17:51:23","guid":{"rendered":"http:\/\/geografie.ubbcluj.ro\/pages\/magyarfoldrajz\/?page_id=181"},"modified":"2014-01-12T23:08:46","modified_gmt":"2014-01-12T23:08:46","slug":"segedanyagok","status":"publish","type":"page","link":"https:\/\/geografie.ubbcluj.ro\/pages\/magyarfoldrajz\/?page_id=181","title":{"rendered":"Seg\u00e9danyagok"},"content":{"rendered":"<p>Ezen az oldalon oktat\u00e1si seg\u00e9danyagok \u00e9rhet\u0151k el, tant\u00e1rgyak szerint csoportos\u00edtva.<\/p>\n<p><span style=\"color: #0000ff;\"><a title=\"RS\" href=\"http:\/\/geografie.ubbcluj.ro\/pages\/magyarfoldrajz\/?page_id=844\" target=\"_blank\"><span style=\"color: #0000ff;\"><strong>T\u00e1v\u00e9rz\u00e9kel\u00e9s gyakorlatok<\/strong><\/span><\/a><\/span><\/p>\n<p><a title=\"GIS\" href=\"http:\/\/geografie.ubbcluj.ro\/pages\/magyarfoldrajz\/?page_id=858\" target=\"_blank\"><span style=\"color: #0000ff;\"><strong>T\u00e9rinformatika gyakorlatok<\/strong><\/span><\/a><\/p>\n<p>&nbsp;<\/p>\n","protected":false},"excerpt":{"rendered":"<p>Ezen az oldalon oktat\u00e1si seg\u00e9danyagok \u00e9rhet\u0151k el, tant\u00e1rgyak szerint csoportos\u00edtva. T\u00e1v\u00e9rz\u00e9kel\u00e9s gyakorlatok T\u00e9rinformatika gyakorlatok &nbsp;<\/p>\n","protected":false},"author":2,"featured_media":0,"parent":42,"menu_order":0,"comment_status":"closed","ping_status":"closed","template":"","meta":{"footnotes":""},"_links":{"self":[{"href":"https:\/\/geografie.ubbcluj.ro\/pages\/magyarfoldrajz\/index.php?rest_route=\/wp\/v2\/pages\/181"}],"collection":[{"href":"https:\/\/geografie.ubbcluj.ro\/pages\/magyarfoldrajz\/index.php?rest_route=\/wp\/v2\/pages"}],"about":[{"href":"https:\/\/geografie.ubbcluj.ro\/pages\/magyarfoldrajz\/index.php?rest_route=\/wp\/v2\/types\/page"}],"author":[{"embeddable":true,"href":"https:\/\/geografie.ubbcluj.ro\/pages\/magyarfoldrajz\/index.php?rest_route=\/wp\/v2\/users\/2"}],"replies":[{"embeddable":true,"href":"https:\/\/geografie.ubbcluj.ro\/pages\/magyarfoldrajz\/index.php?rest_route=%2Fwp%2Fv2%2Fcomments&post=181"}],"version-history":[{"count":9,"href":"https:\/\/geografie.ubbcluj.ro\/pages\/magyarfoldrajz\/index.php?rest_route=\/wp\/v2\/pages\/181\/revisions"}],"predecessor-version":[{"id":860,"href":"https:\/\/geografie.ubbcluj.ro\/pages\/magyarfoldrajz\/index.php?rest_route=\/wp\/v2\/pages\/181\/revisions\/860"}],"up":[{"embeddable":true,"href":"https:\/\/geografie.ubbcluj.ro\/pages\/magyarfoldrajz\/index.php?rest_route=\/wp\/v2\/pages\/42"}],"wp:attachment":[{"href":"https:\/\/geografie.ubbcluj.ro\/pages\/magyarfoldrajz\/index.php?rest_route=%2Fwp%2Fv2%2Fmedia&parent=181"}],"curies":[{"name":"wp","href":"https:\/\/api.w.org\/{rel}","templated":true}]}}