{"id":167,"date":"2012-11-26T17:37:51","date_gmt":"2012-11-26T17:37:51","guid":{"rendered":"http:\/\/geografie.ubbcluj.ro\/pages\/magyarfoldrajz\/?page_id=167"},"modified":"2019-09-25T11:52:08","modified_gmt":"2019-09-25T11:52:08","slug":"turizmusfoldrajz-szak","status":"publish","type":"page","link":"https:\/\/geografie.ubbcluj.ro\/pages\/magyarfoldrajz\/?page_id=167","title":{"rendered":"Turizmusf\u00f6ldrajz"},"content":{"rendered":"<p><span style=\"color: #800000;\"><strong>Turizmusf\u00f6ldrajz szakos di\u00e1kjaink a 2019-2020 tan\u00e9vben<\/strong><\/span><\/p>\n<p><strong>I. \u00e9v, \u00e9vfolyamvezet\u0151: Nagy Egon<\/strong><\/p>\n<table width=\"416\">\n<tbody>\n<tr>\n<td width=\"49\"><strong>Ssz.<\/strong><\/td>\n<td width=\"367\"><strong>N\u00e9v<\/strong><\/td>\n<\/tr>\n<tr>\n<td width=\"49\">1<\/td>\n<td width=\"367\">AP\u00c1CZAI TIMEA<\/td>\n<\/tr>\n<tr>\n<td width=\"49\">2<\/td>\n<td width=\"367\">BALOGH P\u00c9TER<\/td>\n<\/tr>\n<tr>\n<td width=\"49\">3<\/td>\n<td width=\"367\">BALOGH ZSUZSANNA<\/td>\n<\/tr>\n<tr>\n<td width=\"49\">4<\/td>\n<td width=\"367\">BARAB\u00c1S BOGL\u00c1RKA<\/td>\n<\/tr>\n<tr>\n<td width=\"49\">5<\/td>\n<td width=\"367\">BENK\u0150 KATINKA<\/td>\n<\/tr>\n<tr>\n<td width=\"49\">6<\/td>\n<td width=\"367\">BODO \u00c9VA<\/td>\n<\/tr>\n<tr>\n<td width=\"49\">7<\/td>\n<td width=\"367\">BOKOR NO\u00c9MI<\/td>\n<\/tr>\n<tr>\n<td width=\"49\">8<\/td>\n<td width=\"367\">BORB\u00c9LY R\u00d3BERT-ISTV\u00c1N<\/td>\n<\/tr>\n<tr>\n<td width=\"49\">9<\/td>\n<td width=\"367\">ELEK GYOP\u00c1R-EDINA<\/td>\n<\/tr>\n<tr>\n<td width=\"49\">10<\/td>\n<td width=\"367\">ERDEI TAM\u00c1S<\/td>\n<\/tr>\n<tr>\n<td width=\"49\">11<\/td>\n<td width=\"367\">F\u00c1BI\u00c1N ERZS\u00c9BET<\/td>\n<\/tr>\n<tr>\n<td width=\"49\">12<\/td>\n<td width=\"367\">FINNA SZIL\u00c1RD<\/td>\n<\/tr>\n<tr>\n<td width=\"49\">13<\/td>\n<td width=\"367\">G\u00c1L ZITA GY\u00d6NGYV\u00c9R<\/td>\n<\/tr>\n<tr>\n<td width=\"49\">14<\/td>\n<td width=\"367\">HOFFMANN WALTER<\/td>\n<\/tr>\n<tr>\n<td width=\"49\">15<\/td>\n<td width=\"367\">JANCS\u00d3 KRISZTA<\/td>\n<\/tr>\n<tr>\n<td width=\"49\">16<\/td>\n<td width=\"367\">KAMENITCZKY ANNA<\/td>\n<\/tr>\n<tr>\n<td width=\"49\">17<\/td>\n<td width=\"367\">KEDVES ZSUZSANNA-BERNADET<\/td>\n<\/tr>\n<tr>\n<td width=\"49\">18<\/td>\n<td width=\"367\">KEREKES PETRA<\/td>\n<\/tr>\n<tr>\n<td width=\"49\">19<\/td>\n<td width=\"367\">KISS INGRID<\/td>\n<\/tr>\n<tr>\n<td width=\"49\">20<\/td>\n<td width=\"367\">KOJAN HAJNALKA-ANDREA<\/td>\n<\/tr>\n<tr>\n<td width=\"49\">21<\/td>\n<td width=\"367\">KOV\u00c1CS KRIST\u00d3F<\/td>\n<\/tr>\n<tr>\n<td width=\"49\">22<\/td>\n<td width=\"367\">KOV\u00c1CS KRISZTINA-\u00c9VA<\/td>\n<\/tr>\n<tr>\n<td width=\"49\">23<\/td>\n<td width=\"367\">L\u00c1SZL\u00d3 ANITA<\/td>\n<\/tr>\n<tr>\n<td width=\"49\">24<\/td>\n<td width=\"367\">LENGYEL \u00c1GNES-BORB\u00c1LA<\/td>\n<\/tr>\n<tr>\n<td width=\"49\">25<\/td>\n<td width=\"367\">L\u0150RINCZ TAM\u00c1S<\/td>\n<\/tr>\n<tr>\n<td width=\"49\">26<\/td>\n<td width=\"367\">LUDVIG ULRIKE-ORSOLYA<\/td>\n<\/tr>\n<tr>\n<td width=\"49\">27<\/td>\n<td width=\"367\">MAKRANCZI KRISZTINA PRISZCILLA<\/td>\n<\/tr>\n<tr>\n<td width=\"49\">28<\/td>\n<td width=\"367\">MIKE M\u00d3NIKA<\/td>\n<\/tr>\n<tr>\n<td width=\"49\">29<\/td>\n<td width=\"367\">NAGY LAJOS HENRIK<\/td>\n<\/tr>\n<tr>\n<td width=\"49\">30<\/td>\n<td width=\"367\">NEDELKA HUNOR-L\u00c1SZL\u00d3<\/td>\n<\/tr>\n<tr>\n<td width=\"49\">31<\/td>\n<td width=\"367\">PAKU-FAZEKAS KITTY<\/td>\n<\/tr>\n<tr>\n<td width=\"49\">32<\/td>\n<td width=\"367\">P\u00c1LFI ROLAND-KRISZTIAN<\/td>\n<\/tr>\n<tr>\n<td width=\"49\">33<\/td>\n<td width=\"367\">PAP K\u00c1ROLY-R\u00d3BERT<\/td>\n<\/tr>\n<tr>\n<td width=\"49\">34<\/td>\n<td width=\"367\">REGHIAN ZAL\u00c1N<\/td>\n<\/tr>\n<tr>\n<td width=\"49\">35<\/td>\n<td width=\"367\">S\u00c1NDOR-HARMATH RICH\u00c1RD-ISTV\u00c1N<\/td>\n<\/tr>\n<tr>\n<td width=\"49\">36<\/td>\n<td width=\"367\">S\u00d3LYOM OTT\u00d3-ATTILA<\/td>\n<\/tr>\n<tr>\n<td width=\"49\">37<\/td>\n<td width=\"367\">SUHART SZIL\u00c1RD-R\u00d3BERT<\/td>\n<\/tr>\n<tr>\n<td width=\"49\">38<\/td>\n<td width=\"367\">S\u00dcK\u00d6SD TIMEA<\/td>\n<\/tr>\n<tr>\n<td width=\"49\">39<\/td>\n<td width=\"367\">SZ\u00c9KELY NORBERT<\/td>\n<\/tr>\n<tr>\n<td width=\"49\">40<\/td>\n<td width=\"367\">SZ\u0150CS KITTI<\/td>\n<\/tr>\n<tr>\n<td width=\"49\">41<\/td>\n<td width=\"367\">TODOR ANTONIA<\/td>\n<\/tr>\n<tr>\n<td width=\"49\">42<\/td>\n<td width=\"367\">T\u00d3KOS ISTV\u00c1N<\/td>\n<\/tr>\n<tr>\n<td width=\"49\">43<\/td>\n<td width=\"367\">T\u00d6VISSI ERIK-ENDRE<\/td>\n<\/tr>\n<tr>\n<td width=\"49\">44<\/td>\n<td width=\"367\">VARGA NO\u00c9MI-BE\u00c1TA<\/td>\n<\/tr>\n<\/tbody>\n<\/table>\n<p><strong>II. \u00e9v, \u00e9vfolyamvezet\u0151: M\u00e1th\u00e9 Andr\u00e1s<\/strong><\/p>\n<table width=\"361\">\n<tbody>\n<tr>\n<td width=\"49\"><strong>Ssz.<\/strong><\/td>\n<td width=\"311\"><strong>N\u00e9v<\/strong><\/td>\n<\/tr>\n<tr>\n<td width=\"49\">1<\/td>\n<td width=\"311\">ABRAHAM ZS\u00d3FIA-CSILLA<\/td>\n<\/tr>\n<tr>\n<td width=\"49\">2<\/td>\n<td width=\"311\">BACZ\u00d3 EMESE<\/td>\n<\/tr>\n<tr>\n<td width=\"49\">3<\/td>\n<td width=\"311\">B\u00c1LINTFI IVETT-\u00c9VA<\/td>\n<\/tr>\n<tr>\n<td width=\"49\">4<\/td>\n<td width=\"311\">BARTHA HUBA-SZIL\u00c1RD<\/td>\n<\/tr>\n<tr>\n<td width=\"49\">5<\/td>\n<td width=\"311\">B\u00c9K\u00c9SI RICH\u00c1RD<\/td>\n<\/tr>\n<tr>\n<td width=\"49\">6<\/td>\n<td width=\"311\">BOGA J\u00daLIA<\/td>\n<\/tr>\n<tr>\n<td width=\"49\">7<\/td>\n<td width=\"311\">DEM\u00c9NY KINGA-EM\u0150KE<\/td>\n<\/tr>\n<tr>\n<td width=\"49\">8<\/td>\n<td width=\"311\">DEMETER TAM\u00c1S<\/td>\n<\/tr>\n<tr>\n<td width=\"49\">9<\/td>\n<td width=\"311\">EGYED KAROLA<\/td>\n<\/tr>\n<tr>\n<td width=\"49\">10<\/td>\n<td width=\"311\">GY\u00d6RGYL\u0150RINCZ TIMEA<\/td>\n<\/tr>\n<tr>\n<td width=\"49\">11<\/td>\n<td width=\"311\">GYULAI JUDITH-ORSOLYA<\/td>\n<\/tr>\n<tr>\n<td width=\"49\">12<\/td>\n<td width=\"311\">HER\u00c9DI-F\u00dcSY TAM\u00c1S<\/td>\n<\/tr>\n<tr>\n<td width=\"49\">13<\/td>\n<td width=\"311\">HODOR M\u00c1RK<\/td>\n<\/tr>\n<tr>\n<td width=\"49\">14<\/td>\n<td width=\"311\">HORV\u00c1TH ZAL\u00c1N<\/td>\n<\/tr>\n<tr>\n<td width=\"49\">15<\/td>\n<td width=\"311\">HORV\u00c1TH MARIA-BERNADETTE<\/td>\n<\/tr>\n<tr>\n<td width=\"49\">16<\/td>\n<td width=\"311\">J\u00c1NOSI TIMEA<\/td>\n<\/tr>\n<tr>\n<td width=\"49\">17<\/td>\n<td width=\"311\">KAKOCZ FRUZSINA-ESZTER<\/td>\n<\/tr>\n<tr>\n<td width=\"49\">18<\/td>\n<td width=\"311\">K\u00c1LI SZIL\u00c1RD-SZABOLCS<\/td>\n<\/tr>\n<tr>\n<td width=\"49\">19<\/td>\n<td width=\"311\">KELEMEN KATALIN-LINDA<\/td>\n<\/tr>\n<tr>\n<td width=\"49\">20<\/td>\n<td width=\"311\">KETESDI D\u00c1VID<\/td>\n<\/tr>\n<tr>\n<td width=\"49\">21<\/td>\n<td width=\"311\">KIS S\u00c1NDOR-ATTILA<\/td>\n<\/tr>\n<tr>\n<td width=\"49\">22<\/td>\n<td width=\"311\">KOCSIS ANDREA<\/td>\n<\/tr>\n<tr>\n<td width=\"49\">23<\/td>\n<td width=\"311\">K\u0150M\u0150CSI PANNA<\/td>\n<\/tr>\n<tr>\n<td width=\"49\">24<\/td>\n<td width=\"311\">L\u00c1SZL\u00d3 SZIL\u00c1RD-TAM\u00c1S<\/td>\n<\/tr>\n<tr>\n<td width=\"49\">25<\/td>\n<td width=\"311\">MAK\u00d3 HUNOR<\/td>\n<\/tr>\n<tr>\n<td width=\"49\">26<\/td>\n<td width=\"311\">MARTON NORBERT-ATTILA<\/td>\n<\/tr>\n<tr>\n<td width=\"49\">27<\/td>\n<td width=\"311\">NAGY ORSOLYA-NO\u00c9MI<\/td>\n<\/tr>\n<tr>\n<td width=\"49\">28<\/td>\n<td width=\"311\">NAGY-BIR\u00d3 CSENGE<\/td>\n<\/tr>\n<tr>\n<td width=\"49\">29<\/td>\n<td width=\"311\">ORB\u00c1N P\u00c9TER<\/td>\n<\/tr>\n<tr>\n<td width=\"49\">30<\/td>\n<td width=\"311\">P\u00c1LFI BE\u00c1TA<\/td>\n<\/tr>\n<tr>\n<td width=\"49\">31<\/td>\n<td width=\"311\">PATAKI SZILVESZTER<\/td>\n<\/tr>\n<tr>\n<td width=\"49\">32<\/td>\n<td width=\"311\">PAVEL ERIK<\/td>\n<\/tr>\n<tr>\n<td width=\"49\">33<\/td>\n<td width=\"311\">POP EMESE<\/td>\n<\/tr>\n<tr>\n<td width=\"49\">34<\/td>\n<td width=\"311\">RUZSA ISTV\u00c1N<\/td>\n<\/tr>\n<tr>\n<td width=\"49\">35<\/td>\n<td width=\"311\">S\u00c1NDOR ZAL\u00c1N<\/td>\n<\/tr>\n<tr>\n<td width=\"49\">36<\/td>\n<td width=\"311\">SO\u00d3S \u00c9VA-BEATRIX<\/td>\n<\/tr>\n<tr>\n<td width=\"49\">37<\/td>\n<td width=\"311\">SZ\u0150CS P\u00c9TER-L\u00c1SZL\u00d3<\/td>\n<\/tr>\n<tr>\n<td width=\"49\">38<\/td>\n<td width=\"311\">SZ\u0170CS ZITA &#8211; N\u00d3RA<\/td>\n<\/tr>\n<tr>\n<td width=\"49\">39<\/td>\n<td width=\"311\">T\u00d6R\u00d6K J\u00c1CINT-ISTV\u00c1N<\/td>\n<\/tr>\n<tr>\n<td width=\"49\">40<\/td>\n<td width=\"311\">ZIER ARNOLD-L\u00c1SZL\u00d3<\/td>\n<\/tr>\n<\/tbody>\n<\/table>\n<p><strong>III. \u00e9v, \u00e9vfolyamvezet\u0151: Talpas J\u00e1nos<\/strong><\/p>\n<table width=\"361\">\n<tbody>\n<tr>\n<td width=\"49\"><strong>Ssz.<\/strong><\/td>\n<td width=\"311\"><strong>N\u00e9v<\/strong><\/td>\n<\/tr>\n<tr>\n<td width=\"49\">1<\/td>\n<td width=\"311\">BAKK TAM\u00c1S<\/td>\n<\/tr>\n<tr>\n<td width=\"49\">2<\/td>\n<td width=\"311\">BALINT \u00c1D\u00c1M<\/td>\n<\/tr>\n<tr>\n<td width=\"49\">3<\/td>\n<td width=\"311\">B\u00c1LINT KRISZTINA-DALMA<\/td>\n<\/tr>\n<tr>\n<td width=\"49\">4<\/td>\n<td width=\"311\">BALL\u00d3 \u00c1D\u00c1M<\/td>\n<\/tr>\n<tr>\n<td width=\"49\">5<\/td>\n<td width=\"311\">BARICZ ANETTA<\/td>\n<\/tr>\n<tr>\n<td width=\"49\">6<\/td>\n<td width=\"311\">B\u00c1THORI BERNADETT-ILDIK\u00d3<\/td>\n<\/tr>\n<tr>\n<td width=\"49\">7<\/td>\n<td width=\"311\">BEDER OTTILIA<\/td>\n<\/tr>\n<tr>\n<td width=\"49\">8<\/td>\n<td width=\"311\">BENEDEK BERNADETTE<\/td>\n<\/tr>\n<tr>\n<td width=\"49\">9<\/td>\n<td width=\"311\">CSIZA-JO\u00d3S SZIL\u00c1RD<\/td>\n<\/tr>\n<tr>\n<td width=\"49\">10<\/td>\n<td width=\"311\">CSIZM\u00c1R OTT\u00d3<\/td>\n<\/tr>\n<tr>\n<td width=\"49\">11<\/td>\n<td width=\"311\">D\u00c1VID ANDREA<\/td>\n<\/tr>\n<tr>\n<td width=\"49\">12<\/td>\n<td width=\"311\">DE\u00c1K CSILLA-SZID\u00d3NIA<\/td>\n<\/tr>\n<tr>\n<td width=\"49\">13<\/td>\n<td width=\"311\">DOMOKOS NO\u00c9MI-B\u00c9ATA<\/td>\n<\/tr>\n<tr>\n<td width=\"49\">14<\/td>\n<td width=\"311\">FANCSALI N\u00d3RA<\/td>\n<\/tr>\n<tr>\n<td width=\"49\">15<\/td>\n<td width=\"311\">FARKAS KRISZTINA-BIANKA<\/td>\n<\/tr>\n<tr>\n<td width=\"49\">16<\/td>\n<td width=\"311\">FURU REN\u00c1TA-MELINDA<\/td>\n<\/tr>\n<tr>\n<td width=\"49\">17<\/td>\n<td width=\"311\">GAZDAG KATALIN<\/td>\n<\/tr>\n<tr>\n<td width=\"49\">18<\/td>\n<td width=\"311\">HAL\u00c1SZ HENRIETTA<\/td>\n<\/tr>\n<tr>\n<td width=\"49\">19<\/td>\n<td width=\"311\">HATVANI NO\u00c9MI-EVELIN<\/td>\n<\/tr>\n<tr>\n<td width=\"49\">20<\/td>\n<td width=\"311\">IANK\u00d3 HENRIETTA-BABET<\/td>\n<\/tr>\n<tr>\n<td width=\"49\">21<\/td>\n<td width=\"311\">J\u00c1NOS SZIL\u00c1RD<\/td>\n<\/tr>\n<tr>\n<td width=\"49\">22<\/td>\n<td width=\"311\">KONDR\u00c1T HENRIETTA<\/td>\n<\/tr>\n<tr>\n<td width=\"49\">23<\/td>\n<td width=\"311\">KRIVOSIK TAM\u00c1S-ZOLT\u00c1N<\/td>\n<\/tr>\n<tr>\n<td width=\"49\">24<\/td>\n<td width=\"311\">KUN \u00c1D\u00c1M<\/td>\n<\/tr>\n<tr>\n<td width=\"49\">25<\/td>\n<td width=\"311\">LAKATOS BOGL\u00c1RKA-GABRIELLA<\/td>\n<\/tr>\n<tr>\n<td width=\"49\">26<\/td>\n<td width=\"311\">LUK\u00c1CS ORSOLYA<\/td>\n<\/tr>\n<tr>\n<td width=\"49\">27<\/td>\n<td width=\"311\">MAGYAROSY KINGA-BEATRIX<\/td>\n<\/tr>\n<tr>\n<td width=\"49\">28<\/td>\n<td width=\"311\">MAJOR L\u00c1SZL\u00d3<\/td>\n<\/tr>\n<tr>\n<td width=\"49\">29<\/td>\n<td width=\"311\">MALDACKER TAM\u00c1S-GY\u00d6RGY<\/td>\n<\/tr>\n<tr>\n<td width=\"49\">30<\/td>\n<td width=\"311\">M\u00c9SZ\u00c1ROS BOGL\u00c1RKA-\u00c1GNES<\/td>\n<\/tr>\n<tr>\n<td width=\"49\">31<\/td>\n<td width=\"311\">ORB\u00c1N ANITA<\/td>\n<\/tr>\n<tr>\n<td width=\"49\">32<\/td>\n<td width=\"311\">OSV\u00c1TH R\u00c9KA<\/td>\n<\/tr>\n<tr>\n<td width=\"49\">33<\/td>\n<td width=\"311\">P\u00c9TER HANNA<\/td>\n<\/tr>\n<tr>\n<td width=\"49\">34<\/td>\n<td width=\"311\">PINK HENRIETTA<\/td>\n<\/tr>\n<tr>\n<td width=\"49\">35<\/td>\n<td width=\"311\">S\u00c1RIG ANDREA<\/td>\n<\/tr>\n<tr>\n<td width=\"49\">36<\/td>\n<td width=\"311\">SCHILLER ADOLF-BERN\u00c1T<\/td>\n<\/tr>\n<tr>\n<td width=\"49\">37<\/td>\n<td width=\"311\">SOLOMON EFRAIM-R\u00d3BERT<\/td>\n<\/tr>\n<tr>\n<td width=\"49\">38<\/td>\n<td width=\"311\">SUBA DENISSE-PATR\u00cdCIA<\/td>\n<\/tr>\n<tr>\n<td width=\"49\">39<\/td>\n<td width=\"311\">S\u00dcT\u0150 \u00c1KOS<\/td>\n<\/tr>\n<tr>\n<td width=\"49\">40<\/td>\n<td width=\"311\">SZAB\u00d3 ALP\u00c1R-ATTILA<\/td>\n<\/tr>\n<tr>\n<td width=\"49\">41<\/td>\n<td width=\"311\">SZ\u00c9KELY T\u00dcNDE-REN\u00c1TA<\/td>\n<\/tr>\n<tr>\n<td width=\"49\">42<\/td>\n<td width=\"311\">VAIDA CYNTHIA-BIANCA<\/td>\n<\/tr>\n<tr>\n<td width=\"49\">43<\/td>\n<td width=\"311\">VALKAI-IANI TIMEA<\/td>\n<\/tr>\n<tr>\n<td width=\"49\">44<\/td>\n<td width=\"311\">VARGA JULIA-ORSOLYA<\/td>\n<\/tr>\n<tr>\n<td width=\"49\">45<\/td>\n<td width=\"311\">VERES INGRID<\/td>\n<\/tr>\n<tr>\n<td width=\"49\">46<\/td>\n<td width=\"311\">VINCZE MARK-TAM\u00c1S<\/td>\n<\/tr>\n<tr>\n<td width=\"49\">47<\/td>\n<td width=\"311\">ZOLCS\u00c1K BRIGITTA-ERZS\u00c9BET<\/td>\n<\/tr>\n<\/tbody>\n<\/table>\n<table border=\"0\" width=\"276\" cellspacing=\"0\" cellpadding=\"0\">\n<colgroup>\n<col width=\"51\" \/>\n<col width=\"100\" \/>\n<col width=\"125\" \/><\/colgroup>\n<\/table>\n","protected":false},"excerpt":{"rendered":"<p>Turizmusf\u00f6ldrajz szakos di\u00e1kjaink a 2019-2020 tan\u00e9vben I. \u00e9v, \u00e9vfolyamvezet\u0151: Nagy Egon Ssz. N\u00e9v 1 AP\u00c1CZAI TIMEA 2 BALOGH P\u00c9TER 3 BALOGH ZSUZSANNA 4 BARAB\u00c1S BOGL\u00c1RKA 5 BENK\u0150 KATINKA 6 BODO \u00c9VA 7 BOKOR NO\u00c9MI 8 BORB\u00c9LY R\u00d3BERT-ISTV\u00c1N 9 ELEK GYOP\u00c1R-EDINA &hellip; <a class=\"more-link\" href=\"https:\/\/geografie.ubbcluj.ro\/pages\/magyarfoldrajz\/?page_id=167\">Continue reading <span class=\"meta-nav\">&rarr;<\/span><\/a><\/p>\n","protected":false},"author":2,"featured_media":0,"parent":159,"menu_order":0,"comment_status":"closed","ping_status":"closed","template":"","meta":{"footnotes":""},"_links":{"self":[{"href":"https:\/\/geografie.ubbcluj.ro\/pages\/magyarfoldrajz\/index.php?rest_route=\/wp\/v2\/pages\/167"}],"collection":[{"href":"https:\/\/geografie.ubbcluj.ro\/pages\/magyarfoldrajz\/index.php?rest_route=\/wp\/v2\/pages"}],"about":[{"href":"https:\/\/geografie.ubbcluj.ro\/pages\/magyarfoldrajz\/index.php?rest_route=\/wp\/v2\/types\/page"}],"author":[{"embeddable":true,"href":"https:\/\/geografie.ubbcluj.ro\/pages\/magyarfoldrajz\/index.php?rest_route=\/wp\/v2\/users\/2"}],"replies":[{"embeddable":true,"href":"https:\/\/geografie.ubbcluj.ro\/pages\/magyarfoldrajz\/index.php?rest_route=%2Fwp%2Fv2%2Fcomments&post=167"}],"version-history":[{"count":25,"href":"https:\/\/geografie.ubbcluj.ro\/pages\/magyarfoldrajz\/index.php?rest_route=\/wp\/v2\/pages\/167\/revisions"}],"predecessor-version":[{"id":2157,"href":"https:\/\/geografie.ubbcluj.ro\/pages\/magyarfoldrajz\/index.php?rest_route=\/wp\/v2\/pages\/167\/revisions\/2157"}],"up":[{"embeddable":true,"href":"https:\/\/geografie.ubbcluj.ro\/pages\/magyarfoldrajz\/index.php?rest_route=\/wp\/v2\/pages\/159"}],"wp:attachment":[{"href":"https:\/\/geografie.ubbcluj.ro\/pages\/magyarfoldrajz\/index.php?rest_route=%2Fwp%2Fv2%2Fmedia&parent=167"}],"curies":[{"name":"wp","href":"https:\/\/api.w.org\/{rel}","templated":true}]}}