{"id":1619,"date":"2017-01-15T20:03:15","date_gmt":"2017-01-15T20:03:15","guid":{"rendered":"http:\/\/geografie.ubbcluj.ro\/pages\/magyarfoldrajz\/?page_id=1619"},"modified":"2017-01-15T20:07:52","modified_gmt":"2017-01-15T20:07:52","slug":"szakmai-gyakorlat-2017","status":"publish","type":"page","link":"https:\/\/geografie.ubbcluj.ro\/pages\/magyarfoldrajz\/?page_id=1619","title":{"rendered":"Szakmai gyakorlat 2017"},"content":{"rendered":"<table border=\"1\" cellspacing=\"0\" cellpadding=\"0\">\n<tbody>\n<tr>\n<td valign=\"top\" width=\"112\">SZAKMAI GYAKORLAT<\/td>\n<td valign=\"top\" width=\"84\"><strong>F\u00f6ldr1<\/strong><\/td>\n<td valign=\"top\" width=\"84\"><strong>F\u00f6ldr2<\/strong><\/td>\n<td valign=\"top\" width=\"84\"><strong>Terfejl1<\/strong><\/td>\n<td valign=\"top\" width=\"84\"><strong>Terfejl2<\/strong><\/td>\n<td valign=\"top\" width=\"84\"><strong>Tur1<\/strong><\/td>\n<td valign=\"top\" width=\"84\"><strong>Tur2<\/strong><\/td>\n<\/tr>\n<tr>\n<td valign=\"top\" width=\"112\"><strong>Term\u00e9szetf\u00f6ldrajz (Kolozsv\u00e1r)<\/strong><\/td>\n<td valign=\"top\" width=\"84\">k\u00f6telez\u0151<\/td>\n<td valign=\"top\" width=\"84\"><\/td>\n<td valign=\"top\" width=\"84\">k\u00f6telez\u0151<\/td>\n<td valign=\"top\" width=\"84\"><\/td>\n<td valign=\"top\" width=\"84\"><\/td>\n<td valign=\"top\" width=\"84\"><\/td>\n<\/tr>\n<tr>\n<td valign=\"top\" width=\"112\"><strong>T\u00e1rsadalomf\u00f6ldrajz <\/strong><strong>(Szil\u00e1gys\u00e1g\/Gyergy\u00f3)<\/strong><\/td>\n<td valign=\"top\" width=\"84\"><\/td>\n<td valign=\"top\" width=\"84\">k\u00f6telez\u0151<\/td>\n<td valign=\"top\" width=\"84\"><\/td>\n<td valign=\"top\" width=\"84\">k\u00f6telez\u0151<\/td>\n<td valign=\"top\" width=\"84\"><\/td>\n<td valign=\"top\" width=\"84\"><\/td>\n<\/tr>\n<tr>\n<td valign=\"top\" width=\"112\"><strong>Turizmus1<\/strong><\/td>\n<td valign=\"top\" width=\"84\"><\/td>\n<td valign=\"top\" width=\"84\"><\/td>\n<td valign=\"top\" width=\"84\"><\/td>\n<td valign=\"top\" width=\"84\"><\/td>\n<td valign=\"top\" width=\"84\">k\u00f6telez\u0151<\/td>\n<td valign=\"top\" width=\"84\"><\/td>\n<\/tr>\n<tr>\n<td valign=\"top\" width=\"112\"><strong>Turizmus2 <\/strong><\/td>\n<td valign=\"top\" width=\"84\"><\/td>\n<td valign=\"top\" width=\"84\"><\/td>\n<td valign=\"top\" width=\"84\"><\/td>\n<td valign=\"top\" width=\"84\"><\/td>\n<td valign=\"top\" width=\"84\"><\/td>\n<td valign=\"top\" width=\"84\">k\u00f6telez\u0151<\/td>\n<\/tr>\n<\/tbody>\n<\/table>\n<h2 style=\"text-align: center;\"><span style=\"color: #800000;\"><strong>Term\u00e9szetf\u00f6ldrajz<\/strong><\/span><\/h2>\n<p><strong>K\u00f6telez\u0151:<\/strong> F\u00f6ldr1, Terfejl1<\/p>\n<p><strong>Hely:<\/strong> Kolozsv\u00e1r \u00e9s k\u00f6rny\u00e9ke;<strong> Id\u0151:<\/strong> 10\u201311 nap (F\u00f6ldr1) \/ 9 nap (Terfejl1), kb. j\u00falius 14\u201323.<\/p>\n<p><strong>Oktat\u00f3k:<\/strong> Bart\u00f3k Blanka, Bartos-Elekes Zsombor, Czellecz Bogl\u00e1rka, G\u00e1l Andrea, Imecs Zolt\u00e1n<\/p>\n<p><strong>Tant\u00e1rgyak, t\u00e9mak\u00f6r\u00f6k:<\/strong> Geomorfol\u00f3gia, Hidrol\u00f3gia, Meteorol\u00f3gia \/ V\u00edzgy\u0171jt\u0151-rendez\u00e9s, T\u00e9rk\u00e9p\u00e9szet.<\/p>\n<p><strong>Tev\u00e9kenys\u00e9gek:<\/strong><\/p>\n<ul>\n<li>t\u00f3 felm\u00e9r\u00e9se, m\u00e9lys\u00e9gvonalas t\u00e9rk\u00e9p, v\u00edzhozam-m\u00e9r\u00e9s, v\u00edzsebess\u00e9g-m\u00e9r\u00e9s (Mikesi-t\u00f3, 2 nap)<\/li>\n<li>felm\u00e9r\u00e9s, t\u00e1j\u00e9koz\u00f3d\u00e1s, helysz\u00ednel\u00e9s t\u00e9rk\u00e9ppel, GPS-szel (Kolozsv\u00e1r, B\u00fckk, 2\u20133 nap)<\/li>\n<li>geomorfol\u00f3giai m\u00e9r\u00e9sek, dr\u00f3nos adatfelv\u00e9tel, glaci\u00e1lis domborzat (Kolozsv\u00e1r, Radnai-havasok, 3\u20134 nap)<\/li>\n<li>csak F\u00f6ldr1 sz\u00e1m\u00e1ra: meteorol\u00f3giai automata\u00e1llom\u00e1s-m\u00e9r\u00e9s, adatfeldolgoz\u00e1s, meteorol\u00f3giai \u00e1llom\u00e1s l\u00e1togat\u00e1sa (Kolozsv\u00e1r, Vigy\u00e1z\u00f3, 2\u20133 nap)<\/li>\n<li>csak Terfejl1 sz\u00e1m\u00e1ra: v\u00edzer\u0151m\u0171, v\u00edztiszt\u00edt\u00f3-l\u00e1togat\u00e1s (Meleg-Szamos, 1 nap)<\/li>\n<\/ul>\n<p><strong>\u00c1r:<\/strong> 100 lej + 50 lej a kar r\u00e9sz\u00e9r\u0151l (busz)<\/p>\n<p><strong>Tanulm\u00e1nyi k\u00f6vetelm\u00e9ny:<\/strong> beadand\u00f3 feladatok, \u00edr\u00e1sbeli, sz\u00f3beli \u2026<\/p>\n<h2 style=\"text-align: center;\"><span style=\"color: #800000;\"><strong>T\u00e1rsadalomf\u00f6ldrajz\u2013ter\u00fcletfejleszt\u00e9s<\/strong><\/span><\/h2>\n<p><strong>K\u00f6telez\u0151:<\/strong> F\u00f6ldr2, Terfejl2<\/p>\n<p><strong>Hely:<\/strong> Szil\u00e1gys\u00e1g vagy Gyergy\u00f3; Kolozsv\u00e1r; <strong>Id\u0151:<\/strong> kb. 9 nap, kb. j\u00falius 17\u201323.<\/p>\n<p><strong>Oktat\u00f3:<\/strong> Kov\u00e1cs Csaba, M\u00e1th\u00e9 Csongor, T\u00f6r\u00f6k Ibolya<\/p>\n<p><strong>Tant\u00e1rgyak, t\u00e9mak\u00f6r\u00f6k:<\/strong> Kutat\u00e1sm\u00f3dszertan, T\u00e1rsadalmi ank\u00e9t<\/p>\n<p><strong>Tev\u00e9kenys\u00e9gek:<\/strong><\/p>\n<ul>\n<li>k\u00e9rd\u0151\u00edvez\u00e9s \u00e9s interj\u00fak\u00e9sz\u00edt\u00e9s: helyi kultur\u00e1lis hagyom\u00e1nyok, meg\u00fajul\u00e1s vagy tradicion\u00e1lis \u00e9rt\u00e9kek, idegenforgalom; mintav\u00e9tel, k\u00e9rd\u00e9st\u00edpusok, k\u00f3dol\u00e1s, adatfeldolgoz\u00e1s, struktur\u00e1lt \u00e9s f\u00e9l struktur\u00e1lt interj\u00fak (Szil\u00e1gys\u00e1g vagy Gyergy\u00f3, 7 nap)<\/li>\n<li>m\u00fazeuml\u00e1togat\u00e1s (Kolozsv\u00e1r, 2 nap)<\/li>\n<\/ul>\n<p><strong>\u00c1r:<\/strong> kb. 250 lej (sz\u00e1ll\u00e1s \u00e9s utaz\u00e1s)<\/p>\n<p><strong>Tanulm\u00e1nyi k\u00f6vetelm\u00e9ny:<\/strong> sz\u00f3beli \u00e9s \u00edr\u00e1sbeli vizsga a k\u00e9rd\u0151\u00edvek feldolgoz\u00e1s\u00e1b\u00f3l \u00e9s ki\u00e9rt\u00e9kel\u00e9s\u00e9b\u0151l a terepgyakorlat utols\u00f3 napj\u00e1n.<\/p>\n<h2 style=\"text-align: center;\"><span style=\"color: #800000;\"><strong>Turizmus 1<\/strong><\/span><\/h2>\n<p><strong>K\u00f6telez\u0151:<\/strong> Tur1<\/p>\n<p><strong>Hely:<\/strong> Kolozsv\u00e1r, esetleg m\u00e1s erd\u00e9lyi v\u00e1rosok; <strong>Id\u0151:<\/strong> kb. 7\u201310 nap, kb. j\u00fanius\u2013szeptember<\/p>\n<p><strong>Oktat\u00f3:<\/strong> M\u00e1th\u00e9 Andr\u00e1s<\/p>\n<p><strong>Tant\u00e1rgyak, t\u00e9mak\u00f6r\u00f6k:<\/strong> Vend\u00e9gl\u00e1t\u00f3ipar, Szolg\u00e1ltat\u00e1sok a turizmusban, Turisztikai term\u00e9kek l\u00e9trehoz\u00e1sa \u00e9s \u00e9rt\u00e9kes\u00edt\u00e9se, Idegenvezet\u00e9s.<\/p>\n<p><strong>Tev\u00e9kenys\u00e9gek:<\/strong> szakmai tapasztalat szerz\u00e9se utaz\u00e1si irod\u00e1kban, turisztikai inform\u00e1ci\u00f3s irod\u00e1kban, hotelekben \u00e9s egy\u00e9b vend\u00e9gl\u00e1t\u00f3 egys\u00e9gekben, illetve term\u00e9szetv\u00e9delmi ter\u00fcleteken. Kutat\u00e1s, adatgy\u0171jt\u00e9s, turisztikai jelleg\u0171 adatb\u00e1zisok feldolgoz\u00e1sa, \u00e9rtelmez\u00e9se.<\/p>\n<p><strong>\u00c1r:<\/strong> ingyenes.<\/p>\n<p><strong>Tanulm\u00e1nyi k\u00f6vetelm\u00e9ny:<\/strong> r\u00e9szv\u00e9tel.<\/p>\n<h2 style=\"text-align: center;\"><span style=\"color: #800000;\"><strong>Turizmus 2<\/strong><\/span><\/h2>\n<p><strong>K\u00f6telez\u0151:<\/strong> Tur2<\/p>\n<p><strong>Hely:<\/strong> Kolozsv\u00e1r;<strong> Id\u0151:<\/strong> kb. 10 nap, kb. j\u00falius 11\u201321.<\/p>\n<p><strong>Oktat\u00f3:<\/strong> Talpas J\u00e1nos<\/p>\n<p><strong>Tev\u00e9kenys\u00e9gek:<\/strong> Turisztikai ter\u00fcletfejleszt\u00e9si ismeretek elsaj\u00e1t\u00edt\u00e1sa.<\/p>\n<p><strong>\u00c1r:<\/strong> ingyenes.<\/p>\n<p><strong>Tanulm\u00e1nyi k\u00f6vetelm\u00e9ny:<\/strong> r\u00e9szv\u00e9tel.<\/p>\n<p>&nbsp;<\/p>\n","protected":false},"excerpt":{"rendered":"<p>SZAKMAI GYAKORLAT F\u00f6ldr1 F\u00f6ldr2 Terfejl1 Terfejl2 Tur1 Tur2 Term\u00e9szetf\u00f6ldrajz (Kolozsv\u00e1r) k\u00f6telez\u0151 k\u00f6telez\u0151 T\u00e1rsadalomf\u00f6ldrajz (Szil\u00e1gys\u00e1g\/Gyergy\u00f3) k\u00f6telez\u0151 k\u00f6telez\u0151 Turizmus1 k\u00f6telez\u0151 Turizmus2 k\u00f6telez\u0151 Term\u00e9szetf\u00f6ldrajz K\u00f6telez\u0151: F\u00f6ldr1, Terfejl1 Hely: Kolozsv\u00e1r \u00e9s k\u00f6rny\u00e9ke; Id\u0151: 10\u201311 nap (F\u00f6ldr1) \/ 9 nap (Terfejl1), kb. j\u00falius 14\u201323. Oktat\u00f3k: &hellip; <a class=\"more-link\" href=\"https:\/\/geografie.ubbcluj.ro\/pages\/magyarfoldrajz\/?page_id=1619\">Continue reading <span class=\"meta-nav\">&rarr;<\/span><\/a><\/p>\n","protected":false},"author":2,"featured_media":0,"parent":0,"menu_order":0,"comment_status":"closed","ping_status":"closed","template":"","meta":{"footnotes":""},"_links":{"self":[{"href":"https:\/\/geografie.ubbcluj.ro\/pages\/magyarfoldrajz\/index.php?rest_route=\/wp\/v2\/pages\/1619"}],"collection":[{"href":"https:\/\/geografie.ubbcluj.ro\/pages\/magyarfoldrajz\/index.php?rest_route=\/wp\/v2\/pages"}],"about":[{"href":"https:\/\/geografie.ubbcluj.ro\/pages\/magyarfoldrajz\/index.php?rest_route=\/wp\/v2\/types\/page"}],"author":[{"embeddable":true,"href":"https:\/\/geografie.ubbcluj.ro\/pages\/magyarfoldrajz\/index.php?rest_route=\/wp\/v2\/users\/2"}],"replies":[{"embeddable":true,"href":"https:\/\/geografie.ubbcluj.ro\/pages\/magyarfoldrajz\/index.php?rest_route=%2Fwp%2Fv2%2Fcomments&post=1619"}],"version-history":[{"count":3,"href":"https:\/\/geografie.ubbcluj.ro\/pages\/magyarfoldrajz\/index.php?rest_route=\/wp\/v2\/pages\/1619\/revisions"}],"predecessor-version":[{"id":1621,"href":"https:\/\/geografie.ubbcluj.ro\/pages\/magyarfoldrajz\/index.php?rest_route=\/wp\/v2\/pages\/1619\/revisions\/1621"}],"wp:attachment":[{"href":"https:\/\/geografie.ubbcluj.ro\/pages\/magyarfoldrajz\/index.php?rest_route=%2Fwp%2Fv2%2Fmedia&parent=1619"}],"curies":[{"name":"wp","href":"https:\/\/api.w.org\/{rel}","templated":true}]}}