{"id":1548,"date":"2016-12-14T11:00:43","date_gmt":"2016-12-14T11:00:43","guid":{"rendered":"http:\/\/geografie.ubbcluj.ro\/pages\/magyarfoldrajz\/?page_id=1548"},"modified":"2017-04-03T10:06:59","modified_gmt":"2017-04-03T10:06:59","slug":"hasznos-linkek","status":"publish","type":"page","link":"https:\/\/geografie.ubbcluj.ro\/pages\/magyarfoldrajz\/?page_id=1548","title":{"rendered":"Hasznos linkek"},"content":{"rendered":"<p>Ez az oldal a di\u00e1kok sz\u00e1m\u00e1ra hasznos honlapokat gy\u0171jti \u00f6ssze.<\/p>\n<p><a href=\"http:\/\/geografie.ubbcluj.ro\/pages\/magyarfoldrajz\/wp-content\/uploads\/2016\/12\/1917189_950919394994201_4078422050628375285_n.png\"><img loading=\"lazy\" decoding=\"async\" class=\"alignleft  wp-image-1579\" title=\"1917189_950919394994201_4078422050628375285_n\" src=\"http:\/\/geografie.ubbcluj.ro\/pages\/magyarfoldrajz\/wp-content\/uploads\/2016\/12\/1917189_950919394994201_4078422050628375285_n.png\" alt=\"\" width=\"460\" height=\"170\" srcset=\"https:\/\/geografie.ubbcluj.ro\/pages\/magyarfoldrajz\/wp-content\/uploads\/2016\/12\/1917189_950919394994201_4078422050628375285_n.png 851w, https:\/\/geografie.ubbcluj.ro\/pages\/magyarfoldrajz\/wp-content\/uploads\/2016\/12\/1917189_950919394994201_4078422050628375285_n-300x111.png 300w, https:\/\/geografie.ubbcluj.ro\/pages\/magyarfoldrajz\/wp-content\/uploads\/2016\/12\/1917189_950919394994201_4078422050628375285_n-500x185.png 500w\" sizes=\"(max-width: 460px) 100vw, 460px\" \/><\/a><\/p>\n<p>&nbsp;<\/p>\n<p>&nbsp;<\/p>\n<p>&nbsp;<\/p>\n<p>&nbsp;<\/p>\n<p>&nbsp;<\/p>\n<p>*\u00a0<a href=\"https:\/\/www.facebook.com\/bbtekolozsvar\/\" target=\"_blank\"><strong>A Babe\u015f\u2013Bolyai Tudom\u00e1nyegyetem Magyar Tagozat\u00e1nak Facebook-oldala<\/strong><\/a><\/p>\n<p><strong>*\u00a0<a href=\"https:\/\/kmdsz.ro\/KMDSZ\/\" target=\"_blank\">Kolozsv\u00e1ri Magyar Di\u00e1ksz\u00f6vets\u00e9g (KMDSz)<\/a><\/strong><\/p>\n<p><a href=\"http:\/\/geografie.ubbcluj.ro\/pages\/magyarfoldrajz\/wp-content\/uploads\/2016\/12\/313361399kmdsz.jpg\"><img loading=\"lazy\" decoding=\"async\" class=\"alignleft  wp-image-1582\" title=\"313361399kmdsz\" src=\"http:\/\/geografie.ubbcluj.ro\/pages\/magyarfoldrajz\/wp-content\/uploads\/2016\/12\/313361399kmdsz.jpg\" alt=\"\" width=\"126\" height=\"120\" \/><\/a><\/p>\n<p>&nbsp;<\/p>\n<p>&nbsp;<\/p>\n<p>&nbsp;<\/p>\n<p>&nbsp;<\/p>\n<p><span style=\"color: #3366ff;\">*<span style=\"color: #0000ff;\"> <strong><a href=\"http:\/\/kmei.ro\/\" target=\"_blank\"><span style=\"color: #0000ff;\">Kolozsv\u00e1ri Magyar Egyetemi Int\u00e9zet (KME<span style=\"color: #0000ff;\">I)<\/span><\/span><\/a>: <\/strong>szakkoll\u00e9giumok, p\u00e1ly\u00e1zatok (r\u00e9szk\u00e9pz\u00e9s, <a href=\"http:\/\/geografie.ubbcluj.ro\/pages\/magyarfoldrajz\/wp-content\/uploads\/2016\/12\/download1.jpg\"><span style=\"color: #0000ff;\"><img loading=\"lazy\" decoding=\"async\" class=\"wp-image-1574 alignleft\" title=\"download\" src=\"http:\/\/geografie.ubbcluj.ro\/pages\/magyarfoldrajz\/wp-content\/uploads\/2016\/12\/download1.jpg\" alt=\"\" width=\"126\" height=\"126\" \/><\/span><\/a>\u00a0 \u00a0 \u00a0tanulm\u00e1ny\u00fat), \u00a0tudom\u00e1nyos kutat\u00e1s<\/span><\/span><\/p>\n<p>&nbsp;<\/p>\n<p>&nbsp;<\/p>\n<p>&nbsp;<\/p>\n<p><span style=\"color: #0000ff;\">* <strong><a href=\"http:\/\/www.balassiintezet.hu\/hu\/\" target=\"_blank\"><span style=\"color: #0000ff;\">Balassi Int\u00e9zet: <\/span><\/a><\/strong>magyarorsz\u00e1gi\u00a0\u00f6szt\u00f6nd\u00edjak,\u00a0p\u00e1ly\u00e1zatok, mobilit\u00e1si programok<\/span><\/p>\n<p><img loading=\"lazy\" decoding=\"async\" class=\"size-full wp-image-1567 alignleft\" style=\"margin-top: 0.4em; background-color: #fef3dd;\" title=\"bbi_hu\" src=\"http:\/\/geografie.ubbcluj.ro\/pages\/magyarfoldrajz\/wp-content\/uploads\/2016\/12\/bbi_hu1.png\" alt=\"\" width=\"178\" height=\"48\" \/><\/p>\n<div>\n<p>&nbsp;<\/p>\n<p>&nbsp;<\/p>\n<p>&nbsp;<\/p>\n<p><span style=\"color: #0000ff;\"><strong>* <a href=\"http:\/\/dppd.ubbcluj.ro\/hu\/\" target=\"_blank\"><span style=\"color: #0000ff;\">A BBTE Tan\u00e1rk\u00e9pz\u0151 Int\u00e9<\/span><\/a><\/strong><a href=\"http:\/\/dppd.ubbcluj.ro\/hu\/\" target=\"_blank\"><span style=\"color: #0000ff;\"><strong>zete (DPP<\/strong><strong>D<\/strong><strong>):<\/strong><\/span><\/a> pedag\u00f3gia modul<\/span><\/p>\n<p><span style=\"color: #0000ff;\">*<\/span><strong><a href=\"http:\/\/cci.ubbcluj.ro\/\" target=\"_blank\">\u00a0<\/a><a href=\"http:\/\/cci.ubbcluj.ro\/\" target=\"_blank\">A BBTE Nemzetk\u00f6zi Kapcsolatok K\u00f6zpontja<\/a><span style=\"color: #0000ff;\">:\u00a0<\/span><\/strong><span style=\"color: #0000ff;\">ERASMUS, CEEPUS, DAAD, stb. programok<\/span><\/p>\n<p>*\u00a0<a href=\"http:\/\/geografie.ubbcluj.ro\/pages\/erasmus\/\" target=\"_blank\"><strong><\/strong><strong>Az ERASMUS<\/strong>\u00a0<strong>programr\u00f3l<\/strong><\/a><\/p>\n<p><img loading=\"lazy\" decoding=\"async\" class=\"alignleft  wp-image-1565\" title=\"E+ KA107\" src=\"http:\/\/geografie.ubbcluj.ro\/pages\/magyarfoldrajz\/wp-content\/uploads\/2016\/12\/E+-KA1071.jpg\" alt=\"\" width=\"184\" height=\"58\" \/><\/p>\n<p><span style=\"color: #0000ff;\"><strong>\u00a0 \u00a0 \u00a0 \u00a0 \u00a0 \u00a0 \u00a0 \u00a0 \u00a0 \u00a0 \u00a0 \u00a0 \u00a0 \u00a0 \u00a0 \u00a0 \u00a0 \u00a0 \u00a0 \u00a0 \u00a0 \u00a0 \u00a0 \u00a0 \u00a0 \u00a0 \u00a0 \u00a0 \u00a0 \u00a0 \u00a0 \u00a0 \u00a0 \u00a0 \u00a0 \u00a0 \u00a0 \u00a0 \u00a0 \u00a0 \u00a0 \u00a0 \u00a0 \u00a0 \u00a0 \u00a0 \u00a0 \u00a0 \u00a0 \u00a0 \u00a0 \u00a0 \u00a0 \u00a0 \u00a0 \u00a0 \u00a0 \u00a0 \u00a0 \u00a0 \u00a0 \u00a0 \u00a0 \u00a0 \u00a0 \u00a0 \u00a0 \u00a0 \u00a0\u00a0<\/strong><\/span><\/p>\n<p>&nbsp;<\/p>\n<p><span style=\"color: #000080;\"><strong><span style=\"text-decoration: underline;\">Szabadid\u0151:<\/span><\/strong><\/span><\/p>\n<p><strong>* <\/strong><strong><a href=\"http:\/\/www.huntheater.ro\/\" target=\"_blank\">Kolozsv<\/a><\/strong><a href=\"http:\/\/www.huntheater.ro\/\" target=\"_blank\"><strong style=\"color: #0000ff;\">\u00e1ri \u00c1llami Magyar Sz\u00ednh\u00e1z<\/strong><\/a><\/p>\n<p><strong>*<a href=\"http:\/\/www.varoteremprojekt.ro\/hu\/\" target=\"_blank\"> V\u00e1r\u00f3terem Projekt<\/a><\/strong><\/p>\n<\/div>\n","protected":false},"excerpt":{"rendered":"<p>Ez az oldal a di\u00e1kok sz\u00e1m\u00e1ra hasznos honlapokat gy\u0171jti \u00f6ssze. &nbsp; &nbsp; &nbsp; &nbsp; &nbsp; *\u00a0A Babe\u015f\u2013Bolyai Tudom\u00e1nyegyetem Magyar Tagozat\u00e1nak Facebook-oldala *\u00a0Kolozsv\u00e1ri Magyar Di\u00e1ksz\u00f6vets\u00e9g (KMDSz) &nbsp; &nbsp; &nbsp; &nbsp; * Kolozsv\u00e1ri Magyar Egyetemi Int\u00e9zet (KMEI): szakkoll\u00e9giumok, p\u00e1ly\u00e1zatok (r\u00e9szk\u00e9pz\u00e9s, \u00a0 \u00a0 &hellip; <a class=\"more-link\" href=\"https:\/\/geografie.ubbcluj.ro\/pages\/magyarfoldrajz\/?page_id=1548\">Continue reading <span class=\"meta-nav\">&rarr;<\/span><\/a><\/p>\n","protected":false},"author":2,"featured_media":0,"parent":0,"menu_order":0,"comment_status":"closed","ping_status":"closed","template":"","meta":{"footnotes":""},"_links":{"self":[{"href":"https:\/\/geografie.ubbcluj.ro\/pages\/magyarfoldrajz\/index.php?rest_route=\/wp\/v2\/pages\/1548"}],"collection":[{"href":"https:\/\/geografie.ubbcluj.ro\/pages\/magyarfoldrajz\/index.php?rest_route=\/wp\/v2\/pages"}],"about":[{"href":"https:\/\/geografie.ubbcluj.ro\/pages\/magyarfoldrajz\/index.php?rest_route=\/wp\/v2\/types\/page"}],"author":[{"embeddable":true,"href":"https:\/\/geografie.ubbcluj.ro\/pages\/magyarfoldrajz\/index.php?rest_route=\/wp\/v2\/users\/2"}],"replies":[{"embeddable":true,"href":"https:\/\/geografie.ubbcluj.ro\/pages\/magyarfoldrajz\/index.php?rest_route=%2Fwp%2Fv2%2Fcomments&post=1548"}],"version-history":[{"count":34,"href":"https:\/\/geografie.ubbcluj.ro\/pages\/magyarfoldrajz\/index.php?rest_route=\/wp\/v2\/pages\/1548\/revisions"}],"predecessor-version":[{"id":1550,"href":"https:\/\/geografie.ubbcluj.ro\/pages\/magyarfoldrajz\/index.php?rest_route=\/wp\/v2\/pages\/1548\/revisions\/1550"}],"wp:attachment":[{"href":"https:\/\/geografie.ubbcluj.ro\/pages\/magyarfoldrajz\/index.php?rest_route=%2Fwp%2Fv2%2Fmedia&parent=1548"}],"curies":[{"name":"wp","href":"https:\/\/api.w.org\/{rel}","templated":true}]}}