{"id":1419,"date":"2016-05-11T12:09:35","date_gmt":"2016-05-11T12:09:35","guid":{"rendered":"http:\/\/geografie.ubbcluj.ro\/pages\/magyarfoldrajz\/?page_id=1419"},"modified":"2024-10-18T16:29:46","modified_gmt":"2024-10-18T16:29:46","slug":"zsuzsa-2","status":"publish","type":"page","link":"https:\/\/geografie.ubbcluj.ro\/pages\/magyarfoldrajz\/?page_id=1419","title":{"rendered":"Zsuzsa"},"content":{"rendered":"<p><strong>N\u00e9v: Fodor Zsuzsanna<\/strong><\/p>\n<p><strong style=\"line-height: 1.4em;\">V\u00e9gzetts\u00e9g:<\/strong><span style=\"line-height: 1.4em;\">\u00a0<\/span><em style=\"line-height: 1.4em;\">2007-2011:<\/em><span style=\"line-height: 1.4em;\">\u00a0BBTE Biol\u00f3gia \u00e9s Geol\u00f3gia Kar, M\u00e9rn\u00f6ki geol\u00f3gia BSc<\/span><\/p>\n<p><strong>Nyelvismeret:<\/strong>\u00a0rom\u00e1n,\u00a0angol<\/p>\n<p><img loading=\"lazy\" decoding=\"async\" class=\"wp-image-1441 alignright\" style=\"margin-top: 0.4em; background-color: #fef3dd;\" title=\"unnamed\" src=\"http:\/\/geografie.ubbcluj.ro\/pages\/magyarfoldrajz\/wp-content\/uploads\/2016\/05\/unnamed.png\" alt=\"\" width=\"175\" height=\"222\" \/><\/p>\n<p><strong>Munkak\u00f6r: <\/strong>int\u00e9zeti\u00a0titk\u00e1rn\u0151<\/p>\n<div>\n<p><strong style=\"line-height: 1.4em;\">El\u00e9rhet\u0151s\u00e9g:<\/strong><span style=\"line-height: 1.4em;\">\u00a0F\u00f6ldrajz Kar, f\u00f6ldszint, 20-as ajt\u00f3<\/span><\/p>\n<p><strong>Munkahelyi telefonsz\u00e1m:<\/strong>\u00a00264 \u2013 592214 \/ 203<\/p>\n<p><strong>E-mail c\u00edm:<\/strong> zsuzsanna.fodor@ubbcluj.ro<\/p>\n<\/div>\n","protected":false},"excerpt":{"rendered":"<p>N\u00e9v: Fodor Zsuzsanna V\u00e9gzetts\u00e9g:\u00a02007-2011:\u00a0BBTE Biol\u00f3gia \u00e9s Geol\u00f3gia Kar, M\u00e9rn\u00f6ki geol\u00f3gia BSc Nyelvismeret:\u00a0rom\u00e1n,\u00a0angol Munkak\u00f6r: int\u00e9zeti\u00a0titk\u00e1rn\u0151 El\u00e9rhet\u0151s\u00e9g:\u00a0F\u00f6ldrajz Kar, f\u00f6ldszint, 20-as ajt\u00f3 Munkahelyi telefonsz\u00e1m:\u00a00264 \u2013 592214 \/ 203 E-mail c\u00edm: zsuzsanna.fodor@ubbcluj.ro<\/p>\n","protected":false},"author":2,"featured_media":0,"parent":0,"menu_order":0,"comment_status":"closed","ping_status":"closed","template":"","meta":{"footnotes":""},"_links":{"self":[{"href":"https:\/\/geografie.ubbcluj.ro\/pages\/magyarfoldrajz\/index.php?rest_route=\/wp\/v2\/pages\/1419"}],"collection":[{"href":"https:\/\/geografie.ubbcluj.ro\/pages\/magyarfoldrajz\/index.php?rest_route=\/wp\/v2\/pages"}],"about":[{"href":"https:\/\/geografie.ubbcluj.ro\/pages\/magyarfoldrajz\/index.php?rest_route=\/wp\/v2\/types\/page"}],"author":[{"embeddable":true,"href":"https:\/\/geografie.ubbcluj.ro\/pages\/magyarfoldrajz\/index.php?rest_route=\/wp\/v2\/users\/2"}],"replies":[{"embeddable":true,"href":"https:\/\/geografie.ubbcluj.ro\/pages\/magyarfoldrajz\/index.php?rest_route=%2Fwp%2Fv2%2Fcomments&post=1419"}],"version-history":[{"count":12,"href":"https:\/\/geografie.ubbcluj.ro\/pages\/magyarfoldrajz\/index.php?rest_route=\/wp\/v2\/pages\/1419\/revisions"}],"predecessor-version":[{"id":2930,"href":"https:\/\/geografie.ubbcluj.ro\/pages\/magyarfoldrajz\/index.php?rest_route=\/wp\/v2\/pages\/1419\/revisions\/2930"}],"wp:attachment":[{"href":"https:\/\/geografie.ubbcluj.ro\/pages\/magyarfoldrajz\/index.php?rest_route=%2Fwp%2Fv2%2Fmedia&parent=1419"}],"curies":[{"name":"wp","href":"https:\/\/api.w.org\/{rel}","templated":true}]}}