{"id":1298,"date":"2015-12-13T23:34:30","date_gmt":"2015-12-13T23:34:30","guid":{"rendered":"http:\/\/geografie.ubbcluj.ro\/pages\/magyarfoldrajz\/?page_id=1298"},"modified":"2015-12-13T23:44:59","modified_gmt":"2015-12-13T23:44:59","slug":"tanulmanyutak-2016","status":"publish","type":"page","link":"https:\/\/geografie.ubbcluj.ro\/pages\/magyarfoldrajz\/?page_id=1298","title":{"rendered":"Tanulm\u00e1nyutak 2016"},"content":{"rendered":"<table border=\"1\" cellspacing=\"0\" cellpadding=\"0\">\n<tbody>\n<tr>\n<td valign=\"top\" width=\"163\">TANULM\u00c1NY\u00daT<\/td>\n<td valign=\"top\" width=\"60\"><strong>F\u00f6ldr1<\/strong><\/td>\n<td valign=\"top\" width=\"60\"><strong>F\u00f6ldr2<\/strong><\/td>\n<td valign=\"top\" width=\"72\"><strong>Terfejl1<\/strong><\/td>\n<td valign=\"top\" width=\"60\"><strong>Terfejl2<\/strong><\/td>\n<td valign=\"top\" width=\"60\"><strong>Tur1<\/strong><\/td>\n<td valign=\"top\" width=\"60\"><strong>Tur2<\/strong><\/td>\n<td valign=\"top\" width=\"72\"><strong>BSc3, MSc<\/strong><\/td>\n<\/tr>\n<tr>\n<td valign=\"top\" width=\"163\"><strong>Budapest<\/strong> (Utaz\u00e1s Ki\u00e1ll\u00edt\u00e1s)<strong><\/strong><\/td>\n<td valign=\"top\" width=\"60\"><\/td>\n<td valign=\"top\" width=\"60\"><\/td>\n<td valign=\"top\" width=\"72\"><\/td>\n<td valign=\"top\" width=\"60\"><\/td>\n<td valign=\"top\" width=\"60\"><strong>aj\u00e1nlott<\/strong><\/td>\n<td valign=\"top\" width=\"60\"><strong>aj\u00e1nlott<\/strong><\/td>\n<td valign=\"top\" width=\"72\"><em>r\u00e9szt vehet<\/em><\/td>\n<\/tr>\n<tr>\n<td valign=\"top\" width=\"163\"><strong>D\u00e9l-Alf\u00f6ld <\/strong>(EU turizmusa)<strong><\/strong><\/td>\n<td valign=\"top\" width=\"60\"><em>r\u00e9szt vehet<\/em><\/td>\n<td valign=\"top\" width=\"60\"><em>r\u00e9szt vehet<\/em><\/td>\n<td valign=\"top\" width=\"72\"><em>r\u00e9szt vehet<\/em><\/td>\n<td valign=\"top\" width=\"60\"><em>r\u00e9szt vehet<\/em><\/td>\n<td valign=\"top\" width=\"60\"><em>r\u00e9szt vehet<\/em><\/td>\n<td valign=\"top\" width=\"60\"><strong>aj\u00e1nlott<\/strong><\/td>\n<td valign=\"top\" width=\"72\"><\/td>\n<\/tr>\n<tr>\n<td valign=\"top\" width=\"163\"><strong>Csehorsz\u00e1g <\/strong>(\u00c9p\u00edt\u00e9szet)<strong><\/strong><\/td>\n<td valign=\"top\" width=\"60\"><strong>aj\u00e1nlott<\/strong><\/td>\n<td valign=\"top\" width=\"60\"><strong>aj\u00e1nlott<\/strong><\/td>\n<td valign=\"top\" width=\"72\"><strong>aj\u00e1nlott<\/strong><\/td>\n<td valign=\"top\" width=\"60\"><strong>aj\u00e1nlott<\/strong><\/td>\n<td valign=\"top\" width=\"60\"><strong>aj\u00e1nlott<\/strong><\/td>\n<td valign=\"top\" width=\"60\"><strong>aj\u00e1nlott<\/strong><\/td>\n<td valign=\"top\" width=\"72\"><em>r\u00e9szt vehet<\/em><\/td>\n<\/tr>\n<tr>\n<td valign=\"top\" width=\"163\"><strong>Miskolc<\/strong>(Fenntarthat\u00f3 fejl\u0151d\u00e9s)<\/td>\n<td valign=\"top\" width=\"60\"><strong>aj\u00e1nlott<\/strong><\/td>\n<td valign=\"top\" width=\"60\"><strong>aj\u00e1nlott<\/strong><\/td>\n<td valign=\"top\" width=\"72\"><strong>aj\u00e1nlott<\/strong><\/td>\n<td valign=\"top\" width=\"60\"><strong>aj\u00e1nlott<\/strong><\/td>\n<td valign=\"top\" width=\"60\"><strong>aj\u00e1nlott<\/strong><\/td>\n<td valign=\"top\" width=\"60\"><strong>aj\u00e1nlott<\/strong><\/td>\n<td valign=\"top\" width=\"72\"><em>r\u00e9szt vehet<\/em><\/td>\n<\/tr>\n<tr>\n<td valign=\"top\" width=\"163\"><strong>Csehorsz\u00e1g\u2013Szil\u00e9zia\u2013Sz\u00e1szorsz\u00e1g <\/strong>(Nemzetk\u00f6zi turizmus, Eur\u00f3pa f\u00f6ldrajza)<strong><\/strong><\/td>\n<td valign=\"top\" width=\"60\"><strong>aj\u00e1nlott<\/strong><\/td>\n<td valign=\"top\" width=\"60\"><strong>aj\u00e1nlott<\/strong><\/td>\n<td valign=\"top\" width=\"72\"><strong>aj\u00e1nlott<\/strong><\/td>\n<td valign=\"top\" width=\"60\"><strong>aj\u00e1nlott<\/strong><\/td>\n<td valign=\"top\" width=\"60\"><strong>aj\u00e1nlott<\/strong><\/td>\n<td valign=\"top\" width=\"60\"><strong>aj\u00e1nlott<\/strong><\/td>\n<td valign=\"top\" width=\"72\"><em>r\u00e9szt vehet<\/em><\/td>\n<\/tr>\n<\/tbody>\n<\/table>\n<p><strong style=\"line-height: 1.4em;\">Jelentkez\u00e9s lev\u00e9lben a szervez\u0151n\u00e9l legk\u00e9s\u0151bb febru\u00e1r 22-ig!<\/strong><\/p>\n<p>\u00c9rdemes min\u00e9l hamarabb jelentkezni, mert \u00e1ltal\u00e1ban a feliratkoz\u00e1s a jelentkez\u00e9si sorrendt\u0151l f\u00fcgg. T\u00faljelentkez\u00e9s eset\u00e9n a szervez\u0151 v\u00e1logathat el\u0151legfizet\u00e9si sorrend, szakhoz val\u00f3 tartoz\u00e1s (l\u00e1sd aj\u00e1nlott \/ r\u00e9szt vehet), tanulm\u00e1nyi eredm\u00e9ny, vagy egy\u00e9b szempontok alapj\u00e1n is.<\/p>\n<p><strong style=\"line-height: 1.4em;\">BSc 1, 2. \u00e9v:<\/strong><\/p>\n<p>A hallgat\u00f3 akkor kap jegyet, ha teljes\u00edt egy, az \u00e9vfolyam\u00e1nak aj\u00e1nlott tanulm\u00e1nyutat.<\/p>\n<p>Jelentkezhet t\u00f6bb tanulm\u00e1ny\u00fatra is. Ha t\u00f6bbre jelentkezik, akkor jeleznie kell jelentkez\u00e9skor, hogy nem az adott utat, hanem egy m\u00e1sikat fog jegyk\u00e9nt elsz\u00e1molni.<\/p>\n<p><strong style=\"line-height: 1.4em;\">BSc 3. \u00e9v:<\/strong><\/p>\n<p>Jelentkezhet \u00e9s r\u00e9szt vehet b\u00e1rmely tanulm\u00e1ny\u00faton. R\u00e9szv\u00e9tel\u00e9re jegyet kaphat Szakdolgozat c. tant\u00e1rgyb\u00f3l.<\/p>\n<p><strong style=\"line-height: 1.4em;\">MSc 1. \u00e9s 2. \u00e9v:<\/strong><\/p>\n<p>Jelentkezhet \u00e9s r\u00e9szt vehet b\u00e1rmely tanulm\u00e1ny\u00faton, semmilyen jegybe nem fog besz\u00e1m\u00edtani a r\u00e9szv\u00e9tel.<\/p>\n<h3 style=\"text-align: center;\"><span style=\"color: #800000;\"><strong style=\"line-height: 1.4em;\">Budapest<\/strong><\/span><\/h3>\n<p>Aj\u00e1nlott: Tur1-2-3<\/p>\n<p>Helyek sz\u00e1ma: 20 f\u0151<\/p>\n<p>Id\u0151: 5 nap, m\u00e1rcius 3\u20137<\/p>\n<p>Jelentkez\u00e9s: Talpas J\u00e1nos (<a href=\"mailto:talpasjanos@yahoo.com\">talpasjanos@yahoo.com<\/a>).<\/p>\n<p><span style=\"line-height: 1.4em;\">Tant\u00e1rgy \/ t\u00e9ma: turizmusf\u00f6ldrajz \u00e9s v\u00e1rosi turizmus<\/span><\/p>\n<p><strong style=\"line-height: 1.4em;\">Szervez\u0151: Talpas J\u00e1nos<\/strong><\/p>\n<p><span style=\"line-height: 1.4em;\">Helysz\u00ednek: Nagyk\u00e1roly \u2013 Ny\u00edrb\u00e1tor \u2013 Budapest \u2013 Utaz\u00e1s v\u00e1s\u00e1r 2016 l\u00e1togat\u00e1s \u2013 Szentendrei kir\u00e1ndul\u00e1s \u2013 Kir\u00e1ndul\u00e1s B\u00e9csben \u2013 Bork\u00f3stol\u00e1s Etyeken \u2013 Kecskem\u00e9t\u00a0 \u2013 Gyula v\u00e1rosn\u00e9z\u00e9s \u00e9s f\u00fcrd\u0151l\u00e1togat\u00e1s.<\/span><\/p>\n<p><span style=\"line-height: 1.4em;\">Sz\u00e1ll\u00e1s sz\u00e1llod\u00e1ban reggelivel.<\/span><\/p>\n<p><span style=\"line-height: 1.4em;\">\u00c1r: 550 lej (Tur1, Tur2 sz\u00e1m\u00e1ra) vagy 600 lej (Tur3 sz\u00e1m\u00e1ra). Az \u00e1r tartalmazza a sz\u00e1ll\u00edt\u00e1st, a sz\u00e1ll\u00e1st, minden esetben a reggelit, B\u00e9csben az idegenvezet\u0151 jutal\u00e9k\u00e1t, a bork\u00f3stol\u00e1s \u00e1r\u00e1t \u00e9s egy bel\u00e9p\u0151jegyet.<\/span><\/p>\n<p><span style=\"line-height: 1.4em;\">Jelentkez\u00e9s: janu\u00e1r 15-ig 200 lej el\u0151leggel. Fizet\u00e9s febru\u00e1r 8-ig.<\/span><\/p>\n<h3 style=\"text-align: center;\"><span style=\"color: #800000;\"><strong style=\"line-height: 1.4em;\">D\u00e9l-Alf\u00f6ld<\/strong><\/span><\/h3>\n<p>Aj\u00e1nlott: Tur2, jelentkezhet m\u00e9g F\u00f6ldr1-2, Terfejl1-2.<\/p>\n<p>Helyek sz\u00e1ma: 17 f\u0151<\/p>\n<p>Id\u0151: 5 nap, m\u00e1rcius 30 \u2013 \u00e1prilis 3 (h\u00fasv\u00e9ti vak\u00e1ci\u00f3ban)<\/p>\n<p>Jelentkez\u00e9s: Nagy Egon (<span style=\"text-decoration: underline;\"><a href=\"mailto:negon1@yahoo.com\">negon1@yahoo.com<\/a><\/span>).<\/p>\n<p><span style=\"line-height: 1.4em;\">Tant\u00e1rgy \/ t\u00e9ma: Nemzetk\u00f6zi turizmus, EU turizmusa<\/span><\/p>\n<p><strong style=\"line-height: 1.4em;\">Szervez\u0151: Nagy Egon.<\/strong><\/p>\n<p><span style=\"line-height: 1.4em;\">Helysz\u00ednek, l\u00e1tnival\u00f3k:<\/span><\/p>\n<p>Gy\u00f3gy- \u00e9s wellness-turizmus (szegedi aquapark, orosh\u00e1zi Gyop\u00e1ros f\u00fcrd\u0151, Gyula);<\/p>\n<p>V\u00e1rosi kultur\u00e1lis turizmus (Szeged, Kecskem\u00e9t);<\/p>\n<p>Nemzeti parkok (Bugac);<\/p>\n<p>Kulin\u00e1ris elemek (kecskem\u00e9ti barackp\u00e1linka &#8211; p\u00e1linkaf\u0151zde, szegedi paprika \u00e9s hal\u00e1szl\u00e9, kiskuns\u00e1gi homoki borok, haj\u00f3si pinc\u00e9k, csongr\u00e1di borvid\u00e9k);<\/p>\n<p>Nemzeti kultur\u00e1lis \u00f6r\u00f6ks\u00e9g (\u00d3pusztaszeri Nemzeti Eml\u00e9kpark, Pet\u0151fi kultusz Kisk\u0151r\u00f6s\u00f6n, tanyasi lovasturizmus, Kalocsai \u00c9rseks\u00e9g, haj\u00f3si borh\u00e1zak).<\/p>\n<p><span style=\"line-height: 1.4em;\">Sz\u00e1ll\u00e1s: Gyomaendr\u0151d, Ifj\u00fas\u00e1gi- \u00e9s Sportcentrum fah\u00e1zak, parkos z\u00f6ld\u00f6vezet.<\/span><\/p>\n<p><span style=\"line-height: 1.4em;\">\u00c1r: 550 lej. Az \u00e1r tartalmazza: \u00fatik\u00f6lts\u00e9g, sz\u00e1ll\u00e1sd\u00edj, p\u00e1linkaf\u0151zde- \u00e9s borh\u00e1z-l\u00e1togat\u00e1s bel\u00e9p\u0151d\u00edjai \u00e9s k\u00f3stol\u00e1s, egy strandbel\u00e9p\u0151 k\u00f6lts\u00e9gei, szervez\u00e9si k\u00f6lts\u00e9gek.<\/span><\/p>\n<p><span style=\"line-height: 1.4em;\">Jelentkez\u00e9s janu\u00e1r 30-ig! Els\u0151 r\u00e9szlet 450 lej, m\u00e1rcius 1-ig. Jelentkez\u00e9sn\u00e9l el\u0151nyt \u00e9lveznek a Tur2 hallgat\u00f3k, de m\u00e1s szakr\u00f3l is jelentkezhetnek a t\u00f6red\u00e9k helyekre.<\/span><\/p>\n<p><a href=\"http:\/\/geografie.ubbcluj.ro\/pages\/magyarfoldrajz\/wp-content\/uploads\/2014\/12\/delalfold-szeged.jpg\"><img loading=\"lazy\" decoding=\"async\" class=\"aligncenter size-full wp-image-982\" title=\"delalfold-szeged\" src=\"http:\/\/geografie.ubbcluj.ro\/pages\/magyarfoldrajz\/wp-content\/uploads\/2014\/12\/delalfold-szeged.jpg\" alt=\"\" width=\"500\" height=\"354\" \/><\/a><\/p>\n<h3 style=\"text-align: center;\"><span style=\"color: #800000;\"><strong style=\"line-height: 1.4em;\">Csehorsz\u00e1g<\/strong><\/span><\/h3>\n<p>Aj\u00e1nlott: BSc1-2, r\u00e9szt vehet BSc3, MSc)<\/p>\n<p>Helyek sz\u00e1ma: 60 f\u0151<\/p>\n<p>Id\u0151: 5 nap, \u00e1prilis 19\u201323<\/p>\n<p>Jelentkez\u00e9s: M\u00e1th\u00e9 Andr\u00e1s (matheandras@yahoo.com)<\/p>\n<p><span style=\"line-height: 1.4em;\">Tant\u00e1rgy \/ t\u00e9ma: \u00c9p\u00edt\u00e9szet, Kult\u00fara \u00e9s Civiliz\u00e1ci\u00f3, Turizmust\u00f6rt\u00e9net, Szolg\u00e1ltat\u00e1sok a Turizmusban, Etno-kult\u00far\u00e1lis \u00f6vezetek turisztikai \u00e9rt\u00e9kes\u00edt\u00e9se.<\/span><\/p>\n<p><strong style=\"line-height: 1.4em;\">Szervez\u0151: M\u00e1th\u00e9 Andr\u00e1s<\/strong><\/p>\n<p><span style=\"line-height: 1.4em;\">Helysz\u00ednek, l\u00e1tnival\u00f3k: Pr\u00e1ga, Jicin, Mlada Boleslav (l\u00e1togat\u00e1s a Skoda M\u00fazeumban \u00e9s a Skoda gy\u00e1rban) v\u00e1rosok, Hrensko kistelep\u00fcl\u00e9s. T\u00far\u00e1k: 1. Kir\u00e1ndul\u00e1s a Porlad\u00f3 szikl\u00e1khoz (Cseh paradicsom), 2. Cs\u00f3nakos kir\u00e1ndul\u00e1s a Kamenice foly\u00f3 szurdokv\u00f6lgy\u00e9ben (Cseh Sv\u00e1jc), 3. Kir\u00e1ndul\u00e1s a Pravicka Brana (Pr\u00e9dik\u00e1tor) kapu m\u00e9szk\u0151 alkotta h\u00eddj\u00e1hoz (Cseh Sv\u00e1jc), V\u00e1rak \u00e9s kast\u00e9lyok megl\u00e1togat\u00e1sa: Litomysl, Hluboka, Vranov nad Dyji, Kost, Trosky, Orlik.<\/span><\/p>\n<p><span style=\"line-height: 1.4em;\">Sz\u00e1ll\u00e1sok jellege: ifj\u00fas\u00e1gi sz\u00e1llod\u00e1k (hostel), hotelek.<\/span><\/p>\n<p>\u00c1<span style=\"line-height: 1.4em;\">r: 600 Ron (BSc1-2 sz\u00e1m\u00e1ra) vagy 650 lej (Bsc3, MSc sz\u00e1m\u00e1ra).<\/span><\/p>\n<p>Az \u00e1r tartalmazza: a sz\u00e1ll\u00e1s, busz, helyenk\u00e9nt reggeli \u00e9s vacsora k\u00f6lts\u00e9geit.<\/p>\n<p><span style=\"line-height: 1.4em;\">Jelentkez\u00e9s: febru\u00e1r 15-ig! El\u0151leg febru\u00e1r 20-ig (200 lej).<\/span><\/p>\n<p>T\u00faljelentkez\u00e9s eset\u00e9n: r\u00e9szv\u00e9tel jelentkez\u00e9si sorrend alapj\u00e1n.<\/p>\n<p><a href=\"http:\/\/geografie.ubbcluj.ro\/pages\/magyarfoldrajz\/wp-content\/uploads\/2015\/12\/andras1.jpg\"><img loading=\"lazy\" decoding=\"async\" class=\"aligncenter size-full wp-image-1303\" title=\"andras1\" src=\"http:\/\/geografie.ubbcluj.ro\/pages\/magyarfoldrajz\/wp-content\/uploads\/2015\/12\/andras1.jpg\" alt=\"\" width=\"1000\" height=\"662\" \/><\/a><\/p>\n<p><a href=\"http:\/\/geografie.ubbcluj.ro\/pages\/magyarfoldrajz\/wp-content\/uploads\/2015\/12\/andras2.jpg\"><img loading=\"lazy\" decoding=\"async\" class=\"aligncenter size-full wp-image-1304\" title=\"andras2\" src=\"http:\/\/geografie.ubbcluj.ro\/pages\/magyarfoldrajz\/wp-content\/uploads\/2015\/12\/andras2.jpg\" alt=\"\" width=\"960\" height=\"540\" \/><\/a><\/p>\n<p><a href=\"http:\/\/geografie.ubbcluj.ro\/pages\/magyarfoldrajz\/wp-content\/uploads\/2015\/12\/andras3.jpg\"><img loading=\"lazy\" decoding=\"async\" class=\"aligncenter size-full wp-image-1305\" title=\"andras3\" src=\"http:\/\/geografie.ubbcluj.ro\/pages\/magyarfoldrajz\/wp-content\/uploads\/2015\/12\/andras3.jpg\" alt=\"\" width=\"747\" height=\"506\" \/><\/a><\/p>\n<h3 style=\"text-align: center;\"><span style=\"color: #800000;\"><strong style=\"line-height: 1.4em;\">Miskolc<\/strong><\/span><\/h3>\n<p>Aj\u00e1nlott: BSc1-2-3 sz\u00e1m\u00e1ra.<\/p>\n<p>Helyek sz\u00e1ma: 45 f\u0151<\/p>\n<p>Id\u0151: 5 nap, m\u00e1jus 9\u201313<\/p>\n<p>Jelentkez\u00e9s: T\u00f6r\u00f6k Ibolya (<a href=\"mailto:ibolyakurko@gmail.com\">ibolyakurko@gmail.com<\/a>)<\/p>\n<p><span style=\"line-height: 1.4em;\">Tant\u00e1rgy \/ t\u00e9ma: Term\u00e9szetf\u00f6ldrajzi-, fenntarthat\u00f3 fejl\u0151d\u00e9ssel kapcsolatos-, kultur\u00e1lis turisztikai-, eg\u00e9szs\u00e9gturisztikai ismeretek elsaj\u00e1t\u00edt\u00e1sa<\/span><\/p>\n<p><strong style=\"line-height: 1.4em;\">Szervez\u0151: T\u00f6r\u00f6k Ibolya<\/strong><\/p>\n<p><span style=\"line-height: 1.4em;\">A terepgyakorlat Miskolc \u00e9s k\u00f6rny\u00e9k\u00e9nek (Di\u00f3sgy\u0151r, Miskolctapolca, Lillaf\u00fcred, Aggtelek, Eger \u00e9s S\u00e1rospatak) kultur\u00e1lis- (R\u00e1k\u00f3czi-h\u00e1z, L\u00e9zerpont L\u00e1tv\u00e1nyt\u00e1r \u00e9s m\u0171hely, Deszkatemplom, Sz\u00edn\u00e9szm\u00fazeum stb.) \u00e9s f\u00fcrd\u0151turizmus\u00e1t (Eur\u00f3p\u00e1ban is egyed\u00fcl\u00e1ll\u00f3 term\u00e9szetes term\u00e1l- \u00e9s barlangf\u00fcrd\u0151 \u2013 Miskolctapolca valamint a m\u00e9szk\u0151lerak\u00f3d\u00e1sok gy\u00f6ny\u00f6r\u0171 l\u00e1tv\u00e1ny\u00e1t ny\u00fajt\u00f3 Egerszal\u00f3k) mutatja be, k\u00fcl\u00f6n\u00f6s hangs\u00falyt fektetve a ter\u00fcleti fejl\u0151d\u00e9s elm\u00e9leti \u00e9s gyakorlati megval\u00f3s\u00edt\u00e1saira.<\/span><\/p>\n<p><span style=\"line-height: 1.4em;\">Program:<\/span><\/p>\n<ol>\n<li>nap. Indul\u00e1s kora reggel, d\u00e9lut\u00e1ni \u00e9rkez\u00e9s, sz\u00e1ll\u00e1s elfoglal\u00e1sa, a v\u00e1rosk\u00f6zpont f\u0151bb nevezetess\u00e9geinek megl\u00e1togat\u00e1sa<\/li>\n<li>nap. Miskolc: R\u00e1k\u00f3czi-h\u00e1z, Deszkatemplom, Avasi kil\u00e1t\u00f3, Sz\u00edn\u00e9szm\u00fazeum megl\u00e1togat\u00e1sa, d\u00e9lut\u00e1n Di\u00f3sgy\u0151r (pap\u00edr m\u00fazeum, Di\u00f3sgy\u0151ri v\u00e1r) \u00e9s Lillaf\u00fcred (s\u00e9ta Lillaf\u00fcreden, Palota sz\u00e1ll\u00f3, kisvas\u00fat, Als\u00f3-H\u00e1mor)<\/li>\n<li>nap. Aggteleki-cseppk\u0151barlang, S\u00e1rospatak<\/li>\n<li>nap. Eger (v\u00e1r) \u00e9s Egerszal\u00f3k (bork\u00f3stol\u00f3)<\/li>\n<li>nap. Miskolctapolca (barlangf\u00fcrd\u0151), hazautaz\u00e1s<\/li>\n<\/ol>\n<p><span style=\"line-height: 1.4em;\">Sz\u00e1ll\u00e1s: panzi\u00f3ban.<\/span><\/p>\n<p><span style=\"line-height: 1.4em;\">\u00c1r: 350 lej (BSc1\u20132 sz\u00e1m\u00e1ra) vagy 400 lej (BSc3 sz\u00e1m\u00e1ra). Az \u00e1r tartalmazza az utaz\u00e1s \u00e9s sz\u00e1ll\u00e1s k\u00f6lts\u00e9geit, valamint a Di\u00f3sgy\u0151ri v\u00e1r l\u00e1togat\u00e1s\u00e1nak d\u00edj\u00e1t.<\/span><\/p>\n<p><span style=\"line-height: 1.4em;\">Jelentkez\u00e9s: febru\u00e1r 22-ig. El\u0151leg: 100 lej, amelyet febru\u00e1r 22-ig lehet befizetni.<\/span><\/p>\n<p><a href=\"http:\/\/geografie.ubbcluj.ro\/pages\/magyarfoldrajz\/wp-content\/uploads\/2015\/12\/ibolya1.jpg\"><img loading=\"lazy\" decoding=\"async\" class=\"aligncenter size-full wp-image-1306\" title=\"ibolya1\" src=\"http:\/\/geografie.ubbcluj.ro\/pages\/magyarfoldrajz\/wp-content\/uploads\/2015\/12\/ibolya1.jpg\" alt=\"\" width=\"1000\" height=\"713\" \/><\/a><\/p>\n<p><a href=\"http:\/\/geografie.ubbcluj.ro\/pages\/magyarfoldrajz\/wp-content\/uploads\/2015\/12\/ibolya2.jpg\"><img loading=\"lazy\" decoding=\"async\" class=\"aligncenter size-full wp-image-1307\" title=\"ibolya2\" src=\"http:\/\/geografie.ubbcluj.ro\/pages\/magyarfoldrajz\/wp-content\/uploads\/2015\/12\/ibolya2.jpg\" alt=\"\" width=\"800\" height=\"600\" \/><\/a><\/p>\n<p><a href=\"http:\/\/geografie.ubbcluj.ro\/pages\/magyarfoldrajz\/wp-content\/uploads\/2015\/12\/ibolya3.jpg\"><img loading=\"lazy\" decoding=\"async\" class=\"aligncenter size-full wp-image-1308\" title=\"ibolya3\" src=\"http:\/\/geografie.ubbcluj.ro\/pages\/magyarfoldrajz\/wp-content\/uploads\/2015\/12\/ibolya3.jpg\" alt=\"\" width=\"450\" height=\"299\" \/><\/a><\/p>\n<h3 style=\"text-align: center;\"><span style=\"color: #800000;\"><strong style=\"line-height: 1.4em;\">Csehorsz\u00e1g\u2013Szil\u00e9zia\u2013Sz\u00e1szorsz\u00e1g<\/strong><\/span><\/h3>\n<p>Aj\u00e1nlott: BSc, MSc, k\u00fcls\u0151s is r\u00e9szt vehet.<\/p>\n<p>Helyek sz\u00e1ma: 47 f\u0151<\/p>\n<p>Id\u0151: 8 nap, m\u00e1jus 13\u201320.<\/p>\n<p>Jelentkez\u00e9s: Bartos-Elekes Zsombor (bezsombor@yahoo.com)<\/p>\n<p><span style=\"line-height: 1.4em;\">Tant\u00e1rgy \/ t\u00e9ma: Nemzetk\u00f6zi turizmus, Eur\u00f3pa f\u00f6ldrajza.<\/span><\/p>\n<p><strong style=\"line-height: 1.4em;\">Szervez\u0151: Bartos-Elekes Zsombor, Nemerk\u00e9nyi Zsombor (A F\u00f6ldg\u00f6mb)<\/strong><\/p>\n<p><span style=\"line-height: 1.4em;\">Utunk sor\u00e1n K\u00f6z\u00e9p-Eur\u00f3pa \u00f6sszekapcsol\u00f3d\u00f3 vid\u00e9keit j\u00e1rjuk be: id\u0151nk t\u00f6bb mint fel\u00e9t Csehorsz\u00e1gban t\u00f6ltj\u00fck, de belek\u00f3stolunk Lengyelorsz\u00e1gba (Als\u00f3-szil\u00e9ziai vajdas\u00e1g), N\u00e9metorsz\u00e1gba (Sz\u00e1szorsz\u00e1g tartom\u00e1ny) \u00e9s Szlov\u00e1ki\u00e1ba (Pozsony) is. Szil\u00e9zia a k\u00f6z\u00e9pkorban egy ideig a cseh koron\u00e1hoz tartozott, majd Sz\u00e1szorsz\u00e1ggal egy\u00fctt porosz\/n\u00e9met ter\u00fclet volt, a XX. sz\u00e1zadban j\u00f3 ideig pedig Pozsony volt r\u00e9sze Csehszlov\u00e1ki\u00e1nak.<\/span><\/p>\n<p>Utunk kiemelt l\u00e1tnival\u00f3ja Eur\u00f3pa egyik leggazdagabb \u00e9p\u00edtett \u00f6r\u00f6ks\u00e9g\u0171 v\u00e1rosa: Pr\u00e1ga. Csehorsz\u00e1gban meg\u00e1llunk m\u00e9g a h\u00edres f\u00fcrd\u0151v\u00e1rosn\u00e1l (az Osztr\u00e1k\u2013Magyar Monarchia Karsbad-ja, ma Karlovy Vary), \u00e9s t\u00f6bb m\u00e1s vil\u00e1g\u00f6r\u00f6ks\u00e9g helysz\u00ednen: hangulatos kisv\u00e1rosban (Tel\u010d), gy\u00f6ny\u00f6r\u0171 kast\u00e9lyn\u00e1l (Lednice\u2013Valtice) \u00e9s v\u00e1rn\u00e1l (Karlstejn), r\u00e9gi s\u00f6rf\u0151zd\u00e9ben k\u00f3stolgatjuk az \u00edzletes cseh s\u00f6rt (D<em>obru\u0161ka)<\/em><em>.<\/em> N\u00e9metorsz\u00e1gb\u00f3l Drezd\u00e1ban a vil\u00e1gh\u00edres barokk Zwingert, Lengyelorsz\u00e1gban a Hanza-v\u00e1ros Wroc\u0142aw-ot (Boroszl\u00f3t) l\u00e1togatjuk meg. Utunk magyar vonatkoz\u00e1sai az egykori magyar f\u0151v\u00e1roson, Pozsonyon t\u00fal is terjednek, hiszen M\u00e1ty\u00e1s kir\u00e1ly foglalta el r\u00f6vid id\u0151re e ter\u00fcletek egy r\u00e9sz\u00e9t. Az egyik legjelent\u0151sebb lengyel v\u00e1rban, a <em>Ksi\u0105\u017c-v\u00e1rkast\u00e9lyban <\/em>a M\u00e1ty\u00e1s \u00e1ltal \u00e9p\u00edtett<em> <\/em>sz\u00e1rny a nev\u00e9t viseli; a n\u00e9metorsz\u00e1gi szorb kisebbs\u00e9g k\u00f6zpontj\u00e1ban, Bautzen-ben a M\u00e1ty\u00e1s domborm\u0171vet n\u00e9zz\u00fck meg a v\u00e1rkapun.<\/p>\n<p>Term\u00e9szeti l\u00e1tnival\u00f3k\u00e9nt h\u00e1rom nemzeti parkot nevezhet\u00fcnk meg: a Rumc\u00e1jsz mes\u00e9k Ji\u010d\u00edn k\u00f6rny\u00e9ki Cseh-Paradicsom\u00e1ban \u00e9s a cseh\u2013n\u00e9met hat\u00e1r k\u00e9t oldal\u00e1n lev\u0151 Cseh-, illetve Sz\u00e1sz-Sv\u00e1jc ter\u00fclet\u00e9n tesz\u00fcnk k\u00f6nny\u0171 t\u00far\u00e1kat, l\u00e1tv\u00e1nyos homokk\u0151szikl\u00e1k k\u00f6z\u00f6tt a Prachovsk\u00e9 Skaly (Porlad\u00f3-szikl\u00e1k), a Bastei-h\u00edd \u00e9s a Prav\u010dick\u00e1 br\u00e1na sziklah\u00edd megtekint\u00e9s\u00e9vel.<\/p>\n<p><span style=\"line-height: 1.4em;\">Sz\u00e1ll\u00e1sok jellege: hosztel.<\/span><\/p>\n<p><span style=\"line-height: 1.4em;\">\u00c1r: kb. 800 lej (BSc1-2. \u00e9ves sz\u00e1m\u00e1ra) vagy 850 lej (m\u00e1s r\u00e9szvev\u0151knek).<\/span><\/p>\n<p>Az \u00e1r tartalmazza a sz\u00e1ll\u00e1sok \u00e9s a busz k\u00f6lts\u00e9geit (esetenk\u00e9nt reggelit).<\/p>\n<p><span style=\"line-height: 1.4em;\">Jelentkez\u00e9s: 2016. febru\u00e1r 22-ig. T\u00faljelentkez\u00e9s eset\u00e9n a r\u00e9szv\u00e9tel az e f\u00e9l\u00e9vi tanulm\u00e1nyi \u00e1tlag szerint d\u0151l el.<\/span><\/p>\n<p><a href=\"http:\/\/geografie.ubbcluj.ro\/pages\/magyarfoldrajz\/wp-content\/uploads\/2015\/12\/zsombor1.jpg\"><img loading=\"lazy\" decoding=\"async\" class=\"aligncenter size-full wp-image-1309\" title=\"zsombor1\" src=\"http:\/\/geografie.ubbcluj.ro\/pages\/magyarfoldrajz\/wp-content\/uploads\/2015\/12\/zsombor1.jpg\" alt=\"\" width=\"1000\" height=\"794\" \/><\/a><\/p>\n<p><a href=\"http:\/\/geografie.ubbcluj.ro\/pages\/magyarfoldrajz\/wp-content\/uploads\/2015\/12\/zsombor2.jpg\"><img loading=\"lazy\" decoding=\"async\" class=\"aligncenter size-full wp-image-1310\" title=\"zsombor2\" src=\"http:\/\/geografie.ubbcluj.ro\/pages\/magyarfoldrajz\/wp-content\/uploads\/2015\/12\/zsombor2.jpg\" alt=\"\" width=\"1000\" height=\"796\" \/><\/a><\/p>\n<p><a href=\"http:\/\/geografie.ubbcluj.ro\/pages\/magyarfoldrajz\/wp-content\/uploads\/2015\/12\/zsombor3.jpg\"><img loading=\"lazy\" decoding=\"async\" class=\"aligncenter size-full wp-image-1311\" title=\"zsombor3\" src=\"http:\/\/geografie.ubbcluj.ro\/pages\/magyarfoldrajz\/wp-content\/uploads\/2015\/12\/zsombor3.jpg\" alt=\"\" width=\"1000\" height=\"681\" \/><\/a><\/p>\n<p><a href=\"http:\/\/geografie.ubbcluj.ro\/pages\/magyarfoldrajz\/wp-content\/uploads\/2015\/12\/zsombor4.jpg\"><img loading=\"lazy\" decoding=\"async\" class=\"aligncenter size-full wp-image-1312\" title=\"zsombor4\" src=\"http:\/\/geografie.ubbcluj.ro\/pages\/magyarfoldrajz\/wp-content\/uploads\/2015\/12\/zsombor4.jpg\" alt=\"\" width=\"1000\" height=\"667\" \/><\/a><\/p>\n","protected":false},"excerpt":{"rendered":"<p>TANULM\u00c1NY\u00daT F\u00f6ldr1 F\u00f6ldr2 Terfejl1 Terfejl2 Tur1 Tur2 BSc3, MSc Budapest (Utaz\u00e1s Ki\u00e1ll\u00edt\u00e1s) aj\u00e1nlott aj\u00e1nlott r\u00e9szt vehet D\u00e9l-Alf\u00f6ld (EU turizmusa) r\u00e9szt vehet r\u00e9szt vehet r\u00e9szt vehet r\u00e9szt vehet r\u00e9szt vehet aj\u00e1nlott Csehorsz\u00e1g (\u00c9p\u00edt\u00e9szet) aj\u00e1nlott aj\u00e1nlott aj\u00e1nlott aj\u00e1nlott aj\u00e1nlott aj\u00e1nlott r\u00e9szt vehet &hellip; <a class=\"more-link\" href=\"https:\/\/geografie.ubbcluj.ro\/pages\/magyarfoldrajz\/?page_id=1298\">Continue reading <span class=\"meta-nav\">&rarr;<\/span><\/a><\/p>\n","protected":false},"author":2,"featured_media":0,"parent":0,"menu_order":0,"comment_status":"closed","ping_status":"closed","template":"","meta":{"footnotes":""},"_links":{"self":[{"href":"https:\/\/geografie.ubbcluj.ro\/pages\/magyarfoldrajz\/index.php?rest_route=\/wp\/v2\/pages\/1298"}],"collection":[{"href":"https:\/\/geografie.ubbcluj.ro\/pages\/magyarfoldrajz\/index.php?rest_route=\/wp\/v2\/pages"}],"about":[{"href":"https:\/\/geografie.ubbcluj.ro\/pages\/magyarfoldrajz\/index.php?rest_route=\/wp\/v2\/types\/page"}],"author":[{"embeddable":true,"href":"https:\/\/geografie.ubbcluj.ro\/pages\/magyarfoldrajz\/index.php?rest_route=\/wp\/v2\/users\/2"}],"replies":[{"embeddable":true,"href":"https:\/\/geografie.ubbcluj.ro\/pages\/magyarfoldrajz\/index.php?rest_route=%2Fwp%2Fv2%2Fcomments&post=1298"}],"version-history":[{"count":4,"href":"https:\/\/geografie.ubbcluj.ro\/pages\/magyarfoldrajz\/index.php?rest_route=\/wp\/v2\/pages\/1298\/revisions"}],"predecessor-version":[{"id":1301,"href":"https:\/\/geografie.ubbcluj.ro\/pages\/magyarfoldrajz\/index.php?rest_route=\/wp\/v2\/pages\/1298\/revisions\/1301"}],"wp:attachment":[{"href":"https:\/\/geografie.ubbcluj.ro\/pages\/magyarfoldrajz\/index.php?rest_route=%2Fwp%2Fv2%2Fmedia&parent=1298"}],"curies":[{"name":"wp","href":"https:\/\/api.w.org\/{rel}","templated":true}]}}