{"id":1290,"date":"2015-12-13T23:25:14","date_gmt":"2015-12-13T23:25:14","guid":{"rendered":"http:\/\/geografie.ubbcluj.ro\/pages\/magyarfoldrajz\/?page_id=1290"},"modified":"2015-12-13T23:30:02","modified_gmt":"2015-12-13T23:30:02","slug":"szakmai-gyakorlat-2016","status":"publish","type":"page","link":"https:\/\/geografie.ubbcluj.ro\/pages\/magyarfoldrajz\/?page_id=1290","title":{"rendered":"Szakmai gyakorlat 2016"},"content":{"rendered":"<table border=\"1\" cellspacing=\"0\" cellpadding=\"0\">\n<tbody>\n<tr>\n<td valign=\"top\" width=\"112\">SZAKMAI GYAKORLAT<\/td>\n<td valign=\"top\" width=\"84\"><strong>F\u00f6ldr1<\/strong><\/td>\n<td valign=\"top\" width=\"84\"><strong>F\u00f6ldr2<\/strong><\/td>\n<td valign=\"top\" width=\"84\"><strong>Terfejl1<\/strong><\/td>\n<td valign=\"top\" width=\"84\"><strong>Terfejl2<\/strong><\/td>\n<td valign=\"top\" width=\"84\"><strong>Tur1<\/strong><\/td>\n<td valign=\"top\" width=\"84\"><strong>Tur2<\/strong><\/td>\n<\/tr>\n<tr>\n<td valign=\"top\" width=\"112\"><strong>Term\u00e9szetf\u00f6ldrajz (Nagyb\u00e1r, Kolozsv\u00e1r)<\/strong><\/td>\n<td valign=\"top\" width=\"84\">k\u00f6telez\u0151<\/td>\n<td valign=\"top\" width=\"84\"><\/td>\n<td valign=\"top\" width=\"84\">k\u00f6telez\u0151<\/td>\n<td valign=\"top\" width=\"84\"><\/td>\n<td valign=\"top\" width=\"84\"><\/td>\n<td valign=\"top\" width=\"84\"><\/td>\n<\/tr>\n<tr>\n<td valign=\"top\" width=\"112\"><strong>T\u00e1rsadalomf\u00f6ldrajz <\/strong><strong>(Kolozsv\u00e1r)<\/strong><\/td>\n<td valign=\"top\" width=\"84\"><\/td>\n<td valign=\"top\" width=\"84\">k\u00f6telez\u0151<\/td>\n<td valign=\"top\" width=\"84\"><\/td>\n<td valign=\"top\" width=\"84\">k\u00f6telez\u0151<\/td>\n<td valign=\"top\" width=\"84\"><\/td>\n<td valign=\"top\" width=\"84\"><\/td>\n<\/tr>\n<tr>\n<td valign=\"top\" width=\"112\"><strong>Turizmus1 (Kolozsv\u00e1r)<\/strong><\/td>\n<td valign=\"top\" width=\"84\"><\/td>\n<td valign=\"top\" width=\"84\"><\/td>\n<td valign=\"top\" width=\"84\"><\/td>\n<td valign=\"top\" width=\"84\"><\/td>\n<td valign=\"top\" width=\"84\">k\u00f6telez\u0151<\/td>\n<td valign=\"top\" width=\"84\"><\/td>\n<\/tr>\n<tr>\n<td valign=\"top\" width=\"112\"><strong>Turizmus2 (Kolozsv\u00e1r)<\/strong><\/td>\n<td valign=\"top\" width=\"84\"><\/td>\n<td valign=\"top\" width=\"84\"><\/td>\n<td valign=\"top\" width=\"84\"><\/td>\n<td valign=\"top\" width=\"84\"><\/td>\n<td valign=\"top\" width=\"84\"><\/td>\n<td valign=\"top\" width=\"84\">k\u00f6telez\u0151<\/td>\n<\/tr>\n<\/tbody>\n<\/table>\n<p><span style=\"color: #993300;\"><strong style=\"line-height: 1.4em;\">Term\u00e9szetf\u00f6ldrajz<\/strong><\/span><\/p>\n<p>K\u00f6telez\u0151: F\u00f6ldr1, Terfejl1.<\/p>\n<p>Hely: Nagyb\u00e1r, Kolozsv\u00e1r<\/p>\n<p>Id\u0151: 10 nap (F\u00f6ldr1) \/ 9 nap (Terfejl1), kb. j\u00falius 11\u201317.<\/p>\n<p>Oktat\u00f3k: Bart\u00f3k Blanka, Bartos-Elekes Zsombor, Czellecz Bogl\u00e1rka, G\u00e1l Andrea, Imecs Zolt\u00e1n.<\/p>\n<p><span style=\"line-height: 1.4em;\">Tant\u00e1rgyak, t\u00e9mak\u00f6r\u00f6k: Geomorfol\u00f3gia, Hidrol\u00f3gia, Meteorol\u00f3gia, T\u00e9rk\u00e9p\u00e9szet.<\/span><\/p>\n<p><span style=\"line-height: 1.4em;\">Tev\u00e9kenys\u00e9gek:<\/span><\/p>\n<ul>\n<li>term\u00e9szetf\u00f6ldrajzi, geomorfol\u00f3giai megfigyel\u00e9sek, m\u00e9r\u00e9sek (Nagyb\u00e1r, 5 nap)<\/li>\n<li>foly\u00f3szakasz-jellegzetess\u00e9gek megfigyel\u00e9se, v\u00edzhozam-m\u00e9r\u00e9s, s\u00f3s vizek mineraliz\u00e1ci\u00f3j\u00e1nak vizsg\u00e1lata (Kolozsv\u00e1r k\u00f6rny\u00e9ke, 2 nap)<\/li>\n<li>csak F\u00f6ldr1 sz\u00e1m\u00e1ra: meteorol\u00f3giai automata\u00e1llom\u00e1s-m\u00e9r\u00e9s adatfeldolgoz\u00e1s (Kolozsv\u00e1r, 1 nap)<\/li>\n<li>t\u00e1j\u00e9koz\u00f3d\u00e1s, helysz\u00ednel\u00e9s t\u00e9rk\u00e9ppel, GPS-szel (Kolozsv\u00e1r, B\u00fckk, 2 nap)<\/li>\n<\/ul>\n<p><span style=\"line-height: 1.4em;\">\u00c1r: kb. 250 lej (busz, sz\u00e1ll\u00e1s, \u00e9tkez\u00e9s Nagyb\u00e1r)<\/span><\/p>\n<p><span style=\"color: #993300;\"><strong style=\"line-height: 1.4em;\">T\u00e1rsadalomf\u00f6ldrajz<\/strong><\/span><\/p>\n<p>K\u00f6telez\u0151: F\u00f6ldr2, Terfejl2<\/p>\n<p>Hely: Kolozsv\u00e1r<\/p>\n<p>Id\u0151: 7 nap, kb. j\u00falius 11\u201317.<\/p>\n<p>Oktat\u00f3k: Bajtalan Hunor, Kov\u00e1cs Csaba, M\u00e1th\u00e9 Csongor, T\u00f6r\u00f6k Ibolya.<\/p>\n<p><span style=\"line-height: 1.4em;\">Tev\u00e9kenys\u00e9gek:<\/span><\/p>\n<ul>\n<li>int\u00e9zm\u00e9nyl\u00e1togat\u00e1s: Megyei Tan\u00e1cs, Polg\u00e1rmesteri Hivatal, Fejleszt\u00e9si \u00dcgyn\u00f6ks\u00e9g, RUR iroda stb. (2 nap),<\/li>\n<li>szuburbanizaci\u00f3 folyamat\u00e1nak vizsg\u00e1lata: Sz\u00e1szfenes \u00e9s Kisb\u00e1cs p\u00e9ld\u00e1j\u00e1n (2 nap),<\/li>\n<li>z\u00f6ldmez\u0151s, barnamez\u0151s beruh\u00e1z\u00e1s (1 nap),<\/li>\n<li>Nagyv\u00e1rad \u00e9s Nagyb\u00e1nya t\u00f6rt\u00e9nelmi, kultur\u00e1lis nevezetess\u00e9geinek megl\u00e1togat\u00e1sa (2 nap).<\/li>\n<\/ul>\n<p><span style=\"line-height: 1.4em;\">\u00c1r: utaz\u00e1si k\u00f6lts\u00e9gek Nagyv\u00e1radra, Nagyb\u00e1ny\u00e1ra<\/span><\/p>\n<p><span style=\"color: #993300;\"><strong style=\"line-height: 1.4em;\">Turizmus1<\/strong><\/span><\/p>\n<p>K\u00f6telez\u0151: Tur1<\/p>\n<p>Hely: Kolozsv\u00e1r, esetleg m\u00e1s erd\u00e9lyi v\u00e1rosok.<\/p>\n<p>Id\u0151: kb. 7\u201310 nap, kb. j\u00fanius\u2013szeptember.<\/p>\n<p>Oktat\u00f3: M\u00e1th\u00e9 Andr\u00e1s.<\/p>\n<p><span style=\"line-height: 1.4em;\">Tant\u00e1rgyak, t\u00e9mak\u00f6r\u00f6k: Vend\u00e9gl\u00e1t\u00f3ipar, Szolg\u00e1ltat\u00e1sok a turizmusban, Turisztikai term\u00e9kek l\u00e9trehoz\u00e1sa \u00e9s \u00e9rt\u00e9kes\u00edt\u00e9se, Idegenvezet\u00e9s.<\/span><\/p>\n<p><span style=\"line-height: 1.4em;\">Tev\u00e9kenys\u00e9gek: szakmai tapasztalat szerz\u00e9se utaz\u00e1si irod\u00e1kban, turisztikai inform\u00e1ci\u00f3s irod\u00e1kban, hotelekben \u00e9s egy\u00e9b vend\u00e9gl\u00e1t\u00f3 egys\u00e9gekben, illetve term\u00e9szetv\u00e9delmi ter\u00fcleteken. Kutat\u00e1s, adatgy\u0171jt\u00e9s, turisztikai jelleg\u0171 adatb\u00e1zisok feldolgoz\u00e1sa, \u00e9rtelmez\u00e9se.<\/span><\/p>\n<p><span style=\"line-height: 1.4em;\">\u00c1r: ingyenes.<\/span><\/p>\n<p><span style=\"color: #993300;\"><strong style=\"line-height: 1.4em;\">Turizmus2<\/strong><\/span><\/p>\n<p>K\u00f6telez\u0151: Tur2<\/p>\n<p>Hely: Kolozsv\u00e1r<\/p>\n<p>Id\u0151: kb. 10 nap, kb. j\u00falius 11\u201321.<\/p>\n<p>Oktat\u00f3: Talpas J\u00e1nos<\/p>\n<p><span style=\"line-height: 1.4em;\">Tev\u00e9kenys\u00e9gek: Turisztikai ter\u00fcletfejleszt\u00e9si ismeretek elsaj\u00e1t\u00edt\u00e1sa.<\/span><\/p>\n<p><span style=\"line-height: 1.4em;\">\u00c1r: ingyenes.<\/span><\/p>\n","protected":false},"excerpt":{"rendered":"<p>SZAKMAI GYAKORLAT F\u00f6ldr1 F\u00f6ldr2 Terfejl1 Terfejl2 Tur1 Tur2 Term\u00e9szetf\u00f6ldrajz (Nagyb\u00e1r, Kolozsv\u00e1r) k\u00f6telez\u0151 k\u00f6telez\u0151 T\u00e1rsadalomf\u00f6ldrajz (Kolozsv\u00e1r) k\u00f6telez\u0151 k\u00f6telez\u0151 Turizmus1 (Kolozsv\u00e1r) k\u00f6telez\u0151 Turizmus2 (Kolozsv\u00e1r) k\u00f6telez\u0151 Term\u00e9szetf\u00f6ldrajz K\u00f6telez\u0151: F\u00f6ldr1, Terfejl1. Hely: Nagyb\u00e1r, Kolozsv\u00e1r Id\u0151: 10 nap (F\u00f6ldr1) \/ 9 nap (Terfejl1), kb. j\u00falius &hellip; <a class=\"more-link\" href=\"https:\/\/geografie.ubbcluj.ro\/pages\/magyarfoldrajz\/?page_id=1290\">Continue reading <span class=\"meta-nav\">&rarr;<\/span><\/a><\/p>\n","protected":false},"author":2,"featured_media":0,"parent":0,"menu_order":0,"comment_status":"closed","ping_status":"closed","template":"","meta":{"footnotes":""},"_links":{"self":[{"href":"https:\/\/geografie.ubbcluj.ro\/pages\/magyarfoldrajz\/index.php?rest_route=\/wp\/v2\/pages\/1290"}],"collection":[{"href":"https:\/\/geografie.ubbcluj.ro\/pages\/magyarfoldrajz\/index.php?rest_route=\/wp\/v2\/pages"}],"about":[{"href":"https:\/\/geografie.ubbcluj.ro\/pages\/magyarfoldrajz\/index.php?rest_route=\/wp\/v2\/types\/page"}],"author":[{"embeddable":true,"href":"https:\/\/geografie.ubbcluj.ro\/pages\/magyarfoldrajz\/index.php?rest_route=\/wp\/v2\/users\/2"}],"replies":[{"embeddable":true,"href":"https:\/\/geografie.ubbcluj.ro\/pages\/magyarfoldrajz\/index.php?rest_route=%2Fwp%2Fv2%2Fcomments&post=1290"}],"version-history":[{"count":6,"href":"https:\/\/geografie.ubbcluj.ro\/pages\/magyarfoldrajz\/index.php?rest_route=\/wp\/v2\/pages\/1290\/revisions"}],"predecessor-version":[{"id":1294,"href":"https:\/\/geografie.ubbcluj.ro\/pages\/magyarfoldrajz\/index.php?rest_route=\/wp\/v2\/pages\/1290\/revisions\/1294"}],"wp:attachment":[{"href":"https:\/\/geografie.ubbcluj.ro\/pages\/magyarfoldrajz\/index.php?rest_route=%2Fwp%2Fv2%2Fmedia&parent=1290"}],"curies":[{"name":"wp","href":"https:\/\/api.w.org\/{rel}","templated":true}]}}