{"id":1080,"date":"2015-02-13T15:33:45","date_gmt":"2015-02-13T15:33:45","guid":{"rendered":"http:\/\/geografie.ubbcluj.ro\/pages\/magyarfoldrajz\/?page_id=1080"},"modified":"2025-09-02T05:11:17","modified_gmt":"2025-09-02T05:11:17","slug":"msc","status":"publish","type":"page","link":"https:\/\/geografie.ubbcluj.ro\/pages\/magyarfoldrajz\/?page_id=1080","title":{"rendered":"MSc"},"content":{"rendered":"<p><strong>Felv\u00e9teli a mesterk\u00e9pz\u00e9sre (MSc)<\/strong><\/p>\n<p><em>Masterat &#8211; Masteratul de Turism \u0219i Dezvoltare Teritorial\u0103 \u00een limba maghiar\u0103 \u2013<span style=\"color: #0000ff;\">\u00a0<a style=\"color: #0000ff;\" href=\"http:\/\/geografie.ubbcluj.ro\/pages\/magyarfoldrajz\/felveteli\/PrezentareTDT.pdf\" target=\"_blank\" rel=\"noopener noreferrer\"><strong>prezentare \u00een limba rom\u00e2n\u0103<\/strong><\/a><\/span><\/em><\/p>\n<p>A beiratkoz\u00e1s on-line fel\u00fcleten t\u00f6rt\u00e9nik <span style=\"color: #ff0000;\"><strong><span style=\"line-height: 1.4em;\">2025.szeptember 5-6 k\u00f6z\u00f6tt folyamatosan, utols\u00f3 napon 14 \u00f3r\u00e1ig.\u00a0<\/span><\/strong><\/span><\/p>\n<p><a href=\"https:\/\/geografie.ubbcluj.ro\/admitere\/wp-content\/uploads\/2025\/07\/Tutorial-master-2025.pdf\"><span style=\"color: #0000ff;\"><strong>A felv\u00e9teli alkalmaz\u00e1s rom\u00e1n nyelv\u0171 \u00fatmutat\u00f3ja<\/strong><\/span><\/a><\/p>\n<p>Interj\u00fa: <span style=\"color: #ff0000;\"><strong>2025. szeptember 8.\u00a0<\/strong><\/span><\/p>\n<p>Az interj\u00fa &#8220;on-line&#8221; fog zajlani, a jel\u00f6ltek beoszt\u00e1sa a beiratkoz\u00e1s ut\u00e1n lesz el\u00e9rhet\u0151 a honlapon.<\/p>\n<p><span style=\"color: #0000ff;\"><strong>&gt;&gt;<\/strong><\/span><strong>\u00a0<\/strong><span style=\"color: #0000ff;\"><a style=\"color: #0000ff;\" href=\"https:\/\/geografie.ubbcluj.ro\/admitere\/2021\/TEMATICA\/Tematica_TDT_maghiara.pdf\" target=\"_blank\" rel=\"noopener noreferrer\"><strong>Az interj\u00fa tematik\u00e1ja<\/strong><\/a><strong>\u00a0&lt;&lt;<\/strong><\/span><\/p>\n<p><span style=\"line-height: 1.4em;\">A felv\u00e9telire t\u00f6rt\u00e9n\u0151 beiratkoz\u00e1shoz a k\u00f6vetkez\u0151 iratokat kell felt\u00f6lteni digit\u00e1lis form\u00e1ban egy k\u00e9s\u0151bb megjel\u00f6lt on-line fel\u00fcletre:<\/span><\/p>\n<ul>\n<li>A jelentkez\u0151 adataival kit\u00f6lt\u00f6tt jelentkez\u00e9si lap (<a href=\"https:\/\/geografie.ubbcluj.ro\/admitere\/wp-content\/uploads\/2025\/01\/Fisa-inscriere-admitere-master-iulie-2025.pdf\" target=\"_blank\" rel=\"noopener noreferrer\"><span style=\"color: #0000ff;\"><strong><span style=\"color: #0000ff;\">l<\/span><\/strong><\/span><span style=\"color: #0000ff;\"><strong><span style=\"color: #0000ff;\">et\u00f6lthet\u0151 innen<\/span><\/strong><\/span><\/a>);<\/li>\n<li>Az \u00e9retts\u00e9gi diploma a jegyek mell\u00e9klet\u00e9vel egy\u00fctt (Foaie Matricola)<\/li>\n<li>Az alapk\u00e9pz\u00e9sen szerzett diploma (Licenc diploma);<\/li>\n<li>Az alapk\u00e9pz\u00e9sen kapott jegyeket tartalmaz\u00f3 diploma kieg\u00e9sz\u00edt\u0151 irat (foaie matricol\u0103, supliment de diplom\u0103);<\/li>\n<li>Sz\u00fclet\u00e9si igazolv\u00e1ny;<\/li>\n<li>Szem\u00e9lyi igazolv\u00e1ny;<\/li>\n<li>Nyelvvizsga bizony\u00edtv\u00e1ny;<\/li>\n<li>Orvosi igazol\u00e1s;<\/li>\n<li>Adatok feldolgoz\u00e1s\u00e1ra vonatkoz\u00f3 nyilatkozat \u2013 az on-line fel\u00fclet r\u00e9sze lesz;<\/li>\n<li>A felv\u00e9teli d\u00edj befizet\u00e9s\u00e9t igazol\u00f3 nyugta;<\/li>\n<li>Eredeti igazol\u00e1s arr\u00f3l, hogy a felv\u00e9teliz\u0151 mentes\u00fcl a beiratkoz\u00e1si d\u00edj befizet\u00e9se al\u00f3l (az\u00a0<a href=\"https:\/\/infoadmitere.ubbcluj.ro\/hu\/reglementari\/files\/HU_Regulament_admitere_2025.pdf\" target=\"_blank\" rel=\"noopener noreferrer\"><span style=\"color: #0000ff;\"><span style=\"color: #0000ff;\"><strong>Egyetem szab\u00e1lyzat<\/strong><\/span><\/span><\/a>\u00e1nak megfelel\u0151en)<\/li>\n<\/ul>\n<p>A felv\u00e9teli vizsgad\u00edj \u2013 melynek \u00e9rt\u00e9ke 220 lej \u2013 k\u00e9t r\u00e9szb\u0151l \u00e1ll: <strong>iratkezel\u00e9si d\u00edj (100 lej) <\/strong><strong>\u00e9s beiratkoz\u00e1si d\u00edj (120 lej).<\/strong><\/p>\n<p><strong style=\"line-height: 1.4em;\">Els\u0151dleges eredm\u00e9nyhirdet\u00e9s: <span style=\"color: #ff0000;\">2025. szeptember 9.<\/span><\/strong><\/p>\n<p><strong style=\"line-height: 1.4em;\">Szakok:\u00a0<\/strong><a href=\"http:\/\/geografie.ubbcluj.ro\/admitere\/?page_id=1072\" target=\"_blank\" rel=\"noopener noreferrer\"><span style=\"color: #0000ff;\"><strong><em>A karon m\u0171k\u00f6d\u0151 mesteri szakok list\u00e1ja<\/em><\/strong><\/span><\/a><\/p>\n<p>Magyar nyelven a <a href=\"http:\/\/geografie.ubbcluj.ro\/pages\/magyarfoldrajz\/?page_id=129\" target=\"_blank\" rel=\"noopener noreferrer\"><span style=\"color: #0000ff;\"><strong>Turizmus \u00e9s ter\u00fcletfejleszt\u00e9s<\/strong><\/span><\/a> szakon hirdet\u00fcnk felv\u00e9telit.<\/p>\n<p><strong>Felv\u00e9teli k\u00f6vetelm\u00e9nyek:<\/strong><\/p>\n<p><strong>\u00a0\u00a0\u00a0\u00a0\u00a0\u00a0\u00a0\u00a0\u00a0\u00a0\u00a0 50% a licenc vizsga \u00e1tlaga<\/strong><\/p>\n<p><strong>\u00a0\u00a0\u00a0\u00a0\u00a0\u00a0\u00a0\u00a0\u00a0\u00a0\u00a0 50 % interj\u00fa<\/strong><\/p>\n<p>A jelentkez\u0151k a beiratkoz\u00e1si lapon t\u00f6bb szakot is megjel\u00f6lhetnek. Amennyiben t\u00f6bb szakot vagy oktat\u00e1si vonalat is megjel\u00f6lnek, minden egyes szakhoz ki kell fizess\u00e9k az 80 lejes iratkezel\u00e9si d\u00edjat \u00e9s r\u00e9szt kell venni\u00fck minden egyes szak interj\u00faj\u00e1n. A jelentkez\u0151k eloszt\u00e1sa a kiv\u00e1lasztott szakok szerint t\u00f6rt\u00e9nik az \u00e1tlagjegyek cs\u00f6kken\u0151 sorrendj\u00e9ben, a rendelkez\u00e9sre \u00e1ll\u00f3 helyek bet\u00f6lt\u00e9s\u00e9ig.<\/p>\n<ul>\n<li>A beiskol\u00e1z\u00e1si sz\u00e1mok nem l\u00e9phet\u0151k t\u00fal. Amennyiben az utols\u00f3 bejut\u00e1si \u00e1tlagot t\u00f6bb jel\u00f6lt is teljes\u00edti, a sorrend a k\u00f6vetkez\u0151 krit\u00e9riumok alapj\u00e1n d\u0151l el:\n<ul>\n<li>Az alapk\u00e9pz\u00e9s elv\u00e9gz\u00e9sekor el\u00e9rt tanulm\u00e1nyi \u00e1tlag;<\/li>\n<li>Az alapk\u00e9pz\u00e9s els\u0151 \u00e9v\u00e9nek tanulm\u00e1nyi \u00e1tlaga;<\/li>\n<\/ul>\n<\/li>\n<li>A mesteri helyekre val\u00f3 bejut\u00e1s minim\u00e1lis jegye <strong>6<\/strong>-os!<\/li>\n<\/ul>\n<p><strong>A hely elfoglal\u00e1sa<\/strong><\/p>\n<p>Mindazok a jel\u00f6ltek, akik sikeresen felv\u00e9teliztek, \u00edr\u00e1sban kell nyilatkozzanak arr\u00f3l (\u201evisszaigazol\u00e1s\u201d), hogy elfoglalj\u00e1k-e azt a helyet, amelyre felv\u00e9telt nyertek. A visszaigazol\u00e1s a kit\u00f6lt\u00f6tt \u00e9s <span style=\"color: #ff0000;\"><strong>al\u00e1\u00edrt tanulm\u00e1nyi szerz\u0151d\u00e9s on-line felt\u00f6lt\u00e9s\u00e9t jelenti.<\/strong><\/span> A fizet\u00e9ses helyre bejutott jel\u00f6ltek ki kell fizess\u00e9k a 3500 lejes tand\u00edj 25%-\u00e1t (875 lej), a kifizet\u00e9st igazolniuk kell.<\/p>\n<p><strong><span style=\"color: #ff0000;\">2025 szeptember 10-11 k\u00f6z\u00f6tt, utols\u00f3 nap 14-ig;<\/span><br \/>\n<\/strong><\/p>\n<p class=\"yiv4722946472MsoNormal\"><span style=\"color: #ff0000;\">A bejutott jel\u00f6ltek le kell tegy\u00e9k az eredeti iratokat tartalmaz\u00f3 iratcsom\u00f3t (mindazokat a dokumentumokat amiket az el\u0151z\u0151ekben felt\u00f6lt\u00f6tt) kieg\u00e9sz\u00edtve az eredeti Tanulm\u00e1nyi szerz\u0151d\u00e9ssel (2 p\u00e9ld\u00e1nyban<span lang=\"RO\">!<\/span>) \u00e9s k\u00e9t darab 3\/4 cm-es f\u00e9nyk\u00e9ppel.<\/span><\/p>\n<p class=\"yiv4722946472MsoNormal\"><span style=\"color: #ff0000;\">A Tanulm<span lang=\"HU\">\u00e1nyi szerz\u0151d\u00e9st ugyancsak a beiratkoz\u00e1si platformon lehet kit\u00f6lteni<\/span><\/span><span lang=\"HU\">.<\/span><\/p>\n<p>Akik a megjel\u00f6lt hat\u00e1rid\u0151ig nem foglalj\u00e1k el hely\u00fcket, elvesz\u00edtik azt!<\/p>\n<ul>\n<li>Azok a hallgat\u00f3k akik t\u00faljelentkez\u00e9s miatt nem ker\u00fcltek be egyik meghirdetett helyre sem v\u00e1r\u00f3list\u00e1ra ker\u00fclnek;<\/li>\n<li>Azok a hallgat\u00f3k akik bejutottak \u00e9s elfoglalt\u00e1k\u00a0<strong>tand\u00edjas<\/strong>\u00a0hely\u00fcket, automatikusan r\u00e9szt vesznek a megmaradt t\u00e1mogatott helyek eloszt\u00e1s\u00e1ban, de csak azon a szakon ahol m\u00e1r elfoglalt\u00e1k hely\u00fcket \u00e9s csak amennyiben a jelentkez\u00e9si lapon bejel\u00f6lt\u00e9k a t\u00e1mogatott hely ig\u00e9ny\u00e9t.<\/li>\n<li>Amennyiben a visszaigazol\u00e1s ut\u00e1n m\u00e9g maradnak el nem foglalt helyek, ezeket a v\u00e1r\u00f3list\u00e1n l\u00e9v\u0151 jelentkez\u0151k foglalhatj\u00e1k el a bejel\u00f6lt szak \u00e9s a jegy sorrendj\u00e9ben.<\/li>\n<li>Az \u00edgy megval\u00f3sult <strong>\u00fajraeloszt\u00e1s<\/strong> eredm\u00e9ny\u00e9t <span style=\"color: #ff0000;\"><strong>szeptember 11.-\u00e9n <\/strong><\/span>teszik k\u00f6zz\u00e9;<\/li>\n<li>Az \u00fajraeloszt\u00e1s eredm\u00e9nyek\u00e9ppen bejutott jelentkez\u0151k <span style=\"color: #ff0000;\"><b>szeptember 12.-\u00e9n<\/b><\/span> foglalhatj\u00e1k el hely\u00fcket, a tanulm\u00e1nyi szerz\u0151d\u00e9s fel\u00f6lt\u00e9s\u00e9vel illetve szem\u00e9lyes bead\u00e1s\u00e1val;<\/li>\n<li>Amennyiben egy szakon nem jutott be a csoport l\u00e9trehoz\u00e1s\u00e1hoz sz\u00fcks\u00e9ges l\u00e9tsz\u00e1m\u00fa jel\u00f6lt, a bejutott jel\u00f6lteket m\u00e1s szakra fogj\u00e1k csoportos\u00edtani egy k\u00e9rv\u00e9ny alapj\u00e1n.<\/li>\n<li><strong><span style=\"color: #ff0000;\">A szeptemberi vizsgaid\u0151szak v\u00e9gleges eredm\u00e9nyeit 2025. szeptember 15.-\u00e9n teszik k\u00f6zz\u00e9.<\/span><\/strong><\/li>\n<li>A felv\u00e9telt nyert \u00e9s visszaigazolt jelentkez\u0151k az on-line jelentkez\u00e9skor fel\u00f6lt\u00f6tt iratok eredetij\u00e9t \u00e9s k\u00e9t darab 3*4 cm-es f\u00e9nyk\u00e9pet kell szem\u00e9lyesen beny\u00fajtsanak a F\u00f6ldrajz kar sz\u00e9khely\u00e9n a fentebb megadott id\u0151pontokban.<\/li>\n<\/ul>\n","protected":false},"excerpt":{"rendered":"<p>Felv\u00e9teli a mesterk\u00e9pz\u00e9sre (MSc) Masterat &#8211; Masteratul de Turism \u0219i Dezvoltare Teritorial\u0103 \u00een limba maghiar\u0103 \u2013\u00a0prezentare \u00een limba rom\u00e2n\u0103 A beiratkoz\u00e1s on-line fel\u00fcleten t\u00f6rt\u00e9nik 2025.szeptember 5-6 k\u00f6z\u00f6tt folyamatosan, utols\u00f3 napon 14 \u00f3r\u00e1ig.\u00a0 A felv\u00e9teli alkalmaz\u00e1s rom\u00e1n nyelv\u0171 \u00fatmutat\u00f3ja Interj\u00fa: 2025. &hellip; <a class=\"more-link\" href=\"https:\/\/geografie.ubbcluj.ro\/pages\/magyarfoldrajz\/?page_id=1080\">Continue reading <span class=\"meta-nav\">&rarr;<\/span><\/a><\/p>\n","protected":false},"author":2,"featured_media":0,"parent":125,"menu_order":0,"comment_status":"closed","ping_status":"closed","template":"","meta":{"footnotes":""},"_links":{"self":[{"href":"https:\/\/geografie.ubbcluj.ro\/pages\/magyarfoldrajz\/index.php?rest_route=\/wp\/v2\/pages\/1080"}],"collection":[{"href":"https:\/\/geografie.ubbcluj.ro\/pages\/magyarfoldrajz\/index.php?rest_route=\/wp\/v2\/pages"}],"about":[{"href":"https:\/\/geografie.ubbcluj.ro\/pages\/magyarfoldrajz\/index.php?rest_route=\/wp\/v2\/types\/page"}],"author":[{"embeddable":true,"href":"https:\/\/geografie.ubbcluj.ro\/pages\/magyarfoldrajz\/index.php?rest_route=\/wp\/v2\/users\/2"}],"replies":[{"embeddable":true,"href":"https:\/\/geografie.ubbcluj.ro\/pages\/magyarfoldrajz\/index.php?rest_route=%2Fwp%2Fv2%2Fcomments&post=1080"}],"version-history":[{"count":76,"href":"https:\/\/geografie.ubbcluj.ro\/pages\/magyarfoldrajz\/index.php?rest_route=\/wp\/v2\/pages\/1080\/revisions"}],"predecessor-version":[{"id":3018,"href":"https:\/\/geografie.ubbcluj.ro\/pages\/magyarfoldrajz\/index.php?rest_route=\/wp\/v2\/pages\/1080\/revisions\/3018"}],"up":[{"embeddable":true,"href":"https:\/\/geografie.ubbcluj.ro\/pages\/magyarfoldrajz\/index.php?rest_route=\/wp\/v2\/pages\/125"}],"wp:attachment":[{"href":"https:\/\/geografie.ubbcluj.ro\/pages\/magyarfoldrajz\/index.php?rest_route=%2Fwp%2Fv2%2Fmedia&parent=1080"}],"curies":[{"name":"wp","href":"https:\/\/api.w.org\/{rel}","templated":true}]}}