{"id":1070,"date":"2015-02-12T20:47:34","date_gmt":"2015-02-12T20:47:34","guid":{"rendered":"http:\/\/geografie.ubbcluj.ro\/pages\/magyarfoldrajz\/?page_id=1070"},"modified":"2025-09-02T05:06:14","modified_gmt":"2025-09-02T05:06:14","slug":"bsc","status":"publish","type":"page","link":"https:\/\/geografie.ubbcluj.ro\/pages\/magyarfoldrajz\/?page_id=1070","title":{"rendered":"BSc"},"content":{"rendered":"<p><strong>Felv\u00e9teli az alapk\u00e9pz\u00e9sre (BSc)<span style=\"line-height: 1.4em;\">\u00a0<\/span><\/strong><\/p>\n<p>Beiratkoz\u00e1si id\u0151szak:\u00a0<span style=\"color: #ff0000;\"><strong>2025. szeptember 5-15 k\u00f6z\u00f6tt folyamatosan, utols\u00f3 napon 14 \u00f3r<\/strong><\/span><\/p>\n<p><a href=\"https:\/\/geografie.ubbcluj.ro\/admitere\/wp-content\/uploads\/2025\/07\/Tutorial-licenta-2025.pdf\" target=\"_blank\" rel=\"noopener noreferrer\"><span style=\"color: #0000ff;\"><strong>A F\u00f6ldrajz kar rom\u00e1n nyelv\u0171 \u00fatmutat\u00f3ja<\/strong><\/span><\/a><\/p>\n<p>Els\u0151dleges eredm\u00e9nyek kif\u00fcggeszt\u00e9se:\u00a0<span style=\"color: #ff0000;\"><strong>2025. szeptember 9.<\/strong><\/span><span style=\"line-height: 1.4em;\">\u00a0<\/span><\/p>\n<p>A felv\u00e9telire t\u00f6rt\u00e9n\u0151 beiratkoz\u00e1shoz a k\u00f6vetkez\u0151 iratokra van sz\u00fcks\u00e9g:<\/p>\n<ul>\n<li>A jelentkez\u0151 adataival kit\u00f6lt\u00f6tt jelentkez\u00e9si lap (<a href=\"https:\/\/geografie.ubbcluj.ro\/admitere\/wp-content\/uploads\/2025\/01\/Fisa-inscriere-admitere-licenta-iulie-2025.pdf\" target=\"_blank\" rel=\"noopener noreferrer\"><span style=\"color: #0000ff;\"><strong><span style=\"color: #0000ff;\">let\u00f6lthet\u0151 innen<\/span><\/strong><\/span><\/a>)<\/li>\n<li>Kit\u00f6lt\u00f6tt sz\u00e1nd\u00e9knyilatkozat (a nyomtatv\u00e1ny<a href=\"https:\/\/geografie.ubbcluj.ro\/admitere\/wp-content\/uploads\/2022\/02\/Scrisoare-de-motivatie_magh.pdf\" target=\"_blank\" rel=\"noopener noreferrer\"><span style=\"color: #0000ff;\"> <strong><span style=\"color: #0000ff;\">megtal\u00e1lhat\u00f3 itt<\/span><\/strong><\/span>)<\/a><\/li>\n<li>Az \u00e9retts\u00e9gi diploma a jegyek mell\u00e9klet\u00e9vel egy\u00fctt (Foaie Matricola)<\/li>\n<li>Sz\u00fclet\u00e9si igazolv\u00e1ny<\/li>\n<li>Szem\u00e9lyi igazolv\u00e1ny<\/li>\n<li>Orvosi igazol\u00e1s<\/li>\n<li>A felv\u00e9teli d\u00edj befizet\u00e9s\u00e9t igazol\u00f3 nyugta<\/li>\n<li>Eredeti igazol\u00e1s arr\u00f3l, hogy a felv\u00e9teliz\u0151 mentes\u00fcl a beiratkoz\u00e1si d\u00edj befizet\u00e9se al\u00f3l (az <a href=\"https:\/\/infoadmitere.ubbcluj.ro\/hu\/reglementari\/files\/HU_Regulament_admitere_2025.pdf\" target=\"_blank\" rel=\"noopener noreferrer\"><span style=\"color: #0000ff;\"><strong>Egyetem szab\u00e1lyzat<\/strong><\/span><\/a>\u00e1nak megfelel\u0151en)<\/li>\n<li>Az olimpi\u00e1n nyertes di\u00e1kok r\u00e9sz\u00e9re az elnyert diploma<\/li>\n<li>A Bolyai Farkas tant\u00e1rgyverseny Teleki S\u00e1muel f\u00f6ldrajz vet\u00e9lked\u0151j\u00e9n nyert diploma<\/li>\n<\/ul>\n<p>A felv\u00e9teli vizsgad\u00edj \u2013 melynek \u00e9rt\u00e9ke 220 lej \u2013 k\u00e9t r\u00e9szb\u0151l \u00e1ll: <strong>iratkezel\u00e9si d\u00edj (100 lej) <\/strong><strong>\u00e9s beiratkoz\u00e1si d\u00edj (120 lej).\u00a0<\/strong>A beiratkoz\u00e1si d\u00edjat egyszer kell kifizetni att\u00f3l f\u00fcggetlen\u00fcl, hogy h\u00e1ny szakot jel\u00f6l\u00fcnk meg a beiratkoz\u00e1si lapon!<\/p>\n<p>A jelentkez\u0151nek beiratkoz\u00e1skor ki kell t\u00f6ltenie \u00e9s al\u00e1 kell \u00edrnia egy nyomtatv\u00e1nyt (a 10. cikk \u00e9rtelm\u00e9ben), amelyben saj\u00e1t felel\u0151ss\u00e9g\u00e9re nyilatkozik, hogy jelenleg vagy kor\u00e1bban folytatott-e tand\u00edjmentes alapk\u00e9pz\u00e9si\/magiszteri egyetemi tanulm\u00e1nyokat. Ez a nyomtatv\u00e1ny a beiratkoz\u00e1si nyomtatv\u00e1ny m\u00e1sodik oldal\u00e1n tal\u00e1lhat\u00f3. A B\u00fcntet\u0151t\u00f6rv\u00e9nyk\u00f6nyv 320\u2013 327-es cikkei \u00e9rtelm\u00e9ben a hivatalos okiratok meghamis\u00edt\u00e1sa, a hamis nyilatkozatt\u00e9tel, a hamis\u00edtott okirat tudatos felhaszn\u00e1l\u00e1sa stb., amelynek jogi k\u00f6vetkezm\u00e9nye lehet, esetenk\u00e9nt 3 h\u00f3napt\u00f3l 3 \u00e9vig terjed\u0151 szabads\u00e1gveszt\u00e9ssel b\u00fcntetend\u0151. Kiz\u00e1r\u00e1ssal b\u00fcntetik mindazon jelentkez\u0151ket, akik a b\u00fcntet\u0151t\u00f6rv\u00e9nyben felsorolt hamis\u00edt\u00e1si esetek b\u00e1rmelyik\u00e9t elk\u00f6vetik, \u00e9s a BBTE megteszi a sz\u00fcks\u00e9ges int\u00e9zked\u00e9seket, hogy t\u00e1j\u00e9koztassa a b\u0171n\u00fcgyi vizsg\u00e1latra jogosult szerveket.<\/p>\n<p><strong style=\"line-height: 1.4em;\">Szakok:<\/strong><\/p>\n<p><em><strong>F\u00d6LDRAJZ SZAKTER\u00dcLET<\/strong><\/em><\/p>\n<p><strong style=\"line-height: 1.4em;\">1.\u00a0\u00a0\u00a0\u00a0\u00a0 <\/strong><a href=\"http:\/\/geografie.ubbcluj.ro\/pages\/magyarfoldrajz\/?page_id=2463\" target=\"_blank\" rel=\"noopener noreferrer\"><span style=\"color: #0000ff;\"><strong>F\u00d6LDRAJZ szak<\/strong><\/span><\/a> <span style=\"line-height: 1.4em;\">(3 \u00e9v, nappali) &#8211; rom\u00e1n, <span style=\"color: #ff0000;\"><strong>magyar<\/strong><\/span>, n\u00e9met tagozat<\/span><\/p>\n<p><strong style=\"line-height: 1.4em;\">2.\u00a0\u00a0\u00a0\u00a0\u00a0 <\/strong><a href=\"http:\/\/geografie.ubbcluj.ro\/pages\/magyarfoldrajz\/?page_id=2485\" target=\"_blank\" rel=\"noopener noreferrer\"><span style=\"color: #0000ff;\"><strong style=\"line-height: 1.4em;\">TER\u00dcLETFEJLESZT\u00c9S szak <\/strong><\/span><\/a><span style=\"line-height: 1.4em;\">(3 \u00e9v, nappali) &#8211; rom\u00e1n, <span style=\"color: #ff0000;\"><strong>magyar<\/strong><\/span> tagozat<\/span><\/p>\n<p><strong style=\"line-height: 1.4em;\">3.\u00a0\u00a0\u00a0\u00a0\u00a0 <\/strong><a href=\"http:\/\/geografie.ubbcluj.ro\/pages\/magyarfoldrajz\/?page_id=2496\" target=\"_blank\" rel=\"noopener noreferrer\"><span style=\"color: #0000ff;\"><strong style=\"line-height: 1.4em;\">TURIZMUSF\u00d6LDRAJZ szak <\/strong><\/span><\/a><span style=\"line-height: 1.4em;\">(3 \u00e9v, nappali) &#8211; rom\u00e1n, <span style=\"color: #ff0000;\"><strong>magyar<\/strong><\/span> tagozat<\/span><\/p>\n<p><strong style=\"line-height: 1.4em;\">4.\u00a0\u00a0\u00a0\u00a0\u00a0 <\/strong><strong style=\"line-height: 1.4em;\">TURIZMUSF\u00d6LDRAJZ szak, gyergy\u00f3szentmikl\u00f3si kihelyezett tagozat <\/strong><span style=\"line-height: 1.4em;\">(3 \u00e9v, nappali) &#8211; rom\u00e1n, <span style=\"color: #ff0000;\"><strong>magyar<\/strong><\/span> tagozat<\/span><\/p>\n<p><strong style=\"line-height: 1.4em;\">5.\u00a0\u00a0\u00a0\u00a0\u00a0 <\/strong><strong style=\"line-height: 1.4em;\">TURIZMUSF\u00d6LDRAJZ szak, m\u00e1ramarosszigeti kihelyezett tagozat <\/strong><span style=\"line-height: 1.4em;\">(3 \u00e9v, nappali) &#8211; rom\u00e1n tagozat<\/span><\/p>\n<p><strong style=\"line-height: 1.4em;\">6.\u00a0\u00a0\u00a0\u00a0\u00a0 <\/strong><strong style=\"line-height: 1.4em;\">TURIZMUSF\u00d6LDRAJZ szak, besztercei kihelyezett tagozat <\/strong><span style=\"line-height: 1.4em;\">(3 \u00e9v, nappali) &#8211; rom\u00e1n tagozat<\/span><\/p>\n<p><strong style=\"line-height: 1.4em;\">7.\u00a0\u00a0\u00a0\u00a0\u00a0 <\/strong><strong style=\"line-height: 1.4em;\">TURIZMUSF\u00d6LDRAJZ szak, zilahi kihelyezett tagozat <\/strong><span style=\"line-height: 1.4em;\">(3 \u00e9v, nappali) &#8211; rom\u00e1n tagozat<\/span><\/p>\n<p><strong style=\"line-height: 1.4em;\">8.\u00a0\u00a0\u00a0\u00a0\u00a0 <\/strong><strong style=\"line-height: 1.4em;\">HIDROL\u00d3GIA \u00c9S METEOROL\u00d3GIA szak <\/strong><span style=\"line-height: 1.4em;\">(3 \u00e9v, nappali) &#8211; rom\u00e1n tagozat<\/span><\/p>\n<p><strong style=\"line-height: 1.4em;\">9.\u00a0\u00a0\u00a0\u00a0\u00a0 <\/strong><strong style=\"line-height: 1.4em;\">T\u00c9RK\u00c9P\u00c9SZET szak <\/strong><span style=\"line-height: 1.4em;\">(3 \u00e9v, nappali) &#8211; rom\u00e1n tagozat<\/span><\/p>\n<p><strong style=\"line-height: 1.4em;\">10.\u00a0 <\/strong><strong style=\"line-height: 1.4em;\">TURIZMUSF\u00d6LDRAJZ szak<\/strong> (3 \u00e9v, t\u00e1voktat\u00e1s, csak rom\u00e1n nyelven \u00e9s csak fizet\u00e9ses helyek vannak)<\/p>\n<p><strong style=\"line-height: 1.4em;\">Felv\u00e9teli k\u00f6vetelm\u00e9nyek:<\/strong><\/p>\n<p><strong>A felv\u00e9teli a F\u00f6ldrajz szakter\u00fcletre t\u00f6rt\u00e9nik. A sz\u00e1nd\u00e9knyilatkozatban a jelentkez\u0151nek meg kell indokolnia, hogy mi\u00e9rt v\u00e1lasztotta a f\u00f6ldrajz szakter\u00fcletet.<\/strong><\/p>\n<p><strong>A jelentkez\u0151k a beiratkoz\u00e1si lapon t\u00f6bb szakot vagy oktat\u00e1si vonalat, tagozatot is megjel\u00f6lhetnek, ig\u00e9nyeik szerinti sorrendben.<\/strong><\/p>\n<p><strong>I. szakasz (kiz\u00e1r\u00f3 jelleg\u0171) &#8211; a jelentkez\u0151nek be kell ny\u00fajtania egy sz\u00e1nd\u00e9knyilatkozatot amit a felv\u00e9teli bizotts\u00e1g elfogad vagy elutas\u00edt.<\/strong><\/p>\n<p><strong>II. szakasz \u2013 az els\u0151 szakaszt sikeresen teljes\u00edt\u0151 jelentkez\u0151k az \u00e9retts\u00e9gi \u00e1tlaguknak megfelel\u0151en lesznek elosztva a jelentkez\u00e9si lapon \u00e1ltaluk megjel\u00f6lt szakokra<\/strong><\/p>\n<ul>\n<li>A jelentkez\u0151k szakokra t\u00f6rt\u00e9n\u0151 besorol\u00e1sa a jelentkez\u00e9si lapon megjel\u00f6lt szakoknak megfelel\u0151en t\u00f6rt\u00e9nik az illet\u0151 szakon l\u00e9v\u0151 helyek sz\u00e1m\u00e1nak bet\u00f6lt\u00e9s\u00e9ig.<\/li>\n<li>A helyek elfoglal\u00e1sa az \u00e9retts\u00e9gi \u00e1tlagok cs\u00f6kken\u0151 sorrendj\u00e9ben t\u00f6rt\u00e9nik. A legkisebb felv\u00e9teli \u00e1tlag nem lehet 5 (\u00f6t)-n\u00e9l kisebb.<\/li>\n<li>A beiskol\u00e1z\u00e1si sz\u00e1mok nem l\u00e9phet\u0151k t\u00fal. Amennyiben az utols\u00f3 bejut\u00e1si \u00e1tlagot t\u00f6bb jel\u00f6lt is teljes\u00edti, a sorrend a k\u00f6vetkez\u0151 krit\u00e9riumok alapj\u00e1n d\u0151l el:\n<ul>\n<li>Az \u00e9retts\u00e9gi vizsg\u00e1n el\u00e9rt jegy rom\u00e1n nyelv \u00e9s irodalomb\u00f3l<\/li>\n<li>Az \u00e9retts\u00e9gi vizsg\u00e1n el\u00e9rt jegy a k\u00f6vetkez\u0151 \u00edr\u00e1sbeli vizsg\u00e1n<\/li>\n<li>B\u00e1rmely szak jel\u00f6ltje, <strong>aki l\u00edceumi \u00e9vei alatt<\/strong>, valamilyen d\u00edjat szerzett (I., II., III. vagy d\u00edcs\u00e9ret) a f\u00f6ldrajz tant\u00e1rgyolimpi\u00e1n, vagy d\u00edjat nyert nemzetk\u00f6zi f\u00f6ldrajz olimpi\u00e1n vagy helyez\u00e9st \u00e9rt el a <span style=\"color: #0000ff;\"><strong><a href=\"http:\/\/www.bolyai.ro\/index.php\/iskolai-elet\/versenyek\/bolyai-farkas-multidiszciplinaris-tantargyverseny\" target=\"_blank\" rel=\"noopener noreferrer\"><span style=\"color: #0000ff;\">Bolyai Farkas tant\u00e1rgyverseny<\/span><\/a> <\/strong><\/span><a href=\"http:\/\/www.bolyai.ro\/Tantargyverseny\/2017\/2017_teleki_samuel.pdf\" target=\"_blank\" rel=\"noopener noreferrer\"><span style=\"color: #0000ff;\"><strong>Teleki S\u00e1muel f\u00f6ldrajz vet\u00e9lked\u0151j\u00e9n<\/strong><\/span><\/a> vagy helyez\u00e9st \u00e9rt el m\u00e1s, miniszt\u00e9rium \u00e1ltal elismert f\u00f6ldrajz versenyen\u00a0 &#8211; <strong>10-es jegyet kap<\/strong>.<\/li>\n<li>Ugyancsak 10-es jegyet kap az a jel\u00f6lt aki I., II. vagy III. helyez\u00e9st \u00e9rt el a GEOMONDIS f\u00f6ldrajzi vet\u00e9lked\u0151 kolozsv\u00e1ri region\u00e1lis szakasz\u00e1n.<\/li>\n<li>A tand\u00edjas helyek eloszt\u00e1sa a nappali k\u00e9pz\u00e9sen csak azon jel\u00f6ltek k\u00f6z\u00f6tt t\u00f6rt\u00e9nik, akik a jelentkez\u00e9si lapon bejel\u00f6lt\u00e9k ezt a lehet\u0151s\u00e9get, szint\u00e9n az \u00e9retts\u00e9gi \u00e1tlagok cs\u00f6kken\u0151 sorrendj\u00e9ben.<\/li>\n<li>A t\u00e1voktat\u00e1sra csak tand\u00edjas helyek ker\u00fclnek meghirdet\u00e9sre.<\/li>\n<\/ul>\n<\/li>\n<\/ul>\n<p><strong>A hely elfoglal\u00e1sa<\/strong><\/p>\n<p>Mindazok a jel\u00f6ltek, akik sikeresen felv\u00e9teliztek, \u00edr\u00e1sban kell nyilatkozzanak arr\u00f3l (\u201evisszaigazol\u00e1s\u201d), hogy elfoglalj\u00e1k-e azt a helyet, amelyre felvett\u00e9k.<\/p>\n<p>A hely elfoglal\u00e1sa k\u00e9t mozzanatb\u00f3l \u00e1ll.<\/p>\n<p><strong>1. <span style=\"color: #ff0000;\">Szem\u00e9lyesen<\/span><\/strong><span style=\"color: #ff0000;\"> vagy felhatalmazott szem\u00e9lyen kereszt\u00fcl le kell adni a F\u00f6ldrajz kar sz\u00e9khely\u00e9n az eredeti iratokat tartalmaz\u00f3 iratcsom\u00f3t:<\/span><\/p>\n<ul>\n<li>\u00e9retts\u00e9gi diploma \u00e9s jegyek jegyz\u00e9ke (Foaie matricola) eredetiben; (aki m\u00e1r egyetemi hallagat\u00f3 egy m\u00e1sik karon, kell hozzon egy igazol\u00e1st az illet\u0151 karr\u00f3l amib\u0151l kider\u00fcl, hogy az iratai az adott karon vannak).<\/li>\n<li>szem\u00e9lyi igazolv\u00e1ny egyszer\u0171 m\u00e1solata;<\/li>\n<li>sz\u00fclet\u00e9si igazolv\u00e1ny eredetije \u00e9s egyszer\u0171 m\u00e1solata;<\/li>\n<li>orvosi igazol\u00e1s;<\/li>\n<li>k\u00e9t darab 3\/4 cm-es f\u00e9nyk\u00e9p;<\/li>\n<li>az eredeti Tanulm\u00e1nyi szerz\u0151d\u00e9s (2 p\u00e9ld\u00e1nyban<span lang=\"RO\">!<\/span>)<\/li>\n<li>Eredeti igazol\u00e1s arr\u00f3l, hogy a felv\u00e9teliz\u0151 mentes\u00fcl a beiratkoz\u00e1si d\u00edj befizet\u00e9se al\u00f3l;<\/li>\n<li>A F\u00f6ldrajz versenyeken elnyert diploma;<\/li>\n<\/ul>\n<p>2. <strong><span style=\"color: #ff0000;\">Az on-line kit\u00f6lt\u00f6tt \u00e9s <span style=\"color: #ff0000;\">a<\/span>l\u00e1\u00edrt tanulm\u00e1nyi szerz\u0151d\u00e9s on-line felt\u00f6lt\u00e9se. <\/span><\/strong>A fizet\u00e9ses helyre bejutott jel\u00f6ltek ki kell fizess\u00e9k a 3500 lejes tand\u00edj 25%-\u00e1t (875 lej), a kifizet\u00e9st igazolniuk kell.<\/p>\n<p>A hely elfoglal\u00e1s\u00e1nak id\u0151szaka: <span style=\"color: #ff0000;\"><strong>2025 szeptember 10-11, utols\u00f3 napon 14 \u00f3r\u00e1ig;<\/strong><\/span><\/p>\n<p><strong>Akik a megjel\u00f6lt hat\u00e1rid\u0151ig nem foglalj\u00e1k el hely\u00fcket, elvesz\u00edtik azt!<\/strong><\/p>\n<ul>\n<li>Azok a hallgat\u00f3k akik bejutottak \u00e9s elfoglalt\u00e1k <strong>tand\u00edjas<\/strong> hely\u00fcket, automatikusan r\u00e9szt vesznek a megmaradt t\u00e1mogatott helyek eloszt\u00e1s\u00e1ban, de csak azon a szakon ahol m\u00e1r elfoglalt\u00e1k hely\u00fcket \u00e9s csak amennyiben a jelentkez\u00e9si lapon bejel\u00f6lt\u00e9k a t\u00e1mogatott hely ig\u00e9ny\u00e9t.<\/li>\n<li>Azok akik t\u00faljelentkez\u00e9s miatt nem ker\u00fcltek be egyik meghirdetett helyre sem <strong>v\u00e1r\u00f3list\u00e1<\/strong>ra ker\u00fclnek.<\/li>\n<li><span style=\"color: #ff0000;\"><b>szeptember 11.-\u00e9n <\/b><\/span>k\u00e9sz\u00fcl el az \u00fajraeloszt\u00e1s eredm\u00e9nyek\u00e9nt keletkezett lista.<\/li>\n<li>Amennyiben a visszaigazol\u00e1s ut\u00e1n m\u00e9g maradnak el nem foglalt helyek, ezeket az \u00e9retts\u00e9gi jegy\u00fck cs\u00f6kken\u0151 sorrendj\u00e9ben, illetve a jelentkez\u00e9si lapon bejel\u00f6lt szakoknak megfelel\u0151en a v\u00e1r\u00f3list\u00e1n l\u00e9v\u0151 jel\u00f6ltek foglalhatj\u00e1k el.<\/li>\n<li>Az \u00edgy megval\u00f3sult <strong>\u00fajraeloszt\u00e1s<\/strong> eredm\u00e9nyek\u00e9ppen bejutott jelentkez\u0151k <span style=\"color: #ff0000;\"><strong>szeptember 12.-\u00e9n<\/strong><\/span> foglalhatj\u00e1k el hely\u00fcket, az el\u0151z\u0151ekben m\u00e1r bemutatott m\u00f3don;<\/li>\n<li>Amennyiben egy szakon nem jutott be a csoport l\u00e9trehoz\u00e1s\u00e1hoz sz\u00fcks\u00e9ges l\u00e9tsz\u00e1m\u00fa jel\u00f6lt, a bejutott jel\u00f6lteket m\u00e1s szakra fogj\u00e1k csoportos\u00edtani egy k\u00e9rv\u00e9ny alapj\u00e1n.<\/li>\n<li><span style=\"color: #ff0000;\"><strong>A szeptemberi felv\u00e9teli id\u0151szak v\u00e9gleges eredm\u00e9nyeit 2025. szeptember 15.-\u00e9n teszik k\u00f6zz\u00e9.<\/strong><\/span><\/li>\n<\/ul>\n<p><em>Kedves felv\u00e9teliz\u0151k. Lehet, hogy a fentebb bemutatott szab\u00e1lyzat bonyolultnak t\u0171nik. A jobb meg\u00e9rt\u00e9s \u00e9rdek\u00e9ben l\u00e1ssunk egy p\u00e9ld\u00e1t. Tegy\u00fck fel, hogy <strong>Valaki<\/strong> 7,00 \u00e9retts\u00e9gi \u00e1tlaggal a f\u00f6ldrajz szakra szeretne bejutni. De mivel nem b\u00edzik a jegye nagys\u00e1g\u00e1ban, a felv\u00e9teli jelentkez\u00e9si lapon bejel\u00f6li a f\u00f6ldrajz ingyenes \u00e9s tand\u00edjas, valamint a ter\u00fcletfejleszt\u00e9s ingyenes \u00e9s tand\u00edjas lehet\u0151s\u00e9get is. Miut\u00e1n sikeresen teljes\u00edti a sz\u00e1nd\u00e9knyilatkozat kiz\u00e1r\u00f3 felt\u00e9tel\u00e9t, az els\u0151 szakaszt k\u00f6vetkezik a jegyek \u00e9s v\u00e1laszt\u00e1sok szerinti besorol\u00e1s. Tegy\u00fck fel, hogy a f\u00f6ldrajz szakon van 20 ingyenes \u00e9s 10 fizet\u00e9ses hely. <strong>Valaki<\/strong> a 7-es \u00e9retts\u00e9gi \u00e1tlag\u00e1val a 12. lenne a fizet\u00e9ses list\u00e1n, \u00edgy nem ker\u00fcl be a f\u00f6ldrajz szakra. De mivel bejel\u00f6lte a ter\u00fcletfejleszt\u00e9s szakot (ahol tegy\u00fck fel szint\u00e9n 20 ingyenes \u00e9s 10 fizet\u00e9se hely van) de ott kevesebb a jelentkez\u0151 vagy alacsonyabbak a jegyek <strong>Valaki<\/strong> a 3. fizet\u00e9ses helyet foglalhatja el. Ezzel <strong>v\u00e9glegesen eld\u0151l<\/strong>, hogy <strong>Valaki bejutott a ter\u00fcletfejleszt\u00e9s szakra<\/strong>. Ez a helyzet j\u00falius 22.-\u00e9n. De m\u00e9g h\u00e1tra van a helyek elfoglal\u00e1sa, a visszaigazol\u00e1s amely j\u00falius 23-26 k\u00f6z\u00f6tt zajlik. <strong>Valaki<\/strong> is elfoglalja a neki jutott helyet \u00e9s kifizeti a tand\u00edj els\u0151 r\u00e9szlet\u00e9t. J\u00falius 26 ut\u00e1n kider\u00fcl, hogy a ter\u00fcletfejleszt\u00e9s szak ingyenes helyeire bejutott 20 di\u00e1k k\u00f6z\u00fcl csak 15 foglalta el a hely\u00e9t, \u00edgy <strong>Valaki<\/strong> \u00e1tker\u00fcl a fizet\u00e9ses helyr\u0151l az ingyenes helyekre (ez\u00e9rt fontos a felv\u00e9teli lapon bejel\u00f6lni a fizet\u00e9ses hely lehet\u0151s\u00e9g\u00e9t).\u00a0 Ezt a helyet is el kell foglalnia. \u00cdgy <strong>Valaki<\/strong> <strong>a ter\u00fcletfejleszt\u00e9s szak ingyenes hely\u00e9t foglalhatja el<\/strong> \u00e9s visszakapja a befizetett tand\u00edjat!<\/em><\/p>\n","protected":false},"excerpt":{"rendered":"<p>Felv\u00e9teli az alapk\u00e9pz\u00e9sre (BSc)\u00a0 Beiratkoz\u00e1si id\u0151szak:\u00a02025. szeptember 5-15 k\u00f6z\u00f6tt folyamatosan, utols\u00f3 napon 14 \u00f3r A F\u00f6ldrajz kar rom\u00e1n nyelv\u0171 \u00fatmutat\u00f3ja Els\u0151dleges eredm\u00e9nyek kif\u00fcggeszt\u00e9se:\u00a02025. szeptember 9.\u00a0 A felv\u00e9telire t\u00f6rt\u00e9n\u0151 beiratkoz\u00e1shoz a k\u00f6vetkez\u0151 iratokra van sz\u00fcks\u00e9g: A jelentkez\u0151 adataival kit\u00f6lt\u00f6tt jelentkez\u00e9si lap &hellip; <a class=\"more-link\" href=\"https:\/\/geografie.ubbcluj.ro\/pages\/magyarfoldrajz\/?page_id=1070\">Continue reading <span class=\"meta-nav\">&rarr;<\/span><\/a><\/p>\n","protected":false},"author":2,"featured_media":0,"parent":125,"menu_order":0,"comment_status":"closed","ping_status":"closed","template":"","meta":{"footnotes":""},"_links":{"self":[{"href":"https:\/\/geografie.ubbcluj.ro\/pages\/magyarfoldrajz\/index.php?rest_route=\/wp\/v2\/pages\/1070"}],"collection":[{"href":"https:\/\/geografie.ubbcluj.ro\/pages\/magyarfoldrajz\/index.php?rest_route=\/wp\/v2\/pages"}],"about":[{"href":"https:\/\/geografie.ubbcluj.ro\/pages\/magyarfoldrajz\/index.php?rest_route=\/wp\/v2\/types\/page"}],"author":[{"embeddable":true,"href":"https:\/\/geografie.ubbcluj.ro\/pages\/magyarfoldrajz\/index.php?rest_route=\/wp\/v2\/users\/2"}],"replies":[{"embeddable":true,"href":"https:\/\/geografie.ubbcluj.ro\/pages\/magyarfoldrajz\/index.php?rest_route=%2Fwp%2Fv2%2Fcomments&post=1070"}],"version-history":[{"count":90,"href":"https:\/\/geografie.ubbcluj.ro\/pages\/magyarfoldrajz\/index.php?rest_route=\/wp\/v2\/pages\/1070\/revisions"}],"predecessor-version":[{"id":3016,"href":"https:\/\/geografie.ubbcluj.ro\/pages\/magyarfoldrajz\/index.php?rest_route=\/wp\/v2\/pages\/1070\/revisions\/3016"}],"up":[{"embeddable":true,"href":"https:\/\/geografie.ubbcluj.ro\/pages\/magyarfoldrajz\/index.php?rest_route=\/wp\/v2\/pages\/125"}],"wp:attachment":[{"href":"https:\/\/geografie.ubbcluj.ro\/pages\/magyarfoldrajz\/index.php?rest_route=%2Fwp%2Fv2%2Fmedia&parent=1070"}],"curies":[{"name":"wp","href":"https:\/\/api.w.org\/{rel}","templated":true}]}}