{"id":54,"date":"2023-10-26T06:38:41","date_gmt":"2023-10-26T06:38:41","guid":{"rendered":"https:\/\/geografie.ubbcluj.ro\/pages\/jssp\/?page_id=54"},"modified":"2023-10-26T06:38:41","modified_gmt":"2023-10-26T06:38:41","slug":"aboneaza-te-la-jssp","status":"publish","type":"page","link":"https:\/\/geografie.ubbcluj.ro\/pages\/jssp\/?page_id=54&lang=ro","title":{"rendered":"Aboneaz\u0103-te la JSSP"},"content":{"rendered":"\n<p>Dac\u0103 sunte\u0163i interesat de tematica jurnalului nostru \u015fi dori\u0163i s\u0103 fi\u0163i informat cu privire la apari\u0163ia unui nou num\u0103r sau deschiderea unui nou apel pentru lucr\u0103ri, v\u0103 rug\u0103m s\u0103 ne scrie\u0163i pe adresa:&nbsp;<a href=\"mailto:jssp_ubbcluj@yahoo.com\">jssp_ubbcluj@yahoo.com<\/a><strong>&nbsp;cu subiectul:&nbsp;<\/strong><em>Abonare newsletter JSSP<\/em><strong><em>.<\/em><\/strong><\/p>\n\n\n\n<p>Dac\u0103 sunte\u0163i interesat de tematica jurnalului nostru \u015fi dori\u0163i s\u0103 achizi\u0163iona\u0163i volumele \u00een form\u0103 printat\u0103 (chiar \u015fi numerele anterioare), v\u0103 rug\u0103m s\u0103 ne scrie\u0163i pe adresa:&nbsp;<a href=\"mailto:jssp_ubbcluj@yahoo.com\">jssp_ubbcluj@yahoo.com<\/a><strong>&nbsp;cu subiectul:&nbsp;<\/strong><em>Abonare Journal of Settlements and Spatial Planning (hard copy).<\/em><\/p>\n","protected":false},"excerpt":{"rendered":"<p>Dac\u0103 sunte\u0163i interesat de tematica jurnalului nostru \u015fi dori\u0163i s\u0103 fi\u0163i informat cu privire la apari\u0163ia unui nou num\u0103r sau deschiderea unui nou apel pentru lucr\u0103ri, v\u0103 rug\u0103m s\u0103 ne scrie\u0163i pe adresa:&nbsp;jssp_ubbcluj@yahoo.com&nbsp;cu subiectul:&nbsp;Abonare newsletter JSSP. Dac\u0103 sunte\u0163i interesat de tematica jurnalului nostru \u015fi dori\u0163i s\u0103 achizi\u0163iona\u0163i volumele \u00een form\u0103 printat\u0103 (chiar \u015fi numerele anterioare), &hellip; <\/p>\n<p class=\"link-more\"><a href=\"https:\/\/geografie.ubbcluj.ro\/pages\/jssp\/?page_id=54&#038;lang=ro\" class=\"more-link\">Read the full post &rarr;<span class=\"screen-reader-text\">&#8220;Aboneaz\u0103-te la JSSP&#8221;<\/span><\/a><\/p>\n","protected":false},"author":1,"featured_media":0,"parent":0,"menu_order":0,"comment_status":"closed","ping_status":"closed","template":"","meta":{"footnotes":""},"_links":{"self":[{"href":"https:\/\/geografie.ubbcluj.ro\/pages\/jssp\/index.php?rest_route=\/wp\/v2\/pages\/54"}],"collection":[{"href":"https:\/\/geografie.ubbcluj.ro\/pages\/jssp\/index.php?rest_route=\/wp\/v2\/pages"}],"about":[{"href":"https:\/\/geografie.ubbcluj.ro\/pages\/jssp\/index.php?rest_route=\/wp\/v2\/types\/page"}],"author":[{"embeddable":true,"href":"https:\/\/geografie.ubbcluj.ro\/pages\/jssp\/index.php?rest_route=\/wp\/v2\/users\/1"}],"replies":[{"embeddable":true,"href":"https:\/\/geografie.ubbcluj.ro\/pages\/jssp\/index.php?rest_route=%2Fwp%2Fv2%2Fcomments&post=54"}],"version-history":[{"count":1,"href":"https:\/\/geografie.ubbcluj.ro\/pages\/jssp\/index.php?rest_route=\/wp\/v2\/pages\/54\/revisions"}],"predecessor-version":[{"id":55,"href":"https:\/\/geografie.ubbcluj.ro\/pages\/jssp\/index.php?rest_route=\/wp\/v2\/pages\/54\/revisions\/55"}],"wp:attachment":[{"href":"https:\/\/geografie.ubbcluj.ro\/pages\/jssp\/index.php?rest_route=%2Fwp%2Fv2%2Fmedia&parent=54"}],"curies":[{"name":"wp","href":"https:\/\/api.w.org\/{rel}","templated":true}]}}