{"id":46,"date":"2023-10-26T06:32:20","date_gmt":"2023-10-26T06:32:20","guid":{"rendered":"https:\/\/geografie.ubbcluj.ro\/pages\/jssp\/?page_id=46"},"modified":"2023-10-26T06:32:20","modified_gmt":"2023-10-26T06:32:20","slug":"educatie-si-practica","status":"publish","type":"page","link":"https:\/\/geografie.ubbcluj.ro\/pages\/jssp\/?page_id=46&lang=ro","title":{"rendered":"Educa\u021bie \u0219i practic\u0103"},"content":{"rendered":"\n<p><strong>NEUFERT<\/strong><br><strong>Manualul arhitectului. Elemente de proiectare \u015fi de construc\u0163ie<\/strong><br><strong>Edi\u0163ia a 37-a, ad\u0103ugit\u0103 \u015fi prelucrat\u0103<\/strong><br>Editura ALUTUS, Miercurea Ciuc, 2004<\/p>\n\n\n\n<p>Acum mai bine de 2500 de ani, Confucius a formulat urm\u0103toarea ideie \u00een cuvintele:&nbsp;<em>\u201c\u00cei dau elevului meu un col\u0163, pe celelalte trei trebuie s\u0103 le g\u0103seasc\u0103 singur\u201d<\/em>. Un architect, urbanist sau planificator territorial \u00eenn\u0103scut sau unul cu dorul de a construe \u00een inim\u0103 \u00ee\u015fi va acoperi urechile \u015fi ochii dac\u0103 i se va da solu\u0163ia unei probleme, pentru c\u0103 are at\u00e2ta imagina\u0163ie \u015fi at\u00e2tea idealuri \u00eenc\u00e2t \u00eei trebuie numai elementele pentru a porni s\u0103 fac\u0103 din ele un \u00eentreg! Cine \u015fi-a c\u00e2\u015ftigat o dat\u0103 \u00eencrederea \u00een sine, cine a p\u0103truns interdependen\u0163ele, cine a \u00een\u0163eles jocul for\u0163elor, al materialelor, al culorilor, al m\u0103surilor, cine poate s\u0103 absoarb\u0103 realitatea, imaginea cl\u0103dirilor, cine a studiat \u015fi cercetat cifric efectul lor, cine le-a recunoscut mental, acela se afl\u0103 pe singurul drum adev\u0103rat spre cea mai mare bucurie a vie\u0163ii, pe care numai cel ce creeaz\u0103 muncind o poate sim\u0163i. La aducerea lui pe un asemenea drum trebuie s\u0103 contribuie aceast\u0103 viziune de via\u0163\u0103. Ea trebuie s\u0103 \u00eel elibereze de toate \u00eenv\u0103\u0163\u0103turile \u015fi, \u00een final, chiar de aceasta, \u015fi trebuie s\u0103 \u00eel conduc\u0103 spre propria activitate creatoare; trebuie s\u0103 fie un ajutor de \u00eenceput; pa\u015fii urm\u0103tori \u2013 construitul \u2013 trebuie s\u0103 \u00eel fac\u0103 fiecare singur. &nbsp;<\/p>\n\n\n\n<p>&nbsp;&nbsp;&nbsp;&nbsp;&nbsp;&nbsp;&nbsp;&nbsp;&nbsp;&nbsp;&nbsp;&nbsp;&nbsp;&nbsp;&nbsp;&nbsp;&nbsp;&nbsp;&nbsp;&nbsp;&nbsp;&nbsp;&nbsp;&nbsp;&nbsp;&nbsp;&nbsp;&nbsp;&nbsp;&nbsp;&nbsp;&nbsp;&nbsp;&nbsp;&nbsp;&nbsp;&nbsp;&nbsp;&nbsp;&nbsp;&nbsp;&nbsp;&nbsp;&nbsp;&nbsp;&nbsp;&nbsp;&nbsp;&nbsp;&nbsp;&nbsp;&nbsp;&nbsp;&nbsp;&nbsp;&nbsp;&nbsp;&nbsp;&nbsp;&nbsp;&nbsp;&nbsp;&nbsp;&nbsp;&nbsp;&nbsp;&nbsp;&nbsp;&nbsp;&nbsp;&nbsp;&nbsp;&nbsp;&nbsp;&nbsp;&nbsp;&nbsp;&nbsp;&nbsp;&nbsp;&nbsp;&nbsp;&nbsp;&nbsp;&nbsp;&nbsp;&nbsp;&nbsp;&nbsp;&nbsp;&nbsp;&nbsp;&nbsp;&nbsp;&nbsp;&nbsp;&nbsp;&nbsp;&nbsp;&nbsp;&nbsp;&nbsp;&nbsp;&nbsp;&nbsp;&nbsp;&nbsp;&nbsp;&nbsp;&nbsp;&nbsp;&nbsp;&nbsp;&nbsp;&nbsp;&nbsp;&nbsp;&nbsp;&nbsp;&nbsp;&nbsp;&nbsp;&nbsp;&nbsp;&nbsp;&nbsp;&nbsp;&nbsp;&nbsp;&nbsp;&nbsp;&nbsp;&nbsp;&nbsp;&nbsp;Ernst NEUFERT<\/p>\n\n\n\n<p>Manualul arhitectului reprezint\u0103 un ghid practic, deosebit de util \u00een fundamentarea ideilor \u015fi identificarea de solu\u0163ii \u00een proiectare pe domenii ca arhitectura, urbanismul \u015fi amenajarea teritoriului. Acesta poate fi consultat \u00een \u00eentregime&nbsp;<a href=\"http:\/\/www.scribd.com\/doc\/8009133\/Manualul-Arhitectului-Ed37-Neufert\" target=\"_blank\" rel=\"noreferrer noopener\">aici<\/a>.<\/p>\n\n\n\n<p><strong>ATLAS TERITORIAL AL ROM\u00c2NIEI<\/strong><br><strong>Instrument de analiz\u0103 teritorial\u0103<\/strong><\/p>\n\n\n\n<p>Rezultat din experien\u0163a geografilor de la centrul de excelen\u0163\u0103 Cuguat-TIGRIS de la Universitatea &#8220;Alexandru Ioan Cuza&#8221; din Ia\u015fi \u015fi din dorin\u0163a Ministerului Dezvolt\u0103rii, Lucr\u0103rilor Publice \u015fi Locuin\u0163elor de a pune la dispozi\u0163ia actorilor implica\u0163i \u00een ac\u0163iunile de planificare \u015fi de administrare a teritoriului na\u0163ional a unui instrument simplu de analiz\u0103 contextual\u0103 a realit\u0103\u0163ilor spa\u0163iale ale Rom\u00e2niei, acest&nbsp;<strong><em>Atlas<\/em><\/strong>&nbsp;<em>on-line<\/em>&nbsp;\u00ee\u015fi propune s\u0103 faciliteze activit\u0103\u0163ile de diagnoz\u0103 \u015fi de prognoz\u0103 a evolu\u0163iei structurilor teritoriale. Atlasul poate fi consultat \u00een \u00eentregime&nbsp;<a href=\"http:\/\/www.mdrl.ro\/_documente\/atlas\/index.htm\" target=\"_blank\" rel=\"noreferrer noopener\">aici<\/a>.<\/p>\n\n\n\n<p><strong>CARTA EUROPEAN\u0102 A AMENAJ\u0102RII TERITORIULUI<\/strong><br><strong>Carta de la Torremolinos adoptat\u0103 la 20 mai 1983 la Torremolinos (Spania)<\/strong><\/p>\n\n\n\n<p>La invita\u0163ia Guvernului spaniol, Conferin\u0163a European\u0103 a Mini\u015ftrilor responsabili de Planificarea Regional\u0103, care s-a \u00eentrunit \u00een mod regulat \u00eencep\u00e2nd cu 1970, \u015fi-a sus\u0163inut cea de-a VI-a sesiune \u00een Torremolinos (Spania) pe 19 \u015fi 20 mai 1983. Dl. Julian CAMPO, ministrul spaniol pentru Lucr\u0103ri Publice \u015fi Planificare Urban\u0103, a prezidat conferin\u0163a, la care au participat mini\u015ftrii \u015fi reprezentan\u0163i din cele 16 State membre \u00een Consiliul Europei, un stat cu rol de observator \u015fi reprezentan\u0163i ai dou\u0103 organiza\u0163ii europene.<br>Conferin\u0163a a dispus de urm\u0103toarele rapoarte:<br>1. Perspective de dezvoltare \u015fi amenajare a regiunilor maritime europene.<br>2. Carta European\u0103 pentru Amenajare Teritorial\/Spa\u0163ial\u0103.<br>3. Statutul \u015fi Programul de Lucru al Conferin\u0163ei.<br>\u00cen urma prezent\u0103rii \u015fi a dezbaterii asupra rapoartelor conferin\u0163ei, mini\u015ftrii au adoptat rezolu\u0163ii referitoare la subiectele amintite mai sus \u015fi la Documentul European de Amenajare Teritorial\u0103. Aceste rezolu\u0163ii \u015fi Documentul sunt reproduse \u00een acest document. Acesta poate fi consultat \u00een \u00eentregime&nbsp;<a href=\"http:\/\/www.mdrl.ro\/_documente\/dezvoltare_teritoriala\/amenajarea_teritoriului\/Carta_Torremolinos.pdf\" target=\"_blank\" rel=\"noreferrer noopener\">aici<\/a>.<\/p>\n\n\n\n<p><strong>SCHEMA DE DEZVOLTARE A SPA\u0162IULUI COMUNITAR (SDSC)<\/strong><br><strong>Spre o dezvoltare spa\u0163ial\u0103 echilibrat\u0103 \u015fi durabil\u0103 a teritoriului Uniunii Europene<\/strong><\/p>\n\n\n\n<p>Mini\u015ftrii responsabili cu amenajarea teritoriului ai statelor membre UE \u015fi comisarul european \u00eens\u0103rcinat cu politica regional\u0103 au subliniat la Postdam c\u0103 concluzia dezbaterii politice asupra SDSC marcheaz\u0103 o etap\u0103 important\u0103 \u00een procesul integr\u0103rii Europene.<br>Odat\u0103 cu SDSC, Statele membre \u015fi Comisia s-au pus de acord asupra obiectivelor spa\u0163iale comune \u015fi asupra liniilor directoare spa\u0163iale comune pentru dezvoltarea viitoare a teritoriului Uniunii Europene.<br>Politicile de dezvoltare spa\u0163ial\u0103 vizeaz\u0103 asigurarea unei dezvolt\u0103ri echilibrate \u015fi durabile a teritoriului Uniunii. Mini\u015ftrii estimeaz\u0103 c\u0103 odat\u0103 cu aceasta se pot atinge cele trei obiective fundamentale ale politicii comunitare \u015fi anume:<br>\u2022 coeziunea economic\u0103 \u015fi social\u0103;<br>\u2022 conservarea \u015fi gestionarea bazelor naturale ale vie\u0163ii \u015fi a patrimoniului cultural;<br>\u2022 competitivitate mai echilibrat\u0103 a teritoriului european.<br>SDSC constituie un cadru orientativ adecvat pentru politicile sectoriale cu impact spa\u0163ial ale comunit\u0103\u0163ii \u015fi statelor membre, ca \u015fi pentru colectivit\u0103\u0163ile regionale \u015fi locale, pentru a se ajunge la o dezvoltare echilibrat\u0103 \u015fi durabil\u0103 a teritoriului european.<br>\u00cen vederea unei integr\u0103ri europene mai accelerate, mini\u015ftrii consider\u0103 ca necesar\u0103 cooperarea \u00een materie de dezvoltare spa\u0163ial\u0103 \u00eentre statele membre pe de o parte \u015fi \u00eentre regiunile \u015fi colectivit\u0103\u0163ile locale ale acestora pe de alt\u0103 parte. Colectivit\u0103\u0163ile regionale \u015fi locale vor trebui s\u0103 coopereze dincolo de frontierele na\u0163ionale. SDSC constituie documentul de referin\u0163\u0103 adecvat pentru \u00eencurajarea unei asemenea cooper\u0103ri, respect\u00e2ndu-se totodat\u0103 principiul subsidiarit\u0103\u0163ii. Acesta poate fi consultat \u00een \u00eentregime&nbsp;<a href=\"http:\/\/www.mdrl.ro\/_documente\/dezvoltare_teritoriala\/amenajarea_teritoriului\/SDSC.pdf\" target=\"_blank\" rel=\"noreferrer noopener\">aici<\/a>.<\/p>\n\n\n\n<p><strong>PRINCIPII DIRECTOARE PENTRU DEZVOLTAREA TERITORIAL\u0102 DURABIL\u0102 A CONTINENTULUI EUROPEAN<\/strong><br><strong>Conferin\u0163a european\u0103 a Mini\u015ftrilor responsabili cu Amenajarea Teritoriului (CEMAT). Comitetul \u00cenal\u0163ilor Func\u0163ionari, Hanovra, 7- 8 septembrie 2000<\/strong><\/p>\n\n\n\n<p>\u00cen deceniul care s-a scurs integrarea european\u0103 a f\u0103cut pa\u015fi decisivi \u015fi istorici, din care au rezultat noi sarcini \u015fi priorit\u0103\u0163i pentru Consiliul Europei. Adopt\u00e2nd&nbsp;<em>\u201cPrincipiile directoare pentru dezvoltarea teritorial\u0103 durabil\u0103 a continentului european\u201d<\/em>, Conferin\u0163a Mini\u015ftrilor responsabili cu Amenajarea Teritoriului (CEMAT) \u00ee\u015fi aduce contribu\u0163ia la elaborarea unei strategii de coeziune social\u0103. \u201cPrincipiile directoare\u201d pun \u00een valoare dimensiunea teritorial\u0103 a drepturilor omului \u015fi a democra\u0163iei. Obiectivul lor este acela de a identifica m\u0103surile de amenajare a teritoriului prin care locuitorii tuturor Statelor membre ale Consiliului Europei pot ajunge la un nivel de via\u0163\u0103 acceptabil. Aceasta este o condi\u0163ie prealabil\u0103 fundamental\u0103 pentru stabilizarea structurilor democratice \u00een localit\u0103\u0163ile \u015fi regiunile Europei. Acesta poate fi consultat \u00een \u00eentregime&nbsp;<a href=\"http:\/\/www.mdrl.ro\/_documente\/dezvoltare_teritoriala\/amenajarea_teritoriului\/Principii_Directoare.pdf\" target=\"_blank\" rel=\"noreferrer noopener\">aici<\/a>.<\/p>\n\n\n\n<p><strong>AGENDA TERITORIAL\u0102&nbsp; A UNIUNII EUROPENE<\/strong><br><strong>Reuniunea Informal\u0103 a Mini\u015ftrilor Europeni Responsabili cu Dezvoltarea Urban\u0103 \u015fi Coeziunea Teritorial\u0103, Leipzig, 24-25 mai 2007<\/strong><\/p>\n\n\n\n<p>Uniunea European\u0103 prive\u015fte cu \u00eencredere la progresele realizate \u00een domeniile economic, social \u015fi ecologic. \u00cempreun\u0103, statele membre opereaz\u0103 o economie combinat\u0103 care reprezint\u0103 aproximativ o treime din Produsul Intern Brut mondial. Ceea ce caracterizeaz\u0103 dimensiunea teritorial\u0103 a Uniunii este puterea sa economic\u0103 \u015fi un teritoriu de peste 4 milioane km2, precum \u015fi o popula\u0163ie de 490 milioane de locuitori.<br>Noi, ca mini\u015ftri responsabili cu planificarea \u015fi dezvoltarea urban\u0103, prezent\u0103m Agenda teritorial\u0103 ca pe un cadru politic orientat spre ac\u0163iune \u00een vederea viitoarei noastre cooper\u0103ri, elaborat \u00eempreun\u0103 cu Comisia European\u0103. Prin Agenda teritorial\u0103 contribuim la cre\u015fterea economic\u0103 durabil\u0103 \u015fi la crearea de locuri de munc\u0103, precum \u015fi la dezvoltarea social\u0103 \u015fi ecologic\u0103 \u00een toate regiunile UE. Sprijinim astfel at\u00e2t Strategia Lisabona c\u00e2t \u015fi pe cea a Consiliului European de la G\u00f6teborg, care sunt strategii complementare.<br>Prin intermediul Agendei teritoriale dorim s\u0103 promov\u0103m o dezvoltare teritorial\u0103 policentric\u0103 a UE, pentru a folosi mai bine resursele disponibile \u00een regiunile europene. Un aspect important este integrarea teritorial\u0103 a zonelor locuite. Pe aceast\u0103 cale, vom contribui la construc\u0163ia unei Europe durabile din punct de vedere cultural, social, ecologic \u015fi economic. Este deosebit de important s\u0103 integr\u0103m mai bine noile noastre state membre \u00een aceast\u0103 politic\u0103 de dezvoltare policentric\u0103 a a\u015fez\u0103rilor umane. Prin Agenda teritorial\u0103 vom contribui &#8211; \u00een sensul solidarit\u0103\u0163ii teritoriale \u2013 la asigurarea unor condi\u0163ii de locuit mai bune \u015fi a calit\u0103\u0163ii vie\u0163ii cu \u015fanse egale, orientate spre poten\u0163ialul local \u015fi regional, indiferent de locul \u00een care tr\u0103iesc oamenii &#8211; fie \u00een zona din centrul Europei, fie la periferie.<br>Consider\u0103m c\u0103 viitoarea misiune \u201eCoeziunea teritorial\u0103\u201d este un proces de cooperare permanent, care implic\u0103 diferi\u0163i actori \u015fi factori interesa\u0163i \u00een dezvoltarea teritorial\u0103 la nivel politic, administrativ \u015fi tehnic. Aceast\u0103 cooperare este caracterizat\u0103 de istoria, cultura \u015fi rela\u0163iile institu\u0163ionale din fiecare stat membru. Politicile de coeziune a Uniunii Europene ar trebui s\u0103 poat\u0103 r\u0103spunde mai eficient, dec\u00e2t au f\u0103cut-o p\u00e2n\u0103 acum, necesit\u0103\u0163ilor \u015fi caracteristicilor teritoriale, ca \u015fi provoc\u0103rilor \u015fi oportunit\u0103\u0163ilor geografice specifice ale regiunilor \u015fi ora\u015felor. Acesta este motivul pentru care sus\u0163inem necesitatea ca dimensiunea teritorial\u0103 s\u0103 joace un rol mai marcant \u00een viitoarele politici de coeziune, \u00eenscopul promov\u0103rii bun\u0103st\u0103rii economice \u015fi sociale. Acesta poate fi consultat \u00een \u00eentregime&nbsp;<a href=\"http:\/\/www.mdrl.ro\/_documente\/dezvoltare_teritoriala\/amenajarea_teritoriului\/Agenda_teritoriala.pdf\" target=\"_blank\" rel=\"noreferrer noopener\">aici<\/a>.<\/p>\n\n\n\n<p><strong>CONCEPTUL STRATEGIC DE DEZVOLTARE TERITORIAL\u0102. ROM\u00c2NIA 2030<\/strong><br><strong>O Rom\u00e2nie competitiv\u0103, armonioas\u0103 \u015fi prosper\u0103<\/strong><\/p>\n\n\n\n<p>\u00cen Rom\u00e2nia, preocup\u0103rile privind planificarea strategic\u0103 a dezvolt\u0103rii teritoriale au crescut \u015fi s-au diversificat \u00een ultimii ani, \u00eentr-un proces complex de emancipare \u00een domeniu, la nivel intern, \u00een conexiune tot mai str\u00e2ns\u0103 cu evolu\u0163iile specifice la nivelul UE. Dinamica tot mai accentuat\u0103 a evolu\u0163iilor la nivel interna\u0163ional, preg\u0103tirea procesului de programare \u00een vederea integr\u0103rii Rom\u00e2niei \u00een uniune au atras necesitatea deciziilor rapide, bazate pe abordarea integrat\u0103 a problemelor dar \u015fi a poten\u0163ialului de dezvoltare. Toate acestea au condus \u00een anul 2005 la \u00eenfiin\u0163area procesului de elaborare al unui concept strategic de dezvoltare teritorial\u0103 a Rom\u00e2niei pe termen lung, concept care s\u0103 valorifice poten\u0163ialul teritorial at\u00e2t \u00een beneficiul dezvolt\u0103rii interne c\u00e2t \u015fi pentru afirmarea rolului \u00een cadrul Uniunii Europene. Rafinarea documentului de fa\u0163\u0103 \u015fi transpunerea lui \u00eentr-o strategie de dezvoltare teritorial\u0103 cu setul aferent de politici, programe \u015fi proiecte strategice teritoriale reprezint\u0103 direc\u0163ia de urmat \u00een vederea asigur\u0103rii unui cadru oportun de implementare a direc\u0163iilor strategice prezentate \u00een prezentul document. Acesta poate fi consultat \u00een \u00eentregime&nbsp;<a href=\"http:\/\/www.mdrl.ro\/_documente\/publicatii\/2008\/Brosura%20Conc_strat_dezv_teritoriala.pdf\" target=\"_blank\" rel=\"noreferrer noopener\">aici<\/a>.<\/p>\n\n\n\n<p><strong>THE HABITAT AGENDA<\/strong><br><strong>Goals and Principles, Commitments and the Global Plan of Action<\/strong><\/p>\n\n\n\n<p>We recognize the imperative need to improve the quality of human settlements, which profoundly affects the daily lives and well-being of our peoples. There is a sense of great opportunity and hope that a new world can be built, in which economic development, social development and environmental protection as interdependent and mutually reinforcing components of sustainable development can be realized through solidarity and cooperation within and between countries and through effective partnerships at all levels. International cooperation and universal solidarity, guided by the purposes and principles of the Charter of the United Nations, and in a spirit of partnership, are crucial to improving the quality of life of the peoples of the world. This can be visualized&nbsp;<a href=\"http:\/\/www.mdrl.ro\/_documente\/dezvoltare_teritoriala\/documente_strategice\/The_Habitat_Agenda.pdf\" target=\"_blank\" rel=\"noreferrer noopener\">here<\/a>.<\/p>\n\n\n\n<p><strong>HUMAN GEOGRAPHY<\/strong><br><strong>Landscapes of Human Activities<\/strong><br>Jerome Donald Fellmann, Arthur Getis, Judith Getis<br>Brown &amp;Benchmark Publishers<br>ISBN: 0-697-29038-7<\/p>\n\n\n\n<p>The fundamental question asked by geographers is&nbsp;<em>&#8220;Does it make a difference where things are located?&#8221;<\/em>&nbsp;If for any one thing or group of things the answer is&nbsp;<em>&#8220;You bet it does,&#8221;&nbsp;<\/em>the geographer&#8217;s interest is aroused and ge\u00adographic investigation is appropriate. For example, it matters a great deal that languages of a certain kind are spoken in certain places. But knowledge of the location of a specific language group is not of itself particularly significant. Geographic study of a language requires that we try to answer questions about why and how- the language shows different characteristics in different lo\u00adcations and how the present distribution of its speakers came about. In the course of our study, we would logi\u00adcally discuss such concepts as migration, acculturation, the diffusion of innovation, the effect of physical barri\u00aders on communication, and the relationship of lan\u00adguage to other aspects of culture. As geographers, we are interested in how things arc interrelated in differ\u00adent regions and give evidence of the existence of&nbsp;<em>&#8220;spa\u00adtial systems&#8221;<\/em>. This can be visualized&nbsp;<a href=\"http:\/\/books.google.ro\/books?id=90o_I8cf74YC&amp;pg=PA44&amp;lpg=PA44&amp;dq=getis+human+settlements&amp;source=bl&amp;ots=_JwX90TDIb&amp;sig=xyWndKGvsa4XFaO_W-9g9l3DXoY&amp;hl=ro&amp;ei=fUuFTrrKGIay0QXg1NH5Dw&amp;sa=X&amp;oi=book_result&amp;ct=result&amp;resnum=1&amp;ved=0CCEQ6AEwAA#v=onepage&amp;q&amp;f=false\">here<\/a>.<\/p>\n\n\n\n<p><strong>GEOGRAFIA POPULA\u0162IEI<\/strong><br><strong>Teorie \u015fi metodologie<\/strong><br>Constantin Vert<br>Editura MIRTON, Timi\u015foara, 2001<br>ISBN: 973-585-468-6<\/p>\n\n\n\n<p>Tematica prezentei lucr\u0103ri, preocup\u0103 ast\u0103zi, mai mult ca oric\u00e2nd, oameni investi\u0163i cu r\u0103spunderi politice \u015fi ob\u015fte\u015fti, \u00eenv\u0103\u0163a\u0163i, doritori de a-\u015fi pune \u015ftiin\u0163a \u00een slujba societ\u0103\u0163ii. Preocuparea at\u00e2t de general\u0103 \u015fi activ\u0103, nu este o reflectare a unui interes de moment, de conjunctur\u0103, pentru o problem\u0103 \u201ela mod\u0103\u201d, ci izvor\u0103\u015fte din necesitatea ca cercet\u0103rile de geografia popula\u0163iei s\u0103 fie c\u00e2t mai folositoare.<br>Folositoare, pe de-o parte, unei bune \u00een\u0163elegeri a proceselor istorice din trecutul societ\u0103\u0163ii omene\u015fti, folositoare, deopotriv\u0103, pentru \u00een\u0163elegerea \u015ftiin\u0163ific\u0103 a dezvolt\u0103rii complexe a societ\u0103\u0163ii contemporane \u015fi a celei de m\u00e2ine.<br>Experien\u0163a a demonstrat c\u0103 problemele demografice sunt probleme fundamentale ale istoriei societ\u0103\u0163ii umane, a civiliza\u0163iei umane. Cele mai de seam\u0103 manifest\u0103ri \u015fi realiz\u0103ri \u00een toate domeniile de activitate (economic, social, politic, cultural), \u00ee\u015fi g\u0103sesc una din explica\u0163iile principale \u00een popula\u0163ie. De densitatea popula\u0163iei depinde \u00een bun\u0103 parte bog\u0103\u0163ia na\u0163iunii, puterea ei, realiz\u0103rile sociale \u015fi culturale, civiliza\u0163ia sa \u00een ultim\u0103 instan\u0163\u0103. Pentru prezent \u015fi viitor, cunoa\u015fterea c\u00e2t mai exact\u0103 a problemelor popula\u0163iei are o importan\u0163\u0103 primordial\u0103. Acesta poate fi consultat \u00een \u00eentregime&nbsp;<a href=\"http:\/\/www.geografie.uvt.ro\/old\/personal\/academic\/vert\/Geografia%20populatiei_teorie%20si%20metodologie.pdf\" target=\"_blank\" rel=\"noreferrer noopener\">aici<\/a>.<\/p>\n","protected":false},"excerpt":{"rendered":"<p>NEUFERTManualul arhitectului. Elemente de proiectare \u015fi de construc\u0163ieEdi\u0163ia a 37-a, ad\u0103ugit\u0103 \u015fi prelucrat\u0103Editura ALUTUS, Miercurea Ciuc, 2004 Acum mai bine de 2500 de ani, Confucius a formulat urm\u0103toarea ideie \u00een cuvintele:&nbsp;\u201c\u00cei dau elevului meu un col\u0163, pe celelalte trei trebuie s\u0103 le g\u0103seasc\u0103 singur\u201d. Un architect, urbanist sau planificator territorial \u00eenn\u0103scut sau unul cu dorul &hellip; <\/p>\n<p class=\"link-more\"><a href=\"https:\/\/geografie.ubbcluj.ro\/pages\/jssp\/?page_id=46&#038;lang=ro\" class=\"more-link\">Read the full post &rarr;<span class=\"screen-reader-text\">&#8220;Educa\u021bie \u0219i practic\u0103&#8221;<\/span><\/a><\/p>\n","protected":false},"author":1,"featured_media":0,"parent":0,"menu_order":0,"comment_status":"closed","ping_status":"closed","template":"","meta":{"footnotes":""},"_links":{"self":[{"href":"https:\/\/geografie.ubbcluj.ro\/pages\/jssp\/index.php?rest_route=\/wp\/v2\/pages\/46"}],"collection":[{"href":"https:\/\/geografie.ubbcluj.ro\/pages\/jssp\/index.php?rest_route=\/wp\/v2\/pages"}],"about":[{"href":"https:\/\/geografie.ubbcluj.ro\/pages\/jssp\/index.php?rest_route=\/wp\/v2\/types\/page"}],"author":[{"embeddable":true,"href":"https:\/\/geografie.ubbcluj.ro\/pages\/jssp\/index.php?rest_route=\/wp\/v2\/users\/1"}],"replies":[{"embeddable":true,"href":"https:\/\/geografie.ubbcluj.ro\/pages\/jssp\/index.php?rest_route=%2Fwp%2Fv2%2Fcomments&post=46"}],"version-history":[{"count":1,"href":"https:\/\/geografie.ubbcluj.ro\/pages\/jssp\/index.php?rest_route=\/wp\/v2\/pages\/46\/revisions"}],"predecessor-version":[{"id":47,"href":"https:\/\/geografie.ubbcluj.ro\/pages\/jssp\/index.php?rest_route=\/wp\/v2\/pages\/46\/revisions\/47"}],"wp:attachment":[{"href":"https:\/\/geografie.ubbcluj.ro\/pages\/jssp\/index.php?rest_route=%2Fwp%2Fv2%2Fmedia&parent=46"}],"curies":[{"name":"wp","href":"https:\/\/api.w.org\/{rel}","templated":true}]}}