{"id":44,"date":"2023-10-26T06:30:31","date_gmt":"2023-10-26T06:30:31","guid":{"rendered":"https:\/\/geografie.ubbcluj.ro\/pages\/jssp\/?page_id=44"},"modified":"2023-11-21T10:50:24","modified_gmt":"2023-11-21T10:50:24","slug":"parteneriat","status":"publish","type":"page","link":"https:\/\/geografie.ubbcluj.ro\/pages\/jssp\/?page_id=44&lang=ro","title":{"rendered":"Parteneriate"},"content":{"rendered":"\n<p>Cu fiecare \u015fans\u0103 pe care o avem, dezvolt\u0103m parteneriate cu alte reviste \u015ftiin\u0163ifice editate de reprezentan\u0163i ale unor binecunoscute universit\u0103\u0163i din \u00eentreaga lume, prin care revista noastr\u0103 (\u00een versiune tip\u0103rit\u0103) este inclus\u0103 \u00een bibliotecile acestora.<\/p>\n\n\n\n<p>\u00cen prezent parteneriatele de schimb reciproc sunt reprezentate de:<\/p>\n\n\n\n<p><a href=\"http:\/\/bib.cervantesvirtual.com\/portal\/IIGG\/\" target=\"_blank\" rel=\"noreferrer noopener\">Investigaciones Geograficas<\/a>, editat\u0103 \u00een limba spaniol\u0103 de Universitatea din Alicante, SPANIA.<\/p>\n\n\n\n<p><a href=\"http:\/\/ilee2011.hpage.com\/\" target=\"_blank\" rel=\"noreferrer noopener\">Indian Journal of Landscape Systems and Ecological Studies<\/a>, editat\u0103 \u00een limba englez\u0103 de Institutul Landscape, Ecology &amp; Ekistics, Calcutta, INDIA.<\/p>\n\n\n\n<p><a href=\"http:\/\/urbani-izziv.uirs.si\/\" target=\"_blank\" rel=\"noreferrer noopener\">Urbani izziv (&#8220;Urban Challenge&#8221;)<\/a>, editat\u0103 \u00een limba englez\u0103 de&nbsp;Urban Planning Institute of the Republic of Slovenia,&nbsp;Ljubljana, SLOVENIA.<\/p>\n\n\n\n<p>Volumele acestora pot fi consultate de to\u0163i cititorii interesa\u0163i la biblioteca Centrului de Cercetare a A\u015fez\u0103rilor \u015fi Urbanism, Facultatea de Geografie, cabinet 72.<\/p>\n","protected":false},"excerpt":{"rendered":"<p>Cu fiecare \u015fans\u0103 pe care o avem, dezvolt\u0103m parteneriate cu alte reviste \u015ftiin\u0163ifice editate de reprezentan\u0163i ale unor binecunoscute universit\u0103\u0163i din \u00eentreaga lume, prin care revista noastr\u0103 (\u00een versiune tip\u0103rit\u0103) este inclus\u0103 \u00een bibliotecile acestora. \u00cen prezent parteneriatele de schimb reciproc sunt reprezentate de: Investigaciones Geograficas, editat\u0103 \u00een limba spaniol\u0103 de Universitatea din Alicante, SPANIA. &hellip; <\/p>\n<p class=\"link-more\"><a href=\"https:\/\/geografie.ubbcluj.ro\/pages\/jssp\/?page_id=44&#038;lang=ro\" class=\"more-link\">Read the full post &rarr;<span class=\"screen-reader-text\">&#8220;Parteneriate&#8221;<\/span><\/a><\/p>\n","protected":false},"author":1,"featured_media":0,"parent":0,"menu_order":0,"comment_status":"closed","ping_status":"closed","template":"","meta":{"footnotes":""},"_links":{"self":[{"href":"https:\/\/geografie.ubbcluj.ro\/pages\/jssp\/index.php?rest_route=\/wp\/v2\/pages\/44"}],"collection":[{"href":"https:\/\/geografie.ubbcluj.ro\/pages\/jssp\/index.php?rest_route=\/wp\/v2\/pages"}],"about":[{"href":"https:\/\/geografie.ubbcluj.ro\/pages\/jssp\/index.php?rest_route=\/wp\/v2\/types\/page"}],"author":[{"embeddable":true,"href":"https:\/\/geografie.ubbcluj.ro\/pages\/jssp\/index.php?rest_route=\/wp\/v2\/users\/1"}],"replies":[{"embeddable":true,"href":"https:\/\/geografie.ubbcluj.ro\/pages\/jssp\/index.php?rest_route=%2Fwp%2Fv2%2Fcomments&post=44"}],"version-history":[{"count":2,"href":"https:\/\/geografie.ubbcluj.ro\/pages\/jssp\/index.php?rest_route=\/wp\/v2\/pages\/44\/revisions"}],"predecessor-version":[{"id":184,"href":"https:\/\/geografie.ubbcluj.ro\/pages\/jssp\/index.php?rest_route=\/wp\/v2\/pages\/44\/revisions\/184"}],"wp:attachment":[{"href":"https:\/\/geografie.ubbcluj.ro\/pages\/jssp\/index.php?rest_route=%2Fwp%2Fv2%2Fmedia&parent=44"}],"curies":[{"name":"wp","href":"https:\/\/api.w.org\/{rel}","templated":true}]}}