{"id":33,"date":"2023-10-26T06:23:26","date_gmt":"2023-10-26T06:23:26","guid":{"rendered":"https:\/\/geografie.ubbcluj.ro\/pages\/jssp\/?page_id=33"},"modified":"2023-10-26T06:23:26","modified_gmt":"2023-10-26T06:23:26","slug":"incarca-articol","status":"publish","type":"page","link":"https:\/\/geografie.ubbcluj.ro\/pages\/jssp\/?page_id=33&lang=ro","title":{"rendered":"\u00cencarc\u0103 articol"},"content":{"rendered":"\n<p><strong>Depunere manuscrise.<\/strong>&nbsp;Aducem la cuno\u015ftin\u0163\u0103 autorilor c\u0103 articolele pot fi trimise spre publicare tot timpul anului. Procedurile editoriale de evaluare pot dura aproximativ 4-6 luni. Dup\u0103 efectuarea tuturor ajust\u0103rilor propuse de c\u0103tre comitetul editorial \u0219i recenzori, varianta final\u0103 a manuscrisului va fi publicat\u0103 online.<\/p>\n\n\n\n<p><strong>Publicare Online First.&nbsp;<\/strong>Pentru a veni \u00een interesul autorilor \u0219i al cititorilor, \u00eencep\u00e2nd cu anul 2018, am adoptat politica Online First. Prin aceast\u0103 m\u0103sur\u0103 oferim acces imediat \u0219i liber la articolele publicate \u00een revista noastr\u0103 \u0219i reducem astfel durata procesului editorial de la depunerea manuscrisului p\u00e2n\u0103 la publicarea acestuia. Astfel, manuscrisele acceptate pentru publicare vor fi postate online, vor beneficia de DOI \u0219i vor fi disponibile pentru consultare \u0219i citare \u00eenc\u0103 de dinaintea public\u0103rii num\u0103rului curent (aferent lunii iunie sau decembrie). Vizualiza\u021bi articolele publicate&nbsp;<a href=\"http:\/\/jssp.reviste.ubbcluj.ro\/online%20first.html\" target=\"_blank\" rel=\"noreferrer noopener\">Online First.<\/a><\/p>\n\n\n\n<p><strong>Tax\u0103 de publicare.<\/strong>&nbsp;\u00cencep\u00e2nd 1 ianuarie 2018 se va percepe autorilor o tax\u0103 de procesare \u0219i publicare a articolelor \u00een cuantum de 150 Euro\/articol. Autorii din Rom\u00e2nia, vor putea achita taxa \u0219i \u00een RON la cursul BNR al zilei. Pentru a \u00eencuraja tinerii cercet\u0103tori care au calitatea de masteranzi sau doctoranzi, comitetul editorial al revistei JSSP a decis acordarea unei reduceri de 25% din cuantumul taxei de procesare, \u00een cazul \u00een care ace\u0219tia au pozi\u021bia de prim autor al articolului. Autorii care au aceast\u0103 calitate sunt ruga\u021bi s\u0103 contacteze editorii \u0219i s\u0103 transmit\u0103 o scrisoare de confirmare a acestui statut din partea institu\u021biei la care sunt afilia\u021bi. \u00cen acest caz, costul public\u0103ri va fi de 112.5 Euro. Costurile public\u0103rii vor fi \u00eencasate doar dup\u0103 ce manuscrisul a fost acceptat pentru publicare. Autorul principal al fiec\u0103rui articol va primi cu titlu gratuit un exemplar din num\u0103rul curent al revistei \u00een care a fost inclus\u0103 lucrarea. Acesta va fi transmis prin po\u0219t\u0103. \u00cen cazul \u00een care autorii articolelor doresc mai multe volume din num\u0103rul curent, acestea vor putea fi livrate la un cost de 20 euro\/exemplar.<\/p>\n\n\n\n<p><strong>Norme de redactare a articolelor<\/strong>. Cu privire la normele de redactare, autorii sunt ruga\u0163i s\u0103 viziteze sec\u0163iunea&nbsp;<a href=\"http:\/\/jssp.reviste.ubbcluj.ro\/autori.html\">Ghid autori<\/a>. Fiecare autor care trimite un articol spre publicare \u00een revista Journal of Settlements and Spatial Planning trebuie s\u0103 completeze declara\u021bia de autor \u00een concordan\u021b\u0103 cu politica revistei \u0219i liniile directoare de etic\u0103 privind publicarea materialelor \u0219tiin\u021bifice publicate de&nbsp;<a href=\"http:\/\/publicationethics.org\/\">Committee on Publication Ethics<\/a>&nbsp;(COPE). Dup\u0103 aceasta, v\u0103 rug\u0103m s\u0103 scana\u021bi formularul \u0219i s\u0103-l trimite\u021bi \u00eempreun\u0103 cu articolul despus \u00een vederea public\u0103rii grupului editorial la adresa:&nbsp;<a href=\"mailto:jssp_ubbcluj@yahoo.com\">jssp_ubbcluj@yahoo.com<\/a>&nbsp;sau&nbsp;<a href=\"mailto:jssp.ubbcluj@gmail.com\">jssp.ubbcluj@gmail.com<\/a>. Pute\u021bi desc\u0103rca formularul de declara\u021bie&nbsp;<a href=\"http:\/\/jssp.reviste.ubbcluj.ro\/doc\/author%20statement_JSSP.pdf\" target=\"_blank\" rel=\"noreferrer noopener\">aici<\/a>. Fiecare persoan\u0103 care apare \u00een lista de autori trebuie s\u0103 completeze \u0219i s\u0103 semneze acest formular.<\/p>\n\n\n\n<p><strong>Acceptare pentru publicare<\/strong>. To\u0163i autorii vor fi informa\u021bi cu privire la decizia de publicare \u015fi includerea articolelor \u00een Journal of Settlements and Spatial Planning. Av\u00e2nd \u00een vedere c\u0103 toate articolele revistei beneficiaz\u0103 de DOI individual, lucr\u0103rile vor putea fi citate din momentul afi\u015f\u0103rii acestora pe pagina web a revistei.<\/p>\n\n\n\n<p><strong>Cum se citeaz\u0103 articolul<\/strong>. Articolul publicat \u00een revista Journal of Settlements and Spatial Planning se va cita \u00een conformitate cu exemplul de mai jos:<\/p>\n\n\n\n<p><strong>Dzik J. A.&nbsp;&nbsp;<\/strong>(2016), Settlement Closure or Persistence: A Comparison of Kangeq and Kapisillit, Greenland. Journal of Settlements and Spatial Planning, 7(2), 99-112.&nbsp;<a href=\"http:\/\/dx.medra.org\/10.19188\/01JSSP022016\" target=\"_blank\" rel=\"noreferrer noopener\">DOI: 10.19188\/01JSSP022016<\/a><\/p>\n\n\n\n<p>Articolele, materialele suplimentare \u0219i declara\u021biile de originalitate ale autorilor se vor trimite la adresa de e-mail:&nbsp;<a href=\"mailto:jssp_ubbcluj@yahoo.com\">jssp_ubbcluj@yahoo.com<\/a>&nbsp;sau&nbsp;<a href=\"mailto:jssp.ubbcluj@gmail.com\">jssp.ubbcluj@gmail.com<\/a><\/p>\n","protected":false},"excerpt":{"rendered":"<p>Depunere manuscrise.&nbsp;Aducem la cuno\u015ftin\u0163\u0103 autorilor c\u0103 articolele pot fi trimise spre publicare tot timpul anului. Procedurile editoriale de evaluare pot dura aproximativ 4-6 luni. Dup\u0103 efectuarea tuturor ajust\u0103rilor propuse de c\u0103tre comitetul editorial \u0219i recenzori, varianta final\u0103 a manuscrisului va fi publicat\u0103 online. Publicare Online First.&nbsp;Pentru a veni \u00een interesul autorilor \u0219i al cititorilor, \u00eencep\u00e2nd &hellip; <\/p>\n<p class=\"link-more\"><a href=\"https:\/\/geografie.ubbcluj.ro\/pages\/jssp\/?page_id=33&#038;lang=ro\" class=\"more-link\">Read the full post &rarr;<span class=\"screen-reader-text\">&#8220;\u00cencarc\u0103 articol&#8221;<\/span><\/a><\/p>\n","protected":false},"author":1,"featured_media":0,"parent":0,"menu_order":0,"comment_status":"closed","ping_status":"closed","template":"","meta":{"footnotes":""},"_links":{"self":[{"href":"https:\/\/geografie.ubbcluj.ro\/pages\/jssp\/index.php?rest_route=\/wp\/v2\/pages\/33"}],"collection":[{"href":"https:\/\/geografie.ubbcluj.ro\/pages\/jssp\/index.php?rest_route=\/wp\/v2\/pages"}],"about":[{"href":"https:\/\/geografie.ubbcluj.ro\/pages\/jssp\/index.php?rest_route=\/wp\/v2\/types\/page"}],"author":[{"embeddable":true,"href":"https:\/\/geografie.ubbcluj.ro\/pages\/jssp\/index.php?rest_route=\/wp\/v2\/users\/1"}],"replies":[{"embeddable":true,"href":"https:\/\/geografie.ubbcluj.ro\/pages\/jssp\/index.php?rest_route=%2Fwp%2Fv2%2Fcomments&post=33"}],"version-history":[{"count":1,"href":"https:\/\/geografie.ubbcluj.ro\/pages\/jssp\/index.php?rest_route=\/wp\/v2\/pages\/33\/revisions"}],"predecessor-version":[{"id":34,"href":"https:\/\/geografie.ubbcluj.ro\/pages\/jssp\/index.php?rest_route=\/wp\/v2\/pages\/33\/revisions\/34"}],"wp:attachment":[{"href":"https:\/\/geografie.ubbcluj.ro\/pages\/jssp\/index.php?rest_route=%2Fwp%2Fv2%2Fmedia&parent=33"}],"curies":[{"name":"wp","href":"https:\/\/api.w.org\/{rel}","templated":true}]}}