{"id":30,"date":"2023-10-26T06:16:55","date_gmt":"2023-10-26T06:16:55","guid":{"rendered":"https:\/\/geografie.ubbcluj.ro\/pages\/jssp\/?page_id=30"},"modified":"2023-10-26T06:16:55","modified_gmt":"2023-10-26T06:16:55","slug":"ghid-recenzori","status":"publish","type":"page","link":"https:\/\/geografie.ubbcluj.ro\/pages\/jssp\/?page_id=30&lang=ro","title":{"rendered":"Ghid recenzori"},"content":{"rendered":"\n<p>Invit\u0103m reprezentan\u0163i ai mediului academic \u015fi speciali\u015fti care au preocup\u0103ri legate de tematica revistei JSSP s\u0103 ni se al\u0103ture \u00een calitate de recenzori. \u00cen acest sens v\u0103 rug\u0103m s\u0103 ne trimite\u0163i scrisoarea de inten\u0163ie \u015fi CV-ul dumneavoastr\u0103 la urm\u0103toarea adres\u0103:&nbsp;<a href=\"mailto:jssp_ubbcluj@yahoo.com\">jssp_ubbcluj@yahoo.com<\/a><strong>&nbsp;cu subiectul:<\/strong>&nbsp;Recenzor revista JSSP.<\/p>\n\n\n\n<p><a href=\"http:\/\/jssp.reviste.ubbcluj.ro\/doc\/reviewer%20JSSP.pdf\" target=\"_blank\" rel=\"noreferrer noopener\">Formular recenzor JSSP<\/a><\/p>\n\n\n\n<p>\u00cen viitorul apropiat va fi postat \u015fi Ghidul pentru recenzori.<\/p>\n","protected":false},"excerpt":{"rendered":"<p>Invit\u0103m reprezentan\u0163i ai mediului academic \u015fi speciali\u015fti care au preocup\u0103ri legate de tematica revistei JSSP s\u0103 ni se al\u0103ture \u00een calitate de recenzori. \u00cen acest sens v\u0103 rug\u0103m s\u0103 ne trimite\u0163i scrisoarea de inten\u0163ie \u015fi CV-ul dumneavoastr\u0103 la urm\u0103toarea adres\u0103:&nbsp;jssp_ubbcluj@yahoo.com&nbsp;cu subiectul:&nbsp;Recenzor revista JSSP. Formular recenzor JSSP \u00cen viitorul apropiat va fi postat \u015fi Ghidul pentru &hellip; <\/p>\n<p class=\"link-more\"><a href=\"https:\/\/geografie.ubbcluj.ro\/pages\/jssp\/?page_id=30&#038;lang=ro\" class=\"more-link\">Read the full post &rarr;<span class=\"screen-reader-text\">&#8220;Ghid recenzori&#8221;<\/span><\/a><\/p>\n","protected":false},"author":1,"featured_media":0,"parent":0,"menu_order":0,"comment_status":"closed","ping_status":"closed","template":"","meta":{"footnotes":""},"_links":{"self":[{"href":"https:\/\/geografie.ubbcluj.ro\/pages\/jssp\/index.php?rest_route=\/wp\/v2\/pages\/30"}],"collection":[{"href":"https:\/\/geografie.ubbcluj.ro\/pages\/jssp\/index.php?rest_route=\/wp\/v2\/pages"}],"about":[{"href":"https:\/\/geografie.ubbcluj.ro\/pages\/jssp\/index.php?rest_route=\/wp\/v2\/types\/page"}],"author":[{"embeddable":true,"href":"https:\/\/geografie.ubbcluj.ro\/pages\/jssp\/index.php?rest_route=\/wp\/v2\/users\/1"}],"replies":[{"embeddable":true,"href":"https:\/\/geografie.ubbcluj.ro\/pages\/jssp\/index.php?rest_route=%2Fwp%2Fv2%2Fcomments&post=30"}],"version-history":[{"count":1,"href":"https:\/\/geografie.ubbcluj.ro\/pages\/jssp\/index.php?rest_route=\/wp\/v2\/pages\/30\/revisions"}],"predecessor-version":[{"id":31,"href":"https:\/\/geografie.ubbcluj.ro\/pages\/jssp\/index.php?rest_route=\/wp\/v2\/pages\/30\/revisions\/31"}],"wp:attachment":[{"href":"https:\/\/geografie.ubbcluj.ro\/pages\/jssp\/index.php?rest_route=%2Fwp%2Fv2%2Fmedia&parent=30"}],"curies":[{"name":"wp","href":"https:\/\/api.w.org\/{rel}","templated":true}]}}