{"id":28,"date":"2023-10-26T06:16:33","date_gmt":"2023-10-26T06:16:33","guid":{"rendered":"https:\/\/geografie.ubbcluj.ro\/pages\/jssp\/?page_id=28"},"modified":"2023-10-26T06:16:33","modified_gmt":"2023-10-26T06:16:33","slug":"ghid-autori","status":"publish","type":"page","link":"https:\/\/geografie.ubbcluj.ro\/pages\/jssp\/?page_id=28&lang=ro","title":{"rendered":"Ghid autori"},"content":{"rendered":"\n<p><strong>Ghid autori<\/strong>. V\u0103 rug\u0103m s\u0103 citi\u021bi cu aten\u021bie&nbsp;<a href=\"http:\/\/jssp.reviste.ubbcluj.ro\/doc\/Author%20guidelines_JSSP.pdf\" target=\"_blank\" rel=\"noreferrer noopener\">GUIDELINES FOR AUTHORS<\/a>&nbsp;pentru a edita cu succes manuscrisul dumneavoastr\u0103. Pute\u021bi de asemenea s\u0103 desc\u0103rca\u021bi fi\u0219ierul&nbsp;<a href=\"http:\/\/jssp.reviste.ubbcluj.ro\/doc\/Article%20sample%20JSSP.doc\" target=\"_blank\" rel=\"noreferrer noopener\">ARTICLE SAMPLE<\/a>&nbsp;\u0219i s\u0103-l folosi\u021bi la redactarea lucr\u0103rii. Semna\u021bi&nbsp;<a href=\"http:\/\/jssp.reviste.ubbcluj.ro\/doc\/author%20statement_JSSP.pdf\" target=\"_blank\" rel=\"noreferrer noopener\">AFFIRMATION OF ORIGINALITY AND AUTHORSHIP STATEMENT<\/a>&nbsp;(to\u021bi autorii trebuie s\u0103 completeze \u0219i s\u0103 semneze declara\u021bia de originalitate) \u0219i transmite\u021bi-o la redac\u021bie \u00eempreun\u0103 cu manuscrisul.<\/p>\n\n\n\n<p><strong>Informa\u021bii generale despre procedura editorial\u0103<\/strong>. Autorii trebuie s\u0103 se asigure c\u0103 manuscrisul editat \u00een limba englez\u0103 are un nivel ridicat de acurate\u021be a con\u021binutului, iar termenii \u0219tiin\u021bifici sunt corect utiliza\u021bi. Toate articolele trimise spre publicare la redac\u021bia revistei Journal of Settlements and Spatial Planning trec printr-un proces de evaluare anonim\u0103. Fiecare recenzor reflect\u0103 aspecte de con\u021binut \u0219i formatare \u00eentr-un raport detaliat \u00een conformitate cu cerin\u021bele editoriale. Fiecare autor va primi rezultatele recenziei \u00een cel mult 4-6 luni de la depunerea articolului. Ulterior, autorul va face modific\u0103rile necesare, dac\u0103 va fi cazul. De asemenea, la momentul transmiterii articolului, este oportun ca autorii s\u0103 recomande doi poten\u021biali recenzori care au competen\u021be \u00een aria tematic\u0103 a studiului elaborat de c\u0103tre ace\u0219tia. Se vor men\u021biona: nume \u0219i prenume, titlu \u0219tiin\u021bific, afiliere institu\u021bional\u0103, adres\u0103 de e-mail.<\/p>\n\n\n\n<p><strong>Condi\u021bii de publicare:<\/strong><\/p>\n\n\n\n<p>1). Articolul trebuie s\u0103 \u00eentruneasc\u0103 condi\u021biile de publicare impuse prin politica editorial\u0103 a Journal of Settlements and Spatial Planning.<br>2). Autorii trebuie s\u0103 trasmit\u0103 articole care s\u0103 reprezinte rezultate de cercetare original\u0103 sau recenzii.<br>3). Articolele trebuie s\u0103 aduc\u0103 o contribu\u021bie semnificativ\u0103 \u00een domeniul cercet\u0103rii.<br>4). Articolele nu ar trebui s\u0103 reproduc\u0103 acelea\u0219i idei publicate \u00een alte reviste de specialitate.<br>5). Autorii trebuie s\u0103 citeze toate resursele bibliografice \u0219i s\u0103 declare sursa datelor utilizate \u00een studiu.<br>6). Autorii trebuie s\u0103 recunoasc\u0103 implicarea coautorilor care au contribuit la realizarea studiului (proiectare, procesare date, etc.).<br>7). Autorii trebuie s\u0103 desemneze autorul corespondent la momentul depunerii articolului la redac\u021bie. Acesta va deveni persoana de contact at\u00e2t pentru comitetul editorial c\u00e2t \u0219i pentru al\u021bi specili\u0219ti interesa\u021bi de rezultatele cercet\u0103rii efectuate. Autorul corespondent \u00ee\u0219i asum\u0103 \u00eentreaga responsabilitate \u0219i ac\u021bioneaz\u0103 \u00een numele tuturor autorilor articolului.<br>8). Autorii trebuie s\u0103 declare orice suport financiar de care au beneficiat \u00een realizarea studiului (dac\u0103 este cazul).<br>9). Autorii trebuie s\u0103 declare orice erori fundamentale, chiar dac\u0103 le-au observat mai t\u00e2rziu.<br>10). Fiecare autor trebuie s\u0103 completeze \u0219i s\u0103 semneze Declara\u021bia de originalitate prin care \u00ee\u0219i declar\u0103 contribu\u021bia original\u0103 la conceptul \u0219tiin\u021bific \u0219i finalizarea scrierii manuscrisului, \u0219i prin care \u00ee\u0219i asum\u0103 \u00eentreaga responsabilitate pentru con\u021binutul \u0219tiin\u021bific care va fi publicat \u00een revista Journal of Settlements and Spatial Planning. Aceste declara\u021bii vor fi transmise la redac\u021bie \u00eempreun\u0103 cu manuscrisul.<br>11). \u00cen cazul unor conflicte de interese, autorii trebuie s\u0103 contacteze echipa editorial\u0103 la momentul potrivit.<\/p>\n\n\n\n<p><strong>Preciz\u0103ri finale.&nbsp;<\/strong>Pentru ca articolul dumneavoastr\u0103 s\u0103 fie publicat \u00een revista noastr\u0103, este obligatoriu s\u0103 nu fie transmis spre publicare la alte reviste de specialitate, sau publicat anterior, chiar dac\u0103 a fost redactat \u00eentr-o alt\u0103 limb\u0103. Con\u0163inutul articolelor incluse \u00een Journal of Settlements and Spatial Planning pot s\u0103 nu exprime \u00een mod necesar opinia editorilor no\u015ftri, prin urmare, autorii sunt responsabili pentru con\u0163inutul \u015ftiin\u0163ific al lucr\u0103rilor lor. Fiecare autor care trimite un articol spre publicare \u00een revista Journal of Settlements and Spatial Planning trebuie s\u0103 completeze declara\u021bia de autor \u00een concordan\u021b\u0103 cu politica revistei \u0219i liniile directoare de etic\u0103 privind publicarea materialelor \u0219tiin\u021bifice elaborate de&nbsp;<a href=\"http:\/\/publicationethics.org\/\">Committee on Publication Ethics<\/a>&nbsp;(COPE). Dup\u0103 aceasta, v\u0103 rug\u0103m s\u0103 scana\u021bi formularul \u0219i s\u0103-l trimite\u021bi \u00eempreun\u0103 cu articolul despus \u00een vederea public\u0103rii grupului editorial la adresa:&nbsp;<a href=\"mailto:jssp_ubbcluj@yahoo.com\">jssp_ubbcluj@yahoo.com<\/a>&nbsp;sau&nbsp;<a href=\"mailto:jssp.ubbcluj@gmail.com\">jssp.ubbcluj@gmail.com<\/a>.<\/p>\n","protected":false},"excerpt":{"rendered":"<p>Ghid autori. V\u0103 rug\u0103m s\u0103 citi\u021bi cu aten\u021bie&nbsp;GUIDELINES FOR AUTHORS&nbsp;pentru a edita cu succes manuscrisul dumneavoastr\u0103. Pute\u021bi de asemenea s\u0103 desc\u0103rca\u021bi fi\u0219ierul&nbsp;ARTICLE SAMPLE&nbsp;\u0219i s\u0103-l folosi\u021bi la redactarea lucr\u0103rii. Semna\u021bi&nbsp;AFFIRMATION OF ORIGINALITY AND AUTHORSHIP STATEMENT&nbsp;(to\u021bi autorii trebuie s\u0103 completeze \u0219i s\u0103 semneze declara\u021bia de originalitate) \u0219i transmite\u021bi-o la redac\u021bie \u00eempreun\u0103 cu manuscrisul. Informa\u021bii generale despre procedura &hellip; <\/p>\n<p class=\"link-more\"><a href=\"https:\/\/geografie.ubbcluj.ro\/pages\/jssp\/?page_id=28&#038;lang=ro\" class=\"more-link\">Read the full post &rarr;<span class=\"screen-reader-text\">&#8220;Ghid autori&#8221;<\/span><\/a><\/p>\n","protected":false},"author":1,"featured_media":0,"parent":0,"menu_order":0,"comment_status":"closed","ping_status":"closed","template":"","meta":{"footnotes":""},"_links":{"self":[{"href":"https:\/\/geografie.ubbcluj.ro\/pages\/jssp\/index.php?rest_route=\/wp\/v2\/pages\/28"}],"collection":[{"href":"https:\/\/geografie.ubbcluj.ro\/pages\/jssp\/index.php?rest_route=\/wp\/v2\/pages"}],"about":[{"href":"https:\/\/geografie.ubbcluj.ro\/pages\/jssp\/index.php?rest_route=\/wp\/v2\/types\/page"}],"author":[{"embeddable":true,"href":"https:\/\/geografie.ubbcluj.ro\/pages\/jssp\/index.php?rest_route=\/wp\/v2\/users\/1"}],"replies":[{"embeddable":true,"href":"https:\/\/geografie.ubbcluj.ro\/pages\/jssp\/index.php?rest_route=%2Fwp%2Fv2%2Fcomments&post=28"}],"version-history":[{"count":1,"href":"https:\/\/geografie.ubbcluj.ro\/pages\/jssp\/index.php?rest_route=\/wp\/v2\/pages\/28\/revisions"}],"predecessor-version":[{"id":29,"href":"https:\/\/geografie.ubbcluj.ro\/pages\/jssp\/index.php?rest_route=\/wp\/v2\/pages\/28\/revisions\/29"}],"wp:attachment":[{"href":"https:\/\/geografie.ubbcluj.ro\/pages\/jssp\/index.php?rest_route=%2Fwp%2Fv2%2Fmedia&parent=28"}],"curies":[{"name":"wp","href":"https:\/\/api.w.org\/{rel}","templated":true}]}}