{"id":26,"date":"2023-10-26T06:15:51","date_gmt":"2023-10-26T06:15:51","guid":{"rendered":"https:\/\/geografie.ubbcluj.ro\/pages\/jssp\/?page_id=26"},"modified":"2023-10-26T06:15:51","modified_gmt":"2023-10-26T06:15:51","slug":"apel-lucrari","status":"publish","type":"page","link":"https:\/\/geografie.ubbcluj.ro\/pages\/jssp\/?page_id=26&lang=ro","title":{"rendered":"Apel lucr\u0103ri"},"content":{"rendered":"\n<p><em><strong>Journal of Settlements and Spatial Planning<\/strong><\/em>\u00a0se adreseaz\u0103 cu prec\u0103dere geografilor, tinerilor cercet\u0103tori \u015fi altor speciali\u015fti \u00een domenii de cercetare adiacente care \u00ee\u015fi \u00eendreapt\u0103 aten\u0163ia asupra problemelor legate de studiul a\u015fez\u0103rilor \u015fi planificarea teritoriului.\u00a0Mai mult, \u00eencurajeaz\u0103 reprezentan\u0163ii administra\u0163iilor publice, care sunt responsabili cu implementarea practic\u0103 a proiectelor de amenajare a teritoriului, s\u0103-\u015fi aduc\u0103 contribu\u0163ia \u00een domeniul cercet\u0103rii teoretice \u015fi practice. Revista noastr\u0103 \u00ee\u015fi propune s\u0103 publice articole originale teoretice \u015fi rezultate al cercet\u0103rii practic-aplicative \u00een domeniul dezvolt\u0103rii a\u015fez\u0103rilor, amenajarea teritoriului \u015fi urbanism. De vreme ce revista noastr\u0103 are apari\u0163ie bianual\u0103, \u00een iunie \u015fi decembrie, primim lucr\u0103ri pentru publicare pe parcursul \u00eentregului an. Cu toate acestea, articolele vor fi \u00eencadrate \u00een primul sau al doilea num\u0103r \u00een concordan\u0163\u0103 cu data la care au fost acceptate pentru publicare, dup\u0103 recenzare.<\/p>\n\n\n\n<p><strong>Online first.&nbsp;<\/strong>\u00cencep\u00e2nd cu anul 2018, autorii lucr\u0103rilor publicate \u00een Journal of Settlements and Spatial Planning beneficiaz\u0103 de posibilitatea ca articolele acceptate pentru publicare s\u0103 fie incluse \u00een categoria Online first. Aceast\u0103 op\u021biune \u00eenseamn\u0103 facilitarea public\u0103rii rezultatelor cercet\u0103rii c\u00e2t mai repede dup\u0103 momentul accept\u0103rii lucr\u0103rii pentru publicare, astfel reduc\u00e2nd timpul de a\u0219teptare impus de apari\u021bia numerelor revistei \u00een iunie \u0219i decembrie a fiec\u0103rui an. Manuscrisele acceptate pentru publicare vor fi postate online imediat ce vor avea ultima versiune corectat\u0103. Fiec\u0103rui manuscris \u00eei va fi desemnat un DOI \u0219i va fi disponibil pentru citare chiar \u00eenainte de a fi inclus \u00eentr-unul din numerele revistei. Articolele Online first vor avea dat\u0103 proprie de publicare online (luna \u00een care a fost postat pe website). Dup\u0103 ce un manuscris va fi inclus \u00een cuprinsul unui num\u0103r regulat al JSSP, acesta va avea informa\u021bii referitoare la volum, num\u0103r \u0219i pagina\u021bie. Articolele publicate \u00een regim Online first reprezint\u0103 varianta final\u0103 care va fi echivalent\u0103 \u0219i \u00een varianta printat\u0103. Astfel, autorii sunt ruga\u021bi s\u0103-\u0219i preg\u0103teasc\u0103 manuscrisele cu aten\u021bie deoarece nici o corec\u021bie legat\u0103 de con\u021binut nu va fi posibil\u0103 la varianta afi\u0219at\u0103 online.<\/p>\n\n\n\n<p><strong>Volume speciale<\/strong>. \u00cen plus fa\u021b\u0103 de cele dou\u0103 numere pe an, Journal of Settlements and Spatial Planning include Volume Speciale (suplimente), care sunt publicate doar la anumite date (de obicei prim\u0103vara \u0219i toamna). Informa\u021biile legate de volumele speciale vor fi postate online \u00een mod regulat. De obicei, acestea au editori invita\u021bi, iar articolele sunt concentrate asupra unor subiecte specifice relevante \u00een cercetarea fundamental\u0103 actual\u0103 \u0219i \u00een mediul socio-economic. Articolele pot reprezenta lucr\u0103ri ale conferin\u021belor \u0219i\/sau rezultate din cadrul proiectelor de cercetare. Fiecare dintre volumele speciale este anun\u021bat \u00een prelabil, iar autorii sunt \u00eencuraja\u021bi s\u0103 depun\u0103 lucr\u0103rile realizate \u00een acord cu mesajul editorilor invita\u021bi. La fel ca \u0219i \u00een cazul numerelor regulate, volumele speciale sunt indexate \u00een acelea\u0219i baze de date interna\u021bionale. Toate volumele speciale ale JSSP publicate p\u00e2n\u0103 \u00een prezent sunt disponibile online.<\/p>\n\n\n\n<p><strong>Detalii legate de redactarea lucr\u0103rilor \u015fi formatul acestora sunt disponibile \u00een cadrul sec\u0163iunii Ghid autori<\/strong>. V\u0103 rug\u0103m s\u0103 utiliza\u0163i acel format pentru a edita articolul dumneavoastr\u0103. Rezultatele recenz\u0103rii vor fi comunicate autorilor \u00een cel mult 4 s\u0103pt\u0103m\u00e2ni de la&nbsp; primirea articolelor. Din momentul accept\u0103rii lucr\u0103rii pentru publicare, aceasta va fi inclus\u0103 \u00een urm\u0103torul num\u0103r disponibil al revistei.<\/p>\n\n\n\n<p><strong>De ce s\u0103 publici \u00een JSSP?<\/strong>&nbsp;Pentru c\u0103 jurnalul are grad ridicat de specializare, pe cele dou\u0103 teme de baz\u0103, studiul a\u015fez\u0103rilor \u015fi amenajarea teritoriului. Cele dou\u0103 arii tematice majore ale revistei sunt de actualitate \u00een contextul tranzi\u0163iei, globaliz\u0103rii \u015fi al schimbului de valori \u00een societate. Pentru c\u0103 suntem noi \u00een domeniu, dornici s\u0103 devenim cunoscu\u0163i, s\u0103 cre\u0103m \u015fi s\u0103 \u00eembog\u0103\u0163im fondul de cercetare. Astfel, \u00eencuraj\u0103m tinerii \u015fi speciali\u015ftii recunoscu\u0163i s\u0103 trimit\u0103 lucr\u0103rile pentru a fi publicate \u00een&nbsp;<em>Journal of Settlements and Spatial Planning<\/em>.<br>&nbsp;&nbsp;<\/p>\n\n\n\n<p><strong>Procedura antiplagiat aplicat\u0103 pentru manuscrisele depuse pentru a fi luate \u00een considerare pentru publicare \u00een Journal of Settlements and Spatial Planning (JSSP).<\/strong>&nbsp;\u00cen conformitate cu Hot\u0103r\u00e2rea CA 82\/4.01.2022, anexele acesteia \u0219i Hot\u0103r\u00e2rea Senatului nr. 119\/23.09.2021, precum \u0219i prin Decizia CA UBB 15823\/14.11.2022, prezentul document descrie procedura prin care membrii grupului editorial al revistei Journal of Settlements and Spatial Planning efectueaz\u0103 o analiz\u0103 minu\u021bioas\u0103 a similitudinii manuscriselor trimise spre publicare. Aceast\u0103 procedur\u0103 stabile\u0219te \u0219i un set de reguli \u0219i termeni de utilizare pentru software-ul specializat de analiz\u0103 a textului pentru a preveni \u0219i a evita plagiatul.&nbsp;<a href=\"http:\/\/jssp.reviste.ubbcluj.ro\/doc\/Anti-Plagiarism%20procedure%20applied%20for%20the%20manuscripts%20JSSP.pdf\" target=\"_blank\" rel=\"noreferrer noopener\">Mai multe detalii aici.<\/a><\/p>\n\n\n\n<p>Pentru informa\u0163ii suplimentare nu ezita\u0163i s\u0103 ne contacta\u0163i.<strong>Grup editorial <\/strong><strong>Journal of Settlements and Spatial Planning<\/strong> ISSN-L: <strong>2069-3419<\/strong> ISSN (Print): <strong>2069-3419 <\/strong>ISSN (Online): <strong>2248-2199<\/strong> Freven\u0163a: <strong>bianual\u0103<\/strong> (iunie \u015fi decembrie) E-mail: <a href=\"http:\/\/us.mc1136.mail.yahoo.com\/mc\/compose?to=jssp_ubbcluj@yahoo.com\" target=\"_blank\" rel=\"noreferrer noopener\">jssp_ubbcluj@yahoo.com<\/a> sau <a href=\"mailto:jssp.ubbcluj@gmail.com\">jssp.ubbcluj@gmail.com<\/a><\/p>\n","protected":false},"excerpt":{"rendered":"<p>Journal of Settlements and Spatial Planning\u00a0se adreseaz\u0103 cu prec\u0103dere geografilor, tinerilor cercet\u0103tori \u015fi altor speciali\u015fti \u00een domenii de cercetare adiacente care \u00ee\u015fi \u00eendreapt\u0103 aten\u0163ia asupra problemelor legate de studiul a\u015fez\u0103rilor \u015fi planificarea teritoriului.\u00a0Mai mult, \u00eencurajeaz\u0103 reprezentan\u0163ii administra\u0163iilor publice, care sunt responsabili cu implementarea practic\u0103 a proiectelor de amenajare a teritoriului, s\u0103-\u015fi aduc\u0103 contribu\u0163ia \u00een domeniul &hellip; <\/p>\n<p class=\"link-more\"><a href=\"https:\/\/geografie.ubbcluj.ro\/pages\/jssp\/?page_id=26&#038;lang=ro\" class=\"more-link\">Read the full post &rarr;<span class=\"screen-reader-text\">&#8220;Apel lucr\u0103ri&#8221;<\/span><\/a><\/p>\n","protected":false},"author":1,"featured_media":0,"parent":0,"menu_order":0,"comment_status":"closed","ping_status":"closed","template":"","meta":{"footnotes":""},"_links":{"self":[{"href":"https:\/\/geografie.ubbcluj.ro\/pages\/jssp\/index.php?rest_route=\/wp\/v2\/pages\/26"}],"collection":[{"href":"https:\/\/geografie.ubbcluj.ro\/pages\/jssp\/index.php?rest_route=\/wp\/v2\/pages"}],"about":[{"href":"https:\/\/geografie.ubbcluj.ro\/pages\/jssp\/index.php?rest_route=\/wp\/v2\/types\/page"}],"author":[{"embeddable":true,"href":"https:\/\/geografie.ubbcluj.ro\/pages\/jssp\/index.php?rest_route=\/wp\/v2\/users\/1"}],"replies":[{"embeddable":true,"href":"https:\/\/geografie.ubbcluj.ro\/pages\/jssp\/index.php?rest_route=%2Fwp%2Fv2%2Fcomments&post=26"}],"version-history":[{"count":1,"href":"https:\/\/geografie.ubbcluj.ro\/pages\/jssp\/index.php?rest_route=\/wp\/v2\/pages\/26\/revisions"}],"predecessor-version":[{"id":27,"href":"https:\/\/geografie.ubbcluj.ro\/pages\/jssp\/index.php?rest_route=\/wp\/v2\/pages\/26\/revisions\/27"}],"wp:attachment":[{"href":"https:\/\/geografie.ubbcluj.ro\/pages\/jssp\/index.php?rest_route=%2Fwp%2Fv2%2Fmedia&parent=26"}],"curies":[{"name":"wp","href":"https:\/\/api.w.org\/{rel}","templated":true}]}}