{"id":22,"date":"2023-10-26T06:10:27","date_gmt":"2023-10-26T06:10:27","guid":{"rendered":"https:\/\/geografie.ubbcluj.ro\/pages\/jssp\/?page_id=22"},"modified":"2023-10-26T06:10:27","modified_gmt":"2023-10-26T06:10:27","slug":"vizibilitate-si-acesibilitate","status":"publish","type":"page","link":"https:\/\/geografie.ubbcluj.ro\/pages\/jssp\/?page_id=22&lang=ro","title":{"rendered":"Vizibilitate \u0219i acesibilitate"},"content":{"rendered":"\n<p><strong>Journal of Settlements and Spatial Planning<\/strong>&nbsp;(JSSP) este o revist\u0103 bianual\u0103, recenzat\u0103, editat\u0103 de c\u0103tre Centrul de Cercetare a A\u015fez\u0103rilor \u015fi Urbanism, Facultatea de Geografie, Universitatea Babe\u015f-Bolyai, Cluj-Napoca, ROM\u00c2NIA.&nbsp;<\/p>\n\n\n\n<p>Cu scopul de a asigura un grad ridicat de vizibilitate revistei noastre, precum \u015fi pentru a cre\u015fte&nbsp;nivelul de diseminare a informa\u0163iei \u00een domeniul de specialitate, revista este \u00een \u00eentregime editat\u0103 \u00een limba englez\u0103 \u015fi poate fi accesat\u0103 online gratuit. Cititorii interesa\u0163i au acces liber la textul integral al articolelor incluse at\u00e2t \u00een num\u0103rul curent c\u00e2t \u015fi \u00een numerele anterioare ale revistei prin intermediul site-ului nostru, la sec\u0163iunea&nbsp;<a href=\"http:\/\/jssp.reviste.ubbcluj.ro\/arhiva.html\">Arhiv\u0103<\/a>.<\/p>\n\n\n\n<p>Cu fiecare \u015fans\u0103 pe care o avem, dezvolt\u0103m parteneriate cu alte reviste \u015ftiin\u0163ifice editate de reprezentan\u0163i ale unor binecunoscute universit\u0103\u0163i din \u00eentreaga lume, prin care revista noastr\u0103 (\u00een versiune tip\u0103rit\u0103) este inclus\u0103 \u00een bibliotecile acestora. \u00cen prezent parteneriatele de schimb reciproc sunt reprezentate de revista&nbsp;<a href=\"http:\/\/bib.cervantesvirtual.com\/portal\/IIGG\/\">Investigaciones Geograficas<\/a>, editat\u0103 \u00een limba spaniol\u0103 de Universitatea din Alicante, Spania \u015fi Indian Journal of Landscape Systems and Ecological Studies, editat\u0103 \u00een limba englez\u0103 de Institutul Landscape, Ecology &amp; Ekistics, Calcutta, India. Volumele acestora pot fi consultate de to\u0163i cititorii interesa\u0163i la biblioteca Centrului de Cercetare a A\u015fez\u0103rilor \u015fi Urbanism, Facultatea de Geografie, cabinet 72.<\/p>\n\n\n\n<p>Prin cercetare de calitate fiecare autor ajut\u0103 la recunoa\u015fterea numelui \u015ftiin\u0163ific al revistei noastre. A\u015fadar, impreun\u0103 sper\u0103m s\u0103 devenim cel pu\u0163in cei mai buni. Grupul editorial lucreaz\u0103 pentru o viitoare indexare \u00een bazele de date \u015ftiin\u0163ifice na\u0163ionale \u015fi interna\u0163ionale.<\/p>\n\n\n\n<p>Revista noastr\u0103 este indexat\u0103 \u00een urm\u0103toarele baze de date interna\u0163ionale \u0219i cataloage online:<\/p>\n","protected":false},"excerpt":{"rendered":"<p>Journal of Settlements and Spatial Planning&nbsp;(JSSP) este o revist\u0103 bianual\u0103, recenzat\u0103, editat\u0103 de c\u0103tre Centrul de Cercetare a A\u015fez\u0103rilor \u015fi Urbanism, Facultatea de Geografie, Universitatea Babe\u015f-Bolyai, Cluj-Napoca, ROM\u00c2NIA.&nbsp; Cu scopul de a asigura un grad ridicat de vizibilitate revistei noastre, precum \u015fi pentru a cre\u015fte&nbsp;nivelul de diseminare a informa\u0163iei \u00een domeniul de specialitate, revista este &hellip; <\/p>\n<p class=\"link-more\"><a href=\"https:\/\/geografie.ubbcluj.ro\/pages\/jssp\/?page_id=22&#038;lang=ro\" class=\"more-link\">Read the full post &rarr;<span class=\"screen-reader-text\">&#8220;Vizibilitate \u0219i acesibilitate&#8221;<\/span><\/a><\/p>\n","protected":false},"author":1,"featured_media":0,"parent":0,"menu_order":0,"comment_status":"closed","ping_status":"closed","template":"","meta":{"footnotes":""},"_links":{"self":[{"href":"https:\/\/geografie.ubbcluj.ro\/pages\/jssp\/index.php?rest_route=\/wp\/v2\/pages\/22"}],"collection":[{"href":"https:\/\/geografie.ubbcluj.ro\/pages\/jssp\/index.php?rest_route=\/wp\/v2\/pages"}],"about":[{"href":"https:\/\/geografie.ubbcluj.ro\/pages\/jssp\/index.php?rest_route=\/wp\/v2\/types\/page"}],"author":[{"embeddable":true,"href":"https:\/\/geografie.ubbcluj.ro\/pages\/jssp\/index.php?rest_route=\/wp\/v2\/users\/1"}],"replies":[{"embeddable":true,"href":"https:\/\/geografie.ubbcluj.ro\/pages\/jssp\/index.php?rest_route=%2Fwp%2Fv2%2Fcomments&post=22"}],"version-history":[{"count":1,"href":"https:\/\/geografie.ubbcluj.ro\/pages\/jssp\/index.php?rest_route=\/wp\/v2\/pages\/22\/revisions"}],"predecessor-version":[{"id":23,"href":"https:\/\/geografie.ubbcluj.ro\/pages\/jssp\/index.php?rest_route=\/wp\/v2\/pages\/22\/revisions\/23"}],"wp:attachment":[{"href":"https:\/\/geografie.ubbcluj.ro\/pages\/jssp\/index.php?rest_route=%2Fwp%2Fv2%2Fmedia&parent=22"}],"curies":[{"name":"wp","href":"https:\/\/api.w.org\/{rel}","templated":true}]}}