{"id":15,"date":"2023-10-26T06:02:52","date_gmt":"2023-10-26T06:02:52","guid":{"rendered":"https:\/\/geografie.ubbcluj.ro\/pages\/jssp\/?page_id=15"},"modified":"2023-10-26T06:55:35","modified_gmt":"2023-10-26T06:55:35","slug":"grup-editorial-jssp","status":"publish","type":"page","link":"https:\/\/geografie.ubbcluj.ro\/pages\/jssp\/?page_id=15&lang=ro","title":{"rendered":"Grup editorial"},"content":{"rendered":"\n<p><\/p>\n\n\n<div align=\"center\">\n<p class=\"style5\" style=\"text-align: center;\"><strong>EDITOR \u015eEF: <\/strong><\/p>\n<p class=\"style5\" style=\"text-align: center;\"><strong>Dr. Vasile ZOTIC <\/strong><\/p>\n<p class=\"style5\" style=\"text-align: center;\">Universitatea Babe\u015f-Bolyai, Facultatea de Geografie, CCAU, Cluj-Napoca, ROM\u00c2NIA<\/p>\n<hr \/>\n<p class=\"style5\"><strong> EDITOR EXECUTIV: <\/strong><\/p>\n<p class=\"style5\"><strong> Dr. Diana-Elena ALEXANDRU<\/strong><\/p>\n<p class=\"style5\">Universitatea Babe\u015f-Bolyai, Facultatea de Geografie, CCAU, Cluj-Napoca, ROM\u00c2NIA<\/p>\n<p class=\"style5\"><strong> Dr. Istvan EGRESI<\/strong><\/p>\n<p class=\"style5\">Universitatea Babe\u015f-Bolyai, Facultatea de Geografie, CCAU, Cluj-Napoca, ROM\u00c2NIA<\/p>\n<p class=\"style5\"><strong> Prof. dr. hab. Adina Eliza CROITORU <\/strong><\/p>\n<p class=\"style5\">Universitatea Babe\u015f-Bolyai, Facultatea de Geografie, CCAU, Cluj-Napoca, ROM\u00c2NIA<\/p>\n<hr \/><\/div>\n<div align=\"center\">\u00a0<\/div>\n<p class=\"style5\"><strong> COMITET \u015eTIIN\u0162IFIC: <\/strong><\/p>\n<p class=\"style5\"><strong>Prof. dr. Carmen DELGADO VI\u00d1AS <\/strong>Universitatea din Cantabria, Departamentul de Geografie, Urbanism \u0219i Planificare Regional\u0103, Santander, SPANIA<\/p>\n<p class=\"style5\"><strong>Prof. dr. Mar\u00eda-Luisa G\u00d3MEZ MORENO <\/strong>Universitatea din M\u00e1laga, Facultatea de Filosofie \u0219i Litere, Departamentul de Geografie, M\u00e1laga, SPANIA<\/p>\n<p class=\"style5\"><strong>Prof. dr. hab. Miros\u0142awa CZERNY <\/strong>Universitatea din Var\u0219ovia, Facultatea de Geografie \u0219i Studii Regionale, Var\u0219ovia, POLONIA<\/p>\n<p class=\"style5\"><strong>Prof. dr. Anthony J. DZIK <\/strong><span class=\"style47\">Shawnee State University, Departmentul de \u0218tiin\u021be Sociale, Portsmouth, Ohio, SUA<\/span><\/p>\n<p class=\"style5\"><strong>Prof. dr. Ekaterina ANTIPOVA <\/strong>Universitatea de Stat din Belarus, Facultatea de Geografie, Minsk, BELARUS<\/p>\n<p class=\"style5\"><strong>Prof. dr. Remus CRE\u021aAN <\/strong>Universitatea de Vest, Facultatea de Chimie, Biologie, Geografie, Departamentul de Geografie, Timi\u0219oara, ROM\u00c2NIA<\/p>\n<p class=\"style5\"><strong>Prof. dr. hab. \u0218tefan DEZSI <\/strong>Universitatea Babe\u015f-Bolyai, Facultatea de Geografie, CCAU, Cluj-Napoca, ROM\u00c2NIA<\/p>\n<p class=\"style5\"><strong>Dr. Christian FERTNER<\/strong> Universitatea din Copenhaga, Institutul de Geo\u0219tiin\u021be \u0219i Managementul Resurselor Naturale, Copenhaga, DANEMARCA<\/p>\n<p class=\"style5\"><strong>Dr. Muhammad Tauhidur RAHMAN <\/strong>Universitatea &#8220;King Fahd&#8221; de Petrol \u0219i Minerale, Dhahran, REGATUL ARABIEI SAUDITE<\/p>\n<p class=\"style5\"><strong>Dr. Joseph SWAIN <\/strong>Universitatea Tehnic\u0103 din Arkansas, Colegiul de Art\u0103 \u0219i \u0218tiin\u021be Umaniste, Departamentul de Istorie \u0219i \u0218tiin\u021be Politice, Russellville, Arkansas, USA<\/p>\n<p class=\"style5\"><strong>Dr. Titus MAN<\/strong> Universitatea Babe\u015f-Bolyai, Facultatea de Geografie, Cluj-Napoca, ROM\u00c2NIA<\/p>\n<p class=\"style5\"><strong>Dr. Nagi SFEIR<\/strong> Universitatea din Grenoble, Institutul de Urbanism, PACTE, Grenoble, FRAN\u021aA<\/p>\n<p class=\"style5\"><strong>Dr. Bela BORSOS<\/strong> Universitatea din P\u00e9cs, Facultatea de \u0218tiin\u021be, Institutul de Geografie, P\u00e9cs, UNGARIA<\/p>\n<p class=\"style5\"><strong>Dr. Artur HO\u0141UJ<\/strong> Universitatea de Economie din Cracovia, Facultatea de Finan\u021be, Departamentul de Economie Regional\u0103, Cracovia, POLONIA<\/p>\n<p class=\"style5\"><strong>Dr. Plamen PATARCHANOV <\/strong>&#8220;St. Kliment Ohridshi&#8221; University, Faculty of Geology and Geography, Sofia, BULGARIA<\/p>\n<p class=\"style5\"><strong>Dr. Fahriye Hilal HALICIOGLU<\/strong> Universitatea Dokuz Eylul, Faculty of Arhitectur\u0103, Departamentul de Arhitectur\u0103, Izmir, TURCIA<\/p>\n<p class=\"style5\"><strong>Dr. Tania MIH\u0102IESCU<\/strong> Universitatea de \u0218tiin\u021be Agricole \u0219i Medicin\u0103 Veterinar\u0103, Facultatea de Agronomie, Departamentul de Ingineria \u0219i Protec\u021bia Mediului, Cluj-Napoca, ROM\u00c2NIA<\/p>\n\n\n<p><\/p>\n","protected":false},"excerpt":{"rendered":"<p>EDITOR \u015eEF: Dr. Vasile ZOTIC Universitatea Babe\u015f-Bolyai, Facultatea de Geografie, CCAU, Cluj-Napoca, ROM\u00c2NIA EDITOR EXECUTIV: Dr. Diana-Elena ALEXANDRU Universitatea Babe\u015f-Bolyai, Facultatea de Geografie, CCAU, Cluj-Napoca, ROM\u00c2NIA Dr. Istvan EGRESI Universitatea Babe\u015f-Bolyai, Facultatea de Geografie, CCAU, Cluj-Napoca, ROM\u00c2NIA Prof. dr. hab. Adina Eliza CROITORU Universitatea Babe\u015f-Bolyai, Facultatea de Geografie, CCAU, Cluj-Napoca, ROM\u00c2NIA \u00a0 COMITET \u015eTIIN\u0162IFIC: Prof. &hellip; <\/p>\n<p class=\"link-more\"><a href=\"https:\/\/geografie.ubbcluj.ro\/pages\/jssp\/?page_id=15&#038;lang=ro\" class=\"more-link\">Read the full post &rarr;<span class=\"screen-reader-text\">&#8220;Grup editorial&#8221;<\/span><\/a><\/p>\n","protected":false},"author":1,"featured_media":0,"parent":0,"menu_order":0,"comment_status":"closed","ping_status":"closed","template":"","meta":{"footnotes":""},"_links":{"self":[{"href":"https:\/\/geografie.ubbcluj.ro\/pages\/jssp\/index.php?rest_route=\/wp\/v2\/pages\/15"}],"collection":[{"href":"https:\/\/geografie.ubbcluj.ro\/pages\/jssp\/index.php?rest_route=\/wp\/v2\/pages"}],"about":[{"href":"https:\/\/geografie.ubbcluj.ro\/pages\/jssp\/index.php?rest_route=\/wp\/v2\/types\/page"}],"author":[{"embeddable":true,"href":"https:\/\/geografie.ubbcluj.ro\/pages\/jssp\/index.php?rest_route=\/wp\/v2\/users\/1"}],"replies":[{"embeddable":true,"href":"https:\/\/geografie.ubbcluj.ro\/pages\/jssp\/index.php?rest_route=%2Fwp%2Fv2%2Fcomments&post=15"}],"version-history":[{"count":6,"href":"https:\/\/geografie.ubbcluj.ro\/pages\/jssp\/index.php?rest_route=\/wp\/v2\/pages\/15\/revisions"}],"predecessor-version":[{"id":98,"href":"https:\/\/geografie.ubbcluj.ro\/pages\/jssp\/index.php?rest_route=\/wp\/v2\/pages\/15\/revisions\/98"}],"wp:attachment":[{"href":"https:\/\/geografie.ubbcluj.ro\/pages\/jssp\/index.php?rest_route=%2Fwp%2Fv2%2Fmedia&parent=15"}],"curies":[{"name":"wp","href":"https:\/\/api.w.org\/{rel}","templated":true}]}}