{"id":13,"date":"2023-10-26T06:01:10","date_gmt":"2023-10-26T06:01:10","guid":{"rendered":"https:\/\/geografie.ubbcluj.ro\/pages\/jssp\/?page_id=13"},"modified":"2023-10-26T06:01:10","modified_gmt":"2023-10-26T06:01:10","slug":"despre-jssp","status":"publish","type":"page","link":"https:\/\/geografie.ubbcluj.ro\/pages\/jssp\/?page_id=13&lang=ro","title":{"rendered":"Despre JSSP"},"content":{"rendered":"\n<p>\u00centr-o lume \u00een care goana spre ora\u015f pare a fi nest\u0103vilit\u0103, c\u00e2nd verdele natural este substituit brutal \u015fi adesea iresponsabil de c\u0103tre alc\u0103tuiri sumbre din beton \u015fi asfalt, c\u0103utarea unor alternative spre mult r\u00e2vnitul echilibru teritorial, este o sarcin\u0103 pe c\u00e2t de responsabil\u0103, pe at\u00e2t de necesar\u0103 \u00een abordarea viitorului emergent al omenirii.<\/p>\n\n\n\n<p><em>Journal of Settlements and Spatial Planning<\/em>&nbsp;\u00ee\u015fi propune a g\u0103si formele potrivite de r\u0103spuns \u015ftiin\u0163ific autorizat la aceast\u0103 general\u0103 \u015fi particular\u0103 provocare. Revista reprezint\u0103 un ambient \u015fi un suport potrivit de exprimare a vocii cercet\u0103rii colaborative a unei palete largi de speciali\u015fti din domeniul geografiei, urbanismului, \u015ftiin\u0163elor agro-silvice, sociale, economice etc.<br>Revista este editat\u0103 sub egida Centrului de Cercetare a A\u015fez\u0103rilor \u015fi Urbanism, Facultatea de Geografie, cu apari\u0163ie bianual\u0103, \u00een limba englez\u0103.<\/p>\n\n\n\n<p>Ariile tematice de interes care se doresc a fi abordate \u00een revist\u0103 sunt:<\/p>\n\n\n\n<p><strong>A\u015fez\u0103ri umane<\/strong><\/p>\n\n\n\n<ul>\n<li>abord\u0103ri teoretice \u015fi metodologice \u00een analiza a\u015fez\u0103rilor umane<\/li>\n\n\n\n<li>localizare \u015fi distribu\u0163ie spa\u0163ial\u0103<\/li>\n\n\n\n<li>identitatea \u015fi tipologia a\u015fez\u0103rilor<\/li>\n\n\n\n<li>arhitectur\u0103 \u015fi design<\/li>\n\n\n\n<li>structura intern\u0103 \u015fi zonarea func\u0163ional\u0103&nbsp;<\/li>\n\n\n\n<li>infrastructura tehnic\u0103<\/li>\n\n\n\n<li>transportul public \u015fi circula\u0163ia urban\u0103<\/li>\n\n\n\n<li>economie urban\u0103 \u015fi rural\u0103<\/li>\n\n\n\n<li>peisajul urban \u015fi rural<\/li>\n\n\n\n<li>zone de polarizare, sisteme de a\u015fez\u0103ri<\/li>\n\n\n\n<li>politici de dezvoltare urban\u0103 \u015fi rural\u0103<\/li>\n\n\n\n<li>modele de dezvoltare pentru viitor<\/li>\n<\/ul>\n\n\n\n<p><strong>Planificare \u015fi amenajare teritorial\u0103<\/strong><\/p>\n\n\n\n<ul>\n<li>probleme curente \u015fi tendin\u0163e \u00een planificarea teritorial\u0103 \u015fi design urban\/proiectare urban\u0103<\/li>\n\n\n\n<li>teorii \u015fi modele pentru dezvoltare durabil\u0103<\/li>\n\n\n\n<li>evaluarea demografic\u0103 \u015fi socio-economic\u0103 a teritoriului<\/li>\n\n\n\n<li>planificarea infrastructurii tehnice<\/li>\n\n\n\n<li>resure naturale \u2013 evaluare, utilizare \u015fi impact<\/li>\n\n\n\n<li>riscul geografic \u00een planificarea teritoriului<\/li>\n\n\n\n<li>evaluare environmental\u0103<\/li>\n\n\n\n<li>planificare peisagistic\u0103.<\/li>\n\n\n\n<li>agricultur\u0103, silvicultur\u0103, utilizare alternativ\u0103 a terenurilor, zone miniere<\/li>\n\n\n\n<li>planificare turistic\u0103<\/li>\n\n\n\n<li>aplica\u0163ii GIS \u00een planificarea teritoriului<\/li>\n\n\n\n<li>sursele alternative de energie \u015fi dezvoltarea teritorial\u0103<\/li>\n<\/ul>\n","protected":false},"excerpt":{"rendered":"<p>\u00centr-o lume \u00een care goana spre ora\u015f pare a fi nest\u0103vilit\u0103, c\u00e2nd verdele natural este substituit brutal \u015fi adesea iresponsabil de c\u0103tre alc\u0103tuiri sumbre din beton \u015fi asfalt, c\u0103utarea unor alternative spre mult r\u00e2vnitul echilibru teritorial, este o sarcin\u0103 pe c\u00e2t de responsabil\u0103, pe at\u00e2t de necesar\u0103 \u00een abordarea viitorului emergent al omenirii. Journal of &hellip; <\/p>\n<p class=\"link-more\"><a href=\"https:\/\/geografie.ubbcluj.ro\/pages\/jssp\/?page_id=13&#038;lang=ro\" class=\"more-link\">Read the full post &rarr;<span class=\"screen-reader-text\">&#8220;Despre JSSP&#8221;<\/span><\/a><\/p>\n","protected":false},"author":1,"featured_media":0,"parent":0,"menu_order":0,"comment_status":"closed","ping_status":"closed","template":"","meta":{"footnotes":""},"_links":{"self":[{"href":"https:\/\/geografie.ubbcluj.ro\/pages\/jssp\/index.php?rest_route=\/wp\/v2\/pages\/13"}],"collection":[{"href":"https:\/\/geografie.ubbcluj.ro\/pages\/jssp\/index.php?rest_route=\/wp\/v2\/pages"}],"about":[{"href":"https:\/\/geografie.ubbcluj.ro\/pages\/jssp\/index.php?rest_route=\/wp\/v2\/types\/page"}],"author":[{"embeddable":true,"href":"https:\/\/geografie.ubbcluj.ro\/pages\/jssp\/index.php?rest_route=\/wp\/v2\/users\/1"}],"replies":[{"embeddable":true,"href":"https:\/\/geografie.ubbcluj.ro\/pages\/jssp\/index.php?rest_route=%2Fwp%2Fv2%2Fcomments&post=13"}],"version-history":[{"count":1,"href":"https:\/\/geografie.ubbcluj.ro\/pages\/jssp\/index.php?rest_route=\/wp\/v2\/pages\/13\/revisions"}],"predecessor-version":[{"id":14,"href":"https:\/\/geografie.ubbcluj.ro\/pages\/jssp\/index.php?rest_route=\/wp\/v2\/pages\/13\/revisions\/14"}],"wp:attachment":[{"href":"https:\/\/geografie.ubbcluj.ro\/pages\/jssp\/index.php?rest_route=%2Fwp%2Fv2%2Fmedia&parent=13"}],"curies":[{"name":"wp","href":"https:\/\/api.w.org\/{rel}","templated":true}]}}