{"id":23,"date":"2013-03-14T12:42:13","date_gmt":"2013-03-14T09:42:13","guid":{"rendered":"http:\/\/geografie.ubbcluj.ro\/pages\/erasmus\/?page_id=23"},"modified":"2023-05-18T01:55:02","modified_gmt":"2023-05-17T22:55:02","slug":"legaturi-utile","status":"publish","type":"page","link":"https:\/\/geografie.ubbcluj.ro\/pages\/erasmus\/?page_id=23","title":{"rendered":"Leg\u0103turi utile"},"content":{"rendered":"\n<p style=\"text-align:left\" class=\"has-normal-font-size\"><a href=\"https:\/\/www.erasmusplus.ro\/\">Agen\u021bia Na\u021bional\u0103 pentru Programe Comunitare \u00een Domeniul Educa\u021biei \u0219i Form\u0103rii Profesionale &#8211; Programul Erasmus+<\/a><br><br><a href=\"https:\/\/erasmus-plus.ec.europa.eu\/ro\/resources-and-tools\/erasmus-student-charter-0\">Carta studentului Erasmus<\/a><br><br><a href=\"https:\/\/cci.ubbcluj.ro\/erasmus\/\">Centrul de Cooper\u0103ri Interna\u0163ionale al Universit\u0103\u0163ii Babe\u015f-Bolyai &#8211; Programul Erasmus+<\/a><br><br><a href=\"https:\/\/www.esn.org\/\">Erasmus Student Network<\/a><br><br><a href=\"https:\/\/www.esn.ro\/\">Erasmus Student Network, Romania<\/a><br><br><a href=\"https:\/\/erasmus-plus.ec.europa.eu\/\">European Commission &#8211; Erasmus+<\/a><br><br><a href=\"https:\/\/europe-internship.com\/\">Internships and placements in Europe<\/a><\/p>\n","protected":false},"excerpt":{"rendered":"<p>Agen\u021bia Na\u021bional\u0103 pentru Programe Comunitare \u00een Domeniul Educa\u021biei \u0219i Form\u0103rii Profesionale &#8211; Programul Erasmus+ Carta studentului Erasmus Centrul de Cooper\u0103ri Interna\u0163ionale al Universit\u0103\u0163ii Babe\u015f-Bolyai &#8211; Programul Erasmus+ Erasmus Student Network Erasmus Student Network, Romania European Commission &#8211; Erasmus+ Internships and &hellip;<\/p>\n","protected":false},"author":3,"featured_media":0,"parent":0,"menu_order":0,"comment_status":"closed","ping_status":"closed","template":"","meta":{"footnotes":""},"class_list":["post-23","page","type-page","status-publish","hentry"],"_links":{"self":[{"href":"https:\/\/geografie.ubbcluj.ro\/pages\/erasmus\/index.php?rest_route=\/wp\/v2\/pages\/23","targetHints":{"allow":["GET"]}}],"collection":[{"href":"https:\/\/geografie.ubbcluj.ro\/pages\/erasmus\/index.php?rest_route=\/wp\/v2\/pages"}],"about":[{"href":"https:\/\/geografie.ubbcluj.ro\/pages\/erasmus\/index.php?rest_route=\/wp\/v2\/types\/page"}],"author":[{"embeddable":true,"href":"https:\/\/geografie.ubbcluj.ro\/pages\/erasmus\/index.php?rest_route=\/wp\/v2\/users\/3"}],"replies":[{"embeddable":true,"href":"https:\/\/geografie.ubbcluj.ro\/pages\/erasmus\/index.php?rest_route=%2Fwp%2Fv2%2Fcomments&post=23"}],"version-history":[{"count":22,"href":"https:\/\/geografie.ubbcluj.ro\/pages\/erasmus\/index.php?rest_route=\/wp\/v2\/pages\/23\/revisions"}],"predecessor-version":[{"id":785,"href":"https:\/\/geografie.ubbcluj.ro\/pages\/erasmus\/index.php?rest_route=\/wp\/v2\/pages\/23\/revisions\/785"}],"wp:attachment":[{"href":"https:\/\/geografie.ubbcluj.ro\/pages\/erasmus\/index.php?rest_route=%2Fwp%2Fv2%2Fmedia&parent=23"}],"curies":[{"name":"wp","href":"https:\/\/api.w.org\/{rel}","templated":true}]}}