{"id":15,"date":"2013-03-14T12:41:22","date_gmt":"2013-03-14T09:41:22","guid":{"rendered":"http:\/\/geografie.ubbcluj.ro\/pages\/erasmus\/?page_id=15"},"modified":"2025-11-06T16:54:37","modified_gmt":"2025-11-06T13:54:37","slug":"mobilitati-profesori","status":"publish","type":"page","link":"https:\/\/geografie.ubbcluj.ro\/pages\/erasmus\/?page_id=15","title":{"rendered":"Mobilit\u0103\u0163i de predare \u015fi training"},"content":{"rendered":"\n<div class=\"wp-block-cover is-light\"><img loading=\"lazy\" decoding=\"async\" width=\"1024\" height=\"725\" class=\"wp-block-cover__image-background wp-image-877\" alt=\"\" src=\"https:\/\/geografie.ubbcluj.ro\/pages\/erasmus\/wp-content\/uploads\/2023\/05\/Profesori.jpg\" data-object-fit=\"cover\" srcset=\"https:\/\/geografie.ubbcluj.ro\/pages\/erasmus\/wp-content\/uploads\/2023\/05\/Profesori.jpg 1024w, https:\/\/geografie.ubbcluj.ro\/pages\/erasmus\/wp-content\/uploads\/2023\/05\/Profesori-300x212.jpg 300w, https:\/\/geografie.ubbcluj.ro\/pages\/erasmus\/wp-content\/uploads\/2023\/05\/Profesori-768x544.jpg 768w, https:\/\/geografie.ubbcluj.ro\/pages\/erasmus\/wp-content\/uploads\/2023\/05\/Profesori-424x300.jpg 424w\" sizes=\"auto, (max-width: 1024px) 100vw, 1024px\" \/><span aria-hidden=\"true\" class=\"wp-block-cover__background has-background-dim\"><\/span><div class=\"wp-block-cover__inner-container is-layout-flow wp-block-cover-is-layout-flow\">\n<p class=\"has-text-align-center has-white-color has-text-color\" style=\"font-size:50px\"><strong>Mobilit\u0103\u0163i de predare \u015fi formare profesional\u0103<\/strong><\/p>\n<\/div><\/div>\n\n\n\n<div style=\"height:40px\" aria-hidden=\"true\" class=\"wp-block-spacer\"><\/div>\n\n\n\n<p class=\"has-text-align-justify has-normal-font-size\">Scopul acestor mobilit\u0103\u0163i const\u0103 \u00een formarea \u015fi perfec\u0163ionarea academic\u0103, \u00een cadrul universit\u0103\u0163ilor \u015fi \u00eentreprinderilor europene, a personalului didactic \u015fi nedidactic al Universit\u0103\u0163ii Babe\u015f-Bolyai. Peste 1500 de profesori de la UBB au beneficiat de mobilitate Erasmus, iar universitatea noastr\u0103 a fost vizitat\u0103 \u00een acela\u0219i scop de peste 300 de profesori str\u0103ini. Av\u00e2nd \u00een vedere faptul c\u0103 locurile sunt limitate, cadrele didactice vor fi selectate pentru participarea \u00een program de c\u0103tre o comisie stabilit\u0103 de decanatul facult\u0103\u0163ii. Condi\u0163ia esen\u0163ial\u0103 pentru acordarea oric\u0103rui grant o reprezint\u0103 respectarea unui plan de lucru convenit de c\u0103tre ambii parteneri, institu\u0163ia sau \u00eentreprinderea gazd\u0103 \u015fi cea de origine. Planul trebuie s\u0103 cuprind\u0103 cel pu\u0163in: programul, scopul \u015fi obiectivele generale \u015fi rezultatele a\u015fteptate \u00een materie de formare.<\/p>\n\n\n\n<div style=\"height:40px\" aria-hidden=\"true\" class=\"wp-block-spacer\"><\/div>\n\n\n\n<p class=\"has-text-align-justify has-accent-1-color has-text-color has-background\" style=\"background-color:#e9e9e9;font-size:18px\">Cadrele didactice care doresc s\u0103 efectueze mobilit\u0103\u0163i \u00een cadrul programului trebuie s\u0103-\u015fi exprime aceast\u0103 inten\u0163ie trimi\u0163\u00e2nd <strong>dosarul de candidatur\u0103<\/strong> conform calendarului stabilit pentru desf\u0103\u015furarea procesului de selec\u0163ie din anul universitar respectiv.<\/p>\n\n\n\n<div style=\"height:40px\" aria-hidden=\"true\" class=\"wp-block-spacer\"><\/div>\n\n\n\n<p class=\"has-text-align-center has-accent-1-color has-text-color\" style=\"font-size:18px\"><strong>Formalit\u0103\u0163ile ce trebuiesc \u00eendeplinite pentru efectuarea unei mobilit\u0103\u0163i Erasmus pot fi consultate pe website-ul<\/strong><br><strong> <\/strong><a href=\"https:\/\/cci.ubbcluj.ro\/erasmus\/outgoing-staff-training-mobility\/\"><strong>Centrului de Cooper\u0103ri Interna\u0163ionale<\/strong><\/a><strong>.<\/strong><\/p>\n\n\n\n<div style=\"height:40px\" aria-hidden=\"true\" class=\"wp-block-spacer\"><\/div>\n\n\n\n<p class=\"has-accent-1-color has-text-color\" style=\"font-size:30px\"><strong>Exist\u0103 dou\u0103 tipuri de mobilit\u0103\u0163i:<\/strong><\/p>\n\n\n\n<p class=\"has-text-align-justify has-accent-1-color has-very-light-gray-background-color has-text-color has-background\" style=\"font-size:18px\"><strong>Mobilitate pentru predare (Teaching Assignment)<\/strong><br>Cadrul didactic urmeaz\u0103 s\u0103 sus\u0163in\u0103 cursuri la universitatea de destina\u0163ie de comun acord cu partenerii europeni. Cuantumul orelor obligatorii este de cel pu\u0163in <strong>8 ore<\/strong> de cursuri sau seminare pe s\u0103pt\u0103m\u00e2n\u0103 la universitatea partener\u0103. Mobilitatea pentru predare constituie o oportunitate de dezvoltare a unor parteneriate pe termen lung \u00een ceea ce prive\u015fte dezvoltarea unor programe academice. \u00cen Universitatea Babe\u015f-Bolyai mobilit\u0103\u0163ile pentru predare sunt prioritare, num\u0103rul partenerilor institu\u0163ionali fiind superior celor pentru formare profesional\u0103.<\/p>\n\n\n\n<p class=\"has-text-align-justify has-accent-2-color has-very-light-gray-background-color has-text-color has-background\" style=\"font-size:18px\"><strong>Mobilitate pentru formare profesional\u0103 (Staff Training)<\/strong><br>Scopul este de a permite beneficiarilor s\u0103 \u00ee\u015fi perfec\u0163ioneze abilit\u0103\u0163ile practice cerute de domeniul \u00een care predau la universitatea gazd\u0103. Activit\u0103\u0163ile pot varia foarte mult de la seminare, ateliere, cursuri \u015fi conferin\u0163e, perioade de formare practic\u0103 etc.<\/p>\n\n\n\n<p style=\"font-size:18px\"><strong>Mobilitatea personalului administrativ \u015fi nedidactic din institu\u021bii de \u00eenv\u0103\u0163\u0103m\u00e2nt superior <\/strong>c\u0103tre o institu\u0163ie de \u00eenv\u0103\u0163\u0103m\u00e2nt superior partener\u0103 are ca scop \u00eenv\u0103\u0163area \u015fi transferul de bune practici de la institu\u0163ia partener\u0103 \u015fi \u00eembun\u0103t\u0103\u0163irea abilit\u0103\u0163ilor necesare pozi\u0163iei ocupate \u00een cadrul universit\u0103\u0163ii de origine, \u00een cadrul unei perioade de deta\u015fare scurte, a unei vizite de studiu etc.<\/p>\n\n\n\n<div style=\"height:40px\" aria-hidden=\"true\" class=\"wp-block-spacer\"><\/div>\n\n\n\n<p class=\"has-accent-1-color has-text-color\" style=\"font-size:30px\"><strong>Condi\u0163ii de participare<\/strong><\/p>\n\n\n\n<p class=\"has-text-align-justify has-normal-font-size\">Dosarul de candidatur\u0103 depus de c\u0103tre candidat pentru procesul de selec\u0163ie trebuie s\u0103 con\u0163in\u0103:<\/p>\n\n\n\n<p><strong>1. Curriculum Vitae<\/strong> actualizat, \u00een format Europass;<br><strong>2. Fi\u015fa candidatului<\/strong>, completat\u0103 integral, semnat\u0103 olograf \u015fi datat\u0103, cu denumirea oficial\u0103 a universit\u0103\u021bilor pentru care se candideaz\u0103 (pentru fiecare mobilitate solicitat\u0103 candidatul are obliga\u021bia de a depune o fi\u0219\u0103 de candidatur\u0103 distinct\u0103);<br><strong>3. Scrisoarea de motivare<\/strong>, care trebuie s\u0103 cuprind\u0103 justificarea tuturor solicit\u0103rilor exprimate la actuala rund\u0103 de selec\u0163ie;<br><strong>4. Declara\u0163ia de asumare a responsabilit\u0103\u0163ii contractuale<\/strong>.<\/p>\n\n\n\n<p>Candida\u021bilor li se recomand\u0103 acordarea unei aten\u021bii sporite complet\u0103rii fi\u0219ei de candidatur\u0103, at\u00e2t \u00een ceea ce prive\u0219te men\u021bionarea rezultatelor generate de mobilit\u0103\u021bile anterioare, c\u00e2t \u0219i a motiva\u021biei privind actuala candidatur\u0103.<\/p>\n\n\n\n<div style=\"height:40px\" aria-hidden=\"true\" class=\"wp-block-spacer\"><\/div>\n\n\n\n<p class=\"has-accent-1-color has-text-color\" style=\"font-size:30px\"><strong>Procesul de selec\u0163ie<\/strong><\/p>\n\n\n\n<p class=\"has-text-align-justify has-normal-font-size\">Criteriile pe care Comisia de selec\u021bie le va folosi pentru evaluarea dosarelor de candidatur\u0103:<\/p>\n\n\n\n<p class=\"has-accent-1-color has-text-color has-link-color wp-elements-f5aa36a1795553686797633f56b273b8\"> Pentru personalul didactic:<\/p>\n\n\n\n<ul class=\"wp-block-list has-normal-font-size\">\n<li>30% &#8211; prioritate pentru candidatul care nu a mai beneficiat de mobilitate Erasmus;<\/li>\n\n\n\n<li>20% &#8211; motivarea din fi\u0219a de candidatur\u0103;<\/li>\n\n\n\n<li>20% &#8211; rezultatele ob\u021binute \u0219i implementate din mobilit\u0103\u021bile Erasmus anterioare;<\/li>\n\n\n\n<li>20% &#8211; scrisoarea de motivare care sus\u021bine actuala candidatur\u0103;<\/li>\n\n\n\n<li>10% &#8211; alte criterii stabilitate la nivel de facultate.<\/li>\n<\/ul>\n\n\n\n<p class=\"has-accent-1-color has-text-color has-link-color wp-elements-4144e1663a9ae0c3742e0196850a12c7\">Pentru personalul administrativ \u0219i de cercetare:<\/p>\n\n\n\n<ul class=\"wp-block-list\">\n<li>calitatea \u015fi completitudinea dosarului de candidatur\u0103;<\/li>\n\n\n\n<li>motivarea mobilit\u0103\u021bii \u00een raport cu atribu\u021biile \u015fi obiectivele profesionale;<\/li>\n\n\n\n<li>competen\u021ba lingvistic\u0103, conform cerin\u021belor institu\u021biei gazd\u0103.<\/li>\n<\/ul>\n\n\n\n<div class=\"wp-block-buttons is-layout-flex wp-block-buttons-is-layout-flex\">\n<div class=\"wp-block-button\"><a class=\"wp-block-button__link has-accent-1-background-color has-background wp-element-button\" href=\"https:\/\/geografie.ubbcluj.ro\/pages\/erasmus\/?p=1008\"><strong>Selec\u0163ii pentru mobilit\u0103\u0163ile Erasmus+ din anul universitar 2025\/2026<\/strong><\/a><\/div>\n<\/div>\n","protected":false},"excerpt":{"rendered":"<p>Scopul acestor mobilit\u0103\u0163i const\u0103 \u00een formarea \u015fi perfec\u0163ionarea academic\u0103, \u00een cadrul universit\u0103\u0163ilor \u015fi \u00eentreprinderilor europene, a personalului didactic \u015fi nedidactic al Universit\u0103\u0163ii Babe\u015f-Bolyai. Peste 1500 de profesori de la UBB au beneficiat de mobilitate Erasmus, iar universitatea noastr\u0103 a fost &hellip;<\/p>\n","protected":false},"author":3,"featured_media":0,"parent":0,"menu_order":0,"comment_status":"closed","ping_status":"closed","template":"","meta":{"footnotes":""},"class_list":["post-15","page","type-page","status-publish","hentry"],"_links":{"self":[{"href":"https:\/\/geografie.ubbcluj.ro\/pages\/erasmus\/index.php?rest_route=\/wp\/v2\/pages\/15","targetHints":{"allow":["GET"]}}],"collection":[{"href":"https:\/\/geografie.ubbcluj.ro\/pages\/erasmus\/index.php?rest_route=\/wp\/v2\/pages"}],"about":[{"href":"https:\/\/geografie.ubbcluj.ro\/pages\/erasmus\/index.php?rest_route=\/wp\/v2\/types\/page"}],"author":[{"embeddable":true,"href":"https:\/\/geografie.ubbcluj.ro\/pages\/erasmus\/index.php?rest_route=\/wp\/v2\/users\/3"}],"replies":[{"embeddable":true,"href":"https:\/\/geografie.ubbcluj.ro\/pages\/erasmus\/index.php?rest_route=%2Fwp%2Fv2%2Fcomments&post=15"}],"version-history":[{"count":55,"href":"https:\/\/geografie.ubbcluj.ro\/pages\/erasmus\/index.php?rest_route=\/wp\/v2\/pages\/15\/revisions"}],"predecessor-version":[{"id":1818,"href":"https:\/\/geografie.ubbcluj.ro\/pages\/erasmus\/index.php?rest_route=\/wp\/v2\/pages\/15\/revisions\/1818"}],"wp:attachment":[{"href":"https:\/\/geografie.ubbcluj.ro\/pages\/erasmus\/index.php?rest_route=%2Fwp%2Fv2%2Fmedia&parent=15"}],"curies":[{"name":"wp","href":"https:\/\/api.w.org\/{rel}","templated":true}]}}