{"id":13,"date":"2013-03-14T12:41:09","date_gmt":"2013-03-14T09:41:09","guid":{"rendered":"http:\/\/geografie.ubbcluj.ro\/pages\/erasmus\/?page_id=13"},"modified":"2023-08-02T23:41:00","modified_gmt":"2023-08-02T20:41:00","slug":"mobilitati-practica","status":"publish","type":"page","link":"https:\/\/geografie.ubbcluj.ro\/pages\/erasmus\/?page_id=13","title":{"rendered":"Mobilit\u0103\u0163i pentru practic\u0103"},"content":{"rendered":"\n<div class=\"wp-block-cover\"><span aria-hidden=\"true\" class=\"wp-block-cover__background has-background-dim\"><\/span><img loading=\"lazy\" decoding=\"async\" width=\"1024\" height=\"725\" class=\"wp-block-cover__image-background wp-image-876\" alt=\"\" src=\"https:\/\/geografie.ubbcluj.ro\/pages\/erasmus\/wp-content\/uploads\/2023\/05\/Practica.jpg\" data-object-fit=\"cover\" srcset=\"https:\/\/geografie.ubbcluj.ro\/pages\/erasmus\/wp-content\/uploads\/2023\/05\/Practica.jpg 1024w, https:\/\/geografie.ubbcluj.ro\/pages\/erasmus\/wp-content\/uploads\/2023\/05\/Practica-300x212.jpg 300w, https:\/\/geografie.ubbcluj.ro\/pages\/erasmus\/wp-content\/uploads\/2023\/05\/Practica-768x544.jpg 768w, https:\/\/geografie.ubbcluj.ro\/pages\/erasmus\/wp-content\/uploads\/2023\/05\/Practica-424x300.jpg 424w\" sizes=\"auto, (max-width: 1024px) 100vw, 1024px\" \/><div class=\"wp-block-cover__inner-container is-layout-flow wp-block-cover-is-layout-flow\">\n<p class=\"has-text-align-center\" style=\"font-size:50px\"><strong>Preg\u0103tire profesional\u0103<\/strong><\/p>\n<\/div><\/div>\n\n\n\n<p class=\"has-text-align-center has-accent-1-color has-very-light-gray-background-color has-text-color has-background\" style=\"font-size:18px\"><strong>Bursa: aproximativ 700 Euro<\/strong><\/p>\n\n\n\n<p class=\"has-text-align-justify has-normal-font-size\"><strong>Practica \u00een laboratoare de cercetare, agen\u0163ii de dezvoltare, agen\u0163ii de turism sau alte \u00eentreprinderi de specialitate din Europa \u015fi de pe alte continente, recunoscut\u0103 ca practic\u0103 de var\u0103 sau practic\u0103 profesional\u0103<\/strong><\/p>\n\n\n\n<p class=\"has-text-align-justify has-normal-font-size\"><strong>Plasamentul<\/strong> este considerat o perioad\u0103 de practic\u0103 profesional\u0103 \u00eentr-o \u00eentreprindere sau organiza\u0163ie din alt\u0103 \u0163ar\u0103 participant\u0103 la program, av\u00e2nd ca scop formarea studen\u0163ilor \u00een vederea adapt\u0103rii lor la cerin\u0163ele pie\u0163ei de munc\u0103 prin dob\u00e2ndirea unor cuno\u015ftin\u0163e practice. Organiza\u0163iile gazd\u0103 pentru plasamentele studen\u0163e\u015fti pot fi \u00eentreprinderi, centre de formare, centre de cercetare \u015fi alte organiza\u0163ii din Uniunea European\u0103. Nu sunt eligibile pentru plasament <a href=\"https:\/\/european-union.europa.eu\/institutions-law-budget\/institutions-and-bodies\/institutions-and-bodies-profiles_en\">institu\u0163iile \u015fi agen\u0163iile Uniunii Europene<\/a>.<\/p>\n\n\n\n<div style=\"height:40px\" aria-hidden=\"true\" class=\"wp-block-spacer\"><\/div>\n\n\n\n<p class=\"has-text-align-center has-accent-1-color has-very-light-gray-background-color has-text-color has-background has-normal-font-size\"><strong>Dac\u0103 cuno\u015fti o astfel de companie care te-ar primi \u00eentr-un stagiu de practic\u0103, anun\u0163\u0103 coordonatorul t\u0103u Erasmus!<\/strong><\/p>\n\n\n\n<div style=\"height:40px\" aria-hidden=\"true\" class=\"wp-block-spacer\"><\/div>\n\n\n\n<p class=\"has-text-align-justify has-normal-font-size\">Facultatea de Geografie are \u00eencheiate acorduri de practic\u0103 cu <strong>hoteluri<\/strong> din Germania (Bad Sachsa), Austria (Innsbruck), Ungaria (Si\u00f3fok, P\u00e9cs) \u0219i Cipru (Nicosia, Protaras, Paphos). Cazarea \u015fi masa sunt asigurate de hoteluri.<\/p>\n\n\n\n<p class=\"has-text-align-justify has-normal-font-size\">Perioada petrecut\u0103 \u00een str\u0103in\u0103tate este recunoscut\u0103 \u015fi creditat\u0103 de c\u0103tre institu\u0163ia gazd\u0103. Durata mobilit\u0103\u0163ii este de <strong>2-10 luni<\/strong> \u015fi se desf\u0103\u015foar\u0103, de regul\u0103, pe perioada verii. Cuantumul lunar al bursei este de 700 euro. Preg\u0103tirea se desf\u0103\u015foar\u0103 dup\u0103 un program aprobat de institu\u0163iile partenere (<em>Training Agreement<\/em>). Studen\u021bii care doresc s\u0103 participe \u00een cadrul acestui program, vor trebui s\u0103-\u015fi depun\u0103 un dosar de candidatur\u0103 \u015fi s\u0103 participe la interviul pentru selec\u0163ie care are loc pe parcursul anului universitar \u00een care are loc mobilitatea.<\/p>\n\n\n\n<p class=\"has-text-align-justify has-normal-font-size\">Facultatea de Geografie \u00eencurajeaz\u0103 participarea studen\u0163ilor \u00een astfel de stagii de internship, fiind interesat\u0103 a \u00eencheia acorduri de colaborare cu \u00eentreprinderi europene.<\/p>\n\n\n\n<div style=\"height:40px\" aria-hidden=\"true\" class=\"wp-block-spacer\"><\/div>\n\n\n\n<p class=\"has-accent-1-color has-text-color\" style=\"font-size:30px\"><strong>Cine poate candida?<\/strong><\/p>\n\n\n\n<p class=\"has-text-align-justify has-very-light-gray-background-color has-background has-normal-font-size\">Orice student rom\u00e2n sau str\u0103in \u00eenmatriculat la Facultatea de Geografie din Cluj-Napoca sau din extensiile Sighetu Marma\u0163iei, Gheorgheni, Zal\u0103u \u015fi Bistri\u0163a, din anii I \u0219i II de la nivelul licen\u021b\u0103, I \u015fi II de la nivelul master \u015fi I, II sau III de la nivelul doctorat, care de\u0163ine abilit\u0103\u0163i de comunicare \u00een limbi de circula\u0163ie interna\u0163ional\u0103.<br><br>Orice student al Universit\u0103\u0163ii Babe\u015f-Bolyai care aplic\u0103 pentru domeniul Geografie.<\/p>\n\n\n\n<p class=\"has-text-align-center has-accent-1-color has-sitebg-background-color has-text-color has-background\" style=\"font-size:20px\"><strong>POT CANDIDA STUDEN\u0162I CARE AU MAI BENEFICIAT DE<\/strong> <strong>BURSE ERASMUS!<\/strong><\/p>\n\n\n\n<div style=\"height:40px\" aria-hidden=\"true\" class=\"wp-block-spacer\"><\/div>\n\n\n\n<p class=\"has-accent-1-color has-text-color\" style=\"font-size:30px\"><strong>Care sunt criteriile de selec\u0163ie?<\/strong><\/p>\n\n\n\n<ul class=\"wp-block-list\">\n<li>rezultate academice bune, demonstrate printr-o medie minim\u0103 de 6,50 pe anul anterior (semestrul anterior pentru aplican\u0163ii din anul I) sau prin performan\u0163e deosebite pe o anumit\u0103 direc\u0163ie de studiu sau cercetare \u015ftiin\u0163ific\u0103<\/li>\n\n\n\n<li>motiva\u0163ia mobilit\u0103\u0163ii \u015fi cunoa\u015fterea programului pentru care opteaz\u0103<\/li>\n\n\n\n<li>competen\u0163a lingvistic\u0103 \u00een limba \u0163\u0103rii de destina\u0163ie sau a unei limbi de circula\u0163ie interna\u0163ional\u0103<\/li>\n<\/ul>\n\n\n\n<div style=\"height:40px\" aria-hidden=\"true\" class=\"wp-block-spacer\"><\/div>\n\n\n\n<p class=\"has-accent-1-color has-text-color\" style=\"font-size:30px\"><strong>Ce documente sunt necesare pentru dosarul de selec\u0163ie?<\/strong><\/p>\n\n\n\n<ol class=\"wp-block-list\">\n<li>dosar<\/li>\n\n\n\n<li>fi\u015fa candidatului<\/li>\n\n\n\n<li>atestat de competen\u0163\u0103 lingvistic\u0103 \u00een limba de predare a programului ales, emise de centre de evaluare recunoscute (Alpha, DELF, Cambridge etc.)<\/li>\n\n\n\n<li>scrisoare de inten\u0163ie<\/li>\n\n\n\n<li>declara\u0163ie tip<\/li>\n\n\n\n<li>curriculum vitae<\/li>\n\n\n\n<li>adeverin\u0163\u0103 de la secretariat cu media ob\u021binut\u0103<\/li>\n<\/ol>\n\n\n\n<div style=\"height:40px\" aria-hidden=\"true\" class=\"wp-block-spacer\"><\/div>\n\n\n\n<p class=\"has-accent-1-color has-text-color\" style=\"font-size:30px\"><strong>Ce mai trebuie s\u0103 \u0219tiu?<\/strong><\/p>\n\n\n\n<ul class=\"wp-block-list\">\n<li>cuantumul bursei (700 euro\/lun\u0103) poate s\u0103 acopere total sau par\u0163ial cheltuielile de deplasare \u015fi de subzisten\u021b\u0103<\/li>\n\n\n\n<li>nu exist\u0103 fonduri separate alocate deplas\u0103rii la destina\u0163ie<\/li>\n\n\n\n<li>practica va fi recunoscut\u0103 \u0103i echivalat\u0103 conform calificativului primit<\/li>\n<\/ul>\n\n\n\n<div style=\"height:40px\" aria-hidden=\"true\" class=\"wp-block-spacer\"><\/div>\n\n\n\n<p class=\"has-accent-1-color has-text-color\" style=\"font-size:30px\"><strong>Dac\u0103 sunt selectat trebuie:<\/strong><\/p>\n\n\n\n<ul class=\"wp-block-list\">\n<li>s\u0103 ob\u021bin <strong>scrisoarea de accept<\/strong> sau <strong>invita\u0163ia de la institu\u0163ia partener\u0103<\/strong><\/li>\n\n\n\n<li>s\u0103 completez <strong>cererea pentru Dispozi\u021bia Rectorului<\/strong> semnat\u0103 de decanul facult\u0103\u0163ii \u015fi de coordonatorul Erasmus<\/li>\n\n\n\n<li>s\u0103 \u00eenchei un <strong>Training Agreement<\/strong> semnat de coordonatorul Erasmus<\/li>\n\n\n\n<li>s\u0103 satisfac toate cerin\u0163ele Centrului de Cooper\u0103ri Interna\u0163ionale a UBB: <strong>contract financiar<\/strong>, <strong>cont bancar \u00een euro la Banca Transilvania<\/strong>, <strong>document notarial pentru girarea fondurilor primite <\/strong>etc.<\/li>\n\n\n\n<li>s\u0103 \u00eenchei un <strong>angajament academic cu facultatea<\/strong> (s\u0103 men\u021bin leg\u0103tura cu responsabilii Erasmus pe durata mobilit\u0103\u0163ii, s\u0103 am o conduit\u0103 academic\u0103 pe timpul mobilit\u0103\u0163ii, s\u0103 comunic coordonatorului Erasmus \u00eencheierea stagiului \u015fi s\u0103 \u00eentocmesc un raport asupra mobilit\u0103\u0163ii, s\u0103 r\u0103m\u00e2n la dispozi\u0163ia facult\u0103\u0163ii pentru promovarea programului Erasmus prin promovare \u00een r\u00e2ndul studen\u0163ilor \u015fi pentru tutoriat pentru studen\u0163ii str\u0103ini)<\/li>\n<\/ul>\n\n\n\n<div style=\"height:40px\" aria-hidden=\"true\" class=\"wp-block-spacer\"><\/div>\n\n\n\n<p class=\"has-text-align-center has-accent-1-color has-text-color\" style=\"font-size:18px\"><strong>Pentru mai multe detalii despre documentele \u015fi termenele pentru mobilitatea de plasament, consulta\u0163i site-ul <a href=\"https:\/\/cci.ubbcluj.ro\/erasmus\/outgoing-placement-mobilities\/\">Centrului de Cooper\u0103ri Interna\u0163ionale<\/a>.<\/strong><\/p>\n","protected":false},"excerpt":{"rendered":"<p>Bursa: aproximativ 700 Euro Practica \u00een laboratoare de cercetare, agen\u0163ii de dezvoltare, agen\u0163ii de turism sau alte \u00eentreprinderi de specialitate din Europa \u015fi de pe alte continente, recunoscut\u0103 ca practic\u0103 de var\u0103 sau practic\u0103 profesional\u0103 Plasamentul este considerat o perioad\u0103 &hellip;<\/p>\n","protected":false},"author":3,"featured_media":0,"parent":9,"menu_order":0,"comment_status":"closed","ping_status":"closed","template":"","meta":{"footnotes":""},"class_list":["post-13","page","type-page","status-publish","hentry"],"_links":{"self":[{"href":"https:\/\/geografie.ubbcluj.ro\/pages\/erasmus\/index.php?rest_route=\/wp\/v2\/pages\/13","targetHints":{"allow":["GET"]}}],"collection":[{"href":"https:\/\/geografie.ubbcluj.ro\/pages\/erasmus\/index.php?rest_route=\/wp\/v2\/pages"}],"about":[{"href":"https:\/\/geografie.ubbcluj.ro\/pages\/erasmus\/index.php?rest_route=\/wp\/v2\/types\/page"}],"author":[{"embeddable":true,"href":"https:\/\/geografie.ubbcluj.ro\/pages\/erasmus\/index.php?rest_route=\/wp\/v2\/users\/3"}],"replies":[{"embeddable":true,"href":"https:\/\/geografie.ubbcluj.ro\/pages\/erasmus\/index.php?rest_route=%2Fwp%2Fv2%2Fcomments&post=13"}],"version-history":[{"count":41,"href":"https:\/\/geografie.ubbcluj.ro\/pages\/erasmus\/index.php?rest_route=\/wp\/v2\/pages\/13\/revisions"}],"predecessor-version":[{"id":1110,"href":"https:\/\/geografie.ubbcluj.ro\/pages\/erasmus\/index.php?rest_route=\/wp\/v2\/pages\/13\/revisions\/1110"}],"up":[{"embeddable":true,"href":"https:\/\/geografie.ubbcluj.ro\/pages\/erasmus\/index.php?rest_route=\/wp\/v2\/pages\/9"}],"wp:attachment":[{"href":"https:\/\/geografie.ubbcluj.ro\/pages\/erasmus\/index.php?rest_route=%2Fwp%2Fv2%2Fmedia&parent=13"}],"curies":[{"name":"wp","href":"https:\/\/api.w.org\/{rel}","templated":true}]}}