{"id":47,"date":"2021-09-29T17:58:18","date_gmt":"2021-09-29T17:58:18","guid":{"rendered":"https:\/\/geografie.ubbcluj.ro\/cercetare\/?page_id=47"},"modified":"2021-10-20T19:23:41","modified_gmt":"2021-10-20T19:23:41","slug":"cercetarea-la-geografie","status":"publish","type":"page","link":"https:\/\/geografie.ubbcluj.ro\/cercetare\/?page_id=47","title":{"rendered":"Cercetarea la Geografie"},"content":{"rendered":"<div class=\"wpb-content-wrapper\"><p>[vc_row][vc_column][vc_column_text]<\/p>\n<div class=\"wpb_text_column wpb_content_element \">\n<div class=\"wpb_wrapper\">\n<p style=\"text-align: left;\"><span style=\"font-size: 14pt;\">\u00cen Facultatea de Geografie se efectueaz\u0103 cercet\u0103ri interdisciplinare de talie mondial\u0103, se abordeaz\u0103 problemele axate pe societale \u0219i mediu \u0219i se dezvolt\u0103 cuno\u0219tin\u021be avansate \u00eentr-un mediu de cercetare interdisciplinar, vibrant din punct de vedere intelectual, care combin\u0103 \u0219tiin\u021bele naturale \u0219i sociale av\u00e2nd ca element central cunoa\u0219terea geografic\u0103.<\/span><\/p>\n<p style=\"text-align: left;\"><span style=\"font-size: 14pt;\">Rela\u021bia cu societatea este de asemenea o prioritate a facult\u0103\u021bii fiind cadrul \u00een care dezvolt\u0103m politici publice mai bune, sprijinim inovarea \u0219i transferul tehnologic \u0219i facilit\u0103m schimbul de cuno\u0219tin\u021be printr-un angajament public mai larg.<\/span><\/p>\n<\/div>\n<\/div>\n<p>[\/vc_column_text][\/vc_column][\/vc_row][vc_row][vc_column width=&#8221;1\/2&#8243;]\n\n  <!--START FOCUS-->\n  <div class=\"nd_options_section nd_options_background_size_cover  \" style=\"background-image:url(https:\/\/geografie.ubbcluj.ro\/cercetare\/wp-content\/uploads\/2021\/10\/researcPaper.jpg)\">\n                                            \n      <div class=\"nd_options_section nd_options_bg_greydark_alpha_5\">\n          \n          <div class=\"nd_options_section nd_options_text_align_center\">\n          \n            <div class=\"nd_options_section nd_options_height_100\"><\/div>\n              \n            <a rel=\"\" title=\"Arhiva publica\u021bii\" target=\"_self\" class=\"nd_options_color_white\" href=\"https:\/\/geografie.ubbcluj.ro\/cercetare\/?page_id=52\">\n              <h1 class=\"nd_options_margin_0_important nd_options_color_white\">\n                Publica\u021bii\n              <\/h1>\n            <\/a>\n            <div class=\"nd_options_section nd_options_height_20\"><\/div>\n            <h3 class=\"nd_options_margin_0_important nd_options_text_transform_uppercase nd_options_color_white\"><\/h3>\n\n            <div class=\"nd_options_section nd_options_height_100\"><\/div> \n\n          <\/div>\n\n      <\/div>\n\n  <\/div>\n  <!--END FOCUS-->\n\n   [\/vc_column][vc_column width=&#8221;1\/2&#8243;]\n\n  <!--START FOCUS-->\n  <div class=\"nd_options_section nd_options_background_size_cover  \" style=\"background-image:url(https:\/\/geografie.ubbcluj.ro\/cercetare\/wp-content\/uploads\/2021\/10\/Wikimedia-research.png)\">\n                                            \n      <div class=\"nd_options_section nd_options_bg_greydark_alpha_5\">\n          \n          <div class=\"nd_options_section nd_options_text_align_center\">\n          \n            <div class=\"nd_options_section nd_options_height_100\"><\/div>\n              \n            <a rel=\"\" title=\"Publica\u021bii\" target=\"_self\" class=\"nd_options_color_white\" href=\"https:\/\/geografie.ubbcluj.ro\/cercetare\/?page_id=49\">\n              <h1 class=\"nd_options_margin_0_important nd_options_color_white\">\n                Proiecte de cercetare\n              <\/h1>\n            <\/a>\n            <div class=\"nd_options_section nd_options_height_20\"><\/div>\n            <h3 class=\"nd_options_margin_0_important nd_options_text_transform_uppercase nd_options_color_white\"><\/h3>\n\n            <div class=\"nd_options_section nd_options_height_100\"><\/div> \n\n          <\/div>\n\n      <\/div>\n\n  <\/div>\n  <!--END FOCUS-->\n\n   [\/vc_column][\/vc_row][vc_row][vc_column][vc_separator][vc_posts_slider count=&#8221;All&#8221; interval=&#8221;3&#8243; slides_content=&#8221;teaser&#8221; slides_title=&#8221;1&#8243; thumb_size=&#8221;400&#215;50&#8243; orderby=&#8221;date&#8221; posttypes=&#8221;post&#8221;][\/vc_column][\/vc_row][vc_row][vc_column][vc_separator][\/vc_column][\/vc_row]<\/p>\n<\/div>","protected":false},"excerpt":{"rendered":"<p>[vc_row][vc_column][vc_column_text] \u00cen Facultatea de Geografie se efectueaz\u0103 cercet\u0103ri interdisciplinare de talie mondial\u0103, se abordeaz\u0103 problemele axate pe societale \u0219i mediu \u0219i se dezvolt\u0103 cuno\u0219tin\u021be avansate \u00eentr-un mediu de cercetare interdisciplinar, vibrant din punct de vedere intelectual, care combin\u0103 \u0219tiin\u021bele naturale \u0219i sociale av\u00e2nd ca element central cunoa\u0219terea geografic\u0103. Rela\u021bia cu societatea este de asemenea o [&hellip;]<\/p>\n","protected":false},"author":2,"featured_media":0,"parent":0,"menu_order":0,"comment_status":"closed","ping_status":"closed","template":"","meta":{"footnotes":""},"class_list":["post-47","page","type-page","status-publish","hentry"],"_links":{"self":[{"href":"https:\/\/geografie.ubbcluj.ro\/cercetare\/index.php?rest_route=\/wp\/v2\/pages\/47","targetHints":{"allow":["GET"]}}],"collection":[{"href":"https:\/\/geografie.ubbcluj.ro\/cercetare\/index.php?rest_route=\/wp\/v2\/pages"}],"about":[{"href":"https:\/\/geografie.ubbcluj.ro\/cercetare\/index.php?rest_route=\/wp\/v2\/types\/page"}],"author":[{"embeddable":true,"href":"https:\/\/geografie.ubbcluj.ro\/cercetare\/index.php?rest_route=\/wp\/v2\/users\/2"}],"replies":[{"embeddable":true,"href":"https:\/\/geografie.ubbcluj.ro\/cercetare\/index.php?rest_route=%2Fwp%2Fv2%2Fcomments&post=47"}],"version-history":[{"count":27,"href":"https:\/\/geografie.ubbcluj.ro\/cercetare\/index.php?rest_route=\/wp\/v2\/pages\/47\/revisions"}],"predecessor-version":[{"id":521,"href":"https:\/\/geografie.ubbcluj.ro\/cercetare\/index.php?rest_route=\/wp\/v2\/pages\/47\/revisions\/521"}],"wp:attachment":[{"href":"https:\/\/geografie.ubbcluj.ro\/cercetare\/index.php?rest_route=%2Fwp%2Fv2%2Fmedia&parent=47"}],"curies":[{"name":"wp","href":"https:\/\/api.w.org\/{rel}","templated":true}]}}