{"id":14,"date":"2021-09-29T16:22:25","date_gmt":"2021-09-29T16:22:25","guid":{"rendered":"https:\/\/geografie.ubbcluj.ro\/cercetare\/?page_id=14"},"modified":"2025-03-06T16:42:05","modified_gmt":"2025-03-06T16:42:05","slug":"home","status":"publish","type":"page","link":"https:\/\/geografie.ubbcluj.ro\/cercetare\/","title":{"rendered":"Home"},"content":{"rendered":"<div class=\"wpb-content-wrapper\"><p>[vc_row][vc_column][vc_single_image image=&#8221;797&#8243; img_size=&#8221;10000&#215;400&#8243; add_caption=&#8221;yes&#8221; alignment=&#8221;center&#8221; style=&#8221;vc_box_rounded&#8221; onclick=&#8221;custom_link&#8221; css=&#8221;&#8221; title=&#8221;CERCETAREA LA GEOGRAFIE&#8221; link=&#8221;https:\/\/geografie.ubbcluj.ro\/cercetare\/?page_id=47&#8243;][\/vc_column][\/vc_row][vc_row][vc_column width=&#8221;1\/2&#8243;][vc_single_image image=&#8221;398&#8243; img_size=&#8221;400&#215;200&#8243; alignment=&#8221;center&#8221; style=&#8221;vc_box_rounded&#8221; onclick=&#8221;custom_link&#8221; title=&#8221;Centre\/Laboratoare&#8221; link=&#8221;https:\/\/geografie.ubbcluj.ro\/cercetare\/?page_id=38&#8243;][\/vc_column][vc_column width=&#8221;1\/2&#8243;][vc_single_image image=&#8221;151&#8243; img_size=&#8221;400&#215;200&#8243; alignment=&#8221;center&#8221; style=&#8221;vc_box_rounded&#8221; onclick=&#8221;custom_link&#8221; title=&#8221;Manifest\u0103ri \u015ftiin\u0163ifice&#8221; link=&#8221;https:\/\/geografie.ubbcluj.ro\/cercetare\/?page_id=78&#8243;][\/vc_column][\/vc_row][vc_row][vc_column][vc_posts_slider type=&#8221;flexslider_slide&#8221; count=&#8221;All&#8221; interval=&#8221;5&#8243; slides_content=&#8221;teaser&#8221; slides_title=&#8221;1&#8243; thumb_size=&#8221;500&#215;100&#8243; orderby=&#8221;rand&#8221; posttypes=&#8221;post&#8221;][vc_separator][\/vc_column][\/vc_row][vc_row][vc_column width=&#8221;1\/4&#8243;][\/vc_column][vc_column width=&#8221;1\/2&#8243;][vc_images_carousel images=&#8221;76,73,72,68,67,64,65&#8243; img_size=&#8221;&#8221; onclick=&#8221;custom_link&#8221; slides_per_view=&#8221;3&#8243; custom_links=&#8221;#E-8_aHR0cHMlM0ElMkYlMkZnZW9ncmFmaWUudWJiY2x1ai5ybyUyRmNlcmNldGFyZSUyRiUzRnBhZ2VfaWQlM0Q0NCUyQ2h0dHBzJTNBJTJGJTJGZ2VvZ3JhZmllLnViYmNsdWoucm8lMkZjZXJjZXRhcmUlMkYlM0ZwYWdlX2lkJTNENDQlMkNodHRwcyUzQSUyRiUyRmdlb2dyYWZpZS51YmJjbHVqLnJvJTJGY2VyY2V0YXJlJTJGJTNGcGFnZV9pZCUzRDQ0&#8243; title=&#8221;Reviste&#8221;][\/vc_column][vc_column width=&#8221;1\/4&#8243;][\/vc_column][\/vc_row]<\/p>\n<\/div>","protected":false},"excerpt":{"rendered":"<p>[vc_row][vc_column][vc_single_image image=&#8221;797&#8243; img_size=&#8221;10000&#215;400&#8243; add_caption=&#8221;yes&#8221; alignment=&#8221;center&#8221; style=&#8221;vc_box_rounded&#8221; onclick=&#8221;custom_link&#8221; css=&#8221;&#8221; title=&#8221;CERCETAREA LA GEOGRAFIE&#8221; link=&#8221;https:\/\/geografie.ubbcluj.ro\/cercetare\/?page_id=47&#8243;][\/vc_column][\/vc_row][vc_row][vc_column width=&#8221;1\/2&#8243;][vc_single_image image=&#8221;398&#8243; img_size=&#8221;400&#215;200&#8243; alignment=&#8221;center&#8221; style=&#8221;vc_box_rounded&#8221; onclick=&#8221;custom_link&#8221; title=&#8221;Centre\/Laboratoare&#8221; link=&#8221;https:\/\/geografie.ubbcluj.ro\/cercetare\/?page_id=38&#8243;][\/vc_column][vc_column width=&#8221;1\/2&#8243;][vc_single_image image=&#8221;151&#8243; img_size=&#8221;400&#215;200&#8243; alignment=&#8221;center&#8221; style=&#8221;vc_box_rounded&#8221; onclick=&#8221;custom_link&#8221; title=&#8221;Manifest\u0103ri \u015ftiin\u0163ifice&#8221; link=&#8221;https:\/\/geografie.ubbcluj.ro\/cercetare\/?page_id=78&#8243;][\/vc_column][\/vc_row][vc_row][vc_column][vc_posts_slider type=&#8221;flexslider_slide&#8221; count=&#8221;All&#8221; interval=&#8221;5&#8243; slides_content=&#8221;teaser&#8221; slides_title=&#8221;1&#8243; thumb_size=&#8221;500&#215;100&#8243; orderby=&#8221;rand&#8221; posttypes=&#8221;post&#8221;][vc_separator][\/vc_column][\/vc_row][vc_row][vc_column width=&#8221;1\/4&#8243;][\/vc_column][vc_column width=&#8221;1\/2&#8243;][vc_images_carousel images=&#8221;76,73,72,68,67,64,65&#8243; img_size=&#8221;&#8221; onclick=&#8221;custom_link&#8221; slides_per_view=&#8221;3&#8243; custom_links=&#8221;#E-8_aHR0cHMlM0ElMkYlMkZnZW9ncmFmaWUudWJiY2x1ai5ybyUyRmNlcmNldGFyZSUyRiUzRnBhZ2VfaWQlM0Q0NCUyQ2h0dHBzJTNBJTJGJTJGZ2VvZ3JhZmllLnViYmNsdWoucm8lMkZjZXJjZXRhcmUlMkYlM0ZwYWdlX2lkJTNENDQlMkNodHRwcyUzQSUyRiUyRmdlb2dyYWZpZS51YmJjbHVqLnJvJTJGY2VyY2V0YXJlJTJGJTNGcGFnZV9pZCUzRDQ0&#8243; title=&#8221;Reviste&#8221;][\/vc_column][vc_column width=&#8221;1\/4&#8243;][\/vc_column][\/vc_row]<\/p>\n","protected":false},"author":2,"featured_media":0,"parent":0,"menu_order":0,"comment_status":"closed","ping_status":"closed","template":"","meta":{"footnotes":""},"class_list":["post-14","page","type-page","status-publish","hentry"],"_links":{"self":[{"href":"https:\/\/geografie.ubbcluj.ro\/cercetare\/index.php?rest_route=\/wp\/v2\/pages\/14","targetHints":{"allow":["GET"]}}],"collection":[{"href":"https:\/\/geografie.ubbcluj.ro\/cercetare\/index.php?rest_route=\/wp\/v2\/pages"}],"about":[{"href":"https:\/\/geografie.ubbcluj.ro\/cercetare\/index.php?rest_route=\/wp\/v2\/types\/page"}],"author":[{"embeddable":true,"href":"https:\/\/geografie.ubbcluj.ro\/cercetare\/index.php?rest_route=\/wp\/v2\/users\/2"}],"replies":[{"embeddable":true,"href":"https:\/\/geografie.ubbcluj.ro\/cercetare\/index.php?rest_route=%2Fwp%2Fv2%2Fcomments&post=14"}],"version-history":[{"count":134,"href":"https:\/\/geografie.ubbcluj.ro\/cercetare\/index.php?rest_route=\/wp\/v2\/pages\/14\/revisions"}],"predecessor-version":[{"id":799,"href":"https:\/\/geografie.ubbcluj.ro\/cercetare\/index.php?rest_route=\/wp\/v2\/pages\/14\/revisions\/799"}],"wp:attachment":[{"href":"https:\/\/geografie.ubbcluj.ro\/cercetare\/index.php?rest_route=%2Fwp%2Fv2%2Fmedia&parent=14"}],"curies":[{"name":"wp","href":"https:\/\/api.w.org\/{rel}","templated":true}]}}