{"id":955,"date":"2021-03-03T13:14:30","date_gmt":"2021-03-03T13:14:30","guid":{"rendered":"http:\/\/193.231.20.5\/?page_id=955"},"modified":"2025-12-16T09:58:02","modified_gmt":"2025-12-16T09:58:02","slug":"calendar","status":"publish","type":"page","link":"https:\/\/geografie.ubbcluj.ro\/admitere\/?page_id=955","title":{"rendered":"Calendar"},"content":{"rendered":"<div class=\"wpb-content-wrapper\"><p>[vc_row][vc_column width=&#8221;1\/2&#8243;][vc_column_text css=&#8221;&#8221;]<\/p>\n<p style=\"padding-left: 40px;\"><span style=\"color: #000080;\"><strong><span style=\"font-size: 18pt;\">Perioada de \u00eenscriere on-line<\/span>,<\/strong> <\/span><\/p>\n<p style=\"padding-left: 80px;\"><span style=\"color: #000080;\"><strong>sesiunea <span style=\"color: #ff0000;\">Iulie <\/span>2026<\/strong>, nivel licen\u021b\u0103: <\/span><\/p>\n<p style=\"padding-left: 120px;\"><span style=\"color: #0000ff;\"><strong>14 \u2013 20 <\/strong><\/span><span style=\"color: #ff0000;\"><strong>iulie <span style=\"color: #0000ff;\">2026<\/span>,<br \/>\n<\/strong><\/span><span style=\"color: #ff0000;\"><strong><span style=\"color: #000000;\">\u00a0\u00a0\u00a0\u00a0\u00a0\u00a0\u00a0\u00a0\u00a0\u00a0\u00a0\u00a0\u00a0\u00a0 (\u00een ultima zi p\u00e2n\u0103 la ora 15.00)<\/span><br \/>\n<\/strong><\/span><\/p>\n<p style=\"padding-left: 40px;\"><span style=\"color: #000080;\"><strong>Culegerea \u0219i \u00eenregistrarea observa\u021biilor<\/strong><\/span><\/p>\n<p style=\"padding-left: 120px;\"><strong><span style=\"color: #ff0000;\">21 iulie<\/span> <span style=\"color: #0000ff;\">2026<\/span><\/strong><\/p>\n<p style=\"padding-left: 40px;\"><span style=\"color: #000080;\"><strong>Afi\u0219area rezultatelor ini\u021biale:<\/strong><\/span><\/p>\n<p style=\"padding-left: 80px;\"><span style=\"color: #000080;\">\u00a0\u00a0\u00a0\u00a0\u00a0\u00a0\u00a0\u00a0<span style=\"color: #ff0000;\"><strong>\u00a0 22 <span style=\"color: #0000ff;\"><span style=\"color: #ff0000;\">iulie<\/span> 2026<\/span><\/strong><\/span><\/span><\/p>\n<p style=\"padding-left: 40px;\"><span style=\"color: #000080;\"><strong>Confirmarea locului se face \u00een zilele:<\/strong><\/span><\/p>\n<p style=\"padding-left: 120px;\"><span style=\"color: #000080;\"><span style=\"color: #ff0000;\"><strong>23 \u2013 25 iulie <span style=\"color: #0000ff;\">2026<\/span><br \/>\n<\/strong><\/span><\/span><span style=\"color: #000080;\"><span style=\"color: #ff0000;\"><strong><span style=\"color: #000000;\">\u00a0\u00a0\u00a0\u00a0\u00a0\u00a0\u00a0\u00a0\u00a0\u00a0\u00a0\u00a0\u00a0\u00a0 (\u00een ultima zi p\u00e2n\u0103 la ora 14.00)<\/span><br \/>\n<\/strong><\/span><\/span><\/p>\n<p style=\"padding-left: 40px;\"><span style=\"color: #000080;\"><strong>Redistribuirea \u0219i afi\u015farea rezultatelor:<\/strong><\/span><\/p>\n<p style=\"padding-left: 40px;\"><span style=\"color: #000080;\">\u00a0\u00a0\u00a0\u00a0\u00a0\u00a0\u00a0\u00a0\u00a0\u00a0\u00a0 \u00a0<strong><span style=\"color: #ff0000;\"> 27 iulie <span style=\"color: #0000ff;\">2026<\/span><\/span><\/strong><\/span><\/p>\n<p style=\"padding-left: 40px;\"><span style=\"color: #000080;\"><strong>Confirmarea locului dup\u0103 redistribuire se face \u00een data de:<\/strong><\/span><\/p>\n<p style=\"padding-left: 40px;\"><span style=\"color: #000080;\">\u00a0\u00a0\u00a0\u00a0\u00a0\u00a0\u00a0\u00a0\u00a0\u00a0\u00a0\u00a0\u00a0<strong><span style=\"color: #ff0000;\">28 iulie <span style=\"color: #0000ff;\">2026<br \/>\n<span style=\"color: #000000;\">\u00a0 \u00a0 \u00a0 \u00a0 \u00a0 \u00a0 \u00a0 \u00a0 \u00a0 \u00a0 \u00a0 \u00a0 \u00a0 \u00a0 \u00a0 \u00a0 \u00a0 \u00a0 \u00a0 (p\u00e2n\u0103 la ora 12.00)<\/span><\/span><\/span><\/strong><\/span><\/p>\n<p style=\"padding-left: 40px;\"><span style=\"color: #000080;\"><strong>Afi\u015farea rezultatelor finale:<\/strong><\/span><\/p>\n<p style=\"padding-left: 40px;\"><span style=\"color: #000080;\">\u00a0\u00a0\u00a0\u00a0\u00a0\u00a0\u00a0\u00a0\u00a0\u00a0\u00a0\u00a0<strong><span style=\"color: #ff0000;\"> 29 iulie <span style=\"color: #0000ff;\">2026<\/span><\/span><\/strong><\/span><\/p>\n<p>[\/vc_column_text][\/vc_column][vc_column width=&#8221;1\/2&#8243;][vc_images_carousel images=&#8221;1373,1374,1375,1385,1382,1381,1380,1379,1378,1377,1238,1199&#8243; img_size=&#8221;500&#215;600&#8243; speed=&#8221;1500&#8243; autoplay=&#8221;yes&#8221; wrap=&#8221;yes&#8221;][\/vc_column][\/vc_row]<\/p>\n<\/div>","protected":false},"excerpt":{"rendered":"<p>[vc_row][vc_column width=&#8221;1\/2&#8243;][vc_column_text css=&#8221;&#8221;] Perioada de \u00eenscriere on-line, sesiunea Iulie 2026, nivel licen\u021b\u0103: 14 \u2013 20 iulie 2026, \u00a0\u00a0\u00a0\u00a0\u00a0\u00a0\u00a0\u00a0\u00a0\u00a0\u00a0\u00a0\u00a0\u00a0 (\u00een ultima zi p\u00e2n\u0103 la ora 15.00) Culegerea \u0219i \u00eenregistrarea observa\u021biilor 21 iulie 2026 Afi\u0219area rezultatelor ini\u021biale: \u00a0\u00a0\u00a0\u00a0\u00a0\u00a0\u00a0\u00a0\u00a0 22 iulie 2026 Confirmarea locului se face \u00een zilele: 23 \u2013 25 iulie 2026 \u00a0\u00a0\u00a0\u00a0\u00a0\u00a0\u00a0\u00a0\u00a0\u00a0\u00a0\u00a0\u00a0\u00a0 (\u00een ultima zi p\u00e2n\u0103 [&hellip;]<\/p>\n","protected":false},"author":3,"featured_media":0,"parent":0,"menu_order":0,"comment_status":"closed","ping_status":"closed","template":"","meta":{"footnotes":""},"class_list":["post-955","page","type-page","status-publish","hentry"],"_links":{"self":[{"href":"https:\/\/geografie.ubbcluj.ro\/admitere\/index.php?rest_route=\/wp\/v2\/pages\/955","targetHints":{"allow":["GET"]}}],"collection":[{"href":"https:\/\/geografie.ubbcluj.ro\/admitere\/index.php?rest_route=\/wp\/v2\/pages"}],"about":[{"href":"https:\/\/geografie.ubbcluj.ro\/admitere\/index.php?rest_route=\/wp\/v2\/types\/page"}],"author":[{"embeddable":true,"href":"https:\/\/geografie.ubbcluj.ro\/admitere\/index.php?rest_route=\/wp\/v2\/users\/3"}],"replies":[{"embeddable":true,"href":"https:\/\/geografie.ubbcluj.ro\/admitere\/index.php?rest_route=%2Fwp%2Fv2%2Fcomments&post=955"}],"version-history":[{"count":66,"href":"https:\/\/geografie.ubbcluj.ro\/admitere\/index.php?rest_route=\/wp\/v2\/pages\/955\/revisions"}],"predecessor-version":[{"id":4467,"href":"https:\/\/geografie.ubbcluj.ro\/admitere\/index.php?rest_route=\/wp\/v2\/pages\/955\/revisions\/4467"}],"wp:attachment":[{"href":"https:\/\/geografie.ubbcluj.ro\/admitere\/index.php?rest_route=%2Fwp%2Fv2%2Fmedia&parent=955"}],"curies":[{"name":"wp","href":"https:\/\/api.w.org\/{rel}","templated":true}]}}