{"id":951,"date":"2021-03-03T13:14:03","date_gmt":"2021-03-03T13:14:03","guid":{"rendered":"http:\/\/193.231.20.5\/?page_id=951"},"modified":"2025-12-16T09:59:30","modified_gmt":"2025-12-16T09:59:30","slug":"specializari","status":"publish","type":"page","link":"https:\/\/geografie.ubbcluj.ro\/admitere\/?page_id=951","title":{"rendered":"Specializ\u0103ri"},"content":{"rendered":"<div class=\"wpb-content-wrapper\"><p>[vc_row][vc_column css=&#8221;.vc_custom_1618932713675{background-image: url(https:\/\/geografie.ubbcluj.ro\/admitere\/wp-content\/uploads\/2021\/03\/sssssssss-scaled.jpg?id=1055) !important;}&#8221;]<div style=\"background-color:;height: 30px\" class=\"nicdark_section  \"><\/div>[\/vc_column][vc_column width=&#8221;2\/3&#8243; css=&#8221;.vc_custom_1614894170980{background-image: url(https:\/\/geografie.ubbcluj.ro\/admitere\/\/wp-content\/uploads\/2021\/03\/sssssssss-scaled.jpg?id=1055) !important;}&#8221;][vc_cta h2=&#8221;GEOGRAFIE ~ Observ\u0103, \u00een\u021belege, \u00eenva\u021b\u0103!&#8221; h2_font_container=&#8221;font_size:20&#8243; shape=&#8221;square&#8221; color=&#8221;juicy-pink&#8221; add_button=&#8221;left&#8221; btn_title=&#8221;Specializarea Geografie&#8221; btn_color=&#8221;pink&#8221; use_custom_fonts_h2=&#8221;true&#8221; btn_link=&#8221;url:http%3A%2F%2Fgeografie.ubbcluj.ro%2Fadmitere%2F%3Fpage_id%3D1354|title:Specializarea%20Geografie&#8221; h2_link=&#8221;url:http%3A%2F%2Fgeografie.ubbcluj.ro%2Fadmitere%2F%3Fpage_id%3D1354|title:Specializarea%20Geografie&#8221;]<em><strong> (3 ani, cu frecven\u021b\u0103) <\/strong><\/em>\u2013 linia de studiu rom\u00e2n\u0103[\/vc_cta]<div style=\"background-color:;height: 40px\" class=\"nicdark_section  \"><\/div>[vc_cta h2=&#8221;F\u00d6LDRAJZ BSC ~ Fedezd fel!&#8221; h2_font_container=&#8221;font_size:20&#8243; shape=&#8221;square&#8221; color=&#8221;juicy-pink&#8221; add_button=&#8221;left&#8221; btn_title=&#8221;F\u00f6ldrajz&#8221; btn_color=&#8221;pink&#8221; use_custom_fonts_h2=&#8221;true&#8221; btn_link=&#8221;url:http%3A%2F%2Fgeografie.ubbcluj.ro%2Fadmitere%2F%3Fpage_id%3D1884|title:F%C3%B6ldrajz%20szak&#8221; h2_link=&#8221;url:http%3A%2F%2Fgeografie.ubbcluj.ro%2Fadmitere%2F%3Fpage_id%3D1884|title:Foldrajz%20szak|target:_blank&#8221;]<em><strong> (3 \u00e9v, napali) <\/strong><\/em>\u2013 magyar nyelven[\/vc_cta]<div style=\"background-color:;height: 10px\" class=\"nicdark_section  \"><\/div>[vc_cta h2=&#8221;CARTOGRAFIE ~ Toat\u0103 lumea folose\u0219te harta, fii tu cel care o elaboreaz\u0103!&#8221; h2_font_container=&#8221;font_size:20&#8243; color=&#8221;pink&#8221; add_button=&#8221;left&#8221; btn_title=&#8221;Specializarea Cartografie&#8221; btn_color=&#8221;violet&#8221; use_custom_fonts_h2=&#8221;true&#8221; btn_link=&#8221;url:http%3A%2F%2Fgeografie.ubbcluj.ro%2Fadmitere%2F%3Fpage_id%3D1409|title:Specializarea%20Geografie&#8221; h2_link=&#8221;url:http%3A%2F%2Fgeografie.ubbcluj.ro%2Fadmitere%2F%3Fpage_id%3D1409|title:Specializarea%20Cartografie&#8221;]<em><strong> (3 ani, cu frecven\u021b\u0103) <\/strong><\/em>\u2013 linii de studiu: rom\u00e2n\u0103[\/vc_cta]<div style=\"background-color:;height: 15px\" class=\"nicdark_section  \"><\/div>[vc_cta h2=&#8221;GEOGRAFIA TURISMULUI ~ Descoper\u0103 lumea \u0219i d\u0103ruie\u0219te-o altora!&#8221; h2_font_container=&#8221;tag:h2|font_size:20|text_align:left&#8221; color=&#8221;pink&#8221; add_button=&#8221;left&#8221; btn_title=&#8221;Specializarea Geografia Turismului&#8221; btn_color=&#8221;success&#8221; btn_size=&#8221;sm&#8221; css=&#8221;&#8221; use_custom_fonts_h2=&#8221;true&#8221; btn_link=&#8221;url:http%3A%2F%2Fgeografie.ubbcluj.ro%2Fadmitere%2F%3Fpage_id%3D1425|title:Specializarea%20Geografia%20Turismului&#8221; h2_link=&#8221;url:http%3A%2F%2Fgeografie.ubbcluj.ro%2Fadmitere%2F%3Fpage_id%3D1425|title:Geografia%20Turismului&#8221;]<em><strong> (3 ani, cu frecven\u021b\u0103) <\/strong><\/em>\u2013 <span class=\"x_ContentPasted0\"><span class=\"x_ContentPasted0 x_ContentPasted1\">linii de studiu:<br \/>\n<strong>rom\u00e2n\u0103<\/strong> (la Cluj, Gheorgheni, Bistri\u021ba, Sighetu Marma\u021biei \u0219i Zal\u0103u) \u0219i <strong>maghiar\u0103<\/strong> (la Cluj \u0219i Gheorgheni) .<\/span><\/span><\/p>\n<p><em><strong>(3 ani, \u00eenv\u0103\u021b\u0103m\u00e2nt la distan\u021b\u0103) <\/strong>&#8211; <\/em>linia de studiu: rom\u00e2n\u0103<em><strong><br \/>\n<\/strong><\/em>[\/vc_cta]<div style=\"background-color:;height: 10px\" class=\"nicdark_section  \"><\/div>[vc_cta h2=&#8221;TURIZMUSF\u00d6LDRAJZ BSC ~Szervezz utakat!&#8221; h2_font_container=&#8221;font_size:20&#8243; color=&#8221;pink&#8221; add_button=&#8221;left&#8221; btn_title=&#8221;Turizmusf\u00f6ldrajz&#8221; btn_color=&#8221;success&#8221; btn_size=&#8221;sm&#8221; use_custom_fonts_h2=&#8221;true&#8221; btn_link=&#8221;url:http%3A%2F%2Fgeografie.ubbcluj.ro%2Fadmitere%2F%3Fpage_id%3D1941|title:Specializarea%20Geografia%20Turismului&#8221; h2_link=&#8221;url:http%3A%2F%2Fgeografie.ubbcluj.ro%2Fadmitere%2F%3Fpage_id%3D1941|title:Geografia%20Turismului&#8221;]<em><strong> (3 \u00e9v, napali) <\/strong><\/em>\u2013 magyar nyelven, Kolozsv\u00e1r \u00e9s Gyergy\u00f3szentmikl\u00f3s[\/vc_cta]<div style=\"background-color:;height: 10px\" class=\"nicdark_section  \"><\/div>[vc_cta h2=&#8221;HIDROLOGIE \u0218I METEOROLOGIE ~ Aerul \u0219i apa, esen\u021ba vie\u021bii!&#8221; h2_font_container=&#8221;font_size:20&#8243; color=&#8221;pink&#8221; add_button=&#8221;left&#8221; btn_title=&#8221;Specializarea Hidrologie \u015fi Meteorologie&#8221; btn_color=&#8221;blue&#8221; use_custom_fonts_h2=&#8221;true&#8221; btn_link=&#8221;url:http%3A%2F%2Fgeografie.ubbcluj.ro%2Fadmitere%2F%3Fpage_id%3D1447|title:Specializarea%20Geografie&#8221; h2_link=&#8221;url:http%3A%2F%2Fgeografie.ubbcluj.ro%2Fadmitere%2F%3Fpage_id%3D1447|title:Specializarea%20Hidrologie%20%C5%9Fi%20Meteorologie&#8221;]<em><strong> (3 ani, cu frecven\u021b\u0103) <\/strong><\/em>\u2013 linii de studiu: rom\u00e2n\u0103[\/vc_cta]<div style=\"background-color:;height: 10px\" class=\"nicdark_section  \"><\/div>[vc_cta h2=&#8221;PLANIFICARE TERITORIAL\u0102 ~ Planific\u00e2nd teritoriul \u00ee\u021bi dezvol\u021bi viitorul!!&#8221; h2_font_container=&#8221;font_size:20&#8243; color=&#8221;pink&#8221; add_button=&#8221;left&#8221; btn_title=&#8221;Specializarea Planificare Teritorial\u0103&#8221; btn_color=&#8221;orange&#8221; use_custom_fonts_h2=&#8221;true&#8221; btn_link=&#8221;url:http%3A%2F%2Fgeografie.ubbcluj.ro%2Fadmitere%2F%3Fpage_id%3D1441|title:Specializarea%20Geografie&#8221; h2_link=&#8221;url:http%3A%2F%2Fgeografie.ubbcluj.ro%2Fadmitere%2F%3Fpage_id%3D1441|title:Specializarea%20Planificare%20Teritorial%C4%83&#8243;]<em><strong> (3 ani, cu frecven\u021b\u0103) <\/strong><\/em>\u2013 linia de studiu rom\u00e2n\u0103[\/vc_cta]<div style=\"background-color:;height: 10px\" class=\"nicdark_section  \"><\/div>[vc_cta h2=&#8221;TER\u00dcLETFEJLESZT\u00c9S BSC ~ Tegy\u00e9l rendet!&#8221; h2_font_container=&#8221;font_size:20&#8243; color=&#8221;pink&#8221; add_button=&#8221;left&#8221; btn_title=&#8221;Ter\u00fcletfejleszt\u00e9s&#8221; btn_color=&#8221;orange&#8221; use_custom_fonts_h2=&#8221;true&#8221; btn_link=&#8221;url:http%3A%2F%2Fgeografie.ubbcluj.ro%2Fadmitere%2F%3Fpage_id%3D1910|title:Specializarea%20Geografie&#8221; h2_link=&#8221;url:http%3A%2F%2Fgeografie.ubbcluj.ro%2Fadmitere%2F%3Fpage_id%3D1910|title:Specializarea%20Planificare%20Teritorial%C4%83&#8243;]<em><strong> (3 \u00e9v, napali) <\/strong><\/em>\u2013 magyar nyelven[\/vc_cta][\/vc_column][vc_column width=&#8221;1\/3&#8243; css=&#8221;.vc_custom_1618932657973{background-image: url(https:\/\/geografie.ubbcluj.ro\/admitere\/wp-content\/uploads\/2021\/03\/sssssssss-scaled.jpg?id=1055) !important;}&#8221;]<div style=\"background-color:;height: 90px\" class=\"nicdark_section  \"><\/div>[vc_images_carousel images=&#8221;1228,1384,1383,1382,1372,1373,1374,1371,1370,1380,1379,1378,1377,1238,1237&#8243; img_size=&#8221;350&#215;900&#8243; onclick=&#8221;link_no&#8221; speed=&#8221;3000&#8243; autoplay=&#8221;yes&#8221; wrap=&#8221;yes&#8221;]<div style=\"background-color:;height: 170px\" class=\"nicdark_section  \"><\/div>[\/vc_column][\/vc_row][vc_row][vc_column css=&#8221;.vc_custom_1618932757909{background-image: url(https:\/\/geografie.ubbcluj.ro\/admitere\/wp-content\/uploads\/2021\/03\/sssssssss-scaled.jpg?id=1055) !important;}&#8221;]<div style=\"background-color:;height: 30px\" class=\"nicdark_section  \"><\/div>[\/vc_column][\/vc_row]<\/p>\n<\/div>","protected":false},"excerpt":{"rendered":"<p>[vc_row][vc_column css=&#8221;.vc_custom_1618932713675{background-image: url(https:\/\/geografie.ubbcluj.ro\/admitere\/wp-content\/uploads\/2021\/03\/sssssssss-scaled.jpg?id=1055) !important;}&#8221;][\/vc_column][vc_column width=&#8221;2\/3&#8243; css=&#8221;.vc_custom_1614894170980{background-image: url(https:\/\/geografie.ubbcluj.ro\/admitere\/\/wp-content\/uploads\/2021\/03\/sssssssss-scaled.jpg?id=1055) !important;}&#8221;][vc_cta h2=&#8221;GEOGRAFIE ~ Observ\u0103, \u00een\u021belege, \u00eenva\u021b\u0103!&#8221; h2_font_container=&#8221;font_size:20&#8243; shape=&#8221;square&#8221; color=&#8221;juicy-pink&#8221; add_button=&#8221;left&#8221; btn_title=&#8221;Specializarea Geografie&#8221; btn_color=&#8221;pink&#8221; use_custom_fonts_h2=&#8221;true&#8221; btn_link=&#8221;url:http%3A%2F%2Fgeografie.ubbcluj.ro%2Fadmitere%2F%3Fpage_id%3D1354|title:Specializarea%20Geografie&#8221; h2_link=&#8221;url:http%3A%2F%2Fgeografie.ubbcluj.ro%2Fadmitere%2F%3Fpage_id%3D1354|title:Specializarea%20Geografie&#8221;] (3 ani, cu frecven\u021b\u0103) \u2013 linia de studiu rom\u00e2n\u0103[\/vc_cta][vc_cta h2=&#8221;F\u00d6LDRAJZ BSC ~ Fedezd fel!&#8221; h2_font_container=&#8221;font_size:20&#8243; shape=&#8221;square&#8221; color=&#8221;juicy-pink&#8221; add_button=&#8221;left&#8221; btn_title=&#8221;F\u00f6ldrajz&#8221; btn_color=&#8221;pink&#8221; use_custom_fonts_h2=&#8221;true&#8221; btn_link=&#8221;url:http%3A%2F%2Fgeografie.ubbcluj.ro%2Fadmitere%2F%3Fpage_id%3D1884|title:F%C3%B6ldrajz%20szak&#8221; h2_link=&#8221;url:http%3A%2F%2Fgeografie.ubbcluj.ro%2Fadmitere%2F%3Fpage_id%3D1884|title:Foldrajz%20szak|target:_blank&#8221;] (3 \u00e9v, napali) \u2013 magyar nyelven[\/vc_cta][vc_cta h2=&#8221;CARTOGRAFIE ~ Toat\u0103 [&hellip;]<\/p>\n","protected":false},"author":3,"featured_media":0,"parent":0,"menu_order":0,"comment_status":"closed","ping_status":"closed","template":"","meta":{"footnotes":""},"class_list":["post-951","page","type-page","status-publish","hentry"],"_links":{"self":[{"href":"https:\/\/geografie.ubbcluj.ro\/admitere\/index.php?rest_route=\/wp\/v2\/pages\/951","targetHints":{"allow":["GET"]}}],"collection":[{"href":"https:\/\/geografie.ubbcluj.ro\/admitere\/index.php?rest_route=\/wp\/v2\/pages"}],"about":[{"href":"https:\/\/geografie.ubbcluj.ro\/admitere\/index.php?rest_route=\/wp\/v2\/types\/page"}],"author":[{"embeddable":true,"href":"https:\/\/geografie.ubbcluj.ro\/admitere\/index.php?rest_route=\/wp\/v2\/users\/3"}],"replies":[{"embeddable":true,"href":"https:\/\/geografie.ubbcluj.ro\/admitere\/index.php?rest_route=%2Fwp%2Fv2%2Fcomments&post=951"}],"version-history":[{"count":112,"href":"https:\/\/geografie.ubbcluj.ro\/admitere\/index.php?rest_route=\/wp\/v2\/pages\/951\/revisions"}],"predecessor-version":[{"id":4468,"href":"https:\/\/geografie.ubbcluj.ro\/admitere\/index.php?rest_route=\/wp\/v2\/pages\/951\/revisions\/4468"}],"wp:attachment":[{"href":"https:\/\/geografie.ubbcluj.ro\/admitere\/index.php?rest_route=%2Fwp%2Fv2%2Fmedia&parent=951"}],"curies":[{"name":"wp","href":"https:\/\/api.w.org\/{rel}","templated":true}]}}